{"id":998,"date":"2023-01-11T11:30:33","date_gmt":"2023-01-11T10:30:33","guid":{"rendered":"https:\/\/mecahealth.com\/?page_id=998"},"modified":"2024-10-11T13:51:38","modified_gmt":"2024-10-11T11:51:38","slug":"psycho-fatigabilite-physique-ou-morale","status":"publish","type":"page","link":"https:\/\/mecahealth.com\/?page_id=998","title":{"rendered":"Psycho : fatigabilit\u00e9 physique ou morale"},"content":{"rendered":"\n<p class=\"has-medium-font-size\"><a href=\"https:\/\/mecahealth.com\/?page_id=122\">Attention \u00e0 lire les consignes avant de lire toute page d&rsquo;un site sant\u00e9 !<\/a><\/p>\n\n\n\n<figure class=\"wp-block-image size-full is-style-rounded\"><img loading=\"lazy\" decoding=\"async\" width=\"330\" height=\"330\" src=\"https:\/\/mecahealth.com\/wp-content\/uploads\/2023\/03\/MecaHealth-fatigabilite.jpg\" alt=\"\" class=\"wp-image-4363\" srcset=\"https:\/\/mecahealth.com\/wp-content\/uploads\/2023\/03\/MecaHealth-fatigabilite.jpg 330w, https:\/\/mecahealth.com\/wp-content\/uploads\/2023\/03\/MecaHealth-fatigabilite-300x300.jpg 300w, https:\/\/mecahealth.com\/wp-content\/uploads\/2023\/03\/MecaHealth-fatigabilite-150x150.jpg 150w\" sizes=\"auto, (max-width: 330px) 100vw, 330px\" \/><\/figure>\n\n\n\n<h2 class=\"wp-block-heading\"><em>Non je suis fatigu\u00e9&#8230; ! Non jte&rsquo;&nbsp;dis<\/em>.<em>.. !<\/em><\/h2>\n\n\n\n<p class=\"has-medium-font-size\">Qui n&rsquo;a jamais prononc\u00e9 de telles phrases m\u00eame mais bien avant d&rsquo;avoir atteint la fatigue des responsabilit\u00e9s d&rsquo;adulte ? Qui ne s&rsquo;est pas finalement laiss\u00e9 convaincre et n&rsquo;a pas pass\u00e9 par la suite l&rsquo;une de ses meilleures soir\u00e9es du moment ? Qui en fin de compte ne se sentait pas moins fatigu\u00e9 le lendemain (<a href=\"https:\/\/mecahealth.com\/?page_id=3614\">sauf exc\u00e8s alcoolique<\/a> bien entendu) ?<\/p>\n\n\n\n<p class=\"has-medium-font-size\">Alors que certains y verront une dimension purement psychologique voire grandement scientifique, il devrait \u00eatre assez simple de comprendre que toute personne se concentrant et donc augmentant sa fr\u00e9quence de <a href=\"https:\/\/mecahealth.com\/?page_id=487\" data-type=\"page\" data-id=\"487\">blocages (apn\u00e9es courantes)<\/a>, toute personne restant <a href=\"https:\/\/mecahealth.com\/?page_id=297\" data-type=\"page\" data-id=\"297\">assise tr\u00e8s longtemps<\/a> n&rsquo;activant pas sa circulation, ne disposera pas d&rsquo;un <a href=\"https:\/\/mecahealth.com\/?page_id=280\" data-type=\"page\" data-id=\"280\">corps et d&rsquo;un cerveau oxyg\u00e9n\u00e9<\/a>. Beaucoup de personnes optent d&rsquo;ailleurs, lors d&rsquo;une communication t\u00e9l\u00e9phonique importante, pour les <em>400 pas<\/em>. Elles marchent en aller-retour et finalement se concentrent mieux que si elles \u00e9taient rest\u00e9es assises.<\/p>\n\n\n\n<p class=\"has-medium-font-size\">La <a href=\"https:\/\/mecahealth.com\/?page_id=428\" data-type=\"page\" data-id=\"428\">marche<\/a>, la <a href=\"https:\/\/mecahealth.com\/?page_id=824\" data-type=\"page\" data-id=\"824\">danse<\/a> et\/ou le rire assurant une meilleure oxyg\u00e9nation et pour les deux premiers, de plus grands mouvements, le corps se purgera des d\u00e9chets assurant la fatigabilit\u00e9 musculaire ou les <a href=\"https:\/\/mecahealth.com\/?page_id=541\" data-type=\"page\" data-id=\"541\">contractures<\/a>.<\/p>\n\n\n\n<p class=\"has-medium-font-size\">C&rsquo;est la raison pour laquelle, nous consid\u00e9rons que ce que nous avons appel\u00e9 le <em><a href=\"https:\/\/mecahealth.com\/?page_id=4598\" data-type=\"page\" data-id=\"4598\">Full Scanned<\/a><\/em> est e<strong>n partie responsable de l&rsquo;augmentation des burnouts<\/strong> au 21\u00e8me si\u00e8cle. Pr\u00e9c\u00e9demment, les employ\u00e9s passaient d&rsquo;une pi\u00e8ce \u00e0 l&rsquo;autre pour demander des informations, pour aller chercher un dossier, etc. Aujourd&rsquo;hui, nous avons eu plusieurs fois des personnes attestant qu&rsquo;un coll\u00e8gue ou l&rsquo;autre proposait d&rsquo;aller manger \u00e0 midi \u00e0 l&rsquo;ext\u00e9rieur par mail alors qu&rsquo;il \u00e9tait dans le m\u00eame bureau (&#8230;).<\/p>\n\n\n\n<p class=\"has-medium-font-size\">Bougeons plus r\u00e9guli\u00e8rement pour \u00e9viter une partie de notre fatigabilit\u00e9 en \u00e9t\u00e9 mais <a href=\"https:\/\/mecahealth.com\/?page_id=3249\" data-type=\"page\" data-id=\"3249\">plus particuli\u00e8rement durant l&rsquo;hivernation<\/a>&#8230; !<\/p>\n\n\n\n<p class=\"has-medium-font-size\">Et s&rsquo;il ne s&rsquo;agit pas d&rsquo;une fausse fatigue, attention <a href=\"https:\/\/mecahealth.com\/?page_id=1773\" data-type=\"page\" data-id=\"1773\">\u00e0 ne pas masquer celle-ci<\/a> par trop de caf\u00e9s ou boissons \u00e9nergisantes. <\/p>\n\n\n\n<p>(&#8230;)<\/p>\n\n\n\n<figure class=\"wp-block-embed is-type-rich is-provider-spotify wp-block-embed-spotify wp-embed-aspect-21-9 wp-has-aspect-ratio\"><div class=\"wp-block-embed__wrapper\">\n<iframe title=\"Spotify Embed: On n&amp;apos;est pas fatigu\u00e9\" style=\"border-radius: 12px\" width=\"100%\" height=\"352\" frameborder=\"0\" allowfullscreen allow=\"autoplay; clipboard-write; encrypted-media; fullscreen; picture-in-picture\" loading=\"lazy\" src=\"https:\/\/open.spotify.com\/embed\/album\/6LXZqWPqOWj5o2iEphMXPt?si=Ruvo2UziQ5KbOdhSTJjUVw&#038;utm_source=oembed\"><\/iframe>\n<\/div><figcaption class=\"wp-element-caption\">Une chanson qui prend en fin de compte tout son sens apr\u00e8s ces explications&#8230;<\/figcaption><\/figure>\n\n\n\n<p>(&#8230;)<\/p>\n\n\n\n<h2 class=\"wp-block-heading has-small-font-size\"><span style=\"font-size: var(--wp--preset--font-size--medium) ; color: initial;\"><span style=\"font-size: var(--wp--preset--font-size--medium) ; color: initial;\">Abonnez-vous \u00e0 nos diff\u00e9rentes pages pour \u00eatre averti(s) des nouvelles mises en ligne&#8230;<\/span><\/span><\/h2>\n\n\n\n<p class=\"has-small-font-size\"><a rel=\"noreferrer noopener\" href=\"https:\/\/www.facebook.com\/MecaHealthAsbl\" target=\"_blank\">Facebook MecaHealthAsbl<\/a> &#8211; <a rel=\"noreferrer noopener\" href=\"https:\/\/www.linkedin.com\/company\/mecahealth\/\" target=\"_blank\">Linkedin MecaHealth<\/a> &#8211; <a rel=\"noreferrer noopener\" href=\"https:\/\/www.youtube.com\/channel\/UCJb5g--IGlU6FgQLQKaJljg\" target=\"_blank\">Youtube cha\u00eene MecaHealth<\/a> &#8211; Instagram (pas encore)<\/p>\n\n\n\n<h2 class=\"wp-block-heading has-medium-font-size\">Revenir au chapitre<em> <a href=\"https:\/\/mecahealth.com\/?page_id=180\" data-type=\"URL\" data-id=\"https:\/\/mecahealth.com\/?page_id=180\">Normalit\u00e9<\/a><\/em> ou <em><a href=\"https:\/\/mecahealth.com\/?page_id=127\" data-type=\"page\" data-id=\"127\">Corps psychique<\/a><\/em><\/h2>\n","protected":false},"excerpt":{"rendered":"<p>Attention \u00e0 lire les consignes avant de lire toute page d&rsquo;un site sant\u00e9 ! Non je suis fatigu\u00e9&#8230; ! Non jte&rsquo;&nbsp;dis&#8230; ! Qui n&rsquo;a jamais prononc\u00e9 de telles phrases m\u00eame mais bien avant d&rsquo;avoir atteint la fatigue des responsabilit\u00e9s d&rsquo;adulte ? Qui ne s&rsquo;est pas finalement laiss\u00e9 convaincre et n&rsquo;a<a href=\"https:\/\/mecahealth.com\/?page_id=998\" class=\"read-more\">Read More&#8230;<\/a><\/p>\n","protected":false},"author":1,"featured_media":0,"parent":0,"menu_order":0,"comment_status":"closed","ping_status":"closed","template":"","meta":{"footnotes":""},"class_list":["post-998","page","type-page","status-publish","hentry"],"jetpack_sharing_enabled":true,"_links":{"self":[{"href":"https:\/\/mecahealth.com\/index.php?rest_route=\/wp\/v2\/pages\/998","targetHints":{"allow":["GET"]}}],"collection":[{"href":"https:\/\/mecahealth.com\/index.php?rest_route=\/wp\/v2\/pages"}],"about":[{"href":"https:\/\/mecahealth.com\/index.php?rest_route=\/wp\/v2\/types\/page"}],"author":[{"embeddable":true,"href":"https:\/\/mecahealth.com\/index.php?rest_route=\/wp\/v2\/users\/1"}],"replies":[{"embeddable":true,"href":"https:\/\/mecahealth.com\/index.php?rest_route=%2Fwp%2Fv2%2Fcomments&post=998"}],"version-history":[{"count":24,"href":"https:\/\/mecahealth.com\/index.php?rest_route=\/wp\/v2\/pages\/998\/revisions"}],"predecessor-version":[{"id":7338,"href":"https:\/\/mecahealth.com\/index.php?rest_route=\/wp\/v2\/pages\/998\/revisions\/7338"}],"wp:attachment":[{"href":"https:\/\/mecahealth.com\/index.php?rest_route=%2Fwp%2Fv2%2Fmedia&parent=998"}],"curies":[{"name":"wp","href":"https:\/\/api.w.org\/{rel}","templated":true}]}}