{"id":978,"date":"2023-01-11T00:59:49","date_gmt":"2023-01-10T23:59:49","guid":{"rendered":"https:\/\/mecahealth.com\/?page_id=978"},"modified":"2023-06-18T10:40:13","modified_gmt":"2023-06-18T08:40:13","slug":"materiel-chaussures-de-ville","status":"publish","type":"page","link":"https:\/\/mecahealth.com\/?page_id=978","title":{"rendered":"Mat\u00e9riel : chaussures de ville"},"content":{"rendered":"\n<p class=\"has-medium-font-size\"><a href=\"https:\/\/mecahealth.com\/?page_id=122\">Attention \u00e0 lire les consignes avant de lire toute page d&rsquo;un site sant\u00e9 !<\/a><\/p>\n\n\n\n<figure class=\"wp-block-image size-full is-style-rounded\"><img loading=\"lazy\" decoding=\"async\" width=\"330\" height=\"330\" src=\"https:\/\/mecahealth.com\/wp-content\/uploads\/2023\/01\/MecaHealth-entorse.jpg\" alt=\"\" class=\"wp-image-1967\" srcset=\"https:\/\/mecahealth.com\/wp-content\/uploads\/2023\/01\/MecaHealth-entorse.jpg 330w, https:\/\/mecahealth.com\/wp-content\/uploads\/2023\/01\/MecaHealth-entorse-300x300.jpg 300w, https:\/\/mecahealth.com\/wp-content\/uploads\/2023\/01\/MecaHealth-entorse-150x150.jpg 150w\" sizes=\"auto, (max-width: 330px) 100vw, 330px\" \/><\/figure>\n\n\n\n<h2 class=\"wp-block-heading has-large-font-size\">Maintien&#8230;<\/h2>\n\n\n\n<p class=\"has-medium-font-size\">Une bonne chaussure est une chaussure qui principalement tient bien au pied afin que le <a href=\"https:\/\/mecahealth.com\/?page_id=695\" data-type=\"page\" data-id=\"695\">d\u00e9roulement du pied<\/a> soit le plus naturel et ample possible. Si la chaussure, elle, est trop ample ou trop peu tenue \u00e0 l&rsquo;arri\u00e8re, les personnes crispent les orteils pour tenir la chaussure. <\/p>\n\n\n\n<p class=\"has-medium-font-size\">Cette crispation est la cause principale des <a href=\"https:\/\/mecahealth.com\/?page_id=1845\" data-type=\"page\" data-id=\"1845\">crampes<\/a> estivales. Il pourrait s&rsquo;agir d&rsquo;un manque de magn\u00e9sium seulement la plupart des patients de nos \u00e9chantillons, qui utilisent mieux leurs releveurs du pied (<a href=\"https:\/\/mecahealth.com\/?page_id=1927\" data-type=\"page\" data-id=\"1927\">antagoniste<\/a> du mollet) gr\u00e2ce \u00e0 de bonnes chaussures et une marche sur les talons d&rsquo;une minute le soir, ont des r\u00e9sultats quand le magn\u00e9sium ne fait pas d&rsquo;effet et de meilleurs r\u00e9sultats quand il fait un peu d&rsquo;effet&#8230;<\/p>\n\n\n\n<p class=\"has-medium-font-size\">Les chaussures ouvertes avec sangles \u00e0 l&rsquo;arri\u00e8re peuvent bien tenir en fonction de la qualit\u00e9 du produit mais celles qui restent ouvertes \u00e0 l&rsquo;arri\u00e8re ne devraient m\u00eame jamais \u00eatre produites dans un monte totalitaire o\u00f9 la sant\u00e9 serait prioritaire (&#8230;). Il faudra veiller par contre \u00e0 ce que le contrefort (soutien arri\u00e8re) ne revienne pas <a href=\"https:\/\/mecahealth.com\/?page_id=1731\" data-type=\"page\" data-id=\"1731\">appuyer sur le tendon d&rsquo;Achille (&#8230;)<\/a>.<\/p>\n\n\n\n<p class=\"has-medium-font-size\">Durant des ann\u00e9es, les infirmiers et infirmi\u00e8res port\u00e8rent des sabots. C&rsquo;\u00e9tait un non sens. Il en est de m\u00eame avec des Crocs qui tiennent au d\u00e9part mais pas forc\u00e9ment au cours de la journ\u00e9e et surtout si la pseudo-sangle derri\u00e8re n&rsquo;est pas mise. La plupart accusait le fait d&rsquo;<a href=\"https:\/\/mecahealth.com\/?page_id=4115\" data-type=\"page\" data-id=\"4115\">\u00eatre debout<\/a> pour avoir des probl\u00e8mes de jambes &#8230;alors que leur formation aurait d\u00fb leur donner les outils pour comprendre \u00e0 quel point il n&rsquo;y avait <a href=\"https:\/\/mecahealth.com\/?page_id=1974\" data-type=\"page\" data-id=\"1974\">aucune logique \u00e0 suivre cette pens\u00e9e collective (&#8230;)<\/a>. Pantoufles ouvertes, babouches et autre chaussures ouvertes \u00e0 l&rsquo;arri\u00e8re devraient \u00eatre \u00e9vit\u00e9es le plus possible. A la maison, autant marcher pieds-nus&#8230;  <\/p>\n\n\n\n<p class=\"has-medium-font-size\">En se cramponnant \u00e0 ladite chaussure ouverte que nous appellerons par plaisir <em>pseudo-chaussure<\/em>, le d\u00e9roulement ne se faisant pas correctement, la personne pour faire passer son pied vers l&rsquo;avant, redressera la jambe en relevant le genou plus haut qu&rsquo;en d\u00e9roulant. Pour y parvenir, elle sera oblig\u00e9e de <a href=\"https:\/\/mecahealth.com\/?page_id=1542\" data-type=\"page\" data-id=\"1542\">recruter le psoas plus intens\u00e9ment<\/a>. Ce muscle en travaillant creuse le dos, etc. C&rsquo;est la raison pour laquelle des chaussures qui ne tiennent pas aux pieds ou un mauvais d\u00e9roulement comportemental peuvent donner des <a href=\"https:\/\/mecahealth.com\/?page_id=212\" data-type=\"page\" data-id=\"212\">lombalgies (maux dans le bas du dos)<\/a>.<\/p>\n\n\n\n<h2 class=\"wp-block-heading has-large-font-size\">Stabilit\u00e9&#8230; <\/h2>\n\n\n\n<p class=\"has-medium-font-size\">Une chaussure bien ajust\u00e9e et qui enveloppe bien le pied offre une stabilit\u00e9 accrue. Cela permet de maintenir le pied dans une position anatomiquement correcte pendant le mouvement. Une stabilit\u00e9 ad\u00e9quate pr\u00e9vient les torsions ou les mouvements excessifs qui pourraient causer des blessures. Nous \u00e9viterons donc les hauts talons qui ne permettent pas de bon d\u00e9roulement et qui sont responsable d&rsquo;une partie des <em><a href=\"https:\/\/mecahealth.com\/?page_id=1960\" data-type=\"page\" data-id=\"1960\">entorses de ville<\/a><\/em>.<\/p>\n\n\n\n<h2 class=\"wp-block-heading has-large-font-size\">Pronation&#8230;<\/h2>\n\n\n\n<p class=\"has-medium-font-size\">La pronation est le mouvement naturel du pied qui se produit lorsque l&rsquo;arche du pied s&rsquo;affaisse l\u00e9g\u00e8rement pour absorber les chocs lors de la marche ou de la course. Une chaussure dot\u00e9e d&rsquo;un bon soutien de vo\u00fbte plantaire peut aider \u00e0 contr\u00f4ler la pronation excessive, \u00e9vitant ainsi une surcharge excessive des muscles et des tendons du pied, de la cheville et du mollet.<\/p>\n\n\n\n<h2 class=\"wp-block-heading has-large-font-size\">Amortissement&#8230;<\/h2>\n\n\n\n<p class=\"has-medium-font-size\">Une chaussure bien rembourr\u00e9e et adapt\u00e9e \u00e0 votre pied absorbe les chocs et les vibrations caus\u00e9s par l&rsquo;impact du pied sur le sol lors de la marche ou de la course. Ces chocs r\u00e9p\u00e9t\u00e9s sont source de <a href=\"https:\/\/mecahealth.com\/?page_id=683\" data-type=\"page\" data-id=\"683\">tendinites<\/a> voire de <a href=\"https:\/\/mecahealth.com\/?page_id=4162\" data-type=\"page\" data-id=\"4162\">fractures de fatigue<\/a>.<\/p>\n\n\n\n<p class=\"has-medium-font-size\">(&#8230;)<\/p>\n\n\n\n<h2 class=\"wp-block-heading has-medium-font-size\">Revenir au chapitre <a href=\"https:\/\/mecahealth.com\/?page_id=184\" data-type=\"page\" data-id=\"184\"><em>Mouvements<\/em><\/a><\/h2>\n","protected":false},"excerpt":{"rendered":"<p>Attention \u00e0 lire les consignes avant de lire toute page d&rsquo;un site sant\u00e9 ! Maintien&#8230; Une bonne chaussure est une chaussure qui principalement tient bien au pied afin que le d\u00e9roulement du pied soit le plus naturel et ample possible. Si la chaussure, elle, est trop ample ou trop peu<a href=\"https:\/\/mecahealth.com\/?page_id=978\" class=\"read-more\">Read More&#8230;<\/a><\/p>\n","protected":false},"author":1,"featured_media":0,"parent":0,"menu_order":0,"comment_status":"closed","ping_status":"closed","template":"","meta":{"footnotes":""},"class_list":["post-978","page","type-page","status-publish","hentry"],"jetpack_sharing_enabled":true,"_links":{"self":[{"href":"https:\/\/mecahealth.com\/index.php?rest_route=\/wp\/v2\/pages\/978","targetHints":{"allow":["GET"]}}],"collection":[{"href":"https:\/\/mecahealth.com\/index.php?rest_route=\/wp\/v2\/pages"}],"about":[{"href":"https:\/\/mecahealth.com\/index.php?rest_route=\/wp\/v2\/types\/page"}],"author":[{"embeddable":true,"href":"https:\/\/mecahealth.com\/index.php?rest_route=\/wp\/v2\/users\/1"}],"replies":[{"embeddable":true,"href":"https:\/\/mecahealth.com\/index.php?rest_route=%2Fwp%2Fv2%2Fcomments&post=978"}],"version-history":[{"count":11,"href":"https:\/\/mecahealth.com\/index.php?rest_route=\/wp\/v2\/pages\/978\/revisions"}],"predecessor-version":[{"id":5536,"href":"https:\/\/mecahealth.com\/index.php?rest_route=\/wp\/v2\/pages\/978\/revisions\/5536"}],"wp:attachment":[{"href":"https:\/\/mecahealth.com\/index.php?rest_route=%2Fwp%2Fv2%2Fmedia&parent=978"}],"curies":[{"name":"wp","href":"https:\/\/api.w.org\/{rel}","templated":true}]}}