{"id":971,"date":"2023-01-11T00:52:58","date_gmt":"2023-01-10T23:52:58","guid":{"rendered":"https:\/\/mecahealth.com\/?page_id=971"},"modified":"2023-07-16T17:26:22","modified_gmt":"2023-07-16T15:26:22","slug":"normalite-sommet-des-courbes","status":"publish","type":"page","link":"https:\/\/mecahealth.com\/?page_id=971","title":{"rendered":"Normalit\u00e9 : sommet des courbes"},"content":{"rendered":"\n<p class=\"has-medium-font-size\"><a href=\"https:\/\/mecahealth.com\/?page_id=122\"><\/a><a style=\"font-size: revert;\" href=\"https:\/\/mecahealth.com\/?page_id=122\">Attention \u00e0 lire les consignes avant de lire toute page d&rsquo;un site sant\u00e9 !<\/a> <\/p>\n\n\n\n<figure class=\"wp-block-image size-full is-style-rounded\"><img loading=\"lazy\" decoding=\"async\" width=\"271\" height=\"271\" src=\"https:\/\/mecahealth.com\/wp-content\/uploads\/2023\/02\/point-dappui-03-e1676172861326.png\" alt=\"\" class=\"wp-image-3066\" srcset=\"https:\/\/mecahealth.com\/wp-content\/uploads\/2023\/02\/point-dappui-03-e1676172861326.png 271w, https:\/\/mecahealth.com\/wp-content\/uploads\/2023\/02\/point-dappui-03-e1676172861326-150x150.png 150w\" sizes=\"auto, (max-width: 271px) 100vw, 271px\" \/><\/figure>\n\n\n\n<p class=\"has-medium-font-size\">Le sommet d&rsquo;une courbure correspond \u00e0 la partie pro\u00e9minente d&rsquo;une courbe. Concernant le dos, celui-ci est consid\u00e9r\u00e9 comme tel dans le cas d&rsquo;une <a href=\"https:\/\/mecahealth.com\/?page_id=1173\" data-type=\"page\" data-id=\"1173\">lordose<\/a> comme dans celui d&rsquo;une cyphose. Plus une courbe est harmonieuse, plus le sommet est difficile \u00e0 trouver voire impossible dans le cas du cercle ou de la sph\u00e8re par exemple.<\/p>\n\n\n\n<p class=\"has-medium-font-size\">Cet emplacement correspond le maximum de charge sur les muscles et sur les articulations. A cet emplacement se trouve donc la tension la plus importante durant tout mouvement. Plus le sommet est pro\u00e9minent (plus il est facile \u00e0 voir donc) plus la charge physique sera cons\u00e9quente. C&rsquo;est une des raisons qui expliquent l&rsquo;int\u00e9r\u00eat d&rsquo;\u00eatre souple harmonieusement.<\/p>\n\n\n\n<p class=\"has-medium-font-size\">Etre souple en effet r\u00e9parti la charge non plus sur ces quelques vert\u00e8bres de sommet mais bien sur l&rsquo;ensemble de la colonne sauf dans le cas de <a href=\"https:\/\/mecahealth.com\/?page_id=824\" data-type=\"page\" data-id=\"824\">danseur\/danseuse<\/a> qui sont souvent tr\u00e8s souples des membres inf\u00e9rieurs et non du dos.<\/p>\n\n\n\n<p class=\"has-medium-font-size\">Au moment de la flexion, la tension augmente dans l&rsquo;ensemble de la musculature. La force donne une pression qui implique une composante de force situ\u00e9e dans la direction de la perpendiculaire que nous appelons force de pouss\u00e9e.<\/p>\n\n\n\n<p class=\"has-medium-font-size\">En se redressant, la force de pouss\u00e9e augmente avec la force musculaire n\u00e9cessaire au redressement.<\/p>\n\n\n\n<p class=\"has-medium-font-size\">Les vert\u00e8bres situ\u00e9es aux diff\u00e9rents sommets glissent l&rsquo;une sur l&rsquo;autre. Elle rentrent progressivement vers l&rsquo;int\u00e9rieur en proportion de la vitesse de redressement, du poids \u00e0 relever et de notre tendance \u00e0 nous redresser sans nous d\u00e9rouler.<\/p>\n\n\n\n<figure class=\"wp-block-image size-full is-resized\"><img loading=\"lazy\" decoding=\"async\" src=\"https:\/\/mecahealth.com\/wp-content\/uploads\/2023\/02\/MecaHealth-sommet-de-courbe-NON.jpg\" alt=\"\" class=\"wp-image-3065\" width=\"250\" height=\"250\" srcset=\"https:\/\/mecahealth.com\/wp-content\/uploads\/2023\/02\/MecaHealth-sommet-de-courbe-NON.jpg 330w, https:\/\/mecahealth.com\/wp-content\/uploads\/2023\/02\/MecaHealth-sommet-de-courbe-NON-300x300.jpg 300w, https:\/\/mecahealth.com\/wp-content\/uploads\/2023\/02\/MecaHealth-sommet-de-courbe-NON-150x150.jpg 150w\" sizes=\"auto, (max-width: 250px) 100vw, 250px\" \/><\/figure>\n\n\n\n<p class=\"has-medium-font-size\">Ce glissement s&rsquo;il est trop important -millim\u00e9trique malgr\u00e9 tout- entra\u00eene cette douleur qui nous bloque ou qui nous donne l&rsquo;impression qu&rsquo;un couteau nous transperce.<\/p>\n\n\n\n<p class=\"has-medium-font-size\">Sans doute est-ce compris que sauf hernie, une personne ne se bloque jamais en descendant mais bien \u00e0 la centi\u00e8me de seconde o\u00f9 elle se redresse <strong>si elle ne se d\u00e9roule pas correctement et si elle n&rsquo;utilise pas bien entendu les points d&rsquo;appui<\/strong>.<\/p>\n\n\n\n<p class=\"has-medium-font-size\">En position couch\u00e9e, en palpant la zone des sommets pr\u00e9sum\u00e9s, un th\u00e9rapeute devrait d\u00e8s lors pouvoir sentir si une vert\u00e8bre est l\u00e9g\u00e8rement rentr\u00e9e ou non. G\u00e9n\u00e9ralement elles sont sensibles que les autres vert\u00e8bres dans des proportions variables. Plus elles le sont, plus la force de pouss\u00e9e pourra \u00eatre consid\u00e9r\u00e9e comme une des causes de la dorsalgie dont se plaint un patient.<\/p>\n\n\n\n<p class=\"has-medium-font-size\">Il faudra d\u00e8s lors notamment apprendre \u00e0 <a href=\"https:\/\/mecahealth.com\/?page_id=803\" data-type=\"page\" data-id=\"803\">d\u00e9rouler la colonne<\/a> absolument dans toutes les circonstances de flexion et de redressement du tronc. La pratique de l&rsquo;<a href=\"https:\/\/mecahealth.com\/?page_id=1055\" data-type=\"page\" data-id=\"1055\">entre deux<\/a> pour les douleurs basses est la meilleure solution pour se d\u00e9gager rapidement.<\/p>\n\n\n\n<p class=\"has-medium-font-size\">Dans le cas particulier de la <a href=\"https:\/\/mecahealth.com\/?page_id=1213\" data-type=\"page\" data-id=\"1213\">scoliose<\/a>, des sommets se retrouvent \u00e9galement lat\u00e9ralement.<\/p>\n\n\n\n<p class=\"has-medium-font-size\">Dans la mesure du possible, il faudra \u00e9viter \u00e9galement tout redressement trop rapide lat\u00e9ralement pour \u00e9viter \u00e9galement une force de pouss\u00e9e de c\u00f4t\u00e9 pouvant coincer l&rsquo;une ou l&rsquo;autre vert\u00e8bre.<\/p>\n\n\n\n<p class=\"has-medium-font-size\">Dans le cas de la photo ci-contre la cambrure lombaire n&rsquo;est pas harmonieuse et pr\u00e9sente deux sommets \u00e9vidents. Ce sont deux zones de surcharge.<\/p>\n\n\n\n<h2 class=\"wp-block-heading has-medium-font-size\">Revenir \u00e0 la page <a href=\"https:\/\/mecahealth.com\/?page_id=286\" data-type=\"page\" data-id=\"286\"><em>Dormir &amp; Se lever<\/em><\/a> ou <em><a href=\"https:\/\/mecahealth.com\/?page_id=257\" data-type=\"page\" data-id=\"257\">S&rsquo;asseoir<\/a><\/em><\/h2>\n","protected":false},"excerpt":{"rendered":"<p>Attention \u00e0 lire les consignes avant de lire toute page d&rsquo;un site sant\u00e9 ! Le sommet d&rsquo;une courbure correspond \u00e0 la partie pro\u00e9minente d&rsquo;une courbe. Concernant le dos, celui-ci est consid\u00e9r\u00e9 comme tel dans le cas d&rsquo;une lordose comme dans celui d&rsquo;une cyphose. Plus une courbe est harmonieuse, plus le<a href=\"https:\/\/mecahealth.com\/?page_id=971\" class=\"read-more\">Read More&#8230;<\/a><\/p>\n","protected":false},"author":1,"featured_media":0,"parent":0,"menu_order":0,"comment_status":"closed","ping_status":"closed","template":"","meta":{"footnotes":""},"class_list":["post-971","page","type-page","status-publish","hentry"],"jetpack_sharing_enabled":true,"_links":{"self":[{"href":"https:\/\/mecahealth.com\/index.php?rest_route=\/wp\/v2\/pages\/971","targetHints":{"allow":["GET"]}}],"collection":[{"href":"https:\/\/mecahealth.com\/index.php?rest_route=\/wp\/v2\/pages"}],"about":[{"href":"https:\/\/mecahealth.com\/index.php?rest_route=\/wp\/v2\/types\/page"}],"author":[{"embeddable":true,"href":"https:\/\/mecahealth.com\/index.php?rest_route=\/wp\/v2\/users\/1"}],"replies":[{"embeddable":true,"href":"https:\/\/mecahealth.com\/index.php?rest_route=%2Fwp%2Fv2%2Fcomments&post=971"}],"version-history":[{"count":10,"href":"https:\/\/mecahealth.com\/index.php?rest_route=\/wp\/v2\/pages\/971\/revisions"}],"predecessor-version":[{"id":5600,"href":"https:\/\/mecahealth.com\/index.php?rest_route=\/wp\/v2\/pages\/971\/revisions\/5600"}],"wp:attachment":[{"href":"https:\/\/mecahealth.com\/index.php?rest_route=%2Fwp%2Fv2%2Fmedia&parent=971"}],"curies":[{"name":"wp","href":"https:\/\/api.w.org\/{rel}","templated":true}]}}