{"id":8856,"date":"2026-04-15T12:59:14","date_gmt":"2026-04-15T10:59:14","guid":{"rendered":"https:\/\/mecahealth.com\/?page_id=8856"},"modified":"2026-04-28T15:28:21","modified_gmt":"2026-04-28T13:28:21","slug":"position-assis-en-reunion-a-table","status":"publish","type":"page","link":"https:\/\/mecahealth.com\/?page_id=8856","title":{"rendered":"Position : assis en r\u00e9union &#8211; \u00e0 table"},"content":{"rendered":"\n<p class=\"has-small-font-size\"><a href=\"https:\/\/mecahealth.com\/?page_id=122\">Attention \u00e0 lire les consignes avant de lire toute page d&rsquo;un site sant\u00e9 !<\/a><\/p>\n\n\n\n<figure class=\"wp-block-image size-full is-resized is-style-rounded\"><img loading=\"lazy\" decoding=\"async\" width=\"1024\" height=\"1024\" src=\"https:\/\/mecahealth.com\/wp-content\/uploads\/2026\/04\/MecaHealth-bureau-reunion-1.png\" alt=\"\" class=\"wp-image-8869\" style=\"width:330px\" srcset=\"https:\/\/mecahealth.com\/wp-content\/uploads\/2026\/04\/MecaHealth-bureau-reunion-1.png 1024w, https:\/\/mecahealth.com\/wp-content\/uploads\/2026\/04\/MecaHealth-bureau-reunion-1-300x300.png 300w, https:\/\/mecahealth.com\/wp-content\/uploads\/2026\/04\/MecaHealth-bureau-reunion-1-150x150.png 150w, https:\/\/mecahealth.com\/wp-content\/uploads\/2026\/04\/MecaHealth-bureau-reunion-1-768x768.png 768w\" sizes=\"auto, (max-width: 1024px) 100vw, 1024px\" \/><\/figure>\n\n\n\n<p class=\"has-medium-font-size\">Se positionner durant une r\u00e9union n&rsquo;est pas qu&rsquo;une simple <a href=\"https:\/\/mecahealth.com\/?page_id=297\" data-type=\"page\" data-id=\"297\">position assise<\/a> ni la position d\u00e9crite dans la page <em><a href=\"https:\/\/mecahealth.com\/?page_id=295\" data-type=\"page\" data-id=\"295\">Assis bureau<\/a><\/em>. Elle est le fruit de m\u00e9canisme instinctif et parfois le reflet de qui sommes-nous. M\u00eame si nous n&rsquo;entrerons pas dans des th\u00e9ories \u00e9sot\u00e9riques, il est possible de relever que chacun suit un cheminement personnel sensible mais suit \u00e9galement les habitudes qui lui ont \u00e9t\u00e9 impos\u00e9es parfois d\u00e9j\u00e0 \u00e0 table \u00e0 la maison. L&rsquo;interlocuteur debout, lui devrait veiller \u00e0 respecter les <a href=\"https:\/\/mecahealth.com\/?page_id=4115\" data-type=\"page\" data-id=\"4115\">consignes des <em>professions debout<\/em><\/a>.<\/p>\n\n\n\n<p class=\"has-medium-font-size\">Combien de familles n&rsquo;ont pas chacun LEUR place \u00e0 table. Une fois de plus, <em>la <\/em>table vient rajouter un rituel peu coh\u00e9rent. Cette fois, \u00e0 <a href=\"https:\/\/mecahealth.com\/?page_id=2313\" data-type=\"page\" data-id=\"2313\">l&rsquo;inverse de manger \u00e0 heure fixe<\/a>, il est p\u00e9dagogiquement aberrant mais animalement logique. Le <a href=\"https:\/\/mecahealth.com\/?page_id=1978\" data-type=\"page\" data-id=\"1978\">dominant induit aux autres<\/a> que sa place est l&rsquo;une d&rsquo;elle et les autres prennent <em>les restes<\/em> en affirmant que la place choisie ou impos\u00e9e est leur place \u00e0 pr\u00e9sent. M\u00eame si ce point de vue est express\u00e9ment exag\u00e9r\u00e9, c&rsquo;est bien ainsi que cela se passe r\u00e9guli\u00e8rement de mani\u00e8re inconsciente et il n&rsquo;est pas rare de voir un invit\u00e9 entendre de l&rsquo;un des enfants \u00ab\u00a0<em>C&rsquo;est ma place<\/em>\u00ab\u00a0. Changer de place r\u00e9guli\u00e8rement au sein d&rsquo;une famille est une mani\u00e8re d&rsquo;\u00e9viter en partie d&rsquo;\u00eatre trop rigoureusement camp\u00e9 dans ses habitudes dans un monde en perp\u00e9tuelle changement et qui am\u00e8nera \u00e0 devoir s&rsquo;adapter r\u00e9guli\u00e8rement. Changer de place contribue indirectement \u00e0 la r\u00e9gression de l&rsquo;\u00e9go\u00efsme encourag\u00e9 par ceux qui ont <a href=\"https:\/\/mecahealth.com\/?page_id=7534\" data-type=\"page\" data-id=\"7534\">d\u00e9fendu le droit individuel en oubliant les relations collectives<\/a> ou par des <a href=\"https:\/\/mecahealth.com\/?page_id=4337\" data-type=\"page\" data-id=\"4337\"><em>anti-empathiques<\/em><\/a> comme l&rsquo;est le pr\u00e9sentateur Hanouna (&#8230;)<\/p>\n\n\n\n<p class=\"has-medium-font-size\">Un des r\u00e9flexes primitifs est la protection. Il est donc naturel de <a href=\"https:\/\/mecahealth.com\/?page_id=5994\" data-type=\"page\" data-id=\"5994\">rejeter (engagement) une information qui vient d\u00e9faire ses convictions ou ses habitudes<\/a>. Chacun est libre de penser ce qu&rsquo;il veut mais force de constater que cela se r\u00e9p\u00e8te parfois en r\u00e9union (&#8230;).<\/p>\n\n\n\n<p class=\"has-medium-font-size\">Cela \u00e9tant dit, si vous observez la photo g\u00e9n\u00e9r\u00e9e, les personnes qui se situent sur le c\u00f4t\u00e9 tournent la nuque et se font mal progressivement alors que celle en bout de table \u00e9tant dans l&rsquo;axe, sourit de ne pas \u00eatre d\u00e9rang\u00e9e. Donc si la biens\u00e9ance et le <a href=\"https:\/\/mecahealth.com\/?page_id=402\" data-type=\"page\" data-id=\"402\">besoin naturel de sym\u00e9trie<\/a> nous obligeait \u00e0 \u00eatre bien dans l&rsquo;axe de la table <a href=\"https:\/\/mecahealth.com\/?page_id=272\" data-type=\"page\" data-id=\"272\">pour manger<\/a>, il faut \u00e9viter cette <em>perpendicularit\u00e9<\/em> et tourner la chaise en direction de l&rsquo;interlocuteur et\/ou tout au moins NE JAMAIS rester du m\u00eame c\u00f4t\u00e9 de r\u00e9union en r\u00e9union s&rsquo;il y a des r\u00e9unions r\u00e9guli\u00e8res. Ainsi la <a href=\"https:\/\/mecahealth.com\/?page_id=3499\" data-type=\"page\" data-id=\"3499\">torsion (rotation) de la nuque<\/a> et <a href=\"https:\/\/mecahealth.com\/?page_id=501\" data-type=\"page\" data-id=\"501\">du dos<\/a>, ne sera pas toujours du m\u00eame c\u00f4t\u00e9.<\/p>\n\n\n\n<p class=\"has-medium-font-size\">Par respect pour ceux qui ne ma\u00eetrisent pas forc\u00e9ment la langue ou n&rsquo;osent pas signaler un trouble de l&rsquo;audition, pensez au <a href=\"https:\/\/mecahealth.com\/?page_id=8827\" data-type=\"page\" data-id=\"8827\">principe de r\u00e9troprojection de votre <em>transcriptor<\/em><\/a>.<\/p>\n\n\n\n<p class=\"has-medium-font-size\">(&#8230;)<\/p>\n\n\n\n<h2 class=\"wp-block-heading has-medium-font-size\">Revenir au chapitre <a href=\"https:\/\/mecahealth.com\/?page_id=201\"><em>Positions<\/em><\/a> ou <a href=\"https:\/\/mecahealth.com\/?page_id=186\" data-type=\"page\" data-id=\"186\"><em>Situations courantes<\/em><\/a><\/h2>\n\n\n\n<p><\/p>\n","protected":false},"excerpt":{"rendered":"<p>Attention \u00e0 lire les consignes avant de lire toute page d&rsquo;un site sant\u00e9 ! Se positionner durant une r\u00e9union n&rsquo;est pas qu&rsquo;une simple position assise ni la position d\u00e9crite dans la page Assis bureau. Elle est le fruit de m\u00e9canisme instinctif et parfois le reflet de qui sommes-nous. M\u00eame si<a href=\"https:\/\/mecahealth.com\/?page_id=8856\" class=\"read-more\">Read More&#8230;<\/a><\/p>\n","protected":false},"author":1,"featured_media":0,"parent":0,"menu_order":0,"comment_status":"closed","ping_status":"closed","template":"","meta":{"footnotes":""},"class_list":["post-8856","page","type-page","status-publish","hentry"],"jetpack_sharing_enabled":true,"_links":{"self":[{"href":"https:\/\/mecahealth.com\/index.php?rest_route=\/wp\/v2\/pages\/8856","targetHints":{"allow":["GET"]}}],"collection":[{"href":"https:\/\/mecahealth.com\/index.php?rest_route=\/wp\/v2\/pages"}],"about":[{"href":"https:\/\/mecahealth.com\/index.php?rest_route=\/wp\/v2\/types\/page"}],"author":[{"embeddable":true,"href":"https:\/\/mecahealth.com\/index.php?rest_route=\/wp\/v2\/users\/1"}],"replies":[{"embeddable":true,"href":"https:\/\/mecahealth.com\/index.php?rest_route=%2Fwp%2Fv2%2Fcomments&post=8856"}],"version-history":[{"count":11,"href":"https:\/\/mecahealth.com\/index.php?rest_route=\/wp\/v2\/pages\/8856\/revisions"}],"predecessor-version":[{"id":8907,"href":"https:\/\/mecahealth.com\/index.php?rest_route=\/wp\/v2\/pages\/8856\/revisions\/8907"}],"wp:attachment":[{"href":"https:\/\/mecahealth.com\/index.php?rest_route=%2Fwp%2Fv2%2Fmedia&parent=8856"}],"curies":[{"name":"wp","href":"https:\/\/api.w.org\/{rel}","templated":true}]}}