{"id":8827,"date":"2026-04-08T14:57:25","date_gmt":"2026-04-08T12:57:25","guid":{"rendered":"https:\/\/mecahealth.com\/?page_id=8827"},"modified":"2026-04-09T06:06:43","modified_gmt":"2026-04-09T04:06:43","slug":"materiel-surdite-et-malentendance","status":"publish","type":"page","link":"https:\/\/mecahealth.com\/?page_id=8827","title":{"rendered":"Mat\u00e9riel : surdit\u00e9 et malentendance"},"content":{"rendered":"\n<figure class=\"wp-block-image size-full is-resized is-style-rounded\"><img loading=\"lazy\" decoding=\"async\" width=\"1024\" height=\"1024\" src=\"https:\/\/mecahealth.com\/wp-content\/uploads\/2026\/04\/MecaHealth-Almagic-surdite-malentendance-solution-1.png\" alt=\"\" class=\"wp-image-8829\" style=\"object-fit:cover;width:330px;height:330px\" srcset=\"https:\/\/mecahealth.com\/wp-content\/uploads\/2026\/04\/MecaHealth-Almagic-surdite-malentendance-solution-1.png 1024w, https:\/\/mecahealth.com\/wp-content\/uploads\/2026\/04\/MecaHealth-Almagic-surdite-malentendance-solution-1-300x300.png 300w, https:\/\/mecahealth.com\/wp-content\/uploads\/2026\/04\/MecaHealth-Almagic-surdite-malentendance-solution-1-150x150.png 150w, https:\/\/mecahealth.com\/wp-content\/uploads\/2026\/04\/MecaHealth-Almagic-surdite-malentendance-solution-1-768x768.png 768w\" sizes=\"auto, (max-width: 1024px) 100vw, 1024px\" \/><\/figure>\n\n\n\n<p class=\"has-medium-font-size\">Toute personne n\u00e9e avec une surdit\u00e9 ou une malentendance ne vit pas cette situation de la m\u00eame mani\u00e8re g\u00e9n\u00e9ralement que ceux qui pr\u00e9sentent des troubles de <a href=\"https:\/\/mecahealth.com\/?page_id=1962\" data-type=\"page\" data-id=\"1962\">l&rsquo;audition<\/a> suite au vieillissement. Dans ce dernier cas de figure, la plupart du temps l&rsquo;adaptabilit\u00e9 \u00e0 la situation est plus difficile en prenant de l&rsquo;\u00e2ge. Les personnes peuvent d\u00e9primer suite au fait de ne pas comprendre les conversations qui les entourent et d&rsquo;autant plus si ces personnes n&rsquo;osent pas communiquer qu&rsquo;elles n&rsquo;ont pas compris ce qui est dit ou demand\u00e9; si elles n&rsquo;osent pas faire r\u00e9p\u00e9ter trop souvent \u00e0 leur interlocuteur les mots ou les phrases incomprises.<\/p>\n\n\n\n<p class=\"has-medium-font-size\">M\u00eame si une personne est appareill\u00e9e, il peut persister un bruit environnant. Les appareils auditifs ne suffisent pas forc\u00e9ment \u00e0 compenser celui-ci. Veuillez trouver ci-dessous l&rsquo;une des m\u00e9thodologies les moins on\u00e9reuses et les plus faciles pour limiter les difficult\u00e9s \u00e0 votre parent ou ami touch\u00e9 par cette difficult\u00e9 auditive mais aussi \u00e0 vos coll\u00e8gues, \u00e0 votre auditoire dont des \u00e9l\u00e8ves concern\u00e9s (ou \u00e0 conscientiser). Pensez \u00e0 acheter ou \u00e0 utiliser de petits micros compl\u00e9mentaires \u00e0 connecter \u00e0 votre ou son smartphone pour une meilleure qualit\u00e9 de r\u00e9ception de la voix \u00e0 retranscrire.<\/p>\n\n\n\n<figure class=\"wp-block-image size-large is-resized\"><img loading=\"lazy\" decoding=\"async\" width=\"1024\" height=\"765\" src=\"https:\/\/mecahealth.com\/wp-content\/uploads\/2026\/04\/MecaHealth-Almagic-surdite-malentendance-solution-1c-1024x765.png\" alt=\"\" class=\"wp-image-8832\" style=\"width:400px\" srcset=\"https:\/\/mecahealth.com\/wp-content\/uploads\/2026\/04\/MecaHealth-Almagic-surdite-malentendance-solution-1c-1024x765.png 1024w, https:\/\/mecahealth.com\/wp-content\/uploads\/2026\/04\/MecaHealth-Almagic-surdite-malentendance-solution-1c-300x224.png 300w, https:\/\/mecahealth.com\/wp-content\/uploads\/2026\/04\/MecaHealth-Almagic-surdite-malentendance-solution-1c-768x573.png 768w, https:\/\/mecahealth.com\/wp-content\/uploads\/2026\/04\/MecaHealth-Almagic-surdite-malentendance-solution-1c.png 1200w\" sizes=\"auto, (max-width: 1024px) 100vw, 1024px\" \/><\/figure>\n\n\n\n<p class=\"has-medium-font-size\">Sur Android seulement pour l&rsquo;instant (vid\u00e9o \u00e0 l&rsquo;essai et en correction prochainement), voici comment faire (vid\u00e9o r\u00e9alis\u00e9e avec <a href=\"http:\/\/www.almagic.org\" data-type=\"link\" data-id=\"www.almagic.org\" target=\"_blank\" rel=\"noreferrer noopener\">notre association cons\u0153ur Almagic<\/a> : <\/p>\n\n\n\n<figure class=\"wp-block-video\"><video controls src=\"https:\/\/canva.link\/hymnhyao1wrfwap\"><\/video><\/figure>\n\n\n\n<p class=\"has-medium-font-size\">(&#8230;)<\/p>\n\n\n\n<h2 class=\"wp-block-heading has-medium-font-size\">Revenir \u00e0 notre page <a href=\"https:\/\/mecahealth.com\/?page_id=361\" data-type=\"page\" data-id=\"361\">Vieillissement<\/a> ou <a href=\"https:\/\/mecahealth.com\/?page_id=7615\" data-type=\"page\" data-id=\"7615\">Enseignement<\/a><\/h2>\n","protected":false},"excerpt":{"rendered":"<p>Toute personne n\u00e9e avec une surdit\u00e9 ou une malentendance ne vit pas cette situation de la m\u00eame mani\u00e8re g\u00e9n\u00e9ralement que ceux qui pr\u00e9sentent des troubles de l&rsquo;audition suite au vieillissement. Dans ce dernier cas de figure, la plupart du temps l&rsquo;adaptabilit\u00e9 \u00e0 la situation est plus difficile en prenant de<a href=\"https:\/\/mecahealth.com\/?page_id=8827\" class=\"read-more\">Read More&#8230;<\/a><\/p>\n","protected":false},"author":1,"featured_media":0,"parent":0,"menu_order":0,"comment_status":"closed","ping_status":"closed","template":"","meta":{"footnotes":""},"class_list":["post-8827","page","type-page","status-publish","hentry"],"jetpack_sharing_enabled":true,"_links":{"self":[{"href":"https:\/\/mecahealth.com\/index.php?rest_route=\/wp\/v2\/pages\/8827","targetHints":{"allow":["GET"]}}],"collection":[{"href":"https:\/\/mecahealth.com\/index.php?rest_route=\/wp\/v2\/pages"}],"about":[{"href":"https:\/\/mecahealth.com\/index.php?rest_route=\/wp\/v2\/types\/page"}],"author":[{"embeddable":true,"href":"https:\/\/mecahealth.com\/index.php?rest_route=\/wp\/v2\/users\/1"}],"replies":[{"embeddable":true,"href":"https:\/\/mecahealth.com\/index.php?rest_route=%2Fwp%2Fv2%2Fcomments&post=8827"}],"version-history":[{"count":8,"href":"https:\/\/mecahealth.com\/index.php?rest_route=\/wp\/v2\/pages\/8827\/revisions"}],"predecessor-version":[{"id":8843,"href":"https:\/\/mecahealth.com\/index.php?rest_route=\/wp\/v2\/pages\/8827\/revisions\/8843"}],"wp:attachment":[{"href":"https:\/\/mecahealth.com\/index.php?rest_route=%2Fwp%2Fv2%2Fmedia&parent=8827"}],"curies":[{"name":"wp","href":"https:\/\/api.w.org\/{rel}","templated":true}]}}