{"id":8647,"date":"2026-03-14T10:50:46","date_gmt":"2026-03-14T09:50:46","guid":{"rendered":"https:\/\/mecahealth.com\/?page_id=8647"},"modified":"2026-03-14T17:42:09","modified_gmt":"2026-03-14T16:42:09","slug":"droit-et-devoir-service-civil-vs-service-militaire","status":"publish","type":"page","link":"https:\/\/mecahealth.com\/?page_id=8647","title":{"rendered":"Droit et devoir : service civil vs service militaire"},"content":{"rendered":"\n<p class=\"has-medium-font-size\">Repenser le lien entre droits et devoirs dans notre Soci\u00e9t\u00e9<\/p>\n\n\n\n<figure class=\"wp-block-image size-full is-resized is-style-rounded\"><img loading=\"lazy\" decoding=\"async\" width=\"1024\" height=\"1024\" src=\"https:\/\/mecahealth.com\/wp-content\/uploads\/2025\/01\/MecaHealth-genie-civil.webp\" alt=\"\" class=\"wp-image-7535\" style=\"width:330px\" srcset=\"https:\/\/mecahealth.com\/wp-content\/uploads\/2025\/01\/MecaHealth-genie-civil.webp 1024w, https:\/\/mecahealth.com\/wp-content\/uploads\/2025\/01\/MecaHealth-genie-civil-300x300.webp 300w, https:\/\/mecahealth.com\/wp-content\/uploads\/2025\/01\/MecaHealth-genie-civil-150x150.webp 150w, https:\/\/mecahealth.com\/wp-content\/uploads\/2025\/01\/MecaHealth-genie-civil-768x768.webp 768w\" sizes=\"auto, (max-width: 1024px) 100vw, 1024px\" \/><\/figure>\n\n\n\n<p class=\"has-medium-font-size\">Notre <a href=\"https:\/\/mecahealth.com\/?page_id=7534\" data-type=\"page\" data-id=\"7534\">Soci\u00e9t\u00e9 <em>sociale est devenue antisociale<\/em><\/a>, sans doute bien involontairement, d&rsquo;une part par le manque de recul de nos intellectuels et de p\u00e9dagogues et d&rsquo;autre part par l&rsquo;opportunisme de commerciaux qui se sont emparer des opportunit\u00e9s financi\u00e8res qui ont d\u00e9coul\u00e9es de cette forme d&rsquo;incomp\u00e9tence. Dans cette Soci\u00e9t\u00e9, seuls les <a href=\"https:\/\/mecahealth.com\/?page_id=4337\" data-type=\"page\" data-id=\"4337\"><em>empathes<\/em><\/a> sont sur le terrain \u00e0 tenter de colmater les difficult\u00e9s de chacun ou failles du syst\u00e8me sans comprendre bien souvent non plus les <a href=\"https:\/\/mecahealth.com\/?page_id=8131\" data-type=\"page\" data-id=\"8131\">biais<\/a> de l&rsquo;aide qu&rsquo;ils apportent, emport\u00e9s par leur bonne volont\u00e9 et leur <a href=\"https:\/\/mecahealth.com\/?page_id=8633\" data-type=\"page\" data-id=\"8633\">opposition naturelle<\/a> (&#8230;).<\/p>\n\n\n\n<p class=\"has-medium-font-size\">Face aux tensions <em>g\u00e9olo-atmosph\u00e9riques<\/em> et g\u00e9opolitiques actuelles, il devient imp\u00e9ratif de r\u00e9veiller notre <a href=\"https:\/\/mecahealth.com\/?page_id=1974\" data-type=\"page\" data-id=\"1974\">conscience gr\u00e9gaire naturelle<\/a>. L&rsquo;entraide ne doit plus \u00eatre une option, mais un socle soci\u00e9tal permettant d&rsquo;agir \u00e0 l&rsquo;\u00e9chelle locale et europ\u00e9enne. Si le service militaire a laiss\u00e9 des lacunes en son temps, il portait malgr\u00e9 tout une id\u00e9ologie d&rsquo;entraide que les approches purement comptables ou politiques <em>court-termistes<\/em> ont n\u00e9glig\u00e9e.<\/p>\n\n\n\n<h2 class=\"wp-block-heading has-medium-font-size\">Proposition et solutions :<\/h2>\n\n\n\n<p class=\"has-medium-font-size\">Mise en place d&rsquo;un service civil obligatoire, non seulement apr\u00e8s des \u00e9tudes comme le fut le service militaire, mais \u00e9galement en remplacement d&rsquo;une peine pour des mineurs entre 15 et 18 ans et pour des peines de majeurs entre 18 et 25 ans.<\/p>\n\n\n\n<p class=\"has-medium-font-size\">Le service civil serait de 12 mois dans le syst\u00e8me organis\u00e9 par l&rsquo;Etat et de 15 mois dans le syst\u00e8me civil priv\u00e9. Dans celui d&rsquo;Etat, il serait r\u00e9parti en 3 p\u00e9riodes :<\/p>\n\n\n\n<ul class=\"wp-block-list\">\n<li class=\"has-medium-font-size\">3 mois de formations dans la langue du pays<\/li>\n\n\n\n<li class=\"has-medium-font-size\">3 mois de formations compl\u00e9mentaires en anglais (langue de communication internationale actuelle)<\/li>\n\n\n\n<li class=\"has-medium-font-size\">6 mois de mises en application du contenu des formations<\/li>\n<\/ul>\n\n\n\n<p class=\"has-medium-font-size\">Les formations ne seraient que partiellement militaires comme on l&rsquo;entendait pr\u00e9c\u00e9demment. Elles se concentreraient sur les besoins humains en cas de conflits, en cas de catastrophes naturelles, en cas d&rsquo;accidents et d&rsquo;incidents dans la vie priv\u00e9e tout comme dans toute pratique professionnelle. Cet enseignement viendrait donc aider la Soci\u00e9t\u00e9 en cas de difficult\u00e9s majeures g\u00e9opolitiques mais \u00e9galement de difficult\u00e9s courantes. Le co\u00fbt que le service civil repr\u00e9sente pour des \u00e9conomistes court-termistes ou ne comprenant pas les vases communicants est en r\u00e9alit\u00e9 \u00e0 reporter partiellement sur d&rsquo;autres co\u00fbts dont celui du vieillissement tout comme celui des pertes li\u00e9es aux changements climatiques, des co\u00fbts de prises en charge de la petite criminalit\u00e9 (&#8230;).<\/p>\n\n\n\n<p class=\"has-medium-font-size\">Les formations comporteraient donc des notions :<\/p>\n\n\n\n<ul class=\"wp-block-list\">\n<li class=\"has-medium-font-size\">secourisme (soins et r\u00e9animation) et manutention de personnes<\/li>\n\n\n\n<li class=\"has-medium-font-size\">\u00e9vacuation de personnes (bless\u00e9es ou non) par voiture, camion, bateau, ou avion<\/li>\n\n\n\n<li class=\"has-medium-font-size\">lutte contre les incendies<\/li>\n\n\n\n<li class=\"has-medium-font-size\">gestion de l&rsquo;eau (b\u00e2che sur les toits arrach\u00e9s ou perfor\u00e9s, cr\u00e9ation de digues, installation de syst\u00e8me de maintien des eaux, etc.)<\/li>\n\n\n\n<li class=\"has-medium-font-size\">s\u00e9curisation de sites (installation de madriers, \u00e9vacuation de pierres, utilisation de bras de leviers, usage d&rsquo;une pelle et d&rsquo;une brouette, etc.)<\/li>\n\n\n\n<li class=\"has-medium-font-size\">logistique (acheminement ou \u00e9vacuation de mat\u00e9riel par les diff\u00e9rents types de transport &#8211; conduite \u00e9ventuelle d&rsquo;engins divers)<\/li>\n\n\n\n<li class=\"has-medium-font-size\">cartographie (boussole et d\u00e9placement de jour comme de nuit sans GPS)<\/li>\n\n\n\n<li>liste non exhaustive<\/li>\n<\/ul>\n\n\n\n<p class=\"has-medium-font-size\">Durant les 3 premiers mois l&rsquo;ensemble de ces notions seraient pass\u00e9es en revue ; les \u00e9tudiants pourraient rentrer \u00e0 domicile. Durant les 3 mois suivants, un perfectionnement de plusieurs de ces notions se feraient en anglais en m\u00e9langeant les diff\u00e9rentes nations sans pouvoir rentrer \u00e0 domicile. Les jeunes sanctionn\u00e9s seraient r\u00e9partis dans les groupes des adultes dans les proportions de 1 mineur pour 20 majeurs afin d&rsquo;\u00e9viter le jeu de dominance comme celle rencontr\u00e9e dans la rue, dans les centres ou dans les prisons. Les adultes sanctionn\u00e9s ne d\u00e9passeraient pas non plus cette proportion. Face \u00e0 l&rsquo;adversit\u00e9 de tiers, notamment durant la seconde guerre mondiale, il n&rsquo;\u00e9tait pas rare de voir des petits criminels devenir des r\u00e9sistants<\/p>\n\n\n\n<p class=\"has-small-font-size\"><a href=\"https:\/\/www.amazon.fr\/merveilleux-malheur-Boris-Cyrulnik\/dp\/2738111254\/ref=sr_1_1?__mk_fr_FR=%C3%85M%C3%85%C5%BD%C3%95%C3%91&amp;crid=1PS6XT1RBU6BL&amp;dib=eyJ2IjoiMSJ9.9vo04zSEn2SdZa9jFRbUPdB03Fp0NJrVU-q1z4F1k0bGjHj071QN20LucGBJIEps.I8xVuooVO-d2Rf29b_zFFU8A1GDQvjemHvYUrO3R6wk&amp;dib_tag=se&amp;keywords=Boris+Cyrulnik+et+la+r%C3%A9silience+%3A+Un+merveilleux+malheur&amp;qid=1773501953&amp;sprefix=boris+cyrulnik+et+la+r%C3%A9silience+un+merveilleux+malheur%2Caps%2C240&amp;sr=8-1\" target=\"_blank\" rel=\"noreferrer noopener\"><strong>Boris Cyrulnik et la r\u00e9silience :<\/strong> <em><strong>Un merveilleux malheur<\/strong><\/em><\/a><em> <\/em>(&#8230;).<\/p>\n\n\n\n<p class=\"has-medium-font-size\">Durant les 6 derniers mois, chacun logerait dans un campement militaire. L&rsquo;ensemble des miliciens seraient envoy\u00e9s partout en Europe o\u00f9 se trouvent les catastrophes naturelles ou les risques de catastrophes. Les jeunes pourraient \u00e9courter cette p\u00e9riode en \u00e9tant d\u00e9plac\u00e9s dans un pays en difficult\u00e9 hors du territoire europ\u00e9en (famine, catastrophe g\u00e9ologique, etc.).<\/p>\n\n\n\n<p class=\"has-large-font-size\">Agir pour autrui n&rsquo;est pas une sanction mais un besoin naturel oubli\u00e9 par beaucoup.<\/p>\n\n\n\n<p class=\"has-medium-font-size\">Le service civil aurait donc un impact sur la solidarit\u00e9 des europ\u00e9ens en cas de difficult\u00e9s durant le service mais bien au-del\u00e0 de cette p\u00e9riode pour aider des voisins \u00e2g\u00e9s, pour intervenir en cas de fuites chez le voisin, etc. <\/p>\n\n\n\n<p class=\"has-large-font-size\">Investir dans le g\u00e9nie civil est un investissement sur la solidarit\u00e9 d&rsquo;une nation europ\u00e9enne naissante (&#8230;).<\/p>\n","protected":false},"excerpt":{"rendered":"<p>Repenser le lien entre droits et devoirs dans notre Soci\u00e9t\u00e9 Notre Soci\u00e9t\u00e9 sociale est devenue antisociale, sans doute bien involontairement, d&rsquo;une part par le manque de recul de nos intellectuels et de p\u00e9dagogues et d&rsquo;autre part par l&rsquo;opportunisme de commerciaux qui se sont emparer des opportunit\u00e9s financi\u00e8res qui ont d\u00e9coul\u00e9es<a href=\"https:\/\/mecahealth.com\/?page_id=8647\" class=\"read-more\">Read More&#8230;<\/a><\/p>\n","protected":false},"author":1,"featured_media":0,"parent":0,"menu_order":0,"comment_status":"closed","ping_status":"closed","template":"","meta":{"footnotes":""},"class_list":["post-8647","page","type-page","status-publish","hentry"],"jetpack_sharing_enabled":true,"_links":{"self":[{"href":"https:\/\/mecahealth.com\/index.php?rest_route=\/wp\/v2\/pages\/8647","targetHints":{"allow":["GET"]}}],"collection":[{"href":"https:\/\/mecahealth.com\/index.php?rest_route=\/wp\/v2\/pages"}],"about":[{"href":"https:\/\/mecahealth.com\/index.php?rest_route=\/wp\/v2\/types\/page"}],"author":[{"embeddable":true,"href":"https:\/\/mecahealth.com\/index.php?rest_route=\/wp\/v2\/users\/1"}],"replies":[{"embeddable":true,"href":"https:\/\/mecahealth.com\/index.php?rest_route=%2Fwp%2Fv2%2Fcomments&post=8647"}],"version-history":[{"count":27,"href":"https:\/\/mecahealth.com\/index.php?rest_route=\/wp\/v2\/pages\/8647\/revisions"}],"predecessor-version":[{"id":8690,"href":"https:\/\/mecahealth.com\/index.php?rest_route=\/wp\/v2\/pages\/8647\/revisions\/8690"}],"wp:attachment":[{"href":"https:\/\/mecahealth.com\/index.php?rest_route=%2Fwp%2Fv2%2Fmedia&parent=8647"}],"curies":[{"name":"wp","href":"https:\/\/api.w.org\/{rel}","templated":true}]}}