{"id":8633,"date":"2026-03-01T17:38:37","date_gmt":"2026-03-01T16:38:37","guid":{"rendered":"https:\/\/mecahealth.com\/?page_id=8633"},"modified":"2026-03-14T18:52:32","modified_gmt":"2026-03-14T17:52:32","slug":"psycho-action-et-contrereaction-de-lextreme","status":"publish","type":"page","link":"https:\/\/mecahealth.com\/?page_id=8633","title":{"rendered":"Psycho : action et contrer\u00e9action de l&rsquo;extr\u00eame"},"content":{"rendered":"\n<p class=\"has-small-font-size\"><a style=\"font-size: revert;\" href=\"https:\/\/mecahealth.com\/?page_id=122\">Attention \u00e0 lire les consignes avant de lire toute page d&rsquo;un site sant\u00e9 !<\/a><\/p>\n\n\n\n<figure class=\"wp-block-image size-full is-resized is-style-rounded\"><img loading=\"lazy\" decoding=\"async\" width=\"1024\" height=\"1024\" src=\"https:\/\/mecahealth.com\/wp-content\/uploads\/2026\/03\/MecaHealth-action-reaction-binaire.png\" alt=\"\" class=\"wp-image-8702\" style=\"width:330px\" srcset=\"https:\/\/mecahealth.com\/wp-content\/uploads\/2026\/03\/MecaHealth-action-reaction-binaire.png 1024w, https:\/\/mecahealth.com\/wp-content\/uploads\/2026\/03\/MecaHealth-action-reaction-binaire-300x300.png 300w, https:\/\/mecahealth.com\/wp-content\/uploads\/2026\/03\/MecaHealth-action-reaction-binaire-150x150.png 150w, https:\/\/mecahealth.com\/wp-content\/uploads\/2026\/03\/MecaHealth-action-reaction-binaire-768x768.png 768w\" sizes=\"auto, (max-width: 1024px) 100vw, 1024px\" \/><\/figure>\n\n\n\n<p class=\"has-medium-font-size\">Sans chercher \u00e0 d\u00e9fendre les positions extr\u00eames, il est possible de comprendre sans trop de difficult\u00e9s qu&rsquo;une partie de celles-ci font suite \u00e0 une r\u00e9action \u00e0 une position extr\u00eame antagoniste. Ce ph\u00e9nom\u00e8ne sociologique est d\u00e9nomm\u00e9 <em>Polarisation r\u00e9active<\/em>. Lorsqu&rsquo;une personne subit l&rsquo;extr\u00e9misme de front, elle peut d\u00e9velopper par incompr\u00e9hension un comportement tout aussi extr\u00eame. En psychologie, on parle plut\u00f4t de <em>R\u00e9actance psychologique<\/em>.<\/p>\n\n\n\n<p class=\"has-medium-font-size\">D\u00e9velopp\u00e9e par Jack Brehm, la <strong>r\u00e9actance<\/strong> est un m\u00e9canisme de d\u00e9fense : lorsqu&rsquo;une personne sent que sa libert\u00e9 de pens\u00e9e ou d&rsquo;action est menac\u00e9e par une injonction (religieuse, familiale, id\u00e9ologique, \u00e9cologique), elle d\u00e9veloppe une motivation n\u00e9gative qui la pousse \u00e0 faire exactement l&rsquo;inverse de ce qui est attendu, souvent de mani\u00e8re exacerb\u00e9e.<\/p>\n\n\n\n<p class=\"has-medium-font-size\">Dans la perte de rep\u00e8re du d\u00e9bat suite \u00e0 l&rsquo;exc\u00e8s d&rsquo;algorithmes, de d\u00e9bats coup\u00e9s par des journaleux plut\u00f4t que par des m\u00e9diateurs, cet extr\u00e9misme semble s&rsquo;accro\u00eetre. Sans doute pourrions-nous rajouter \u00e0 ces facteurs des \u00e9l\u00e9ments politiquement incorrects li\u00e9s \u00e0 ce que nous avons appel\u00e9s les <em><a href=\"https:\/\/mecahealth.com\/?page_id=6522\" data-type=\"page\" data-id=\"6522\">juges du net<\/a><\/em> ou au public de Hanouna mais nous y reviendrons plus tard. Sans doute pourrions-nous aussi nous poser la question de l&rsquo;aggravation de ces comportements malgr\u00e9 une p\u00e9dagogie plus grande dans l&rsquo;enseignement tout comme dans l&rsquo;entreprise. La <a href=\"https:\/\/mecahealth.com\/?page_id=6387\" data-type=\"page\" data-id=\"6387\">r\u00e9silience<\/a> n&rsquo;est que rarement \u00e9tudi\u00e9e par ceux qui d\u00e9fendent le droit individuel au d\u00e9triment parfois du <a href=\"https:\/\/mecahealth.com\/?page_id=7534\" data-type=\"page\" data-id=\"7534\">droit\/devoir collectif<\/a>. <\/p>\n\n\n\n<p class=\"has-medium-font-size\">Relever ce m\u00e9canisme de d\u00e9fense dans cette page est destin\u00e9 \u00e0 faire comprendre aux personnes qui se sentent agress\u00e9es dans leurs convictions que chaque intervenant \u00e0 peut-\u00eatre sa part de responsabilit\u00e9 dans l&rsquo;incompr\u00e9hension de l&rsquo;Autre, que le v\u00e9cu de l&rsquo;Un emp\u00eache d&rsquo;exprimer avec mod\u00e9ration sa propre perception ou d&rsquo;accueillir la vision de l&rsquo;Autre.<\/p>\n\n\n\n<h2 class=\"wp-block-heading has-medium-font-size\">exemples courants : <\/h2>\n\n\n\n<ul class=\"wp-block-list has-medium-font-size\">\n<li class=\"has-medium-font-size\">Prenons l&rsquo;exemple de l&rsquo;enseignement traditionnel et de certaines p\u00e9dagogies dites actives. Durant des d\u00e9cennies, certains courants scolaires traditionnalistes dominaient l&rsquo;enseignement avec certains abus parfois. Suite \u00e0 la d\u00e9ception de ces premiers courants parfois \u00e9litistes, des parents en souffrance sont tomb\u00e9s dans une p\u00e9dagogie inverse dont celle de <a href=\"https:\/\/mecahealth.com\/?page_id=2643\" data-type=\"page\" data-id=\"2643\">Dolto et de ses nombreuses perversions cach\u00e9es<\/a>. Les p\u00e9dagogies dites actives permettent l&rsquo;\u00e9mancipation des individus mais dans certains cas, emp\u00eachent l&rsquo;int\u00e9gration de ces enfants \u00e0 l&rsquo;\u00e2ge adulte dans des structures avec hi\u00e9rarchie. Les p\u00e9dagogies dites positivistes n&rsquo;entra\u00eenent pas moins de mal \u00eatres face aux injustices d&rsquo;une Soci\u00e9t\u00e9 et de la nature.<\/li>\n\n\n\n<li class=\"has-medium-font-size\">Combien de parents ne se retrouvent pas seuls apr\u00e8s avoir voulu retenir trop souvent leurs enfants \u00e0 la maison. Le juste milieu est difficile \u00e0 atteindre mais l&rsquo;<a href=\"https:\/\/mecahealth.com\/?page_id=6134\" data-type=\"page\" data-id=\"6134\">extr\u00e9misme \u00e9ducationnel (toxique)<\/a> n&rsquo;apporte pas souvent l&rsquo;amour des enfants.<\/li>\n\n\n\n<li class=\"has-medium-font-size\">Nombre de f\u00e9ministes ne sont plus suivies par leurs pairs d\u00e8s lors que leurs revendications s&rsquo;apparentent \u00e0 de la misandrie, r\u00e9action extr\u00eame faisant souvent suite \u00e0 des violences subies durant l&rsquo;enfance la plupart du temps.<\/li>\n\n\n\n<li class=\"has-medium-font-size\">Les religions qu&rsquo;elle soit <em>constantiniste <\/em>chr\u00e9tienne (catholicisme), musulmane, ou juive, ne sont que trois des millions de religions que l&rsquo;humain a suivi ou cr\u00e9\u00e9 depuis des milliers d&rsquo;ann\u00e9es. Les personnes qui ne croient pas et \u00e0 qui on impose les rites des croyances qui, pour certains, n&rsquo;ont aucun fondement rationnel, peuvent s&rsquo;opposer aux croyances de diff\u00e9rentes mani\u00e8res. Plus ces religions sont vindicatives, plus les personnes dites rationnelles s&rsquo;opposeront sans qu&rsquo;il ne s&rsquo;agisse d&rsquo;islamophobie ou d&rsquo;antis\u00e9mitisme. Cette accusation est elle-m\u00eame parfois une <a href=\"https:\/\/mecahealth.com\/?page_id=6019\" data-type=\"page\" data-id=\"6019\">victimisation pathologique ou manipul\u00e9e<\/a>. Il n&rsquo;est pas rare par exemple de voir des personnes non croyantes d&rsquo;origine chr\u00e9tienne f\u00eater No\u00ebl et s&rsquo;opposer \u00e0 la pratique du Ramadan alors que cette derni\u00e8re est parfois pratiqu\u00e9e par des personnes qui ne sont plus fondamentalement croyantes (&#8230;).<\/li>\n\n\n\n<li class=\"has-medium-font-size\">Lorsque des id\u00e9ologues \u00e9cologiques sans grande comp\u00e9tence scientifique ont d\u00e9cid\u00e9 de confondre \u00e9mission de CO\u00b2 et dangerosit\u00e9 du nucl\u00e9aire, de confondre kWh potentiel et stabilit\u00e9 \u00e9nerg\u00e9tique, certains <em>antis <\/em>ont plong\u00e9 sur ce manque de coh\u00e9rence pour consid\u00e9rer toute d\u00e9cision \u00e9cologiste comme \u00e9tant infond\u00e9e alors que la simple lutte contre les plastiques qui s&rsquo;ins\u00e8rent dans notre alimentation et notre corps devraient \u00eatre un combat commun, que de respirer un air plus sain reste plus agr\u00e9able, etc.<\/li>\n<\/ul>\n\n\n\n<p class=\"has-medium-font-size\">Ces exemples ne sont que certaines des oppositions entra\u00eenant un clivage parfois violent. Comprendre le m\u00e9canisme qui emp\u00eache d&rsquo;adh\u00e9rer \u00e0 sa vision des choses, pourrait aider chacun \u00e0 descendre d&rsquo;un cran dans la r\u00e9activit\u00e9 et ainsi d&rsquo;apprendre \u00e0 r\u00e9\u00e9couter l&rsquo;avis de l&rsquo;autre.<\/p>\n\n\n\n<p class=\"has-medium-font-size\">(&#8230;)<\/p>\n\n\n\n<h2 class=\"wp-block-heading has-medium-font-size\">Revenir au chapitre <em><a href=\"https:\/\/mecahealth.com\/?page_id=127\" data-type=\"page\" data-id=\"127\">Corps psychique<\/a><\/em> ou \u00e0 la page <em><a href=\"https:\/\/mecahealth.com\/?page_id=6387\" data-type=\"page\" data-id=\"6387\">R\u00e9silience<\/a><\/em><\/h2>\n","protected":false},"excerpt":{"rendered":"<p>Attention \u00e0 lire les consignes avant de lire toute page d&rsquo;un site sant\u00e9 ! Sans chercher \u00e0 d\u00e9fendre les positions extr\u00eames, il est possible de comprendre sans trop de difficult\u00e9s qu&rsquo;une partie de celles-ci font suite \u00e0 une r\u00e9action \u00e0 une position extr\u00eame antagoniste. Ce ph\u00e9nom\u00e8ne sociologique est d\u00e9nomm\u00e9 Polarisation<a href=\"https:\/\/mecahealth.com\/?page_id=8633\" class=\"read-more\">Read More&#8230;<\/a><\/p>\n","protected":false},"author":1,"featured_media":0,"parent":0,"menu_order":0,"comment_status":"closed","ping_status":"closed","template":"","meta":{"footnotes":""},"class_list":["post-8633","page","type-page","status-publish","hentry"],"jetpack_sharing_enabled":true,"_links":{"self":[{"href":"https:\/\/mecahealth.com\/index.php?rest_route=\/wp\/v2\/pages\/8633","targetHints":{"allow":["GET"]}}],"collection":[{"href":"https:\/\/mecahealth.com\/index.php?rest_route=\/wp\/v2\/pages"}],"about":[{"href":"https:\/\/mecahealth.com\/index.php?rest_route=\/wp\/v2\/types\/page"}],"author":[{"embeddable":true,"href":"https:\/\/mecahealth.com\/index.php?rest_route=\/wp\/v2\/users\/1"}],"replies":[{"embeddable":true,"href":"https:\/\/mecahealth.com\/index.php?rest_route=%2Fwp%2Fv2%2Fcomments&post=8633"}],"version-history":[{"count":24,"href":"https:\/\/mecahealth.com\/index.php?rest_route=\/wp\/v2\/pages\/8633\/revisions"}],"predecessor-version":[{"id":8711,"href":"https:\/\/mecahealth.com\/index.php?rest_route=\/wp\/v2\/pages\/8633\/revisions\/8711"}],"wp:attachment":[{"href":"https:\/\/mecahealth.com\/index.php?rest_route=%2Fwp%2Fv2%2Fmedia&parent=8633"}],"curies":[{"name":"wp","href":"https:\/\/api.w.org\/{rel}","templated":true}]}}