{"id":8617,"date":"2026-02-24T18:58:01","date_gmt":"2026-02-24T17:58:01","guid":{"rendered":"https:\/\/mecahealth.com\/?page_id=8617"},"modified":"2026-03-01T17:13:59","modified_gmt":"2026-03-01T16:13:59","slug":"psycho-je-ne-sers-a-rien","status":"publish","type":"page","link":"https:\/\/mecahealth.com\/?page_id=8617","title":{"rendered":"Psycho : Je ne sers \u00e0 rien !"},"content":{"rendered":"\n<p class=\"has-small-font-size\"><a href=\"https:\/\/mecahealth.com\/?page_id=122\">Attention \u00e0 lire les consignes avant de lire toute page d&rsquo;un site sant\u00e9 !<\/a><\/p>\n\n\n\n<figure class=\"wp-block-image size-full is-resized is-style-rounded\"><img loading=\"lazy\" decoding=\"async\" width=\"1024\" height=\"1024\" src=\"https:\/\/mecahealth.com\/wp-content\/uploads\/2026\/03\/MecaHealth-psycho-servir-a-rien.jpg\" alt=\"\" class=\"wp-image-8619\" style=\"width:330px\" srcset=\"https:\/\/mecahealth.com\/wp-content\/uploads\/2026\/03\/MecaHealth-psycho-servir-a-rien.jpg 1024w, https:\/\/mecahealth.com\/wp-content\/uploads\/2026\/03\/MecaHealth-psycho-servir-a-rien-300x300.jpg 300w, https:\/\/mecahealth.com\/wp-content\/uploads\/2026\/03\/MecaHealth-psycho-servir-a-rien-150x150.jpg 150w, https:\/\/mecahealth.com\/wp-content\/uploads\/2026\/03\/MecaHealth-psycho-servir-a-rien-768x768.jpg 768w\" sizes=\"auto, (max-width: 1024px) 100vw, 1024px\" \/><\/figure>\n\n\n\n<p class=\"has-medium-font-size\">Quoi de plus faux que cette affirmation pour la plupart de ceux qui le pensent ou qui expriment oralement ce sentiment d&rsquo;une mani\u00e8re ou d&rsquo;une autre (&#8230;).<\/p>\n\n\n\n<p class=\"has-large-font-size\">EN CONSTRUCTION <\/p>\n\n\n\n<p class=\"has-medium-font-size\">Servir est un terme qui semble per\u00e7u comme \u00e9tant proportionnel \u00e0 un rendement de productivit\u00e9 ; sentiment qui n&rsquo;est pas forc\u00e9ment uniquement li\u00e9 \u00e0 des revendications lib\u00e9rales comme semblent tenter de le faire croire des personnes dites bienveillantes. Le syst\u00e8me social d\u00e9fendu depuis quelques g\u00e9n\u00e9rations a fait perdre \u00e9galement l&rsquo;id\u00e9e naturelle et tribale g\u00e9n\u00e9r\u00e9e par <a href=\"https:\/\/mecahealth.com\/?page_id=1974\" data-type=\"page\" data-id=\"1974\">notre gr\u00e9garit\u00e9 animale<\/a> de contribuer aux groupes sociaux (<a href=\"https:\/\/mecahealth.com\/?page_id=5892\" data-type=\"page\" data-id=\"5892\">rangs et clans<\/a>) qui nous entourent. La syst\u00e8me social en <a href=\"https:\/\/mecahealth.com\/?page_id=7534\" data-type=\"page\" data-id=\"7534\">r\u00e9alisant une mise en avant du droit personnel parfois excessive sans maintenir un devoir soci\u00e9tal minimal<\/a> a entra\u00een\u00e9 l&rsquo;id\u00e9e pour une grande part de la population de ne devoir rien \u00e0 personne et \u00e0 revendiquer plus encore de droits personnels plut\u00f4t qu&rsquo;\u00e0 s&rsquo;impliquer pour contribuer \u00e0 l&rsquo;am\u00e9lioration du droit de chacun.<\/p>\n\n\n\n<p class=\"has-medium-font-size\">Servir au groupe est un besoin naturel qui n&rsquo;est plus mis tr\u00e8s peu en avant dans notre Soci\u00e9t\u00e9 par les Etats d\u00e9mocratiques m\u00eame s&rsquo;ils pensent respecter des notions sociales alors qu&rsquo;\u00e0 l&rsquo;inverse, il est parfois utilis\u00e9 de mani\u00e8re parfois abusive voire religieuse par des entreprises via des tests aux origines \u00e9sot\u00e9riques (<a href=\"https:\/\/www.bing.com\/ck\/a?!&amp;&amp;p=68f36f106337cb31aeefb15fd14b10dd6cfaf4ec9fee6c31749565ce6198e97eJmltdHM9MTc3MjMyMzIwMA&amp;ptn=3&amp;ver=2&amp;hsh=4&amp;fclid=2cedf56a-6b37-6e99-2b8c-e7fd6a5b6f39&amp;u=a1aHR0cHM6Ly9wYW5zZXJsZW50cmVwcmlzZS5jb20vZXBpc29kZS9lbnRyZS1jcm95YW5jZXMtZXQtYnVzaW5lc3MtbC1pbmZsdWVuY2UtZHUtbmV3LWFnZS1kYW5zLW5vcy1idXJlYXV4LXBhcnRpZS0xLw&amp;ntb=1\" target=\"_blank\" rel=\"noreferrer noopener\">MBTI, DISC, enn\u00e9agramme)<\/a> ou via des leaders charismatiques qui vendraient un smartphone \u00e0 plusieurs milliers d&rsquo;euros \u00e0 des personnes ayant un besoin de reconnaissance (&#8230;). Les Etats totalitaires ou religieux jouent tristement de ce besoin depuis des si\u00e8cles pour manipuler les peuples (&#8230;).<\/p>\n\n\n\n<p class=\"has-medium-font-size\">Les modes de gestion d\u00e9mocratiques sociaux portent \u00e0 cons\u00e9quence sur notre bien-\u00eatre dans des <a href=\"https:\/\/mecahealth.com\/?page_id=5003\" data-type=\"page\" data-id=\"5003\">proportions impossible \u00e0 calculer vu la sommes des influences<\/a>, mais sans doute serait-il raisonnable de penser qu&rsquo;ils contribuent \u00e0 un conflit inconscient entre les notions dites de droites et celles dites de gauche alors qu&rsquo;il existe initialement un besoin naturel non respect\u00e9 par les diff\u00e9rentes approches politiques sous emprise inconsciente encore d&rsquo;une Histoire chr\u00e9tienne qui a jou\u00e9 depuis longtemps avec la gr\u00e9garit\u00e9 des \u00eatres (&#8230;) d&rsquo;o\u00f9 l&rsquo;int\u00e9r\u00eat d&rsquo;une <a href=\"https:\/\/mecahealth.com\/?page_id=6654\" data-type=\"page\" data-id=\"6654\">forte m\u00e9tacognition soci\u00e9tale<\/a>.<\/p>\n\n\n\n<p class=\"has-medium-font-size\">Les personnes qui pensent ne plus contribuer ou avoir contribu\u00e9 aux groupes dont il fait ou \u00e0 fait partie peuvent donc ressentir cette impression d&rsquo;inutilit\u00e9 sans conna\u00eetre le besoin naturel de la plupart et donc sans pouvoir identifier les solutions \u00e0 apporter pour lutter contre cette forme de souffrance.<\/p>\n\n\n\n<p class=\"has-medium-font-size\">Les <a href=\"https:\/\/mecahealth.com\/?page_id=4337\" data-type=\"page\" data-id=\"4337\">personnes qui disposent d&rsquo;une empathie plus grande que la moyenne<\/a> sont plus souvent sujets \u00e0 ressentir cette difficult\u00e9. Ceux qui disposent d&rsquo;une empathie assez importante voulant aider des tiers et qui ne comprennent pas ce besoin, en luttant contre des devoirs soci\u00e9taux ou en r\u00e9duisant le <a href=\"https:\/\/mecahealth.com\/?page_id=6387\" data-type=\"page\" data-id=\"6387\">pouvoir de la r\u00e9silience<\/a>, contribuent involontairement au sentiment de mal-\u00eatre. Certains de ceux-ci \u00e9voquent heureusement de devenir <em>acteur du changement<\/em>. Seulement, tout le monde <a href=\"https:\/\/mecahealth.com\/?page_id=1978\" data-type=\"page\" data-id=\"1978\">n&rsquo;aspire pas \u00e0 devenir leader<\/a> du changement mais de faire partie du changement.<\/p>\n\n\n\n<p class=\"has-medium-font-size\">Ne servir \u00e0 rien est donc per\u00e7us par diff\u00e9rents profils dont des personnes en qu\u00eate de sens travaillant encore pour eux-m\u00eames ou pour un employeur. Peut-\u00eatre n&rsquo;ont-elles pas atteint le stade de d\u00e9pression mais peut-\u00eatre tout de m\u00eame sont-elles d\u00e9j\u00e0 aussi dans une forme de <a href=\"https:\/\/mecahealth.com\/?page_id=7418\" data-type=\"page\" data-id=\"7418\"><em>bore-out<\/em><\/a> \u00e0 ne pas n\u00e9gliger.<\/p>\n\n\n\n<p class=\"has-medium-font-size\"><em>J&rsquo;ai l&rsquo;impression que je ne sers \u00e0 rien<\/em> disent certains travailleurs qui ne trouvent pas un emploi malgr\u00e9 des comp\u00e9tences pouvant \u00eatre mises \u00e0 profit. <em>Je ne sers \u00e0 rien <\/em>disent parfois des jeunes pensionn\u00e9s tout comme des personnes du troisi\u00e8me et quatri\u00e8me \u00e2ge.<\/p>\n\n\n\n<p class=\"has-medium-font-size\">Ce sentiment ne dispara\u00eetra tant que les notions de notre Soci\u00e9t\u00e9 n&rsquo;\u00e9volueront vers une entraide plus r\u00e9guli\u00e8re permettant \u00e0 chacun de contribuer \u00e0 l&rsquo;\u00e9quilibre du groupe dont il fait partie.<\/p>\n","protected":false},"excerpt":{"rendered":"<p>Attention \u00e0 lire les consignes avant de lire toute page d&rsquo;un site sant\u00e9 ! Quoi de plus faux que cette affirmation pour la plupart de ceux qui le pensent ou qui expriment oralement ce sentiment d&rsquo;une mani\u00e8re ou d&rsquo;une autre (&#8230;). EN CONSTRUCTION Servir est un terme qui semble per\u00e7u<a href=\"https:\/\/mecahealth.com\/?page_id=8617\" class=\"read-more\">Read More&#8230;<\/a><\/p>\n","protected":false},"author":1,"featured_media":0,"parent":0,"menu_order":0,"comment_status":"closed","ping_status":"closed","template":"","meta":{"footnotes":""},"class_list":["post-8617","page","type-page","status-publish","hentry"],"jetpack_sharing_enabled":true,"_links":{"self":[{"href":"https:\/\/mecahealth.com\/index.php?rest_route=\/wp\/v2\/pages\/8617","targetHints":{"allow":["GET"]}}],"collection":[{"href":"https:\/\/mecahealth.com\/index.php?rest_route=\/wp\/v2\/pages"}],"about":[{"href":"https:\/\/mecahealth.com\/index.php?rest_route=\/wp\/v2\/types\/page"}],"author":[{"embeddable":true,"href":"https:\/\/mecahealth.com\/index.php?rest_route=\/wp\/v2\/users\/1"}],"replies":[{"embeddable":true,"href":"https:\/\/mecahealth.com\/index.php?rest_route=%2Fwp%2Fv2%2Fcomments&post=8617"}],"version-history":[{"count":11,"href":"https:\/\/mecahealth.com\/index.php?rest_route=\/wp\/v2\/pages\/8617\/revisions"}],"predecessor-version":[{"id":8632,"href":"https:\/\/mecahealth.com\/index.php?rest_route=\/wp\/v2\/pages\/8617\/revisions\/8632"}],"wp:attachment":[{"href":"https:\/\/mecahealth.com\/index.php?rest_route=%2Fwp%2Fv2%2Fmedia&parent=8617"}],"curies":[{"name":"wp","href":"https:\/\/api.w.org\/{rel}","templated":true}]}}