{"id":8572,"date":"2026-02-17T10:50:31","date_gmt":"2026-02-17T09:50:31","guid":{"rendered":"https:\/\/mecahealth.com\/?page_id=8572"},"modified":"2026-03-31T22:50:53","modified_gmt":"2026-03-31T20:50:53","slug":"psycho-pensee-intrusive-ou-ideologue","status":"publish","type":"page","link":"https:\/\/mecahealth.com\/?page_id=8572","title":{"rendered":"Psycho : pens\u00e9e intrusive ou id\u00e9ologue (&#8230;)"},"content":{"rendered":"\n<p class=\"has-small-font-size\"><a href=\"https:\/\/mecahealth.com\/?page_id=122\">Attention \u00e0 lire les consignes avant de lire toute page d&rsquo;un site sant\u00e9 !<\/a><\/p>\n\n\n\n<figure class=\"wp-block-image size-full is-resized is-style-rounded\"><img loading=\"lazy\" decoding=\"async\" width=\"1024\" height=\"1024\" src=\"https:\/\/mecahealth.com\/wp-content\/uploads\/2026\/02\/MecaHealth-psycho-pensees-intrusives.png\" alt=\"\" class=\"wp-image-8612\" style=\"width:330px\" srcset=\"https:\/\/mecahealth.com\/wp-content\/uploads\/2026\/02\/MecaHealth-psycho-pensees-intrusives.png 1024w, https:\/\/mecahealth.com\/wp-content\/uploads\/2026\/02\/MecaHealth-psycho-pensees-intrusives-300x300.png 300w, https:\/\/mecahealth.com\/wp-content\/uploads\/2026\/02\/MecaHealth-psycho-pensees-intrusives-150x150.png 150w, https:\/\/mecahealth.com\/wp-content\/uploads\/2026\/02\/MecaHealth-psycho-pensees-intrusives-768x768.png 768w\" sizes=\"auto, (max-width: 1024px) 100vw, 1024px\" \/><\/figure>\n\n\n\n<p class=\"has-medium-font-size\">Lorsque nous lisons un livre, pour profiter pleinement de l&rsquo;information, notre esprit r\u00e9alise des images de la situation d\u00e9crite.<br>Si nous lisons des textes relatant des situations d\u00e9plorables, il arrive que certaines personnes g\u00e9n\u00e8rent des images durant cette lecture mais parfois \u00e9galement \u00e0 d&rsquo;autres moments.<br>Si la personne d\u00e9veloppe une culpabilit\u00e9 au lieu d&rsquo;imaginer que cette pens\u00e9e est orient\u00e9e par la r\u00e9p\u00e9tition d&rsquo;une actualit\u00e9 fr\u00e9quente ou de s\u00e9ries inadapt\u00e9es \u00e0 chacun voire par un v\u00e9cu malheureux, elle risque d&rsquo;y penser un peu plus encore tel un \u00e9tudiant adolescent chr\u00e9tien \u00e0 qui on aurait dit que penser \u00e0 la sexualit\u00e9 (h\u00e9t\u00e9ro ou homo) \u00e9tait le mal absolu. Plus il se sentira coupable par une \u00e9ducation rigoriste, plusss il risque d&rsquo;y penser en boucle.<\/p>\n\n\n\n<p class=\"has-medium-font-size\">Si la personne d\u00e9veloppe une culpabilit\u00e9 suite \u00e0 un pass\u00e9 historique, elle aura tendance par mim\u00e9tisme aujourd&rsquo;hui, par raison parfois mais plus souvent par facilit\u00e9, \u00e0 transf\u00e9rer la culpabilit\u00e9 sur un ou des tiers et entrer ainsi dans un <a href=\"https:\/\/mecahealth.com\/?page_id=6019\" data-type=\"page\" data-id=\"6019\">processus de victimisation<\/a>.<br>Ceux qui d\u00e9veloppent leurs id\u00e9es et qui veulent, malgr\u00e9 l&rsquo;envahissement progressif, aller plus loin sont ceux qui peuvent devenir dangereux pour eux-m\u00eames ou pour les autres \u00e0 l&rsquo;instar de celui qui a une pens\u00e9e p\u00e9dophile (texte en construction). Celui qui imagine normal et th\u00e9rapeutique d&rsquo;acheter une poup\u00e9e sexuelle \u00e0 l&rsquo;image infantile ne comprennent ou ne veulent comprendre que cette action ne fait que prolonger la pens\u00e9e au lieu de la reconstruire sainement. Les adeptes de la <a href=\"https:\/\/mecahealth.com\/?page_id=2643\" data-type=\"page\" data-id=\"2643\">perverse Dolto<\/a> et leurs pairs (les protecteurs de Morandini, de Roman Polanski ou d&rsquo;autres comme Beno\u00eet Jacquot) pourraient vouloir vous faire croire l&rsquo;inverse pour se donner bonne conscience ou ne pas vouloir remuer un pass\u00e9 familial douloureux. C&rsquo;est ce que font certains alcooliques qui poussent \u00e0 boire leurs amis pour se sentir moins mal ou moins seul et ainsi imaginer que leur(s) pratique(s) est saine (&#8230;).<\/p>\n\n\n\n<p class=\"has-medium-font-size\">Une pens\u00e9e intrusive inqui\u00e8te plus r\u00e9guli\u00e8rement s&rsquo;il s&rsquo;agit de pens\u00e9es qui pourraient faire du mal \u00e0 une tierce personne mais toute autre peut g\u00e9n\u00e9rer une surcharge mentale que nous pourrions appeler un envahissement intellectuel. Il ne faut minimiser ce ph\u00e9nom\u00e8ne dans aucun cas.<\/p>\n\n\n\n<p class=\"has-medium-font-size\">L&rsquo;envahissement intellectuel est tr\u00e8s souvent proportionnel aux <a href=\"https:\/\/mecahealth.com\/?page_id=5003\" data-type=\"page\" data-id=\"5003\">influences ext\u00e9rieures<\/a> mais \u00e9galement \u00e0 notre <a href=\"https:\/\/mecahealth.com\/?page_id=6609\" data-type=\"page\" data-id=\"6609\">capacit\u00e9 c\u00e9r\u00e9brale proche du m\u00e9canisme informatique<\/a>. D&rsquo;o\u00f9 le d\u00e9veloppement des points de similitudes d\u00e9velopp\u00e9s plus bas avec l&rsquo;entra\u00eenement de l&rsquo;IA. Comprendre ce m\u00e9canisme fait partie de la solution. Ce n&rsquo;est pas LA solution mais bien une partie indispensable pour sortir de ce m\u00e9canisme m\u00eame s&rsquo;il vous est d\u00e9crit cela par certains comme <a href=\"https:\/\/mecahealth.com\/?page_id=548\" data-type=\"page\" data-id=\"548\">une pathologie<\/a> (&#8230;). <\/p>\n\n\n\n<p class=\"has-medium-font-size\">Si des pens\u00e9es vous obs\u00e8dent et qu&rsquo;elles concernent plus particuli\u00e8rement votre relation \u00e0 des tiers plus jeunes, n&rsquo;h\u00e9sitez pas \u00e0 contacter des personnes pr\u00eates \u00e0 vous \u00e9couter :<\/p>\n\n\n\n<ul class=\"wp-block-list has-medium-font-size\">\n<li class=\"has-medium-font-size\">En Belgique (Fr) : S\u00e9OS <strong>+32 (0)800 200 99<\/strong> <a href=\"http:\/\/www.seos.be\" data-type=\"link\" data-id=\"www.seos.be\" target=\"_blank\" rel=\"noreferrer noopener\">www.seos.be<\/a> contact@seos.be<\/li>\n\n\n\n<li class=\"has-medium-font-size\">En Belgique (Nl) et pour les coordonn\u00e9es internationales, appelez le + 32 (<strong>0)800 115 00<\/strong> (<a href=\"http:\/\/www.stopitnow.be\" data-type=\"link\" data-id=\"www.stopitnow.be\" target=\"_blank\" rel=\"noreferrer noopener\">Stopitnow.be<\/a>)<\/li>\n\n\n\n<li class=\"has-medium-font-size\">En France : <strong>+ 33 (0)806 23 10 63<\/strong> (Prix d&rsquo;un appel local) <a href=\"https:\/\/dispositifstop.fr\" target=\"_blank\" rel=\"noreferrer noopener\">dispositifstop.fr<\/a><\/li>\n\n\n\n<li class=\"has-medium-font-size\">En Suisse : <a href=\"http:\/\/www.dis-no.ch\" target=\"_blank\" rel=\"noreferrer noopener\">dis-no.ch<\/a><\/li>\n<\/ul>\n\n\n\n<h2 class=\"wp-block-heading has-medium-font-size\">Entra\u00eenement de l&rsquo;IA et pens\u00e9es intrusives :<\/h2>\n\n\n\n<h3 class=\"wp-block-heading has-medium-font-size\">1. Le Ph\u00e9nom\u00e8ne des Pens\u00e9es Intrusives<\/h3>\n\n\n\n<p class=\"has-medium-font-size\">Tout comme un mod\u00e8le de langage peut g\u00e9n\u00e9rer des associations erron\u00e9es bas\u00e9es sur des donn\u00e9es d&rsquo;entra\u00eenement complexes, l&rsquo;esprit humain produit parfois des images ou des id\u00e9es en totale opposition avec ses valeurs.<\/p>\n\n\n\n<ul class=\"wp-block-list has-medium-font-size\">\n<li>Le m\u00e9canisme : Ce sont des r\u00e9sidus de traitement de l&rsquo;information. Le cerveau, ayant \u00e9t\u00e9 expos\u00e9 \u00e0 des r\u00e9cits ou des images (m\u00e9dias, lectures, traumatismes), traite ces donn\u00e9es de mani\u00e8re automatique.<\/li>\n\n\n\n<li class=\"has-medium-font-size\">Le pi\u00e8ge de la culpabilit\u00e9 : Lorsque la personne interpr\u00e8te cette <em>image mentale<\/em> comme une preuve de sa propre noirceur, elle cr\u00e9e une fracture psychologique. Elle confond l&rsquo;occurrence d&rsquo;une pens\u00e9e avec l&rsquo;adh\u00e9sion \u00e0 celle-ci.<\/li>\n<\/ul>\n\n\n\n<h3 class=\"wp-block-heading has-medium-font-size\">2. La \u00ab\u00a0Fissure\u00a0\u00bb et la Spirale de la Honte<\/h3>\n\n\n\n<p class=\"has-medium-font-size\">Le ph\u00e9nom\u00e8ne de la <em>fissure<\/em> s&rsquo;apparente \u00e0 une forme de Dissonance Cognitive aggrav\u00e9e par l&rsquo;auto-stigmatisation.<\/p>\n\n\n\n<ul class=\"wp-block-list has-medium-font-size\">\n<li>Si l&rsquo;individu ne comprend pas que le cerveau est une \u00ab\u00a0machine \u00e0 simuler\u00a0\u00bb capable de produire des sc\u00e9narios absurdes ou horribles sans intention d&rsquo;agir, il d\u00e9veloppe une anxi\u00e9t\u00e9 profonde.<\/li>\n\n\n\n<li>Cette culpabilit\u00e9 ne prot\u00e8ge pas ; elle fragilise l&rsquo;identit\u00e9, isolant l&rsquo;individu dans une peur de lui-m\u00eame qui peut, paradoxalement, paralyser son jugement sain.<\/li>\n<\/ul>\n\n\n\n<h3 class=\"wp-block-heading has-medium-font-size\">3. La Fronti\u00e8re du Passage \u00e0 l&rsquo;Acte : L&rsquo;\u00c9rotisation et la Normalisation<\/h3>\n\n\n\n<p class=\"has-medium-font-size\">La bascule vers la dangerosit\u00e9 s&rsquo;op\u00e8re lorsque la pens\u00e9e n&rsquo;est plus v\u00e9cue comme une intrusion d\u00e9sagr\u00e9able, mais comme un projet ou un besoin l\u00e9gitime.<\/p>\n\n\n\n<ul class=\"wp-block-list has-medium-font-size\">\n<li> La rationalisation : Contrairement \u00e0 celui qui subit une pens\u00e9e et s&rsquo;en effraie, l&rsquo;individu dangereux commence \u00e0 justifier ses penchants par des biais de logique (comme l&rsquo;exemple de l&rsquo;achat d&rsquo;un objet simulant l&rsquo;interdit sous couvert de \u00ab\u00a0th\u00e9rapie\u00a0\u00bb).<\/li>\n\n\n\n<li>De l&rsquo;image \u00e0 l&rsquo;action : C&rsquo;est ici que l&rsquo;on quitte le domaine du traitement de l&rsquo;information pour entrer dans celui de la pathologie active. L&rsquo;individu ne cherche plus \u00e0 \u00e9vacuer l&rsquo;image, il cherche \u00e0 la mat\u00e9rialiser dans le r\u00e9el, franchissant la barri\u00e8re \u00e9thique et l\u00e9gale.<\/li>\n<\/ul>\n\n\n\n<h3 class=\"wp-block-heading\"><strong>Synth\u00e8se :<\/strong><\/h3>\n\n\n\n<p class=\"has-medium-font-size\">En somme, avoir une pens\u00e9e <em>d\u00e9plorable <\/em>suite \u00e0 une lecture ou une exposition ne d\u00e9finit pas l&rsquo;individu, tout comme une erreur de traitement n&rsquo;indique pas la fonction finale d&rsquo;un outil. C&rsquo;est la r\u00e9action face \u00e0 cette pens\u00e9e (le rejet sain vs la recherche de satisfaction) qui d\u00e9termine la structure morale de la personne.<\/p>\n\n\n\n<p>(&#8230;)<\/p>\n\n\n\n<h2 class=\"wp-block-heading has-medium-font-size\">Revenir au chapitre <a href=\"https:\/\/mecahealth.com\/?page_id=127\" data-type=\"page\" data-id=\"127\"><em>Corps psychique<\/em><\/a> ou \u00e0 la news <em><a href=\"https:\/\/mecahealth.com\/?page_id=548\" data-type=\"page\" data-id=\"548\">Pathologies<\/a><\/em><\/h2>\n\n\n\n<p><\/p>\n","protected":false},"excerpt":{"rendered":"<p>Attention \u00e0 lire les consignes avant de lire toute page d&rsquo;un site sant\u00e9 ! Lorsque nous lisons un livre, pour profiter pleinement de l&rsquo;information, notre esprit r\u00e9alise des images de la situation d\u00e9crite.Si nous lisons des textes relatant des situations d\u00e9plorables, il arrive que certaines personnes g\u00e9n\u00e8rent des images durant<a href=\"https:\/\/mecahealth.com\/?page_id=8572\" class=\"read-more\">Read More&#8230;<\/a><\/p>\n","protected":false},"author":1,"featured_media":0,"parent":0,"menu_order":0,"comment_status":"closed","ping_status":"closed","template":"","meta":{"footnotes":""},"class_list":["post-8572","page","type-page","status-publish","hentry"],"jetpack_sharing_enabled":true,"_links":{"self":[{"href":"https:\/\/mecahealth.com\/index.php?rest_route=\/wp\/v2\/pages\/8572","targetHints":{"allow":["GET"]}}],"collection":[{"href":"https:\/\/mecahealth.com\/index.php?rest_route=\/wp\/v2\/pages"}],"about":[{"href":"https:\/\/mecahealth.com\/index.php?rest_route=\/wp\/v2\/types\/page"}],"author":[{"embeddable":true,"href":"https:\/\/mecahealth.com\/index.php?rest_route=\/wp\/v2\/users\/1"}],"replies":[{"embeddable":true,"href":"https:\/\/mecahealth.com\/index.php?rest_route=%2Fwp%2Fv2%2Fcomments&post=8572"}],"version-history":[{"count":32,"href":"https:\/\/mecahealth.com\/index.php?rest_route=\/wp\/v2\/pages\/8572\/revisions"}],"predecessor-version":[{"id":8798,"href":"https:\/\/mecahealth.com\/index.php?rest_route=\/wp\/v2\/pages\/8572\/revisions\/8798"}],"wp:attachment":[{"href":"https:\/\/mecahealth.com\/index.php?rest_route=%2Fwp%2Fv2%2Fmedia&parent=8572"}],"curies":[{"name":"wp","href":"https:\/\/api.w.org\/{rel}","templated":true}]}}