{"id":843,"date":"2023-01-10T14:27:32","date_gmt":"2023-01-10T13:27:32","guid":{"rendered":"https:\/\/mecahealth.com\/?page_id=843"},"modified":"2023-02-28T03:30:48","modified_gmt":"2023-02-28T02:30:48","slug":"sport-pompages","status":"publish","type":"page","link":"https:\/\/mecahealth.com\/?page_id=843","title":{"rendered":"Sport : pilate, pompage, etc."},"content":{"rendered":"\n<p class=\"has-medium-font-size\"><a href=\"https:\/\/mecahealth.com\/?page_id=122\">Attention \u00e0 lire les consignes avant de lire toute page d&rsquo;un site sant\u00e9 !<\/a><\/p>\n\n\n\n<figure class=\"wp-block-image size-full is-style-rounded\"><img loading=\"lazy\" decoding=\"async\" width=\"330\" height=\"330\" src=\"https:\/\/mecahealth.com\/wp-content\/uploads\/2023\/01\/Gymnastique-sol-pilate-1.jpg\" alt=\"\" class=\"wp-image-935\" srcset=\"https:\/\/mecahealth.com\/wp-content\/uploads\/2023\/01\/Gymnastique-sol-pilate-1.jpg 330w, https:\/\/mecahealth.com\/wp-content\/uploads\/2023\/01\/Gymnastique-sol-pilate-1-300x300.jpg 300w, https:\/\/mecahealth.com\/wp-content\/uploads\/2023\/01\/Gymnastique-sol-pilate-1-150x150.jpg 150w\" sizes=\"auto, (max-width: 330px) 100vw, 330px\" \/><\/figure>\n\n\n\n<p class=\"has-medium-font-size\">Les pompages comme tout sport, se fait en respectant les <a href=\"https:\/\/mecahealth.com\/?page_id=259\" data-type=\"page\" data-id=\"259\">r\u00e8gles \u00e9l\u00e9mentaires<\/a> de tout exercice.<\/p>\n\n\n\n<h2 class=\"wp-block-heading\">Avantages<\/h2>\n\n\n\n<p class=\"has-medium-font-size\">Les pompages, qui ne sont pas un sport en tant que tel, mais un <a href=\"https:\/\/mecahealth.com\/?page_id=184\" data-type=\"page\" data-id=\"184\">mouvement parmi d&rsquo;autres<\/a>, pourraient \u00eatre s&rsquo;ils sont bien ex\u00e9cut\u00e9s et selon des amplitudes diff\u00e9rentes, le plus ad\u00e9quat des exercices de renforcement d&rsquo;une th\u00e9rapie comportementaliste physique.<\/p>\n\n\n\n<p class=\"has-medium-font-size\">Un pompage s&rsquo;ex\u00e9cute convenablement ou ne se fait pas.<\/p>\n\n\n\n<figure class=\"wp-block-image size-large\"><img loading=\"lazy\" decoding=\"async\" width=\"250\" height=\"200\" src=\"https:\/\/mecahealth.com\/wp-content\/uploads\/2023\/01\/MecaHealth-pompage-pilate-OUI.gif\" alt=\"\" class=\"wp-image-1809\"\/><\/figure>\n\n\n\n<p class=\"has-medium-font-size\">Dans des conditions similaires \u00e0 l&rsquo;animation ci-dessus, le renforcement r\u00e9alis\u00e9 se fera en <a data-type=\"page\" data-id=\"402\" href=\"https:\/\/mecahealth.com\/?page_id=402\">parfaite sym\u00e9trie<\/a> tout en maintenant une bonne <a data-type=\"page\" data-id=\"808\" href=\"https:\/\/mecahealth.com\/?page_id=808\">bascule du bassin<\/a> (sauf pour ceux qui ont le dos peu creus\u00e9) et en tirant l\u00e9g\u00e8rement les \u00e9paules en direction des hanches. Si tel n&rsquo;est pas le cas, il ne serait pas impossible d\u00e8s lors que le pompage soit responsable d&rsquo;une partie des maux survenant juste apr\u00e8s la s\u00e9ance ou le lendemain.<\/p>\n\n\n\n<figure class=\"wp-block-image size-large\"><img loading=\"lazy\" decoding=\"async\" width=\"250\" height=\"200\" src=\"https:\/\/mecahealth.com\/wp-content\/uploads\/2023\/01\/MecaHealth-pompage-lat-OUI.gif\" alt=\"\" class=\"wp-image-1808\"\/><\/figure>\n\n\n\n<p class=\"has-medium-font-size\">Si nous n&rsquo;avons pas la force de r\u00e9aliser un pompage comme d\u00e9crit ci-apr\u00e8s, pratiquons plut\u00f4t un pompage 4 pattes. La difficult\u00e9 sera accrue de la m\u00eame mani\u00e8re que dans ce qui est d\u00e9crit pour le pompage traditionnel.<\/p>\n\n\n\n<p class=\"has-medium-font-size\">Le pompage se fait mains positionn\u00e9es sous la hauteur du visage. Les positionner plus haut, plus bas, plus rapproch\u00e9es ou plus \u00e9loign\u00e9es qu&rsquo;\u00e0 hauteur du visage am\u00e8neraient une augmentation de la difficult\u00e9.<\/p>\n\n\n\n<p class=\"has-medium-font-size\">Le pompage traditionnel correspond \u00e0 se mettre droit comme une planche pour la plupart d&rsquo;entre nous, bras pratiquement tendus.<\/p>\n\n\n\n<p class=\"has-medium-font-size\">Au d\u00e9part, le menton est rentr\u00e9. En fl\u00e9chissant les bras, m\u00eame si c&rsquo;est tr\u00e8s difficile, cette position de la t\u00eate doit \u00eatre maintenue tout au long du mouvement.<\/p>\n\n\n\n<p class=\"has-medium-font-size\">Ceux-ci n&rsquo;ayant que peu de courbures en g\u00e9n\u00e9ral dans la r\u00e9gion thoracique, chercheront \u00e0 bomber la partie thoracique durant le mouvement. En position redress\u00e9e, le tronc sera propuls\u00e9 le plus haut possible (\u00e9paules s&rsquo;enroulent).<\/p>\n\n\n\n<p class=\"has-medium-font-size\">Durant un pompage, les mains ayant \u00e9t\u00e9 parfaitement plac\u00e9es sym\u00e9triquement par rapport \u00e0 notre nez et le milieu de nos pieds par exemple, se fera en fl\u00e9chissant les bras sans que les fesses, le tronc ou la t\u00eate ne partent d&rsquo;un c\u00f4t\u00e9 plus que de l&rsquo;autre.<\/p>\n\n\n\n<p class=\"has-medium-font-size\">Pour accro\u00eetre la difficult\u00e9 des pompages, il suffit de r\u00e9aliser une s\u00e9rie puis une autre en \u00e9cartant ou en rapprocher les mains.<\/p>\n\n\n\n<p class=\"has-medium-font-size\">Les mains l&rsquo;une contre l&rsquo;autre, le pompage sera r\u00e9alis\u00e9 soit en \u00e9cartant les coudes, soit en les tenant proches du corps. En mettant les coudes contre soi, ce sont principalement les triceps (muscles \u00e0 l&rsquo;arri\u00e8re du bras) qui travailleront alors que si les coudes restent \u00e9carter, c&rsquo;est une <a href=\"https:\/\/mecahealth.com\/?page_id=1243\" data-type=\"page\" data-id=\"1243\">synergie de plusieurs groupes musculaires<\/a> qui r\u00e9alisent le mouvement.<\/p>\n\n\n\n<p class=\"has-medium-font-size\">Une autre mani\u00e8re d&rsquo;accro\u00eetre la difficult\u00e9 est de placer les mains plus loin que la t\u00eate et en fl\u00e9chissant les bras, d&rsquo;essayer toujours de rapprocher le nez du milieu des mains.<\/p>\n\n\n\n<h2 class=\"wp-block-heading\">Inconv\u00e9nients<\/h2>\n\n\n\n<p class=\"has-medium-font-size\">Si le <a data-type=\"page\" data-id=\"998\" href=\"https:\/\/mecahealth.com\/?page_id=998\">corps n&rsquo;est pas d\u00e9j\u00e0 trop satur\u00e9<\/a>, si la bascule du bassin est bien respect\u00e9e, si les <a data-type=\"page\" data-id=\"632\" href=\"https:\/\/mecahealth.com\/?page_id=632\">\u00e9paules<\/a> sont maintenues l\u00e9g\u00e8rement tir\u00e9es vers les hanches, ce genre de pratique douce ne pr\u00e9sente pas de grands risques.<\/p>\n\n\n\n<figure class=\"wp-block-image size-large\"><img loading=\"lazy\" decoding=\"async\" width=\"250\" height=\"200\" src=\"https:\/\/mecahealth.com\/wp-content\/uploads\/2023\/01\/MecaHealth-pompage-lat-NON.gif\" alt=\"\" class=\"wp-image-1807\"\/><\/figure>\n\n\n\n<h2 class=\"wp-block-heading has-medium-font-size\">Revenir au chapitre<em> <a href=\"https:\/\/mecahealth.com\/?page_id=259\" data-type=\"page\" data-id=\"259\">Sports<\/a><\/em><\/h2>\n","protected":false},"excerpt":{"rendered":"<p>Attention \u00e0 lire les consignes avant de lire toute page d&rsquo;un site sant\u00e9 ! Les pompages comme tout sport, se fait en respectant les r\u00e8gles \u00e9l\u00e9mentaires de tout exercice. Avantages Les pompages, qui ne sont pas un sport en tant que tel, mais un mouvement parmi d&rsquo;autres, pourraient \u00eatre s&rsquo;ils<a href=\"https:\/\/mecahealth.com\/?page_id=843\" class=\"read-more\">Read More&#8230;<\/a><\/p>\n","protected":false},"author":1,"featured_media":0,"parent":0,"menu_order":0,"comment_status":"closed","ping_status":"closed","template":"","meta":{"footnotes":""},"class_list":["post-843","page","type-page","status-publish","hentry"],"jetpack_sharing_enabled":true,"_links":{"self":[{"href":"https:\/\/mecahealth.com\/index.php?rest_route=\/wp\/v2\/pages\/843","targetHints":{"allow":["GET"]}}],"collection":[{"href":"https:\/\/mecahealth.com\/index.php?rest_route=\/wp\/v2\/pages"}],"about":[{"href":"https:\/\/mecahealth.com\/index.php?rest_route=\/wp\/v2\/types\/page"}],"author":[{"embeddable":true,"href":"https:\/\/mecahealth.com\/index.php?rest_route=\/wp\/v2\/users\/1"}],"replies":[{"embeddable":true,"href":"https:\/\/mecahealth.com\/index.php?rest_route=%2Fwp%2Fv2%2Fcomments&post=843"}],"version-history":[{"count":10,"href":"https:\/\/mecahealth.com\/index.php?rest_route=\/wp\/v2\/pages\/843\/revisions"}],"predecessor-version":[{"id":4271,"href":"https:\/\/mecahealth.com\/index.php?rest_route=\/wp\/v2\/pages\/843\/revisions\/4271"}],"wp:attachment":[{"href":"https:\/\/mecahealth.com\/index.php?rest_route=%2Fwp%2Fv2%2Fmedia&parent=843"}],"curies":[{"name":"wp","href":"https:\/\/api.w.org\/{rel}","templated":true}]}}