{"id":8330,"date":"2025-10-17T09:12:53","date_gmt":"2025-10-17T07:12:53","guid":{"rendered":"https:\/\/mecahealth.com\/?page_id=8330"},"modified":"2025-10-17T09:15:47","modified_gmt":"2025-10-17T07:15:47","slug":"exemple-assureur-nassurant-pas-physiquement","status":"publish","type":"page","link":"https:\/\/mecahealth.com\/?page_id=8330","title":{"rendered":"Exemple : assureur n&rsquo;assurant pas &#8230;physiquement"},"content":{"rendered":"\n<p>C&rsquo;\u00e9tait un temps o\u00f9 le <em><a href=\"https:\/\/mecahealth.com\/?page_id=4598\">full scanned<\/a><\/em> n&rsquo;existait pas encore. C&rsquo;\u00e9tait un temps ou les dossiers \u00e9taient nombreux et plac\u00e9s dans des armoires encombrantes. C&rsquo;\u00e9tait un temps o\u00f9 un travailleur administratif\u00a0 pouvait se lever r\u00e9ellement plusieurs centaines de fois par jour.<\/p>\n\n\n\n<p>C&rsquo;\u00e9tait un temps o\u00f9 clairement on entretenait mieux sa circulation sanguine par les mouvements r\u00e9guliers quotidiens mais ; et oui il y a un mais voire deux.<\/p>\n\n\n\n<p>Le premier est que l&rsquo;activation circulatoire, bonne pour le corps et <a href=\"https:\/\/mecahealth.com\/?page_id=998\">l&rsquo;esprit<\/a>, pour qu&rsquo;elle soit compl\u00e8te doit se faire par un <a href=\"https:\/\/mecahealth.com\/?page_id=695\">bon d\u00e9roulement de pieds<\/a>. C&rsquo;est assez rare de voir un bon d\u00e9roulement dans les bureaux surtout aujourd&rsquo;hui o\u00f9 le mail abusif limite le d\u00e9placement d&rsquo;un coll\u00e8gue pour aller poser une question \u00e0 un autre (&#8230;).<\/p>\n\n\n\n<p>L&rsquo;assureur dont on parle ici, se plaignait de douleurs importantes depuis une bonne d\u00e9cennie dans le dos et \u00e9tait pass\u00e9 dans les mains de plusieurs kin\u00e9s, <a href=\"https:\/\/mecahealth.com\/?page_id=8243\">ost\u00e9opathes<\/a>, orthop\u00e9distes rhumatologues, etc.<\/p>\n\n\n\n<p>Lorsqu&rsquo;il arriva chez moi, je ne travaillais que depuis un an. Je prenais une heure par patient car j&rsquo;estimais que la formation n&rsquo;\u00e9tait pas assez compl\u00e8te pour prendre des patients hors soins hospitaliers &lsquo;limit\u00e9s&rsquo;.<\/p>\n\n\n\n<p>L&rsquo;\u00e9chec d&rsquo;autrui ne me rassurait pas sur les r\u00e9sultats \u00e0 esp\u00e9rer mais m&rsquo;a oblig\u00e9 \u00e0 aller bien plus loin qu&rsquo;une simple analyse.<\/p>\n\n\n\n<p>Apr\u00e8s avoir trait\u00e9 traditionnellement, le patient allait mieux 3 jours environ mais le probl\u00e8me revenait&#8230; En fin de compte nous avons d\u00e9cortiqu\u00e9 chaque mouvement du matin au soir.<\/p>\n\n\n\n<p>Celui qui s&rsquo;est av\u00e9r\u00e9 le plus responsable \u00e9tait, vous l&rsquo;aurez sans doute compris vu l&rsquo;introduction, un des mouvements li\u00e9s \u00e0\u00a0 sa <a href=\"https:\/\/mecahealth.com\/?page_id=295\">profession en bureautique<\/a>.<\/p>\n\n\n\n<p>Comme il avait un bureau en &lsquo;L&rsquo;, il se levait en tournant sa chaise \u00e0 moiti\u00e9 et de ce fait, tournait du reste en appuyant sur sa jambe\u00a0 principalement sur sa jambe ext\u00e9rieure &#8230;et en regardant devant lui. <\/p>\n\n\n\n<p>En apprenant \u00e0 tourner sa chaise de 90\u00b0 et non plus de 40 tout en <a href=\"https:\/\/mecahealth.com\/?page_id=1565\">rentrant le ventre<\/a> lors des diff\u00e9rentes \u00e9tapes du lev\u00e9, 70% de ses maux environs se sont arr\u00eat\u00e9s en quelques jours&#8230; Le corps ayant \u00e9t\u00e9 ab\u00eem\u00e9 depuis longtemps le restant pris encore quelques semaines \u00e0 se <em>lib\u00e9rer<\/em>&#8230;<\/p>\n\n\n\n<p><a href=\"https:\/\/mecahealth.com\/?page_id=402\">\u00catre sym\u00e9trique<\/a> est bien l&rsquo;un des points cl\u00e9s du bien-\u00eatre physique et de la gu\u00e9rison&#8230;<\/p>\n\n\n\n<p>(&#8230;)<\/p>\n","protected":false},"excerpt":{"rendered":"<p>C&rsquo;\u00e9tait un temps o\u00f9 le full scanned n&rsquo;existait pas encore. C&rsquo;\u00e9tait un temps ou les dossiers \u00e9taient nombreux et plac\u00e9s dans des armoires encombrantes. C&rsquo;\u00e9tait un temps o\u00f9 un travailleur administratif\u00a0 pouvait se lever r\u00e9ellement plusieurs centaines de fois par jour. C&rsquo;\u00e9tait un temps o\u00f9 clairement on entretenait mieux sa<a href=\"https:\/\/mecahealth.com\/?page_id=8330\" class=\"read-more\">Read More&#8230;<\/a><\/p>\n","protected":false},"author":1,"featured_media":0,"parent":0,"menu_order":0,"comment_status":"closed","ping_status":"closed","template":"","meta":{"footnotes":""},"class_list":["post-8330","page","type-page","status-publish","hentry"],"jetpack_sharing_enabled":true,"_links":{"self":[{"href":"https:\/\/mecahealth.com\/index.php?rest_route=\/wp\/v2\/pages\/8330","targetHints":{"allow":["GET"]}}],"collection":[{"href":"https:\/\/mecahealth.com\/index.php?rest_route=\/wp\/v2\/pages"}],"about":[{"href":"https:\/\/mecahealth.com\/index.php?rest_route=\/wp\/v2\/types\/page"}],"author":[{"embeddable":true,"href":"https:\/\/mecahealth.com\/index.php?rest_route=\/wp\/v2\/users\/1"}],"replies":[{"embeddable":true,"href":"https:\/\/mecahealth.com\/index.php?rest_route=%2Fwp%2Fv2%2Fcomments&post=8330"}],"version-history":[{"count":1,"href":"https:\/\/mecahealth.com\/index.php?rest_route=\/wp\/v2\/pages\/8330\/revisions"}],"predecessor-version":[{"id":8331,"href":"https:\/\/mecahealth.com\/index.php?rest_route=\/wp\/v2\/pages\/8330\/revisions\/8331"}],"wp:attachment":[{"href":"https:\/\/mecahealth.com\/index.php?rest_route=%2Fwp%2Fv2%2Fmedia&parent=8330"}],"curies":[{"name":"wp","href":"https:\/\/api.w.org\/{rel}","templated":true}]}}