{"id":832,"date":"2023-01-10T14:09:30","date_gmt":"2023-01-10T13:09:30","guid":{"rendered":"https:\/\/mecahealth.com\/?page_id=832"},"modified":"2023-02-28T04:18:20","modified_gmt":"2023-02-28T03:18:20","slug":"sport-football","status":"publish","type":"page","link":"https:\/\/mecahealth.com\/?page_id=832","title":{"rendered":"Sport : football"},"content":{"rendered":"\n<p class=\"has-medium-font-size\"><a href=\"https:\/\/mecahealth.com\/?page_id=122\">Attention \u00e0 lire les consignes avant de lire toute page d&rsquo;un site sant\u00e9 !<\/a><\/p>\n\n\n\n<figure class=\"wp-block-image size-full is-style-rounded\"><img loading=\"lazy\" decoding=\"async\" width=\"330\" height=\"330\" src=\"https:\/\/mecahealth.com\/wp-content\/uploads\/2023\/01\/Football.jpg\" alt=\"\" class=\"wp-image-937\" srcset=\"https:\/\/mecahealth.com\/wp-content\/uploads\/2023\/01\/Football.jpg 330w, https:\/\/mecahealth.com\/wp-content\/uploads\/2023\/01\/Football-300x300.jpg 300w, https:\/\/mecahealth.com\/wp-content\/uploads\/2023\/01\/Football-150x150.jpg 150w\" sizes=\"auto, (max-width: 330px) 100vw, 330px\" \/><\/figure>\n\n\n\n<h2 class=\"has-large-font-size wp-block-heading\">Avantages<\/h2>\n\n\n\n<p class=\"has-medium-font-size\">Le football comme tout sport d&rsquo;\u00e9quipe pr\u00e9sente les avantages de l&rsquo;esprit de groupe et de compl\u00e9mentarit\u00e9 ainsi que d&rsquo;<a href=\"https:\/\/mecahealth.com\/?page_id=503\" data-type=\"page\" data-id=\"503\">augmenter les r\u00e9flexes<\/a>.<\/p>\n\n\n\n<h2 class=\"has-large-font-size wp-block-heading\">Inconv\u00e9nients<\/h2>\n\n\n\n<p class=\"has-medium-font-size\">Hormis les chocs directs, les maux les plus courants dans ce sport sont les d\u00e9chirures des ligaments externes de la cheville ou des ligaments crois\u00e9s du genou. Concernant les chevilles, les d\u00e9chirures surviennent g\u00e9n\u00e9ralement parce que le pied se porte trop vers l&rsquo;int\u00e9rieur tandis que les d\u00e9chirures des ligaments crois\u00e9s surviennent quasi exclusivement parce que le genou a tendance \u00e0 se porter vers l&rsquo;int\u00e9rieur au moment du choc, qu&rsquo;il soit le fruit d&rsquo;un coup d&rsquo;un adversaire ou de la retomb\u00e9e d&rsquo;un saut.<\/p>\n\n\n\n<p class=\"has-medium-font-size\">La d\u00e9chirure des ligaments post\u00e9rieurs se fait \u00e9galement dans des conditions similaires \u00e0 celles d&rsquo;une personne frappant sur une balle de l&rsquo;extr\u00e9mit\u00e9 de son pied ou l&rsquo;ayant rat\u00e9e. Il tend la jambe au point d&rsquo;\u00eatre \u00e0 tendance <strong>hyper-tendu<\/strong>. En retombant, cette <strong>hyper-extension<\/strong> ou cette tendance s&rsquo;accro\u00eet brusquement.<\/p>\n\n\n\n<p class=\"has-medium-font-size\">Ce sport doit d\u00e8s lors \u00eatre pratiqu\u00e9 comme tout sport, en respectant les <a href=\"http:\/\/sports\">r\u00e8gles \u00e9l\u00e9mentaires<\/a> d&rsquo;un sport, et en faisant attention \u00e0 la mani\u00e8re de retomber et de shooter.<\/p>\n\n\n\n<p class=\"has-medium-font-size\">Pour ce faire, l&rsquo;entra\u00eeneur physique doit \u00eatre conscient de l&rsquo;int\u00e9r\u00eat durant l&rsquo;entra\u00eenement comme durant l&rsquo;\u00e9chauffement :<\/p>\n\n\n\n<ul class=\"has-medium-font-size wp-block-list\">\n<li>apprendre \u00e0 sauter ainsi qu&rsquo;\u00e0 retomber surtout, notamment en travaillant toute forme de <a href=\"https:\/\/mecahealth.com\/?page_id=785\" data-type=\"page\" data-id=\"785\">sauts<\/a><\/li>\n<\/ul>\n\n\n\n<ul class=\"has-medium-font-size wp-block-list\">\n<li>d&rsquo;apprendre \u00e9galement aux joueurs \u00e0 tomber et \u00e0 rouler genoux vers l&rsquo;ext\u00e9rieur<\/li>\n<\/ul>\n\n\n\n<ul class=\"has-medium-font-size wp-block-list\">\n<li>de ne pas shooter toujours avec le m\u00eame pied pour respecter la sym\u00e9trie et de le faire avec la jambe tr\u00e8s l\u00e9g\u00e8rement fl\u00e9chie -d&rsquo;autant plus si un joueur est <a href=\"https:\/\/mecahealth.com\/?page_id=537\" data-type=\"page\" data-id=\"537\">hyperlaxe<\/a> ou \u00e0 tendance \u00e0 l&rsquo;\u00eatre.<\/li>\n<\/ul>\n\n\n\n<p class=\"has-medium-font-size\">A long terme, le football donne par exc\u00e8s de travail du quadriceps, une arthrose pr\u00e9coce de l&rsquo;articulation f\u00e9moro-patellaire (rotule). Il serait bon d&rsquo;apprendre pour cette raison et pour \u00e9viter des claquages du quadriceps \u00e9galement, \u00e0 s&rsquo;\u00e9tirer les <strong><a href=\"https:\/\/mecahealth.com\/?page_id=1057\" data-type=\"page\" data-id=\"1057\">quadriceps et les psoas<\/a><\/strong> et, \u00e0 courir en portant la jambe et le pied exag\u00e9r\u00e9ment vers l&rsquo;arri\u00e8re &#8230;<\/p>\n\n\n\n<p class=\"has-medium-font-size\">Aux vus des incidences et des accidents li\u00e9s \u00e0 ce sport, nous vous donnerons pour janvier une liste plus compl\u00e8te des exercices \u00e0 r\u00e9aliser ou en tout cas devant \u00eatre r\u00e9alis\u00e9s lors des entrainements.<\/p>\n\n\n\n<h2 class=\"has-medium-font-size wp-block-heading\">Revenir au chapitre <em><a href=\"https:\/\/mecahealth.com\/?page_id=259\">Sports<\/a><\/em><\/h2>\n","protected":false},"excerpt":{"rendered":"<p>Attention \u00e0 lire les consignes avant de lire toute page d&rsquo;un site sant\u00e9 ! Avantages Le football comme tout sport d&rsquo;\u00e9quipe pr\u00e9sente les avantages de l&rsquo;esprit de groupe et de compl\u00e9mentarit\u00e9 ainsi que d&rsquo;augmenter les r\u00e9flexes. Inconv\u00e9nients Hormis les chocs directs, les maux les plus courants dans ce sport sont<a href=\"https:\/\/mecahealth.com\/?page_id=832\" class=\"read-more\">Read More&#8230;<\/a><\/p>\n","protected":false},"author":1,"featured_media":0,"parent":0,"menu_order":0,"comment_status":"closed","ping_status":"closed","template":"","meta":{"footnotes":""},"class_list":["post-832","page","type-page","status-publish","hentry"],"jetpack_sharing_enabled":true,"_links":{"self":[{"href":"https:\/\/mecahealth.com\/index.php?rest_route=\/wp\/v2\/pages\/832","targetHints":{"allow":["GET"]}}],"collection":[{"href":"https:\/\/mecahealth.com\/index.php?rest_route=\/wp\/v2\/pages"}],"about":[{"href":"https:\/\/mecahealth.com\/index.php?rest_route=\/wp\/v2\/types\/page"}],"author":[{"embeddable":true,"href":"https:\/\/mecahealth.com\/index.php?rest_route=\/wp\/v2\/users\/1"}],"replies":[{"embeddable":true,"href":"https:\/\/mecahealth.com\/index.php?rest_route=%2Fwp%2Fv2%2Fcomments&post=832"}],"version-history":[{"count":7,"href":"https:\/\/mecahealth.com\/index.php?rest_route=\/wp\/v2\/pages\/832\/revisions"}],"predecessor-version":[{"id":4294,"href":"https:\/\/mecahealth.com\/index.php?rest_route=\/wp\/v2\/pages\/832\/revisions\/4294"}],"wp:attachment":[{"href":"https:\/\/mecahealth.com\/index.php?rest_route=%2Fwp%2Fv2%2Fmedia&parent=832"}],"curies":[{"name":"wp","href":"https:\/\/api.w.org\/{rel}","templated":true}]}}