{"id":830,"date":"2023-01-10T14:07:53","date_gmt":"2023-01-10T13:07:53","guid":{"rendered":"https:\/\/mecahealth.com\/?page_id=830"},"modified":"2023-02-28T05:10:48","modified_gmt":"2023-02-28T04:10:48","slug":"sport-fitness","status":"publish","type":"page","link":"https:\/\/mecahealth.com\/?page_id=830","title":{"rendered":"Sport : sport en salle &#8211; fitness"},"content":{"rendered":"\n<p class=\"has-medium-font-size\"><a href=\"https:\/\/mecahealth.com\/?page_id=122\">Attention \u00e0 lire les consignes avant de lire toute page d&rsquo;un site sant\u00e9 !<\/a><\/p>\n\n\n\n<figure class=\"wp-block-image size-full is-style-rounded\"><img loading=\"lazy\" decoding=\"async\" width=\"330\" height=\"330\" src=\"https:\/\/mecahealth.com\/wp-content\/uploads\/2023\/02\/MecaHealth-fitness.jpg\" alt=\"\" class=\"wp-image-4316\" srcset=\"https:\/\/mecahealth.com\/wp-content\/uploads\/2023\/02\/MecaHealth-fitness.jpg 330w, https:\/\/mecahealth.com\/wp-content\/uploads\/2023\/02\/MecaHealth-fitness-300x300.jpg 300w, https:\/\/mecahealth.com\/wp-content\/uploads\/2023\/02\/MecaHealth-fitness-150x150.jpg 150w\" sizes=\"auto, (max-width: 330px) 100vw, 330px\" \/><\/figure>\n\n\n\n<h2 class=\"has-large-font-size wp-block-heading\">Avantages<\/h2>\n\n\n\n<p class=\"has-medium-font-size\">Le fitness comme tout sport, se fait en respectant les <a href=\"https:\/\/mecahealth.com\/?page_id=259\" data-type=\"page\" data-id=\"259\">r\u00e8gles \u00e9l\u00e9mentaires<\/a> de tout exercice.<\/p>\n\n\n\n<p class=\"has-medium-font-size\">Le principal avantage de cette pratique est de trouver dans les personnes qui se trouvent dans la salle, une source de motivations voire d&rsquo;inspiration. Dans certains cas, l&rsquo;exp\u00e9rience de participants peut s&rsquo;av\u00e9rer tr\u00e8s utile mais parfois tr\u00e8s dangereuse. L&rsquo;exp\u00e9rience d&rsquo;un coach de <a href=\"https:\/\/mecahealth.com\/?page_id=822\" data-type=\"page\" data-id=\"822\">culturisme<\/a> avis\u00e9 a contribu\u00e9 \u00e0 l&rsquo;am\u00e9lioration de notre vision de l&rsquo;importance de la parfaite <a href=\"https:\/\/mecahealth.com\/?page_id=402\" data-type=\"page\" data-id=\"402\">sym\u00e9trie<\/a>.<\/p>\n\n\n\n<p class=\"has-medium-font-size\">Faire du sport en salle, en effet, que ce soit dans un objectif de r\u00e9\u00e9ducation, d&rsquo;entretien ou de  <a href=\"https:\/\/mecahealth.com\/?page_id=799\" data-type=\"page\" data-id=\"799\">musculation intense<\/a>, doit se faire comme dans les <a href=\"https:\/\/mecahealth.com\/?page_id=186\" data-type=\"page\" data-id=\"186\">Situations courantes<\/a><strong> <\/strong>en parfaite <a href=\"https:\/\/mecahealth.com\/?page_id=402\" data-type=\"page\" data-id=\"402\">sym\u00e9trie<\/a>.<\/p>\n\n\n\n<h2 class=\"has-large-font-size wp-block-heading\">Inconv\u00e9nients<\/h2>\n\n\n\n<p class=\"has-medium-font-size\">Pour ce faire, il est pr\u00e9f\u00e9rable d&rsquo;utiliser des appareils dont une utilisation asym\u00e9trique se verra directement. En r\u00e9sum\u00e9, il ne faut pas que en travaillant 20 kg d&rsquo;un c\u00f4t\u00e9 par exemple et 5 kg de l&rsquo;autre une barre reste \u00e0 l&rsquo;horizontale.<\/p>\n\n\n\n<p class=\"has-medium-font-size\">Si pour l&rsquo;\u00e9chauffement nous faisons du v\u00e9lo d&rsquo;appartement, il faut savoir qu&rsquo;il y a certains d\u00e9tails \u00e0 conna\u00eetre. Si nous utilisons un tapis roulant, il est indispensable que la ligne de direction soit install\u00e9e. Cette ligne de direction est une ligne qui coupe le tapis roulant en deux parties \u00e9gales afin, comme il a \u00e9t\u00e9 d\u00e9crit dans la <a href=\"https:\/\/mecahealth.com\/?page_id=428\" data-type=\"page\" data-id=\"428\">page <em>Marcher<\/em><\/a><em>, que <\/em>nous marchions \u00e0 c\u00f4t\u00e9 de celle-ci.<\/p>\n\n\n\n<p class=\"has-medium-font-size\">Le fitness s&rsquo;il est bien donn\u00e9, est un sport ayant l&rsquo;avantage de recruter la plupart des muscles, des membres inf\u00e9rieurs comme sup\u00e9rieurs, et de travailler les fonctions cardio-respiratoires.<\/p>\n\n\n\n<p class=\"has-medium-font-size\">Seulement il arrive que,<\/p>\n\n\n\n<ul class=\"has-medium-font-size wp-block-list\">\n<li>la&nbsp; salle soit mal a\u00e9r\u00e9e, ce qui fait que ce qui \u00e9tait bon ne l&rsquo;est plus.<\/li>\n<\/ul>\n\n\n\n<ul class=\"has-medium-font-size wp-block-list\">\n<li>certains professeurs \u00e0 la demande m\u00eame des clients, ne respectent pas un temps suffisant d&rsquo;<a href=\"https:\/\/mecahealth.com\/?page_id=481\" data-type=\"page\" data-id=\"481\">\u00e9chauffement<\/a>. Les muscles et les articulations en souffrent donc r\u00e9guli\u00e8rement<\/li>\n<\/ul>\n\n\n\n<ul class=\"has-medium-font-size wp-block-list\">\n<li>le professeur et\/ou les clients ne savent pas qu&rsquo;il est n\u00e9cessaire de pratiquer tous les mouvements <a href=\"https:\/\/mecahealth.com\/?page_id=402\" data-type=\"page\" data-id=\"402\">sym\u00e9triquement<\/a> ou en tout cas d&rsquo;alterner au mieux.<\/li>\n<\/ul>\n\n\n\n<p class=\"has-medium-font-size\">Le miroir est un \u00e9l\u00e9ment tr\u00e8s utile car il permet de corriger les erreurs de sym\u00e9trie, si on tient compte du fait que le reflet des grands miroirs soit parfois un peu d\u00e9vi\u00e9<\/p>\n\n\n\n<ul class=\"has-medium-font-size wp-block-list\">\n<li>les clients ne connaissent pas les <strong>techniques d&rsquo;amortissement<\/strong> ni \u00e9ventuellement la direction articulaire des diff\u00e9rentes structures recrut\u00e9es ou qu&rsquo;ils n&rsquo;arrivent pas \u00e0 les maintenir jusqu&rsquo;\u00e0 la fin de la s\u00e9ance. Apprendre \u00e0 r\u00e9aliser correctement les diff\u00e9rentes <a href=\"https:\/\/mecahealth.com\/?page_id=785\" data-type=\"page\" data-id=\"785\">formes de sauts<\/a> est fondamental<\/li>\n<\/ul>\n\n\n\n<p class=\"has-medium-font-size\">Concernant les genoux comme dans la plupart des sports et des situations de la vie courante, leurs maux sont li\u00e9s de pr\u00e8s ou de loin \u00e0 un <a href=\"https:\/\/mecahealth.com\/?page_id=892\" data-type=\"page\" data-id=\"892\">exc\u00e8s de rotation interne<\/a>. Apprenons \u00e0 l&rsquo;\u00e9viter.<\/p>\n\n\n\n<h2 class=\"has-medium-font-size wp-block-heading\">Revenir au chapitre<em> <a href=\"https:\/\/mecahealth.com\/?page_id=259\" data-type=\"page\" data-id=\"259\">Sports<\/a><\/em><\/h2>\n","protected":false},"excerpt":{"rendered":"<p>Attention \u00e0 lire les consignes avant de lire toute page d&rsquo;un site sant\u00e9 ! Avantages Le fitness comme tout sport, se fait en respectant les r\u00e8gles \u00e9l\u00e9mentaires de tout exercice. Le principal avantage de cette pratique est de trouver dans les personnes qui se trouvent dans la salle, une source<a href=\"https:\/\/mecahealth.com\/?page_id=830\" class=\"read-more\">Read More&#8230;<\/a><\/p>\n","protected":false},"author":1,"featured_media":0,"parent":0,"menu_order":0,"comment_status":"closed","ping_status":"closed","template":"","meta":{"footnotes":""},"class_list":["post-830","page","type-page","status-publish","hentry"],"jetpack_sharing_enabled":true,"_links":{"self":[{"href":"https:\/\/mecahealth.com\/index.php?rest_route=\/wp\/v2\/pages\/830","targetHints":{"allow":["GET"]}}],"collection":[{"href":"https:\/\/mecahealth.com\/index.php?rest_route=\/wp\/v2\/pages"}],"about":[{"href":"https:\/\/mecahealth.com\/index.php?rest_route=\/wp\/v2\/types\/page"}],"author":[{"embeddable":true,"href":"https:\/\/mecahealth.com\/index.php?rest_route=\/wp\/v2\/users\/1"}],"replies":[{"embeddable":true,"href":"https:\/\/mecahealth.com\/index.php?rest_route=%2Fwp%2Fv2%2Fcomments&post=830"}],"version-history":[{"count":15,"href":"https:\/\/mecahealth.com\/index.php?rest_route=\/wp\/v2\/pages\/830\/revisions"}],"predecessor-version":[{"id":4317,"href":"https:\/\/mecahealth.com\/index.php?rest_route=\/wp\/v2\/pages\/830\/revisions\/4317"}],"wp:attachment":[{"href":"https:\/\/mecahealth.com\/index.php?rest_route=%2Fwp%2Fv2%2Fmedia&parent=830"}],"curies":[{"name":"wp","href":"https:\/\/api.w.org\/{rel}","templated":true}]}}