{"id":8243,"date":"2025-10-13T14:38:46","date_gmt":"2025-10-13T12:38:46","guid":{"rendered":"https:\/\/mecahealth.com\/?page_id=8243"},"modified":"2025-10-13T21:24:50","modified_gmt":"2025-10-13T19:24:50","slug":"traitement-osteopathie","status":"publish","type":"page","link":"https:\/\/mecahealth.com\/?page_id=8243","title":{"rendered":"Traitement : Ost\u00e9opathie"},"content":{"rendered":"\n<p class=\"has-small-font-size\"><a href=\"https:\/\/mecahealth.com\/?page_id=122\">Attention \u00e0 lire les consignes avant de lire toute page d\u2019un site sant\u00e9 !<\/a><\/p>\n\n\n\n<figure class=\"wp-block-image size-full is-resized is-style-rounded\"><img loading=\"lazy\" decoding=\"async\" width=\"1024\" height=\"1024\" src=\"https:\/\/mecahealth.com\/wp-content\/uploads\/2025\/10\/MecaHealth-osteopathie.png\" alt=\"\" class=\"wp-image-8263\" style=\"width:330px\" srcset=\"https:\/\/mecahealth.com\/wp-content\/uploads\/2025\/10\/MecaHealth-osteopathie.png 1024w, https:\/\/mecahealth.com\/wp-content\/uploads\/2025\/10\/MecaHealth-osteopathie-300x300.png 300w, https:\/\/mecahealth.com\/wp-content\/uploads\/2025\/10\/MecaHealth-osteopathie-150x150.png 150w, https:\/\/mecahealth.com\/wp-content\/uploads\/2025\/10\/MecaHealth-osteopathie-768x768.png 768w\" sizes=\"auto, (max-width: 1024px) 100vw, 1024px\" \/><\/figure>\n\n\n\n<p class=\"has-medium-font-size\">L&rsquo;ost\u00e9opathie est une science appliqu\u00e9e aux soins par, la plupart du temps, des m\u00e9decins ou kin\u00e9sith\u00e9rapeutes ayant suivi une formation compl\u00e9mentaire. Elle se d\u00e9finit principalement par :<\/p>\n\n\n\n<ul class=\"wp-block-list has-medium-font-size\">\n<li><strong>Une approche manuelle :<\/strong> Elle utilise exclusivement des <strong>manipulations et mobilisations manuelles<\/strong> du syst\u00e8me musculo-squelettique (os, <a href=\"https:\/\/mecahealth.com\/?page_id=529\" data-type=\"page\" data-id=\"529\">muscles<\/a>, <a href=\"https:\/\/mecahealth.com\/?page_id=525\" data-type=\"page\" data-id=\"525\">articulations<\/a>) ainsi que des techniques de rel\u00e2chement des <a href=\"https:\/\/mecahealth.com\/?page_id=6502\" data-type=\"page\" data-id=\"6502\">fascias<\/a>, des visc\u00e8res et du <a href=\"https:\/\/mecahealth.com\/?page_id=2150\" data-type=\"page\" data-id=\"2150\">cr\u00e2ne<\/a>.<\/li>\n\n\n\n<li><strong>Un objectif fonctionnel :<\/strong> Le but est de diagnostiquer et de traiter les <strong>troubles fonctionnels<\/strong> du corps, c&rsquo;est-\u00e0-dire les pertes de mobilit\u00e9 des tissus qui peuvent entra\u00eener des douleurs ou perturber l&rsquo;\u00e9tat de sant\u00e9.<\/li>\n\n\n\n<li><strong>Un concept d&rsquo;unit\u00e9 :<\/strong> L&rsquo;ost\u00e9opathe comme la plupart des kin\u00e9s actuels consid\u00e8re que le corps humain est un tout, o\u00f9 toutes les parties (os, muscles, organes, syst\u00e8mes nerveux, etc.) sont interconnect\u00e9es. Le traitement vise donc \u00e0 r\u00e9tablir l&rsquo;\u00e9quilibre et la bonne mobilit\u00e9 \u00e0 distance de la zone de douleur.<\/li>\n\n\n\n<li><strong>Un principe d&rsquo;autogu\u00e9rison :<\/strong> Elle cherche \u00e0 stimuler les propres capacit\u00e9s du corps \u00e0 s&rsquo;autor\u00e9guler et \u00e0 s&rsquo;autogu\u00e9rir.<\/li>\n<\/ul>\n\n\n\n<p class=\"has-medium-font-size\">En r\u00e9sum\u00e9, c&rsquo;est une m\u00e9decine manuelle qui s&rsquo;appuie sur une connaissance approfondie de l&rsquo;anatomie et de la physiologie pour r\u00e9tablir les fonctions de l&rsquo;organisme en traitant les causes profondes des troubles. Nous invitons par exemple \u00e0 consulter un ost\u00e9opathe pour de nombreuses difficult\u00e9s mais d&#8217;embl\u00e9e avant d&rsquo;envisager certaines interventions chirurgicales notamment dans le <a href=\"https:\/\/mecahealth.com\/?page_id=1732\" data-type=\"page\" data-id=\"1732\">cadre d&rsquo;une hernie discale<\/a> o\u00f9 les r\u00e9sultats sont parfois surprenants tout comme lors des <a href=\"https:\/\/mecahealth.com\/?page_id=567\" data-type=\"page\" data-id=\"567\">migraines<\/a> ou troubles visc\u00e9raux r\u00e9currents. <\/p>\n\n\n\n<p class=\"has-medium-font-size\">Nous soulignons qu&rsquo;il est important de se m\u00e9fier de celui qui prolonge un traitement au del\u00e0 de 3 s\u00e9ances s&rsquo;il n&rsquo;y a de r\u00e9sultats probants durant ces 3 premi\u00e8res s\u00e9ances&#8230; C&rsquo;est g\u00e9n\u00e9ralement la limite que (se) donnent les osth\u00e9opathes s\u00e9rieux pour r\u00e9aliser un traitement de leur sp\u00e9cialit\u00e9. Dans certains cas, ils prolongeront alors parfois par une kin\u00e9sith\u00e9rapie dites conventionnelles.<\/p>\n\n\n\n<p class=\"has-medium-font-size\">(&#8230;)<\/p>\n\n\n\n<p class=\"has-medium-font-size\">Quelle plus belle d\u00e9finition d&rsquo;un traitement que celle donn\u00e9e par une personne directement concern\u00e9e et apparemment passionn\u00e9e :<\/p>\n\n\n\n<p class=\"has-medium-font-size\"><a href=\"https:\/\/www.linkedin.com\/in\/charlotte-pudal-669596233\/\" data-type=\"link\" data-id=\"https:\/\/www.linkedin.com\/in\/charlotte-pudal-669596233\/\" target=\"_blank\" rel=\"noreferrer noopener\">Charlotte PUDAL (Ost\u00e9opathe D.O)<\/a> \u00e9crivait en octobre 2025 :<br><\/p>\n\n\n\n<blockquote class=\"wp-block-quote is-layout-flow wp-block-quote-is-layout-flow\">\n<p class=\"has-medium-font-size\"><em>Non, je ne \u00ab remets pas les os en place \u00bb<br><br>Contrairement \u00e0 ce qu&rsquo;on entend souvent, aucune vert\u00e8bre ne se d\u00e9bo\u00eete \u00e0 chaque \u00e9ternuement.<br>Et lorsque votre dos \u00ab craque \u00bb, ce n&rsquo;est pas votre colonne qu&rsquo;on revisse.<br>Ce craquement correspond \u00e0 un ph\u00e9nom\u00e8ne m\u00e9canique. Une variation de pression dans l&rsquo;articulation provoquant la lib\u00e9ration d&rsquo;un gaz, principalement du dioxyde de carbone. Ce n&rsquo;est pas un os d\u00e9plac\u00e9 qui revient \u00ab \u00e0 sa place \u00bb.<br>Mon travail consiste \u00e0 r\u00e9tablir la mobilit\u00e9 et la coh\u00e9rence du corps.<br>Cela passe par une action sur les tissus (muscles, fascias, ligaments) et sur la communication entre les syst\u00e8mes. Le syst\u00e8me nerveux, qui r\u00e9gule la douleur et la posture, le syst\u00e8me vasculaire, qui nourrit les tissus, et le syst\u00e8me visc\u00e9ral, qui influence la mobilit\u00e9 globale.<\/em><br><strong><em>L\u2019objectif n\u2019est pas de \u201cremettre quelque chose en place\u201d, mais de redonner au corps sa capacit\u00e9 d\u2019adaptation, c\u2019est-\u00e0-dire sa facult\u00e9 \u00e0 retrouver seul un \u00e9quilibre fonctionnel<\/em><\/strong>.<br><em>Les \u00e9tudes r\u00e9centes montrent que les techniques ost\u00e9opathiques ne \u201cremettent\u201d rien en place, mais produisent des effets neurophysiologiques mesurables : modulation de la douleur, rel\u00e2chement r\u00e9flexe des tissus, am\u00e9lioration de la proprioception et r\u00e9gulation du syst\u00e8me nerveux autonome.<\/em><\/p>\n<\/blockquote>\n\n\n\n<p class=\"has-small-font-size\">Quelques exemples :<\/p>\n\n\n\n<ul class=\"wp-block-list has-small-font-size\">\n<li>Frontiers in Neuroscience (2020) a observ\u00e9 des modifications du syst\u00e8me nerveux autonome apr\u00e8s traitement.<\/li>\n\n\n\n<li><a href=\"https:\/\/pmc.ncbi.nlm.nih.gov\/articles\/PMC7377517\/\" data-type=\"link\" data-id=\"https:\/\/pmc.ncbi.nlm.nih.gov\/articles\/PMC7377517\/\" target=\"_blank\" rel=\"noreferrer noopener\">Exploring the effects of osteopathic manipulative treatment on autonomic function through the lens of heart rate variability.<\/a><\/li>\n\n\n\n<li>Nature Scientific Reports (2024) a mis en \u00e9vidence une activation de zones c\u00e9r\u00e9brales li\u00e9es \u00e0 la perception corporelle.<\/li>\n\n\n\n<li>Frontiers in Physiology (2019) a montr\u00e9 des changements de perfusion c\u00e9r\u00e9brale, sugg\u00e9rant un effet sur la r\u00e9gulation vasculaire.<\/li>\n<\/ul>\n\n\n\n<blockquote class=\"wp-block-quote is-layout-flow wp-block-quote-is-layout-flow\">\n<p class=\"has-medium-font-size\"><em>Une revue syst\u00e9matique publi\u00e9e dans BMJ Open (2022), regroupant 55 essais et plus de 3 700 participants, conclut \u00e0 des effets positifs sur la douleur et la fonction dans les lombalgies et cervicalgies chroniques. La recherche progresse, mais doit encore se renforcer.<br>L\u2019ost\u00e9opathie n\u2019est pas une m\u00e9canique de \u201cpi\u00e8ces d\u00e9plac\u00e9es\u201d. C\u2019est une approche du mouvement, du tissu et du syst\u00e8me nerveux, qui redonne au corps son intelligence propre.<br>Le \u201ccraquement\u201d n\u2019est qu\u2019un son accessoire. L\u2019essentiel, c\u2019est la r\u00e9organisation interne neurologique, circulatoire et m\u00e9canique qui suit le geste th\u00e9rapeutique.<br>Demander \u00e0 un ost\u00e9opathe de <strong>remettre en place une vert\u00e8bre, c\u2019est comme demander \u00e0 un horloger de replacer une aiguille sans toucher au m\u00e9canisme<\/strong>. Notre r\u00f4le, c\u2019est de redonner vie \u00e0 ce m\u00e9canisme vivant qu\u2019est le corps avec \u00e9thique et connaissances m\u00e9dicales, anatomiques, biom\u00e9caniques et s\u00e9miologiques concr\u00e8tes.<\/em><\/p>\n\n\n\n<p class=\"has-medium-font-size\"><em>Alors vous remettez les vert\u00e8bres de vos patients en place ?<\/em><\/p>\n<\/blockquote>\n\n\n\n<p class=\"has-medium-font-size\">(&#8230;)<\/p>\n\n\n\n<h2 class=\"wp-block-heading has-medium-font-size\">Revenir au chapitre <em><a href=\"https:\/\/mecahealth.com\/?page_id=6325\" data-type=\"page\" data-id=\"6325\">Professions<\/a><\/em> ou <a href=\"https:\/\/mecahealth.com\/?page_id=548\" data-type=\"page\" data-id=\"548\"><em>Pathologies<\/em><\/a><\/h2>\n","protected":false},"excerpt":{"rendered":"<p>Attention \u00e0 lire les consignes avant de lire toute page d\u2019un site sant\u00e9 ! L&rsquo;ost\u00e9opathie est une science appliqu\u00e9e aux soins par, la plupart du temps, des m\u00e9decins ou kin\u00e9sith\u00e9rapeutes ayant suivi une formation compl\u00e9mentaire. Elle se d\u00e9finit principalement par : En r\u00e9sum\u00e9, c&rsquo;est une m\u00e9decine manuelle qui s&rsquo;appuie sur<a href=\"https:\/\/mecahealth.com\/?page_id=8243\" class=\"read-more\">Read More&#8230;<\/a><\/p>\n","protected":false},"author":1,"featured_media":0,"parent":0,"menu_order":0,"comment_status":"closed","ping_status":"closed","template":"","meta":{"footnotes":""},"class_list":["post-8243","page","type-page","status-publish","hentry"],"jetpack_sharing_enabled":true,"_links":{"self":[{"href":"https:\/\/mecahealth.com\/index.php?rest_route=\/wp\/v2\/pages\/8243","targetHints":{"allow":["GET"]}}],"collection":[{"href":"https:\/\/mecahealth.com\/index.php?rest_route=\/wp\/v2\/pages"}],"about":[{"href":"https:\/\/mecahealth.com\/index.php?rest_route=\/wp\/v2\/types\/page"}],"author":[{"embeddable":true,"href":"https:\/\/mecahealth.com\/index.php?rest_route=\/wp\/v2\/users\/1"}],"replies":[{"embeddable":true,"href":"https:\/\/mecahealth.com\/index.php?rest_route=%2Fwp%2Fv2%2Fcomments&post=8243"}],"version-history":[{"count":15,"href":"https:\/\/mecahealth.com\/index.php?rest_route=\/wp\/v2\/pages\/8243\/revisions"}],"predecessor-version":[{"id":8286,"href":"https:\/\/mecahealth.com\/index.php?rest_route=\/wp\/v2\/pages\/8243\/revisions\/8286"}],"wp:attachment":[{"href":"https:\/\/mecahealth.com\/index.php?rest_route=%2Fwp%2Fv2%2Fmedia&parent=8243"}],"curies":[{"name":"wp","href":"https:\/\/api.w.org\/{rel}","templated":true}]}}