{"id":8137,"date":"2025-10-11T13:31:12","date_gmt":"2025-10-11T11:31:12","guid":{"rendered":"https:\/\/mecahealth.com\/?page_id=8137"},"modified":"2025-10-11T14:42:15","modified_gmt":"2025-10-11T12:42:15","slug":"psycho-suicide-contagion","status":"publish","type":"page","link":"https:\/\/mecahealth.com\/?page_id=8137","title":{"rendered":"Psycho : suicide &#8211; contagion vs solutions"},"content":{"rendered":"\n<p class=\"has-medium-font-size\"><a href=\"https:\/\/mecahealth.com\/?page_id=122\">Attention \u00e0 lire les consignes avant de lire toute page d&rsquo;un site sant\u00e9 !<\/a><\/p>\n\n\n\n<p class=\"has-medium-font-size\"><a href=\"https:\/\/mecahealth.com\/?page_id=1974\" data-type=\"page\" data-id=\"1974\">L&rsquo;instinct gr\u00e9gaire<\/a> est fr\u00e9quemment cit\u00e9 dans nos pages de sant\u00e9 mentale concernant notre mim\u00e9tisme au groupe et besoin d&rsquo;appartenir au groupe. Dans le cadre malheureux du suicide, il est important de relever le paradoxe de cette gr\u00e9garit\u00e9 sur les personnes en souffrance. Alors que le suicide s&rsquo;av\u00e8re assez r\u00e9guli\u00e8rement en partie li\u00e9 \u00e0 un rejet ou sentiment de rejet du rang 3, on pourra observ\u00e9 qu&rsquo;un rang 4 peut entra\u00eener une contagion suicidaire.  <\/p>\n\n\n\n<h2 class=\"wp-block-heading has-medium-font-size\">Contagion suicidaire<\/h2>\n\n\n\n<p class=\"has-medium-font-size\">Le ph\u00e9nom\u00e8ne appel\u00e9 contagion suicidaire ou l&rsquo;effet Werther d\u00e9signe le fait qu&rsquo;une exposition \u00e0 un suicide (souvent par un proche, une connaissance, ou m\u00e9diatis\u00e9) peut inciter d&rsquo;autres personnes vuln\u00e9rables \u00e0 passer \u00e0 l&rsquo;acte, par un m\u00e9canisme d&rsquo;imitation ou d&rsquo;identification.<\/p>\n\n\n\n<ul class=\"wp-block-list has-medium-font-size\">\n<li>Contagion suicidaire : Terme g\u00e9n\u00e9ral d\u00e9crivant l&rsquo;augmentation des comportements suicidaires ou des suicides dans une communaut\u00e9, un environnement ou un groupe sp\u00e9cifique (famille, \u00e9cole, lieu de travail) apr\u00e8s un ou plusieurs suicides.<\/li>\n\n\n\n<li>Effet Werther : Il est sp\u00e9cifiquement utilis\u00e9 pour d\u00e9crire la contagion suicidaire qui se produit suite \u00e0 la couverture m\u00e9diatique d&rsquo;un suicide, en r\u00e9f\u00e9rence au roman Les Souffrances du jeune Werther de Goethe, qui avait \u00e9t\u00e9 suivi d&rsquo;une vague de suicides par imitation au XVIIIe si\u00e8cle.<\/li>\n<\/ul>\n\n\n\n<p class=\"has-medium-font-size\">Afin de pr\u00e9venir ce risque, on pr\u00e9conise ce qu&rsquo;on appelle l&rsquo;effet Papageno (antith\u00e8se).<\/p>\n\n\n\n<h2 class=\"wp-block-heading has-medium-font-size\">Effet Papageno<\/h2>\n\n\n\n<p class=\"has-medium-font-size\">L&rsquo;effet Papageno consiste \u00e0 parler du suicide de mani\u00e8re responsable en mettant l&rsquo;accent sur les moyens de s&rsquo;en sortir et les ressources d&rsquo;aide existantes. Cette association de termes provient du personnage de Papageno dans l&rsquo;op\u00e9ra de Mozart, \u00ab\u00a0La Fl\u00fbte enchant\u00e9e\u00a0\u00bb (Die Zauberfl\u00f6te) dont l&rsquo;histoire est utilis\u00e9e comme une all\u00e9gorie de la pr\u00e9vention du suicide.<\/p>\n\n\n\n<p class=\"has-medium-font-size\">L&rsquo;effet Papageno a \u00e9t\u00e9 nomm\u00e9 par des chercheurs en pr\u00e9vention du suicide (notamment Thomas Niederkrotenthaler et son \u00e9quipe) pour d\u00e9signer l&rsquo;effet protecteur des messages m\u00e9diatiques qui mettent en avant des alternatives \u00e0 la crise suicidaire, des ressources d&rsquo;aide, et des m\u00e9canismes d&rsquo;adaptation positifs (le fait de \u00ab\u00a0sonner le carillon magique\u00a0\u00bb au lieu de se laisser mourir) :<\/p>\n\n\n\n<ul class=\"wp-block-list has-medium-font-size\">\n<li>La Crise Suicidaire : Dans le deuxi\u00e8me acte de l&rsquo;op\u00e9ra, Papageno, un oiseleur na\u00eff et joyeux, est persuad\u00e9 d&rsquo;avoir perdu son amour, Papagena. D\u00e9sesp\u00e9r\u00e9 par sa solitude et sa peine, il s&rsquo;appr\u00eate \u00e0 se suicider par pendaison.<\/li>\n\n\n\n<li>L&rsquo;Intervention Salvatrice : Au moment o\u00f9 il va passer \u00e0 l&rsquo;acte, trois jeunes gar\u00e7ons (les G\u00e9nies ou trois Dames, selon les sources) interviennent. Ils lui rappellent qu&rsquo;il a des ressources \u00e0 sa disposition qu&rsquo;il a oubli\u00e9es : son carillon magique (Glockenspiel), qui peut le r\u00e9unir \u00e0 sa Papagena.<\/li>\n\n\n\n<li>Le Retour \u00e0 la Vie : Papageno utilise l&rsquo;instrument magique, ce qui fait revenir Papagena, le tirant de sa crise suicidaire et lui rendant sa joie de vivre.<\/li>\n<\/ul>\n\n\n\n<figure class=\"wp-block-embed is-type-rich is-provider-spotify wp-block-embed-spotify wp-embed-aspect-21-9 wp-has-aspect-ratio\"><div class=\"wp-block-embed__wrapper\">\n<iframe title=\"Spotify Embed: Final: Papagena! Papageno (Papagena, Papageno)\" style=\"border-radius: 12px\" width=\"100%\" height=\"152\" frameborder=\"0\" allowfullscreen allow=\"autoplay; clipboard-write; encrypted-media; fullscreen; picture-in-picture\" loading=\"lazy\" src=\"https:\/\/open.spotify.com\/embed\/track\/0AGx4t1hyxIJJ4QN5hBTKu?si=503b6119857a4889&#038;utm_source=oembed\"><\/iframe>\n<\/div><\/figure>\n\n\n\n<p><\/p>\n","protected":false},"excerpt":{"rendered":"<p>Attention \u00e0 lire les consignes avant de lire toute page d&rsquo;un site sant\u00e9 ! L&rsquo;instinct gr\u00e9gaire est fr\u00e9quemment cit\u00e9 dans nos pages de sant\u00e9 mentale concernant notre mim\u00e9tisme au groupe et besoin d&rsquo;appartenir au groupe. Dans le cadre malheureux du suicide, il est important de relever le paradoxe de cette<a href=\"https:\/\/mecahealth.com\/?page_id=8137\" class=\"read-more\">Read More&#8230;<\/a><\/p>\n","protected":false},"author":1,"featured_media":0,"parent":0,"menu_order":0,"comment_status":"closed","ping_status":"closed","template":"","meta":{"footnotes":""},"class_list":["post-8137","page","type-page","status-publish","hentry"],"jetpack_sharing_enabled":true,"_links":{"self":[{"href":"https:\/\/mecahealth.com\/index.php?rest_route=\/wp\/v2\/pages\/8137","targetHints":{"allow":["GET"]}}],"collection":[{"href":"https:\/\/mecahealth.com\/index.php?rest_route=\/wp\/v2\/pages"}],"about":[{"href":"https:\/\/mecahealth.com\/index.php?rest_route=\/wp\/v2\/types\/page"}],"author":[{"embeddable":true,"href":"https:\/\/mecahealth.com\/index.php?rest_route=\/wp\/v2\/users\/1"}],"replies":[{"embeddable":true,"href":"https:\/\/mecahealth.com\/index.php?rest_route=%2Fwp%2Fv2%2Fcomments&post=8137"}],"version-history":[{"count":3,"href":"https:\/\/mecahealth.com\/index.php?rest_route=\/wp\/v2\/pages\/8137\/revisions"}],"predecessor-version":[{"id":8156,"href":"https:\/\/mecahealth.com\/index.php?rest_route=\/wp\/v2\/pages\/8137\/revisions\/8156"}],"wp:attachment":[{"href":"https:\/\/mecahealth.com\/index.php?rest_route=%2Fwp%2Fv2%2Fmedia&parent=8137"}],"curies":[{"name":"wp","href":"https:\/\/api.w.org\/{rel}","templated":true}]}}