{"id":8131,"date":"2025-10-11T11:57:03","date_gmt":"2025-10-11T09:57:03","guid":{"rendered":"https:\/\/mecahealth.com\/?page_id=8131"},"modified":"2025-10-26T17:03:02","modified_gmt":"2025-10-26T16:03:02","slug":"psycho-differents-biais","status":"publish","type":"page","link":"https:\/\/mecahealth.com\/?page_id=8131","title":{"rendered":"Psycho : diff\u00e9rents biais"},"content":{"rendered":"\n<p class=\"has-medium-font-size\"><a href=\"https:\/\/mecahealth.com\/?page_id=122\">Attention \u00e0 lire les consignes avant de lire toute page d&rsquo;un site sant\u00e9 !<\/a><\/p>\n\n\n\n<figure class=\"wp-block-image size-full is-resized is-style-rounded\"><img loading=\"lazy\" decoding=\"async\" width=\"1024\" height=\"1024\" src=\"https:\/\/mecahealth.com\/wp-content\/uploads\/2025\/10\/MecaHealth-psycho-biais-liste.png\" alt=\"\" class=\"wp-image-8150\" style=\"width:330px\" srcset=\"https:\/\/mecahealth.com\/wp-content\/uploads\/2025\/10\/MecaHealth-psycho-biais-liste.png 1024w, https:\/\/mecahealth.com\/wp-content\/uploads\/2025\/10\/MecaHealth-psycho-biais-liste-300x300.png 300w, https:\/\/mecahealth.com\/wp-content\/uploads\/2025\/10\/MecaHealth-psycho-biais-liste-150x150.png 150w, https:\/\/mecahealth.com\/wp-content\/uploads\/2025\/10\/MecaHealth-psycho-biais-liste-768x768.png 768w\" sizes=\"auto, (max-width: 1024px) 100vw, 1024px\" \/><\/figure>\n\n\n\n<p class=\"has-medium-font-size\">Les nombre de biais possibles en recherche dite scientifique tout comme dans toute v\u00e9rit\u00e9 est consid\u00e9rable tant <a href=\"http:\/\/influences\">nous sommes sous influences multiples<\/a> et que nous confondons le <a href=\"https:\/\/mecahealth.com\/?page_id=7219\" data-type=\"page\" data-id=\"7219\">principe de corr\u00e9lation et de causalit\u00e9<\/a>.\u00a0Concernant la recherche, voici une classification chronologique des biais les plus courants, en plus de ce que nous \u00e9crivons sur l&rsquo;<a href=\"https:\/\/mecahealth.com\/?page_id=7625\" data-type=\"page\" data-id=\"7625\">effet Damocl\u00e8s d&rsquo;un diagnostic<\/a>, en commen\u00e7ant de la conception de l&rsquo;\u00e9tude \u00e0 la diffusion des r\u00e9sultats ; la liste n&rsquo;est donc pas exhaustive :<\/p>\n\n\n\n<h2 class=\"wp-block-heading has-medium-font-size\">1. Phase de Conception de l&rsquo;\u00c9tude (D\u00e9finition du Sujet)<\/h2>\n\n\n\n<p class=\"has-medium-font-size\">Ces biais surviennent avant m\u00eame de collecter la moindre donn\u00e9e et sont souvent li\u00e9s aux hypoth\u00e8ses initiales du chercheur.<\/p>\n\n\n\n<h3 class=\"wp-block-heading has-medium-font-size\">Biais de Confirmation<\/h3>\n\n\n\n<p class=\"has-medium-font-size\">Tendance du chercheur \u00e0 concevoir l&rsquo;\u00e9tude (hypoth\u00e8ses, m\u00e9thodologie) de mani\u00e8re \u00e0 privil\u00e9gier l&rsquo;information qui confirme ses croyances ou th\u00e9ories pr\u00e9existantes, ignorant les donn\u00e9es contradictoires potentielles.<\/p>\n\n\n\n<h3 class=\"wp-block-heading\">Biais de Financement<\/h3>\n\n\n\n<p class=\"has-medium-font-size\">Influence de l&rsquo;organisme ou de l&rsquo;industrie finan\u00e7ant la recherche sur la question pos\u00e9e, la m\u00e9thodologie choisie, ou l&rsquo;orientation des r\u00e9sultats, souvent de mani\u00e8re implicite ou pratiquement explicite en assurant le renouvellement d&rsquo;une subvention uniquement si une publication a \u00e9t\u00e9 r\u00e9alis\u00e9e dans un d\u00e9lai d\u00e9fini et r\u00e9current.<\/p>\n\n\n\n<h3 class=\"wp-block-heading has-medium-font-size\">Biais d&rsquo;Ancrage (Initial)<\/h3>\n\n\n\n<p>Le chercheur se fixe inconsciemment sur la premi\u00e8re information ou th\u00e9orie pertinente rencontr\u00e9e, emp\u00eachant l&rsquo;exploration d&rsquo;autres pistes de recherche ou d&rsquo;explications alternatives.<\/p>\n\n\n\n<h2 class=\"wp-block-heading has-medium-font-size\">2. Phase de S\u00e9lection et d&rsquo;\u00c9chantillonnage<\/h2>\n\n\n\n<p class=\"has-medium-font-size\">Ces biais sont li\u00e9s \u00e0 la mani\u00e8re dont les participants sont recrut\u00e9s et peuvent rendre l&rsquo;\u00e9chantillon non repr\u00e9sentatif de la population g\u00e9n\u00e9rale.<\/p>\n\n\n\n<h3 class=\"wp-block-heading has-medium-font-size\">Biais de S\u00e9lection<\/h3>\n\n\n\n<p class=\"has-medium-font-size\">Erreur syst\u00e9matique dans le recrutement des participants, rendant l&rsquo;\u00e9chantillon non repr\u00e9sentatif. Ex : Biais d&rsquo;auto-s\u00e9lection (les volontaires diff\u00e8rent des non-volontaires et revenons sur ce point <a href=\"https:\/\/mecahealth.com\/?page_id=4337\" data-type=\"page\" data-id=\"4337\">concernant l&#8217;empathie<\/a> de ceux qui <a href=\"https:\/\/mecahealth.com\/?page_id=149\" data-type=\"page\" data-id=\"149\">viennent volontairement \u00e0 une recherche<\/a>) ou \u00e9chantillon restreint (ex. : \u00e9tudes WEIRD en psychologie).<\/p>\n\n\n\n<h3 class=\"wp-block-heading has-medium-font-size\">Biais d&rsquo;Attrition (ou de Perte de Vue)<\/h3>\n\n\n\n<p class=\"has-medium-font-size\">Perte de participants au cours d&rsquo;une \u00e9tude longitudinale, en particulier si ceux qui abandonnent (ex. : les cas les plus graves ou les plus am\u00e9lior\u00e9s) diff\u00e8rent significativement de ceux qui restent.<\/p>\n\n\n\n<h3 class=\"wp-block-heading\">Biais de G\u00e9n\u00e9ralisation Culturelle<\/h3>\n\n\n\n<p class=\"has-medium-font-size\">Extrapolation de conclusions \u00e0 l&rsquo;ensemble de l&rsquo;humanit\u00e9 alors que l&rsquo;\u00e9chantillon provient d&rsquo;un contexte socio-culturel tr\u00e8s sp\u00e9cifique (ex. : une seule culture, une seule classe sociale).<\/p>\n\n\n\n<h2 class=\"wp-block-heading has-medium-font-size\">Biais technologiques<\/h2>\n\n\n\n<p class=\"has-medium-font-size\">Ce biais pourrait \u00eatre d\u00e9velopp\u00e9 plus encore dans  selon diff\u00e9rents axes d&rsquo;analyse. Le biais peut \u00eatre dans la technologie utilis\u00e9e et \u00e0 <a href=\"https:\/\/mecahealth.com\/?page_id=8030\" data-type=\"page\" data-id=\"8030\">ses limites techniques<\/a> tout autant que dans le choix de la technologie par le chercheur lui-m\u00eame influenc\u00e9 <a href=\"https:\/\/mecahealth.com\/?page_id=5489\" data-type=\"page\" data-id=\"5489\">par sa propre Histoire et celle de notre Soci\u00e9t\u00e9<\/a>. <\/p>\n\n\n\n<h2 class=\"wp-block-heading has-medium-font-size\">3. Phase de Collecte des Donn\u00e9es (Information)<\/h2>\n\n\n\n<p class=\"has-medium-font-size\">Ces biais alt\u00e8rent la justesse des donn\u00e9es recueillies et sont tr\u00e8s courants en recherche qualitative ou par questionnaire.<\/p>\n\n\n\n<h3 class=\"wp-block-heading has-medium-font-size\">Biais de D\u00e9sirabilit\u00e9 Sociale<\/h3>\n\n\n\n<p class=\"has-medium-font-size\">Les participants r\u00e9pondent aux questions d&rsquo;une mani\u00e8re qu&rsquo;ils estiment \u00eatre la plus acceptable socialement, faussant la sinc\u00e9rit\u00e9 des donn\u00e9es d\u00e9claratives (fr\u00e9quent pour les sujets sensibles comme la consommation ou la sant\u00e9 mentale).<\/p>\n\n\n\n<h3 class=\"wp-block-heading has-medium-font-size\">Biais de l&rsquo;Exp\u00e9rimentateur\/Observateur<\/h3>\n\n\n\n<p class=\"has-medium-font-size\">Les attentes du chercheur, tout comme <a href=\"https:\/\/mecahealth.com\/?page_id=5489\" data-type=\"page\" data-id=\"5489\">son Histoire personnelle l&rsquo;amenant \u00e0 devenir chercheur<\/a>, influencent involontairement le comportement des participants (effet Pygmalion) ou l&rsquo;interpr\u00e9tation des observations pendant l&rsquo;\u00e9tude. Le <a href=\"https:\/\/fr.wikipedia.org\/wiki\/%C3%89tude_randomis%C3%A9e_en_double_aveugle#:~:text=L%27%20%C3%A9tude%20randomis%C3%A9e%20%28avec%20r%C3%A9partition%20al%C3%A9atoire%29%20en%20double,sciences%20naturelles%20comme%20la%20physique%20et%20la%20biologie.\" target=\"_blank\" rel=\"noreferrer noopener\">double-aveugle<\/a> est la m\u00e9thode pour le minimiser.<\/p>\n\n\n\n<p class=\"has-medium-font-size\"><strong>L&rsquo;effet de Halo<\/strong> (illustr\u00e9 en vid\u00e9o en bas de page) est un <strong>biais et plus particuli\u00e8rement un biais cognitif<\/strong> parce qu&rsquo;il nous am\u00e8ne \u00e0 faire des <strong>jugements irrationnels et g\u00e9n\u00e9ralis\u00e9s<\/strong> sur une personne, un objet ou une marque, en se basant uniquement sur une seule caract\u00e9ristique saillante (impression forte) au lieu d&rsquo;une \u00e9valuation objective et nuanc\u00e9e de l&rsquo;ensemble de ses attributs.<\/p>\n\n\n\n<p class=\"has-medium-font-size\">Le cerveau humain cherche \u00e0 simplifier le traitement des informations. L&rsquo;effet de halo est un raccourci mental qui consiste \u00e0 g\u00e9n\u00e9raliser une caract\u00e9ristique (le \u00ab halo \u00bb) \u00e0 l&rsquo;ensemble de la personnalit\u00e9 ou de la performance. Par exemple, si une personne est physiquement <strong>attrayante<\/strong> (caract\u00e9ristique positive), le chercheur\/interpr\u00e9tant va inconsciemment lui attribuer d&rsquo;autres qualit\u00e9s qu&rsquo;il consid\u00e8re comme positives comme l&rsquo;<strong>intelligence<\/strong>, la <strong>comp\u00e9tence<\/strong> et la <strong>fiabilit\u00e9<\/strong>, sans aucune preuve.<\/p>\n\n\n\n<ul class=\"wp-block-list has-medium-font-size\">\n<li><\/li>\n<\/ul>\n\n\n\n<h3 class=\"wp-block-heading has-medium-font-size\">Biais de Rappel (M\u00e9moire)<\/h3>\n\n\n\n<p class=\"has-medium-font-size\">Les participants se souviennent des \u00e9v\u00e9nements pass\u00e9s de mani\u00e8re impr\u00e9cise, notamment en exag\u00e9rant (ou minimisant) l&rsquo;intensit\u00e9 des sympt\u00f4mes ou la chronologie des \u00e9v\u00e9nements (biais r\u00e9trospectif).<\/p>\n\n\n\n<h3 class=\"wp-block-heading has-medium-font-size\">Biais de Cadrage (Framing)<\/h3>\n\n\n\n<p class=\"has-medium-font-size\">La formulation d&rsquo;une question ou d&rsquo;une affirmation (ex. : positive ou n\u00e9gative) dans une enqu\u00eate influence significativement la r\u00e9ponse ou l&rsquo;attitude du participant.<\/p>\n\n\n\n<h2 class=\"wp-block-heading has-medium-font-size\">4. Phase d&rsquo;Analyse et d&rsquo;Interpr\u00e9tation des R\u00e9sultats<\/h2>\n\n\n\n<p class=\"has-medium-font-size\">Ces biais surviennent lorsque les donn\u00e9es brutes sont trait\u00e9es et transform\u00e9es en conclusions.<\/p>\n\n\n\n<h3 class=\"wp-block-heading has-medium-font-size\">Biais de Confusion<\/h3>\n\n\n\n<p class=\"has-medium-font-size\">Une relation observ\u00e9e entre deux variables est faussement attribu\u00e9e \u00e0 l&rsquo;une d&rsquo;elles alors qu&rsquo;elle est en r\u00e9alit\u00e9 caus\u00e9e ou influenc\u00e9e par une troisi\u00e8me variable, mal contr\u00f4l\u00e9e ou ignor\u00e9e.<\/p>\n\n\n\n<h3 class=\"wp-block-heading has-medium-font-size\">P-Hacking \/ P\u00eache aux Donn\u00e9es<\/h3>\n\n\n\n<p class=\"has-medium-font-size\">Manipulation des analyses statistiques (tests multiples, exclusions s\u00e9lectives) jusqu&rsquo;\u00e0 ce qu&rsquo;un r\u00e9sultat significatif (p &lt; 0.05) soit trouv\u00e9, souvent sans hypoth\u00e8se initiale solide.<\/p>\n\n\n\n<h3 class=\"wp-block-heading has-medium-font-size\">Biais R\u00e9trospectif (Interpr\u00e9tation)<\/h3>\n\n\n\n<p class=\"has-medium-font-size\">Apr\u00e8s avoir obtenu les r\u00e9sultats, le chercheur pourrait avoir tendance \u00e0 surestimer la pr\u00e9dictibilit\u00e9 des ph\u00e9nom\u00e8nes observ\u00e9s, donnant l&rsquo;impression que les conclusions \u00e9taient <em>\u00e9videntes<\/em> d\u00e8s le d\u00e9part. Il pourrait aussi ne pas tenir compte de certaines chronologies notamment si on ne tient pas compte de certains ph\u00e9nom\u00e8nes comme celui de l&rsquo;effet <a href=\"https:\/\/mecahealth.com\/?page_id=8137\" data-type=\"page\" data-id=\"8137\">Werther\/Papageno<\/a> venant modifi\u00e9 les statistiques d&rsquo;une p\u00e9riode.<\/p>\n\n\n\n<h2 class=\"wp-block-heading has-medium-font-size\">5. Phase de Diffusion de la Recherche<\/h2>\n\n\n\n<p class=\"has-medium-font-size\">Ces biais affectent la visibilit\u00e9 des travaux et ce que le public (et la communaut\u00e9 scientifique) finit par lire.<\/p>\n\n\n\n<h3 class=\"wp-block-heading has-medium-font-size\">Biais de r\u00e9daction\/traduction<\/h3>\n\n\n\n<p class=\"has-medium-font-size\">De mani\u00e8re volontaire mais parfois de mani\u00e8re volontaire, une virgule et surtout des termes conditionnels sont parfois oubli\u00e9s dans la r\u00e9daction de la conclusion entra\u00eenant ainsi une interpr\u00e9tation possible par le lecteur qu&rsquo;il soit professionnel du secteur que par un tiers. Le texte peut donc \u00eatre \u00e9crit pour appuyer les objectifs et transformer une affirmation orient\u00e9e en affirmation absolue (applicable \u00e0 d&rsquo;autres personnes ou situations) et ne tenant donc pas compte du contexte de l&rsquo;\u00e9tude, de l&rsquo;\u00e9chantillon de r\u00e9f\u00e9rence et des outils utilis\u00e9s.<\/p>\n\n\n\n<p class=\"has-medium-font-size\">Lors d&rsquo;une traduction, les modifications peuvent \u00eatre \u00e9galement volontaires comme involontaires mais peuvent accro\u00eetre les biais pr\u00e9cit\u00e9s.<\/p>\n\n\n\n<h3 class=\"wp-block-heading has-medium-font-size\">Biais de Publication<\/h3>\n\n\n\n<p class=\"has-medium-font-size\">Les revues scientifiques ont une pr\u00e9f\u00e9rence marqu\u00e9e pour la publication d&rsquo;\u00e9tudes montrant des r\u00e9sultats <em>positifs<\/em> (et pas toujours donc significatifs) plut\u00f4t que des r\u00e9sultats <em>n\u00e9gatifs <\/em>(absence d&rsquo;effet), faussant la connaissance globale du sujet.<\/p>\n\n\n\n<p class=\"has-medium-font-size\">Les m\u00e9dias quant \u00e0 eux, se portent de plus en plus sur un sensationnalisme garant de revenus (n\u00e9cessaires) et rel\u00e8vent donc les phrases permettant de balayer parfois les conclusions r\u00e9dig\u00e9es souvent avec plus de prudence.<\/p>\n\n\n\n<h3 class=\"wp-block-heading has-medium-font-size\">Biais de Citations<\/h3>\n\n\n\n<p class=\"has-medium-font-size\">Les chercheurs ont tendance \u00e0 citer principalement des travaux qui soutiennent leurs propres conclusions ou ceux qui ont d\u00e9j\u00e0 \u00e9t\u00e9 tr\u00e8s cit\u00e9s (effet Matthieu), n\u00e9gligeant les travaux moins m\u00e9diatis\u00e9s.<\/p>\n\n\n\n<p class=\"has-medium-font-size\">(&#8230;)<\/p>\n\n\n\n<h2 class=\"wp-block-heading has-medium-font-size\">Abonnez-vous \u00e0 nos diff\u00e9rentes pages pour \u00eatre averti(s) des nouvelles mises en ligne\u2026<\/h2>\n\n\n\n<p class=\"has-small-font-size\"><a rel=\"noreferrer noopener\" href=\"https:\/\/www.facebook.com\/MecaHealthAsbl\" target=\"_blank\">Facebook MecaHealthAsbl<\/a>&nbsp;\u2013&nbsp;<a rel=\"noreferrer noopener\" href=\"https:\/\/www.linkedin.com\/company\/mecahealth\/\" target=\"_blank\">Linkedin MecaHealth<\/a>&nbsp;\u2013&nbsp;<a rel=\"noreferrer noopener\" href=\"https:\/\/www.youtube.com\/channel\/UCJb5g--IGlU6FgQLQKaJljg\" target=\"_blank\">Youtube cha\u00eene MecaHealth<\/a>&nbsp;\u2013 Instagram (pas encore)<\/p>\n\n\n\n<h2 class=\"wp-block-heading has-medium-font-size\">Revenir au chapitre&nbsp;<a href=\"https:\/\/mecahealth.com\/?page_id=127\"><em>Corps psychique<\/em><\/a>,&nbsp;<em><a href=\"https:\/\/mecahealth.com\/?page_id=474\">Exemples<\/a><\/em>&nbsp;ou&nbsp;<em><a href=\"https:\/\/mecahealth.com\/?page_id=3616\">Enseignement<\/a><\/em><\/h2>\n\n\n\n<p><a href=\"https:\/\/www.youtube.com\/watch?v=D3JYX_sRmTw\" target=\"_blank\" rel=\"noreferrer noopener\">L&rsquo;effet de halo : Le super pouvoir de la beaut\u00e9<\/a>.<\/p>\n\n\n\n<figure class=\"wp-block-embed is-type-video is-provider-youtube wp-block-embed-youtube wp-embed-aspect-16-9 wp-has-aspect-ratio\"><div class=\"wp-block-embed__wrapper\">\n<iframe loading=\"lazy\" title=\"L&#039;effet de halo : Le super pouvoir de la beaut\u00e9\" width=\"600\" height=\"338\" src=\"https:\/\/www.youtube.com\/embed\/D3JYX_sRmTw?feature=oembed\" frameborder=\"0\" allow=\"accelerometer; autoplay; clipboard-write; encrypted-media; gyroscope; picture-in-picture; web-share\" referrerpolicy=\"strict-origin-when-cross-origin\" allowfullscreen><\/iframe>\n<\/div><\/figure>\n\n\n\n<p><\/p>\n","protected":false},"excerpt":{"rendered":"<p>Attention \u00e0 lire les consignes avant de lire toute page d&rsquo;un site sant\u00e9 ! Les nombre de biais possibles en recherche dite scientifique tout comme dans toute v\u00e9rit\u00e9 est consid\u00e9rable tant nous sommes sous influences multiples et que nous confondons le principe de corr\u00e9lation et de causalit\u00e9.\u00a0Concernant la recherche, voici<a href=\"https:\/\/mecahealth.com\/?page_id=8131\" class=\"read-more\">Read More&#8230;<\/a><\/p>\n","protected":false},"author":1,"featured_media":0,"parent":0,"menu_order":0,"comment_status":"closed","ping_status":"closed","template":"","meta":{"footnotes":""},"class_list":["post-8131","page","type-page","status-publish","hentry"],"jetpack_sharing_enabled":true,"_links":{"self":[{"href":"https:\/\/mecahealth.com\/index.php?rest_route=\/wp\/v2\/pages\/8131","targetHints":{"allow":["GET"]}}],"collection":[{"href":"https:\/\/mecahealth.com\/index.php?rest_route=\/wp\/v2\/pages"}],"about":[{"href":"https:\/\/mecahealth.com\/index.php?rest_route=\/wp\/v2\/types\/page"}],"author":[{"embeddable":true,"href":"https:\/\/mecahealth.com\/index.php?rest_route=\/wp\/v2\/users\/1"}],"replies":[{"embeddable":true,"href":"https:\/\/mecahealth.com\/index.php?rest_route=%2Fwp%2Fv2%2Fcomments&post=8131"}],"version-history":[{"count":18,"href":"https:\/\/mecahealth.com\/index.php?rest_route=\/wp\/v2\/pages\/8131\/revisions"}],"predecessor-version":[{"id":8365,"href":"https:\/\/mecahealth.com\/index.php?rest_route=\/wp\/v2\/pages\/8131\/revisions\/8365"}],"wp:attachment":[{"href":"https:\/\/mecahealth.com\/index.php?rest_route=%2Fwp%2Fv2%2Fmedia&parent=8131"}],"curies":[{"name":"wp","href":"https:\/\/api.w.org\/{rel}","templated":true}]}}