{"id":8113,"date":"2025-10-11T10:13:23","date_gmt":"2025-10-11T08:13:23","guid":{"rendered":"https:\/\/mecahealth.com\/?page_id=8113"},"modified":"2025-10-13T01:11:44","modified_gmt":"2025-10-12T23:11:44","slug":"psycho-suicide-adoption-vs-transgenre","status":"publish","type":"page","link":"https:\/\/mecahealth.com\/?page_id=8113","title":{"rendered":"Psycho : suicide &#8211; adoption vs transgenre"},"content":{"rendered":"\n<p class=\"has-small-font-size\"><a href=\"https:\/\/mecahealth.com\/?page_id=122\">Attention \u00e0 lire les consignes avant de lire toute page d&rsquo;un site sant\u00e9 !<\/a><\/p>\n\n\n\n<figure class=\"wp-block-image size-full is-resized is-style-rounded\"><img loading=\"lazy\" decoding=\"async\" width=\"1024\" height=\"1024\" src=\"https:\/\/mecahealth.com\/wp-content\/uploads\/2025\/10\/MecaHealth-psycho-suicide-comparaison.png\" alt=\"\" class=\"wp-image-8165\" style=\"width:330px\" srcset=\"https:\/\/mecahealth.com\/wp-content\/uploads\/2025\/10\/MecaHealth-psycho-suicide-comparaison.png 1024w, https:\/\/mecahealth.com\/wp-content\/uploads\/2025\/10\/MecaHealth-psycho-suicide-comparaison-300x300.png 300w, https:\/\/mecahealth.com\/wp-content\/uploads\/2025\/10\/MecaHealth-psycho-suicide-comparaison-150x150.png 150w, https:\/\/mecahealth.com\/wp-content\/uploads\/2025\/10\/MecaHealth-psycho-suicide-comparaison-768x768.png 768w\" sizes=\"auto, (max-width: 1024px) 100vw, 1024px\" \/><\/figure>\n\n\n\n<p class=\"has-medium-font-size\">Loin de l&rsquo;id\u00e9e de faire une hi\u00e9rarchisation des souffrances, la comparaison entre ces deux communaut\u00e9s dans lesquelles il semble il y avoir proportionnellement le plus de difficult\u00e9s psychiques, est destin\u00e9e \u00e0 faire comprendre plus facilement \u00e0 chacun l&rsquo;impact de notre Soci\u00e9t\u00e9 sur nos comportements ou sentiments mais surtout \u00e0 tenter de sortir les personnes directement concern\u00e9es des <a href=\"https:\/\/mecahealth.com\/?page_id=5003\" data-type=\"page\" data-id=\"5003\">diff\u00e9rentes influences<\/a> les emp\u00eachant parfois de comprendre au mieux qui elles sont en r\u00e9alit\u00e9 sans qu&rsquo;elles ne soient le fruit de la pens\u00e9e des autres (ou de sa communaut\u00e9 tir\u00e9e\/pouss\u00e9e par certains extr\u00e9mistes) et donc de se rapprocher au mieux du bien-\u00eatre.<\/p>\n\n\n\n<p class=\"has-medium-font-size\">Personne ne peux affirmer \u00eatre parvenu \u00e0 se d\u00e9faire d&rsquo;influences externes mais tous avons la capacit\u00e9 de remettre en question les id\u00e9es pr\u00e9con\u00e7ues par nos <a href=\"https:\/\/mecahealth.com\/?page_id=5892\" data-type=\"page\" data-id=\"5892\">diff\u00e9rents rangs\/clans<\/a> pour nous rapprocher de l&rsquo;\u00e9quilibre et du plaisir de vivre&#8230;<\/p>\n\n\n\n<h2 class=\"wp-block-heading has-medium-font-size\">Adoption et suicide <\/h2>\n\n\n\n<p class=\"has-medium-font-size\">Concernant l&rsquo;adoption, les troubles sont mentionn\u00e9s dans diff\u00e9rentes \u00e9tudes plus ou moins s\u00e9rieures que nous d\u00e9taillerons ult\u00e9rieurement. Le suicide n&rsquo;est pas un trouble mais sans doute est-ce la seule issue qui vient \u00e0 l&rsquo;esprit de certains touch\u00e9s par ces troubles. <a href=\"https:\/\/mecahealth.com\/?page_id=7031\" data-type=\"page\" data-id=\"7031\">Tout comme l&rsquo;exemple en lien<\/a>, il est sans doute le fruit la plupart du temps d&rsquo;une <a href=\"https:\/\/mecahealth.com\/?page_id=1975\" data-type=\"page\" data-id=\"1975\">Soci\u00e9t\u00e9 g\u00e9nophilique<\/a> et de bien d&rsquo;autres param\u00e8tres dont ceux \u00e9voqu\u00e9s dans le texte <a href=\"https:\/\/mecahealth.com\/?page_id=5402\" data-type=\"page\" data-id=\"5402\"><em>Les mots qui blessent ou tuent<\/em><\/a> et de ceux que nous rel\u00e8verons via <a href=\"https:\/\/ekb7ginwfvd.typeform.com\/to\/MzMrA51c\">une \u00e9tude en cours<\/a>. <\/p>\n\n\n\n<p class=\"has-medium-font-size\">Il semblerait que le risque de suicide soit multipli\u00e9 par 4 dans cette communaut\u00e9. Etant donn\u00e9 l&rsquo;aspect <a href=\"https:\/\/mecahealth.com\/?page_id=7219\" data-type=\"page\" data-id=\"7219\">multifactoriel (corr\u00e9lation-causalit\u00e9)<\/a> tout chiffre doit \u00eatre relativis\u00e9 dans le secteur des sciences humaines et <a href=\"https:\/\/mecahealth.com\/?page_id=149\" data-type=\"page\" data-id=\"149\">plus particuli\u00e8rement en sant\u00e9 mentale<\/a> tant de <a href=\"https:\/\/mecahealth.com\/?page_id=8131\" data-type=\"page\" data-id=\"8131\">biais peuvent corrompre<\/a> toute \u00e9tude et que ces r\u00e9sultats ne doivent pas \u00eatre publi\u00e9s sans connaissance des effets <a href=\"https:\/\/mecahealth.com\/?page_id=8137\" data-type=\"page\" data-id=\"8137\">Werther (contagion suicidaire) et Papageno<\/a>.<\/p>\n\n\n\n<ul class=\"wp-block-list has-medium-font-size\">\n<li>Keyes et al., \u00e9tude populationnelle (Su\u00e8de) \u2014 risque de tentative de suicide chez les adopt\u00e9s. <a href=\"https:\/\/pmc.ncbi.nlm.nih.gov\/articles\/PMC3784288\/?utm_source=chatgpt.com\" target=\"_blank\" rel=\"noreferrer noopener\">PMC<\/a><\/li>\n\n\n\n<li>Campo-Arias (revue \/ synth\u00e8se) \u2014 relation adoption \/ tentatives de suicide (revue\/m\u00e9ta). <a href=\"https:\/\/applications.emro.who.int\/imemrf\/549\/Int-J-High-Risk-Behav-Addict-2020-9-4-1-5-e106880-eng.pdf?utm_source=chatgpt.com\" target=\"_blank\" rel=\"noreferrer noopener\">EMRO Dashboards<\/a><\/li>\n\n\n\n<li>Ligier et al., 2022 \u2014 comparaison des caract\u00e9ristiques des personnes adopt\u00e9es d\u00e9c\u00e9d\u00e9es par suicide (adversit\u00e9, comorbidit\u00e9s). <a href=\"https:\/\/pmc.ncbi.nlm.nih.gov\/articles\/PMC9203736\/?utm_source=chatgpt.com\" target=\"_blank\" rel=\"noreferrer noopener\">PMC<\/a><\/li>\n<\/ul>\n\n\n\n<h2 class=\"wp-block-heading has-medium-font-size\">Transidentit\u00e9 et suicide <\/h2>\n\n\n\n<p class=\"has-large-font-size\">\u00e0 suivre<\/p>\n\n\n\n<ul class=\"wp-block-list has-medium-font-size\">\n<li>Bauer et al., 2015 (BMC Public Health) \u2014 revue sur les facteurs intervenables et la pr\u00e9valence de tentatives de suicide chez les personnes trans (22\u201343 % de tentatives dans plusieurs \u00e9tudes). <a href=\"https:\/\/bmcpublichealth.biomedcentral.com\/articles\/10.1186\/s12889-015-1867-2?utm_source=chatgpt.com\" target=\"_blank\" rel=\"noreferrer noopener\">BioMed Central<\/a><\/li>\n\n\n\n<li>Erlangsen et al., 2023 (cohorte danoise sur plusieurs d\u00e9cennies) \u2014 augmentation des tentatives et de la mortalit\u00e9 suicidaire chez les personnes trans. <a href=\"https:\/\/jamanetwork.com\/journals\/jama\/fullarticle\/2806531?utm_source=chatgpt.com\" target=\"_blank\" rel=\"noreferrer noopener\">JAMA Network<\/a><\/li>\n<\/ul>\n\n\n\n<p class=\"has-medium-font-size\">(&#8230;)<\/p>\n\n\n\n<p><\/p>\n\n\n\n<h2 class=\"wp-block-heading has-medium-font-size\">Abonnez-vous \u00e0 nos diff\u00e9rentes pages pour \u00eatre averti(s) des nouvelles mises en ligne\u2026<\/h2>\n\n\n\n<p class=\"has-small-font-size\"><a rel=\"noreferrer noopener\" href=\"https:\/\/www.facebook.com\/MecaHealthAsbl\" target=\"_blank\">Facebook MecaHealthAsbl<\/a>&nbsp;\u2013&nbsp;<a rel=\"noreferrer noopener\" href=\"https:\/\/www.linkedin.com\/company\/mecahealth\/\" target=\"_blank\">Linkedin MecaHealth<\/a>&nbsp;\u2013&nbsp;<a rel=\"noreferrer noopener\" href=\"https:\/\/www.youtube.com\/channel\/UCJb5g--IGlU6FgQLQKaJljg\" target=\"_blank\">Youtube cha\u00eene MecaHealth<\/a>&nbsp;\u2013 Instagram (pas encore)<\/p>\n\n\n\n<h2 class=\"wp-block-heading has-medium-font-size\">Revenir au chapitre&nbsp;<a href=\"https:\/\/mecahealth.com\/?page_id=127\"><em>Corps psychique<\/em><\/a>,&nbsp;<em><a href=\"https:\/\/mecahealth.com\/?page_id=474\">Exemples<\/a><\/em>&nbsp;ou&nbsp;<em><a href=\"https:\/\/mecahealth.com\/?page_id=3616\">Enseignement<\/a><\/em><\/h2>\n\n\n\n<figure class=\"wp-block-embed is-type-rich is-provider-spotify wp-block-embed-spotify wp-embed-aspect-21-9 wp-has-aspect-ratio\"><div class=\"wp-block-embed__wrapper\">\n<iframe title=\"Spotify Embed: Final: Papagena! Papageno (Papagena, Papageno)\" style=\"border-radius: 12px\" width=\"100%\" height=\"152\" frameborder=\"0\" allowfullscreen allow=\"autoplay; clipboard-write; encrypted-media; fullscreen; picture-in-picture\" loading=\"lazy\" src=\"https:\/\/open.spotify.com\/embed\/track\/0AGx4t1hyxIJJ4QN5hBTKu?si=503b6119857a4889&#038;utm_source=oembed\"><\/iframe>\n<\/div><\/figure>\n","protected":false},"excerpt":{"rendered":"<p>Attention \u00e0 lire les consignes avant de lire toute page d&rsquo;un site sant\u00e9 ! Loin de l&rsquo;id\u00e9e de faire une hi\u00e9rarchisation des souffrances, la comparaison entre ces deux communaut\u00e9s dans lesquelles il semble il y avoir proportionnellement le plus de difficult\u00e9s psychiques, est destin\u00e9e \u00e0 faire comprendre plus facilement \u00e0<a href=\"https:\/\/mecahealth.com\/?page_id=8113\" class=\"read-more\">Read More&#8230;<\/a><\/p>\n","protected":false},"author":1,"featured_media":0,"parent":0,"menu_order":0,"comment_status":"closed","ping_status":"closed","template":"","meta":{"footnotes":""},"class_list":["post-8113","page","type-page","status-publish","hentry"],"jetpack_sharing_enabled":true,"_links":{"self":[{"href":"https:\/\/mecahealth.com\/index.php?rest_route=\/wp\/v2\/pages\/8113","targetHints":{"allow":["GET"]}}],"collection":[{"href":"https:\/\/mecahealth.com\/index.php?rest_route=\/wp\/v2\/pages"}],"about":[{"href":"https:\/\/mecahealth.com\/index.php?rest_route=\/wp\/v2\/types\/page"}],"author":[{"embeddable":true,"href":"https:\/\/mecahealth.com\/index.php?rest_route=\/wp\/v2\/users\/1"}],"replies":[{"embeddable":true,"href":"https:\/\/mecahealth.com\/index.php?rest_route=%2Fwp%2Fv2%2Fcomments&post=8113"}],"version-history":[{"count":19,"href":"https:\/\/mecahealth.com\/index.php?rest_route=\/wp\/v2\/pages\/8113\/revisions"}],"predecessor-version":[{"id":8238,"href":"https:\/\/mecahealth.com\/index.php?rest_route=\/wp\/v2\/pages\/8113\/revisions\/8238"}],"wp:attachment":[{"href":"https:\/\/mecahealth.com\/index.php?rest_route=%2Fwp%2Fv2%2Fmedia&parent=8113"}],"curies":[{"name":"wp","href":"https:\/\/api.w.org\/{rel}","templated":true}]}}