{"id":8030,"date":"2025-09-28T10:31:34","date_gmt":"2025-09-28T08:31:34","guid":{"rendered":"https:\/\/mecahealth.com\/?page_id=8030"},"modified":"2025-10-13T01:36:43","modified_gmt":"2025-10-12T23:36:43","slug":"psycho-empathie-etudes-et-tests-biaises","status":"publish","type":"page","link":"https:\/\/mecahealth.com\/?page_id=8030","title":{"rendered":"Psycho : Empathie, \u00e9tudes et tests biais\u00e9s"},"content":{"rendered":"\n<p class=\"has-small-font-size\"><a href=\"https:\/\/mecahealth.com\/?page_id=122\">Attention \u00e0 lire les consignes avant de lire toute page d&rsquo;un site sant\u00e9 !<\/a><\/p>\n\n\n\n<figure class=\"wp-block-image size-full is-resized is-style-rounded\"><img loading=\"lazy\" decoding=\"async\" width=\"1024\" height=\"1024\" src=\"https:\/\/mecahealth.com\/wp-content\/uploads\/2025\/10\/MecaHealth-psycho-empathie-calculee.png\" alt=\"\" class=\"wp-image-8191\" style=\"width:330px\" srcset=\"https:\/\/mecahealth.com\/wp-content\/uploads\/2025\/10\/MecaHealth-psycho-empathie-calculee.png 1024w, https:\/\/mecahealth.com\/wp-content\/uploads\/2025\/10\/MecaHealth-psycho-empathie-calculee-300x300.png 300w, https:\/\/mecahealth.com\/wp-content\/uploads\/2025\/10\/MecaHealth-psycho-empathie-calculee-150x150.png 150w, https:\/\/mecahealth.com\/wp-content\/uploads\/2025\/10\/MecaHealth-psycho-empathie-calculee-768x768.png 768w\" sizes=\"auto, (max-width: 1024px) 100vw, 1024px\" \/><\/figure>\n\n\n\n<p class=\"has-medium-font-size\">Nous insistons dans nos pages li\u00e9es \u00e0 la psychologie sur la <a href=\"https:\/\/mecahealth.com\/?page_id=149\" data-type=\"page\" data-id=\"149\">non reproductibilit\u00e9 des \u00e9tudes dans ce secteur<\/a> non pas par d\u00e9fiance mais par souhait d&rsquo;une \u00e9volution qualitative dans les prises en charge. La non reproductibilit\u00e9 s&rsquo;explique notamment par les <a href=\"https:\/\/mecahealth.com\/?page_id=8131\" data-type=\"page\" data-id=\"8131\">diff\u00e9rents biais dont celui de <em>confirmation<\/em><\/a>, par la <a href=\"https:\/\/mecahealth.com\/?page_id=7219\" data-type=\"page\" data-id=\"7219\">confusion encore trop fr\u00e9quent entre <em>corr\u00e9lation <\/em>et <\/a><em><a href=\"https:\/\/mecahealth.com\/?page_id=7219\" data-type=\"page\" data-id=\"7219\">causalit\u00e9<\/a> <\/em>mais \u00e0 cause de param\u00e8tres encore assez bien rejet\u00e9s&#8230;<\/p>\n\n\n\n<p class=\"has-medium-font-size\">D&rsquo;une part, le th\u00e9rapeute\/chercheur par d\u00e9finition \u00e0 <a href=\"https:\/\/mecahealth.com\/?page_id=5489\" data-type=\"page\" data-id=\"5489\">sa propre histoire<\/a> qui peut limiter dans de nombreux cas son champ de vision (lire la page <a href=\"https:\/\/mecahealth.com\/?page_id=6711\" data-type=\"page\" data-id=\"6711\"><em>Psy et th\u00e9rapeute<\/em><\/a>).<\/p>\n\n\n\n<p class=\"has-medium-font-size\">D&rsquo;autre part, le biais pour lequel nous n&rsquo;avons pas trouv\u00e9 d&rsquo;\u00e9crit comparable, et que nous relevons tr\u00e8s souvent, est l&rsquo;\u00e9chantillonnage comparatif. Comment penser s\u00e9rieusement que les personnes qui se rendent \u00e0 une \u00e9tude pour rendre service \u00e0 la science ou au secteur de la psychologie et qui vont donc perdre du temps parfois important, ne sont pas directement concern\u00e9es un minimum par le sujet et ne disposent pas d&rsquo;un <a href=\"https:\/\/mecahealth.com\/?page_id=4337\" data-type=\"page\" data-id=\"4337\">degr\u00e9 d&#8217;empathie<\/a> sup\u00e9rieur \u00e0 la moyenne ; degr\u00e9 partiellement \u00e9valu\u00e9 (voir plus bas) ?<\/p>\n\n\n\n<p class=\"has-medium-font-size\">Pour qu&rsquo;une \u00e9tude soit valable et donc reproductible, il faudrait donc selon nous, que cette notion soit connue\/reconnue en priorit\u00e9. Pour ce faire, il faudrait pouvoir la mesurer avec la plus grande objectivit\u00e9 possible et donc avant que toutes formes d&rsquo;influences puissent interagir avec la capacit\u00e9 empathique de celui qui vient aider la science, de celui qui est suivi par un professionnel mais surtout de ceux qui ne consultent ni ne viendraient que dans le cadre volontaire ; volontaire dans le sens qu&rsquo;une personne vient d&rsquo;elle-m\u00eame apr\u00e8s avoir \u00e9t\u00e9 sollicit\u00e9e par un article, une affiche, etc. <\/p>\n\n\n\n<p class=\"has-medium-font-size\">Il faudrait \u00e9galement que cela ne se fasse pas sur les sites universitaires qui ne sont pas fr\u00e9quent\u00e9s par l&rsquo;ensemble de la population, etc. Une \u00e9tude qui serait faite de mani\u00e8re forc\u00e9e serait biais\u00e9e \u00e9galement. C&rsquo;est la raison pour laquelle, une bonne \u00e9tude est rare et difficile \u00e0 g\u00e9n\u00e9rer &#8230;et qu&rsquo;il n&rsquo;est pas tol\u00e9rable de lire ou d&rsquo;entendre des affirmations trop cat\u00e9goriques dans ce secteur si elles ne comportent pas des termes tels que : <em>dans l&rsquo;\u00e9chantillon de r\u00e9f\u00e9rence&#8230;, pour le public concern\u00e9&#8230;, pourrait&#8230;, devrait&#8230;,<\/em> etc.<\/p>\n\n\n\n<p class=\"has-medium-font-size\">Pour parvenir \u00e0 des r\u00e9sultats plus scientifiques, la psychologie s&rsquo;est rapproch\u00e9e de sciences plus exactes mais qui restent encore en partie approximative par <a href=\"https:\/\/mecahealth.com\/?page_id=8131\" data-type=\"page\" data-id=\"8131\">les biais pr\u00e9cit\u00e9s et par d&rsquo;autres<\/a>. Il s&rsquo;agit du secteur de la neuropsychologie. Pour \u00e9viter les plus grands biais, les chercheurs doivent apprendre \u00e0 s&rsquo;entourer de <a href=\"https:\/\/mecahealth.com\/?page_id=6387\" data-type=\"page\" data-id=\"6387\">r\u00e9silients<\/a> (donc de personnes qui ne consultent).<\/p>\n\n\n\n<blockquote class=\"wp-block-quote is-layout-flow wp-block-quote-is-layout-flow\">\n<p class=\"has-medium-font-size\">J&rsquo;ai eu la chance d&rsquo;avoir opt\u00e9 en fin de compte pour la kin\u00e9sith\u00e9rapie qui m&rsquo;a permis de rencontrer des r\u00e9silients ayant v\u00e9cu des horreurs parfois mais qui se portaient psychologiquement assez bien alors que si j&rsquo;avais suivi mon id\u00e9e d&rsquo;aller en psycho, j&rsquo;aurais suivi la masse de ceux qui ne voient et donc n&rsquo;observent que des souffrants (F.L).<\/p>\n<\/blockquote>\n\n\n\n<p class=\"has-medium-font-size\">Nous reviendrons sur les diff\u00e9rents tests mais pour l&rsquo;instant ceux qui permettraient, de faire acc\u00e9l\u00e9rer la connaissance qui nous semble prioritaire et surtout d&rsquo;am\u00e9liorer le suivi des th\u00e9rapies, seraient d&rsquo;utiliser ceux qui suivent pour faire comprendre que, hors trauma majeur, c&rsquo;est l&#8217;empathe qui est en souffrance et non pas le spectateur de Hanouna (voir plus bas)&#8230;<\/p>\n\n\n\n<h2 class=\"wp-block-heading has-medium-font-size\">Tests pour d\u00e9finir l&#8217;empathie :<\/h2>\n\n\n\n<p class=\"has-medium-font-size\">En effet, s&rsquo;il ne faut le prendre de mani\u00e8re trop s\u00e9rieuse ni rigoureuse ni scientifique ce qui suit, le test le moins on\u00e9reux pour conna\u00eetre le degr\u00e9 d&#8217;empathie d&rsquo;une personne est de voir si elle supporte de regarder l&rsquo;\u00e9mission de Hanouna (TPMP). Si elle ne parvient pas \u00e0 le regarder d&rsquo;elle-m\u00eame, c&rsquo;est qu&rsquo;elle dispose d&rsquo;un bon degr\u00e9 et donc d&rsquo;un degr\u00e9 sup\u00e9rieur \u00e0 la moyenne. Cette \u00e9mission est faite pour des personnes n&rsquo;en disposant que tr\u00e8s peu, pour des personnes dites m\u00e9chantes ou pour des personnes n&rsquo;ayant pas \u00e9t\u00e9 beaucoup stimul\u00e9es (&#8230;).<\/p>\n\n\n\n<h3 class=\"wp-block-heading has-medium-font-size\">Les tests scientifiques :<\/h3>\n\n\n\n<p class=\"has-medium-font-size\">Bien qu&rsquo;ils mesurent l&#8217;empathie selon certaines d\u00e9finitions, ils ne mesurent pas l&#8217;empathie d&rsquo;une personne ou plus particuli\u00e8rement d&rsquo;un enfant qui n&rsquo;est pas encore <a href=\"https:\/\/mecahealth.com\/?page_id=5003\" data-type=\"page\" data-id=\"5003\">sous influences multiples<\/a> ou encore moins celle d&rsquo;un animal ou d&rsquo;un autre. Les tests suivants ne g\u00e9n\u00e8rent donc de r\u00e9sultats que, et c&rsquo;est d\u00e9j\u00e0 tr\u00e8s bien, sur l&#8217;empathie que nous pourrions nomm\u00e9e comme empathie \u00e9duqu\u00e9e\/compar\u00e9e et non celle d&rsquo;une <a href=\"https:\/\/mecahealth.com\/?page_id=2004\" data-type=\"page\" data-id=\"2004\">capacit\u00e9 originelle intrins\u00e8que<\/a> permettant de sentir un peu plus que les autres les difficult\u00e9s d&rsquo;autrui.<\/p>\n\n\n\n<ul class=\"wp-block-list has-medium-font-size\">\n<li class=\"has-medium-font-size\">L\u2019Interpersonal Reactivity Index (IRI) mesure quatre dimensions (Perspective taking, Empathic concern, Personal distress, Fantasy). L&rsquo;IRI est le reflet d&rsquo;un consensus th\u00e9orique qui voit l&#8217;empathie comme un <strong>concept multidimensionnel<\/strong>. Il permet aux chercheurs et aux cliniciens de mesurer diff\u00e9rents aspects de l&#8217;empathie qui peuvent varier ind\u00e9pendamment. Par exemple, une personne peut avoir une forte capacit\u00e9 de Prise de Perspective (empathie cognitive) tout en ayant une faible Pr\u00e9occupation Empathique (empathie affective).<\/li>\n\n\n\n<li>Le Toronto Empathy Questionnaire (TEQ) propose une mesure br\u00e8ve et apparemment fiable de l\u2019empathie affective<\/li>\n\n\n\n<li>En neuroimagerie, l\u2019\u00ab empathie pour la douleur \u00bb pr\u00e9sente des signatures c\u00e9r\u00e9brales reproductibles : des motifs multivari\u00e9s distinguent la douleur v\u00e9cue de la douleur vicariante, ce qui permet de quantifier l\u2019activation empathique au niveau du cerveau.<\/li>\n\n\n\n<li>Des travaux 2016\u20132025 confirment et affinent ces marqueurs (analyses r\u00e9centes sur l\u2019alignement des repr\u00e9sentations \u00e9motionnelles).<\/li>\n\n\n\n<li>Des \u00e9tudes 2024 montrent aussi que des biomarqueurs neuronaux de la douleur physique pr\u00e9sentent une sensibilit\u00e9, dans certaines conditions, \u00e0 la douleur d\u2019autrui.<\/li>\n<\/ul>\n\n\n\n<h2 class=\"wp-block-heading has-medium-font-size\">Test de QI<\/h2>\n\n\n\n<p><\/p>\n\n\n\n<p class=\"has-large-font-size\">\u00e0 suivre <\/p>\n\n\n\n<h2 class=\"wp-block-heading has-medium-font-size\"><span style=\"font-size: var(--wp--preset--font-size--medium) ; color: initial;\"><span style=\"font-size: var(--wp--preset--font-size--medium) ; color: initial;\">Abonnez-vous \u00e0 nos diff\u00e9rentes pages pour \u00eatre averti(s) des nouvelles mises en ligne&#8230;<\/span><\/span><\/h2>\n\n\n\n<p class=\"has-small-font-size\"><a rel=\"noreferrer noopener\" href=\"https:\/\/www.facebook.com\/MecaHealthAsbl\" target=\"_blank\">Facebook MecaHealthAsbl<\/a> &#8211; <a rel=\"noreferrer noopener\" href=\"https:\/\/www.linkedin.com\/company\/mecahealth\/\" target=\"_blank\">Linkedin MecaHealth<\/a> &#8211; <a rel=\"noreferrer noopener\" href=\"https:\/\/www.youtube.com\/channel\/UCJb5g--IGlU6FgQLQKaJljg\" target=\"_blank\">Youtube cha\u00eene MecaHealth<\/a> &#8211; Instagram (pas encore)<\/p>\n\n\n\n<p class=\"has-medium-font-size\"><strong>Vous avez aim\u00e9 l&rsquo;information que MecaHealth apporte, vous pouvez nous contacter pour l&rsquo;une ou l&rsquo;autre <a href=\"https:\/\/mecahealth.com\/?page_id=146\">formation<\/a>, nous appuyer en transmettant l&rsquo;adresse de notre site, mais \u00e9galement par <a href=\"https:\/\/mecahealth.com\/?page_id=172\">d&rsquo;autres appuis<\/a>.<\/strong><\/p>\n\n\n\n<h2 class=\"wp-block-heading has-medium-font-size\">Revenir au chapitre <em><a href=\"https:\/\/mecahealth.com\/?page_id=127\" data-type=\"page\" data-id=\"127\">Corps psychique<\/a><\/em> ou \u00e0 la page <em><a href=\"https:\/\/mecahealth.com\/?page_id=149\" data-type=\"page\" data-id=\"149\">Recherche scientifique<\/a><\/em><\/h2>\n\n\n\n<p><\/p>\n","protected":false},"excerpt":{"rendered":"<p>Attention \u00e0 lire les consignes avant de lire toute page d&rsquo;un site sant\u00e9 ! Nous insistons dans nos pages li\u00e9es \u00e0 la psychologie sur la non reproductibilit\u00e9 des \u00e9tudes dans ce secteur non pas par d\u00e9fiance mais par souhait d&rsquo;une \u00e9volution qualitative dans les prises en charge. La non reproductibilit\u00e9<a href=\"https:\/\/mecahealth.com\/?page_id=8030\" class=\"read-more\">Read More&#8230;<\/a><\/p>\n","protected":false},"author":1,"featured_media":0,"parent":0,"menu_order":0,"comment_status":"closed","ping_status":"closed","template":"","meta":{"footnotes":""},"class_list":["post-8030","page","type-page","status-publish","hentry"],"jetpack_sharing_enabled":true,"_links":{"self":[{"href":"https:\/\/mecahealth.com\/index.php?rest_route=\/wp\/v2\/pages\/8030","targetHints":{"allow":["GET"]}}],"collection":[{"href":"https:\/\/mecahealth.com\/index.php?rest_route=\/wp\/v2\/pages"}],"about":[{"href":"https:\/\/mecahealth.com\/index.php?rest_route=\/wp\/v2\/types\/page"}],"author":[{"embeddable":true,"href":"https:\/\/mecahealth.com\/index.php?rest_route=\/wp\/v2\/users\/1"}],"replies":[{"embeddable":true,"href":"https:\/\/mecahealth.com\/index.php?rest_route=%2Fwp%2Fv2%2Fcomments&post=8030"}],"version-history":[{"count":28,"href":"https:\/\/mecahealth.com\/index.php?rest_route=\/wp\/v2\/pages\/8030\/revisions"}],"predecessor-version":[{"id":8242,"href":"https:\/\/mecahealth.com\/index.php?rest_route=\/wp\/v2\/pages\/8030\/revisions\/8242"}],"wp:attachment":[{"href":"https:\/\/mecahealth.com\/index.php?rest_route=%2Fwp%2Fv2%2Fmedia&parent=8030"}],"curies":[{"name":"wp","href":"https:\/\/api.w.org\/{rel}","templated":true}]}}