{"id":7995,"date":"2025-09-26T13:16:43","date_gmt":"2025-09-26T11:16:43","guid":{"rendered":"https:\/\/mecahealth.com\/?page_id=7995"},"modified":"2025-09-28T10:04:06","modified_gmt":"2025-09-28T08:04:06","slug":"deces","status":"publish","type":"page","link":"https:\/\/mecahealth.com\/?page_id=7995","title":{"rendered":"D\u00e9c\u00e8s : d\u00e9marches administratives"},"content":{"rendered":"\n<figure class=\"wp-block-image size-large is-resized is-style-rounded\"><img loading=\"lazy\" decoding=\"async\" width=\"1024\" height=\"1024\" src=\"https:\/\/mecahealth.com\/wp-content\/uploads\/2025\/09\/17588857562656627978615179185161.jpg\" alt=\"\" class=\"wp-image-7996\" style=\"width:330px\" srcset=\"https:\/\/mecahealth.com\/wp-content\/uploads\/2025\/09\/17588857562656627978615179185161.jpg 1024w, https:\/\/mecahealth.com\/wp-content\/uploads\/2025\/09\/17588857562656627978615179185161-300x300.jpg 300w, https:\/\/mecahealth.com\/wp-content\/uploads\/2025\/09\/17588857562656627978615179185161-150x150.jpg 150w, https:\/\/mecahealth.com\/wp-content\/uploads\/2025\/09\/17588857562656627978615179185161-768x768.jpg 768w\" sizes=\"auto, (max-width: 1024px) 100vw, 1024px\" \/><\/figure>\n\n\n\n<p class=\"has-medium-font-size\">D\u00e9marches \u00e0 effectuer suite au d\u00e9c\u00e8s d&rsquo;un membre de la famille voire d&rsquo;une connaissance :<\/p>\n\n\n\n<p class=\"has-medium-font-size\">Triste r\u00e9alit\u00e9 que de devoir s&rsquo;occuper de l&rsquo;administration suite \u00e0 un d\u00e9c\u00e8s pour \u00e9viter les difficult\u00e9s administratives voire financi\u00e8res par la suite. <\/p>\n\n\n\n<p class=\"has-medium-font-size\">La tristesse doit \u00eatre v\u00e9cue, et nous le d\u00e9taillerons dans une autre page mais pratiquement, il n&rsquo;y a pas d&rsquo;autres choix que d&rsquo;agir vite administrativement. <\/p>\n\n\n\n<p class=\"has-medium-font-size\"><br>Voici une liste non exhaustive des actions \u00e0 entreprendre :<\/p>\n\n\n\n<ol class=\"wp-block-list\">\n<li class=\"has-medium-font-size\">Constatation du d\u00e9c\u00e8s et obtention du certificat :\n<ul class=\"wp-block-list\">\n<li class=\"has-medium-font-size\">D\u00e9c\u00e8s au domicile familial (m\u00eame toit) : En Belgique, appelez le m\u00e9decin g\u00e9n\u00e9raliste pour constater le d\u00e9c\u00e8s sauf s&rsquo;il y a quelque chose de suspect. Dans ce cas, appeler la police voire le m\u00e9decin l\u00e9giste afin que la sc\u00e8ne ne soit pas corrompue par l&rsquo;entourage voire par la police de proximit\u00e9.<\/li>\n\n\n\n<li class=\"has-medium-font-size\">D\u00e9c\u00e8s \u00e0 l&rsquo;h\u00f4pital, en maison de repos ou ailleurs : Le m\u00e9decin de l&rsquo;\u00e9tablissement ou l&rsquo;autorit\u00e9 comp\u00e9tente s&rsquo;occupe de la constatation du d\u00e9c\u00e8s et de l&rsquo;\u00e9tablissement du certificat m\u00e9dical de d\u00e9c\u00e8s. Vous n&rsquo;avez pas besoin d&rsquo;appeler le m\u00e9decin.<\/li>\n<\/ul>\n<\/li>\n\n\n\n<li class=\"has-medium-font-size\">Action commune et imm\u00e9diate : D\u00e9claration du d\u00e9c\u00e8s et certificat de d\u00e9c\u00e8s : Demander le certificat de d\u00e9c\u00e8s \u00e0 la commune du lieu du d\u00e9c\u00e8s et en faire plusieurs copies COULEUR (elles sont souvent demand\u00e9es par diverses administrations comme preuve officielle). La copie suffit pour les organes non officiels. La couleur passe mieux pour les rigoristes qui jouent inconsciemment le jeu de ce compl\u00e9ment de racket que de payer (cher) pour quelques copies de plus.<\/li>\n\n\n\n<li class=\"has-medium-font-size\">Premiers contacts et gestion des urgences : <\/li>\n\n\n\n<li class=\"has-medium-font-size\">Contacter les pompes fun\u00e8bres : Choisissez une entreprise de pompes fun\u00e8bres. Elle doit \u00eatre contact\u00e9e rapidement pour la prise en charge du corps et peut prendre en charge une grande partie des d\u00e9marches administratives (d\u00e9claration de d\u00e9c\u00e8s \u00e0 la commune, organisation de la c\u00e9r\u00e9monie, etc.).<\/li>\n\n\n\n<li class=\"has-medium-font-size\">Gestion des fonds et des factures :\n<ul class=\"wp-block-list\">\n<li class=\"has-medium-font-size\">AVANT de pr\u00e9venir la banque du d\u00e9c\u00e8s (si vous avez procuration) :<\/li>\n\n\n\n<li>Payer les factures en suspens : c&rsquo;est le moment de payer les factures urgentes (loyer, \u00e9nergie, etc.)<\/li>\n\n\n\n<li>Retraits : Si vous avez procuration, retirer 500\u20ac du compte du d\u00e9funt voire plus pour payer les frais courants et bien conserver les tickets car ils devront \u00eatre justifi\u00e9s pour la succession.<\/li>\n\n\n\n<li>Dans le cas d&rsquo;un compte commun tout comme celui d&rsquo;un compte personnel du survivant d&rsquo;un couple, transf\u00e9rez un montant plus important de votre propre compte vers une personne de confiance pour survenir \u00e0 vos propres besoins vu que le racket d&rsquo;Etat vient emp\u00eacher de vivre normalement durant les premi\u00e8res semaines \u00e0 mois d&rsquo;un d\u00e9c\u00e8s.<\/li>\n\n\n\n<li>Pr\u00e9venir la banque : Apr\u00e8s les retraits et le paiement des factures urgentes, vous pouvez pr\u00e9venir la banque du d\u00e9c\u00e8s \u00e0 l&rsquo;aide du certificat de d\u00e9c\u00e8s. Les comptes seront alors bloqu\u00e9s.<\/li>\n\n\n\n<li>Les d\u00e9penses plus importantes, comme les fun\u00e9railles, seront pay\u00e9es par le notaire (via la succession) voire par la banque.<\/li>\n<\/ul>\n<\/li>\n\n\n\n<li class=\"has-medium-font-size\">Formalit\u00e9s importantes suppl\u00e9mentaires :\n<ul class=\"wp-block-list\">\n<li>Avertir le notaire : Si vous connaissez l&rsquo;existence d&rsquo;un testament ou si la succession est complexe, contactez un notaire rapidement.<\/li>\n\n\n\n<li>Contacter l&#8217;employeur ou la caisse de pension : Pr\u00e9venez l&#8217;employeur (si la personne travaillait) ou l&rsquo;organisme de pension (si elle \u00e9tait retrait\u00e9e).<\/li>\n\n\n\n<li>Contacter les assurances : Informez les assurances (vie, maladie, mutuelle, habitation, voiture).<\/li>\n<\/ul>\n<\/li>\n\n\n\n<li class=\"has-medium-font-size\">Arr\u00eater les abonnements et contrats inutiles : Il est crucial d&rsquo;arr\u00eater les services pour \u00e9viter des frais inutiles et des relances :<\/li>\n<\/ol>\n\n\n\n<ul class=\"wp-block-list has-medium-font-size\">\n<li>T\u00e9l\u00e9 vigilance<\/li>\n\n\n\n<li>Location m\u00e9dicale (chaise perc\u00e9e, lit m\u00e9dical, etc.)<\/li>\n\n\n\n<li>Journal<\/li>\n\n\n\n<li>Magazine(s)<\/li>\n\n\n\n<li>Livres de biblioth\u00e8ques \u00e0 ramener<\/li>\n\n\n\n<li>T\u00e9l\u00e9phone (ligne fixe)<\/li>\n\n\n\n<li>GSM (t\u00e9l\u00e9phonie mobile)<\/li>\n\n\n\n<li>Internet<\/li>\n\n\n\n<li>T\u00e9l\u00e9vision \/ T\u00e9l\u00e9distribution<\/li>\n\n\n\n<li>Abonnements aux transports en commun (carte d&rsquo;abonnement, titres de transport)<\/li>\n\n\n\n<li>Contrats de gaz, \u00e9lectricit\u00e9 et eau (si le logement est lib\u00e9r\u00e9 ou si le contrat doit \u00eatre transf\u00e9r\u00e9\/r\u00e9sili\u00e9)<\/li>\n\n\n\n<li>Abonnements de salle de sport, clubs, associations<\/li>\n\n\n\n<li>Services de streaming (Netflix, Spotify, etc.) :<\/li>\n<\/ul>\n\n\n\n<p class=\"has-medium-font-size\"><strong>Streaming : <\/strong>Le processus d\u00e9pend principalement de votre acc\u00e8s ou non au compte du d\u00e9funt.<br>Voici les liens et les d\u00e9marches g\u00e9n\u00e9rales :<br>D\u00e9marches g\u00e9n\u00e9rales pour les abonnements en ligne<br>La d\u00e9marche la plus simple est toujours de passer par la gestion du compte si vous avez les identifiants.<br><\/p>\n\n\n\n<ul class=\"wp-block-list has-medium-font-size\">\n<li>Netflix\n<ul class=\"wp-block-list\">\n<li>Si vous avez les identifiants -&gt; Connectez-vous, allez dans Compte -&gt; Annuler l&rsquo;abonnement<\/li>\n\n\n\n<li>Si vous n&rsquo;avez pas les identifiants -> Contacter le service client Netflix (via email ou chat) et fournir des informations d&rsquo;identification sur le compte (adresse e-mail ou num\u00e9ro de t\u00e9l\u00e9phone associ\u00e9, informations de paiement compl\u00e8tes) et, si n\u00e9cessaire, un acte de d\u00e9c\u00e8s (<a href=\"https:\/\/help.netflix.com\/fr\/node\/110165\" data-type=\"link\" data-id=\"https:\/\/help.netflix.com\/fr\/node\/110165\" target=\"_blank\" rel=\"noreferrer noopener\">lien utile)<\/a><\/li>\n<\/ul>\n<\/li>\n\n\n\n<li>Disney+\n<ul class=\"wp-block-list\">\n<li>Si vous avez les identifiants -&gt; Connectez-vous via un navigateur, allez dans Compte -&gt; Abonnement -&gt; R\u00e9silier l&rsquo;abonnement.<\/li>\n\n\n\n<li>Si vous n&rsquo;avez pas les identifiants, contactez le service client Disney+ (<a href=\"https:\/\/help.disneyplus.com\/fr\/article\/disneyplus-fr-ht-cancel\" data-type=\"link\" data-id=\"https:\/\/help.disneyplus.com\/fr\/article\/disneyplus-fr-ht-cancel\" target=\"_blank\" rel=\"noreferrer noopener\">lien utile<\/a> (R\u00e9silier un abonnement Disney+))<\/li>\n<\/ul>\n<\/li>\n\n\n\n<li>Spotify\n<ul class=\"wp-block-list\">\n<li>Si vous avez les identifiants, connectez-vous -&gt; allez sur la page de votre compte -&gt; Annuler le forfait Premium<\/li>\n\n\n\n<li>Si vous n&rsquo;avez pas les identifiants, contactez le support Spotify et leur fournir les informations d&rsquo;identification du compte et une preuve de d\u00e9c\u00e8s. Spotify a m\u00eame une proc\u00e9dure pour \u00ab\u00a0Testament num\u00e9rique\u00a0\u00bb si la personne l&rsquo;avait configur\u00e9 (<a href=\"https:\/\/support.spotify.com\/fr\/article\/cancel-premium\" data-type=\"link\" data-id=\"https:\/\/support.spotify.com\/fr\/article\/cancel-premium\" target=\"_blank\" rel=\"noreferrer noopener\">lien utile<\/a>)<\/li>\n<\/ul>\n<\/li>\n\n\n\n<li>Autres services courants (TV\/Internet\/Presse)\n<ul class=\"wp-block-list\">\n<li>Pour les abonnements plus traditionnels comme les t\u00e9l\u00e9coms (t\u00e9l\u00e9phone, Internet, TV\/T\u00e9l\u00e9distribution) ou la presse, la m\u00e9thode standard est d&rsquo;envoyer un courriel ou par s\u00e9curit\u00e9, un courrier (recommand\u00e9 avec accus\u00e9 de r\u00e9ception) \u00e0 l&rsquo;organisme concern\u00e9.\n<ul class=\"wp-block-list\">\n<li>Ce courrier doit inclure :\n<ul class=\"wp-block-list\">\n<li>Une copie de l&rsquo;acte de d\u00e9c\u00e8s.<\/li>\n\n\n\n<li>Le num\u00e9ro de contrat ou d&rsquo;abonn\u00e9 du d\u00e9funt.<\/li>\n\n\n\n<li>Votre pi\u00e8ce d&rsquo;identit\u00e9 et un justificatif de votre lien de parent\u00e9 ou de votre qualit\u00e9 d&rsquo;h\u00e9ritier\/proche.<\/li>\n<\/ul>\n<\/li>\n<\/ul>\n<\/li>\n<\/ul>\n<\/li>\n<\/ul>\n\n\n\n<p class=\"has-medium-font-size\"><br>Lien utile g\u00e9n\u00e9rique (France) :<br>Service-Public.fr propose des <a href=\"https:\/\/www.service-public.fr\/simulateur\/calcul\/ResilierSonAbonnement\" data-type=\"link\" data-id=\"https:\/\/www.service-public.fr\/simulateur\/calcul\/ResilierSonAbonnement\" target=\"_blank\" rel=\"noreferrer noopener\">mod\u00e8les de lettre pour r\u00e9silier un abonnement t\u00e9l\u00e9phonique ou Internet apr\u00e8s un d\u00e9c\u00e8s (lien)<\/a><\/p>\n\n\n\n<p class=\"has-medium-font-size\"><\/p>\n\n\n\n<p><\/p>\n","protected":false},"excerpt":{"rendered":"<p>D\u00e9marches \u00e0 effectuer suite au d\u00e9c\u00e8s d&rsquo;un membre de la famille voire d&rsquo;une connaissance : Triste r\u00e9alit\u00e9 que de devoir s&rsquo;occuper de l&rsquo;administration suite \u00e0 un d\u00e9c\u00e8s pour \u00e9viter les difficult\u00e9s administratives voire financi\u00e8res par la suite. La tristesse doit \u00eatre v\u00e9cue, et nous le d\u00e9taillerons dans une autre page<a href=\"https:\/\/mecahealth.com\/?page_id=7995\" class=\"read-more\">Read More&#8230;<\/a><\/p>\n","protected":false},"author":1,"featured_media":0,"parent":0,"menu_order":0,"comment_status":"closed","ping_status":"closed","template":"","meta":{"footnotes":""},"class_list":["post-7995","page","type-page","status-publish","hentry"],"jetpack_sharing_enabled":true,"_links":{"self":[{"href":"https:\/\/mecahealth.com\/index.php?rest_route=\/wp\/v2\/pages\/7995","targetHints":{"allow":["GET"]}}],"collection":[{"href":"https:\/\/mecahealth.com\/index.php?rest_route=\/wp\/v2\/pages"}],"about":[{"href":"https:\/\/mecahealth.com\/index.php?rest_route=\/wp\/v2\/types\/page"}],"author":[{"embeddable":true,"href":"https:\/\/mecahealth.com\/index.php?rest_route=\/wp\/v2\/users\/1"}],"replies":[{"embeddable":true,"href":"https:\/\/mecahealth.com\/index.php?rest_route=%2Fwp%2Fv2%2Fcomments&post=7995"}],"version-history":[{"count":18,"href":"https:\/\/mecahealth.com\/index.php?rest_route=\/wp\/v2\/pages\/7995\/revisions"}],"predecessor-version":[{"id":8018,"href":"https:\/\/mecahealth.com\/index.php?rest_route=\/wp\/v2\/pages\/7995\/revisions\/8018"}],"wp:attachment":[{"href":"https:\/\/mecahealth.com\/index.php?rest_route=%2Fwp%2Fv2%2Fmedia&parent=7995"}],"curies":[{"name":"wp","href":"https:\/\/api.w.org\/{rel}","templated":true}]}}