{"id":7951,"date":"2025-05-31T08:32:53","date_gmt":"2025-05-31T06:32:53","guid":{"rendered":"https:\/\/mecahealth.com\/?page_id=7951"},"modified":"2025-09-17T21:17:02","modified_gmt":"2025-09-17T19:17:02","slug":"peda-ia-et-medecine-adaptative","status":"publish","type":"page","link":"https:\/\/mecahealth.com\/?page_id=7951","title":{"rendered":"P\u00e9da : IA et m\u00e9decine adaptative"},"content":{"rendered":"\n<p><a style=\"font-size: revert;\" href=\"https:\/\/mecahealth.com\/?page_id=122\">Attention \u00e0 lire les consignes avant de lire toute page d&rsquo;un site sant\u00e9 !<\/a><\/p>\n\n\n\n<p><\/p>\n\n\n\n<p>Comme nous en parlons dans le texte sur le bore-out m\u00e9dical, que nous avons appel\u00e9 <em><a href=\"https:\/\/mecahealth.com\/?page_id=7233\">l&rsquo;entonnoir de l&rsquo;ennu<\/a><\/em><em>i<\/em>, ce ph\u00e9nom\u00e8ne va certainement augmenter avec l&rsquo;intelligence artificielle dans ce secteur.<\/p>\n\n\n\n<p>L&rsquo;IA si elle est bien param\u00e8tr\u00e9e pourrait remplacer la plupart des diagnosticiens et plus particuli\u00e8rement les radiologues par l&rsquo;impossibilit\u00e9 technique pour la machine d&rsquo;\u00eatre distraite ou d&rsquo;oublier de poser l&rsquo;une ou l&rsquo;autre question (r\u00e9sum\u00e9 &#8211; voir texte pr\u00e9c\u00e9dent).<\/p>\n\n\n\n<p>Si l&rsquo;on peut dans un premier temps s&rsquo;attrister de cette \u00e9volution rapide, il faut consid\u00e9rer que le public directement concern\u00e9 dispose initialement des armes intellectuelles pour s&rsquo;adapter aux changements.<\/p>\n\n\n\n<p>Chaque m\u00e9decin dispose des facult\u00e9s pour remettre en questions les petites habitudes personnelles mais surtout pour r\u00e9aliser une m\u00e9tacognition du secteur. Le m\u00e9decin n&rsquo;est pas un diagnosticien seulement. Le diagnostic n&rsquo;est en r\u00e9alit\u00e9 qu&rsquo;un diagnostic par applications statistiques la plupart du temps.<\/p>\n\n\n\n<p>La m\u00e9decine a d&rsquo;abord \u00e9t\u00e9 une science de recherche et doit le redevenir plus encore gr\u00e2ce \u00e0 l&rsquo;IA. L&rsquo;\u00e9pig\u00e9tique v\u00e9ritable et non pas celle de la transg\u00e9n\u00e9rationalit\u00e9, pseudoscience abusive la plupart du temps.<\/p>\n\n\n\n<p><\/p>\n\n\n\n<p class=\"has-large-font-size\">\u00e0 suivre<\/p>\n\n\n\n<p>(r\u00e9daction en cours)<\/p>\n\n\n\n<p>titres<\/p>\n\n\n\n<p>dialectes<\/p>\n","protected":false},"excerpt":{"rendered":"<p>Attention \u00e0 lire les consignes avant de lire toute page d&rsquo;un site sant\u00e9 ! Comme nous en parlons dans le texte sur le bore-out m\u00e9dical, que nous avons appel\u00e9 l&rsquo;entonnoir de l&rsquo;ennui, ce ph\u00e9nom\u00e8ne va certainement augmenter avec l&rsquo;intelligence artificielle dans ce secteur. L&rsquo;IA si elle est bien param\u00e8tr\u00e9e pourrait<a href=\"https:\/\/mecahealth.com\/?page_id=7951\" class=\"read-more\">Read More&#8230;<\/a><\/p>\n","protected":false},"author":1,"featured_media":0,"parent":0,"menu_order":0,"comment_status":"closed","ping_status":"closed","template":"","meta":{"footnotes":""},"class_list":["post-7951","page","type-page","status-publish","hentry"],"jetpack_sharing_enabled":true,"_links":{"self":[{"href":"https:\/\/mecahealth.com\/index.php?rest_route=\/wp\/v2\/pages\/7951","targetHints":{"allow":["GET"]}}],"collection":[{"href":"https:\/\/mecahealth.com\/index.php?rest_route=\/wp\/v2\/pages"}],"about":[{"href":"https:\/\/mecahealth.com\/index.php?rest_route=\/wp\/v2\/types\/page"}],"author":[{"embeddable":true,"href":"https:\/\/mecahealth.com\/index.php?rest_route=\/wp\/v2\/users\/1"}],"replies":[{"embeddable":true,"href":"https:\/\/mecahealth.com\/index.php?rest_route=%2Fwp%2Fv2%2Fcomments&post=7951"}],"version-history":[{"count":6,"href":"https:\/\/mecahealth.com\/index.php?rest_route=\/wp\/v2\/pages\/7951\/revisions"}],"predecessor-version":[{"id":7991,"href":"https:\/\/mecahealth.com\/index.php?rest_route=\/wp\/v2\/pages\/7951\/revisions\/7991"}],"wp:attachment":[{"href":"https:\/\/mecahealth.com\/index.php?rest_route=%2Fwp%2Fv2%2Fmedia&parent=7951"}],"curies":[{"name":"wp","href":"https:\/\/api.w.org\/{rel}","templated":true}]}}