{"id":7941,"date":"2025-05-31T08:08:26","date_gmt":"2025-05-31T06:08:26","guid":{"rendered":"https:\/\/mecahealth.com\/?page_id=7941"},"modified":"2025-06-04T08:54:53","modified_gmt":"2025-06-04T06:54:53","slug":"mort-de-lhumain-par-lia","status":"publish","type":"page","link":"https:\/\/mecahealth.com\/?page_id=7941","title":{"rendered":"P\u00e9da : Mort de l&rsquo;humain par l&rsquo;IA"},"content":{"rendered":"\n<p><a style=\"font-size: revert;\" href=\"https:\/\/mecahealth.com\/?page_id=122\">Attention \u00e0 lire les consignes avant de lire toute page d&rsquo;un site sant\u00e9 !<\/a><\/p>\n\n\n\n<figure data-wp-context=\"{&quot;imageId&quot;:&quot;69e4047fc2f51&quot;}\" data-wp-interactive=\"core\/image\" data-wp-key=\"69e4047fc2f51\" class=\"wp-block-image size-large is-resized is-style-rounded wp-lightbox-container\"><img loading=\"lazy\" decoding=\"async\" width=\"1024\" height=\"1024\" data-wp-class--hide=\"state.isContentHidden\" data-wp-class--show=\"state.isContentVisible\" data-wp-init=\"callbacks.setButtonStyles\" data-wp-on--click=\"actions.showLightbox\" data-wp-on--load=\"callbacks.setButtonStyles\" data-wp-on-window--resize=\"callbacks.setButtonStyles\" src=\"https:\/\/mecahealth.com\/wp-content\/uploads\/2025\/05\/Metacognition-IA-humain-1-1024x1024.jpeg\" alt=\"\" class=\"wp-image-7956\" style=\"width:330px\" srcset=\"https:\/\/mecahealth.com\/wp-content\/uploads\/2025\/05\/Metacognition-IA-humain-1-1024x1024.jpeg 1024w, https:\/\/mecahealth.com\/wp-content\/uploads\/2025\/05\/Metacognition-IA-humain-1-300x300.jpeg 300w, https:\/\/mecahealth.com\/wp-content\/uploads\/2025\/05\/Metacognition-IA-humain-1-150x150.jpeg 150w, https:\/\/mecahealth.com\/wp-content\/uploads\/2025\/05\/Metacognition-IA-humain-1-768x768.jpeg 768w, https:\/\/mecahealth.com\/wp-content\/uploads\/2025\/05\/Metacognition-IA-humain-1-1536x1536.jpeg 1536w, https:\/\/mecahealth.com\/wp-content\/uploads\/2025\/05\/Metacognition-IA-humain-1.jpeg 2048w\" sizes=\"auto, (max-width: 1024px) 100vw, 1024px\" \/><button\n\t\t\tclass=\"lightbox-trigger\"\n\t\t\ttype=\"button\"\n\t\t\taria-haspopup=\"dialog\"\n\t\t\taria-label=\"Enlarge\"\n\t\t\tdata-wp-init=\"callbacks.initTriggerButton\"\n\t\t\tdata-wp-on--click=\"actions.showLightbox\"\n\t\t\tdata-wp-style--right=\"state.imageButtonRight\"\n\t\t\tdata-wp-style--top=\"state.imageButtonTop\"\n\t\t>\n\t\t\t<svg xmlns=\"http:\/\/www.w3.org\/2000\/svg\" width=\"12\" height=\"12\" fill=\"none\" viewBox=\"0 0 12 12\">\n\t\t\t\t<path fill=\"#fff\" d=\"M2 0a2 2 0 0 0-2 2v2h1.5V2a.5.5 0 0 1 .5-.5h2V0H2Zm2 10.5H2a.5.5 0 0 1-.5-.5V8H0v2a2 2 0 0 0 2 2h2v-1.5ZM8 12v-1.5h2a.5.5 0 0 0 .5-.5V8H12v2a2 2 0 0 1-2 2H8Zm2-12a2 2 0 0 1 2 2v2h-1.5V2a.5.5 0 0 0-.5-.5H8V0h2Z\" \/>\n\t\t\t<\/svg>\n\t\t<\/button><\/figure>\n\n\n\n<p class=\"has-medium-font-size\">Les d\u00e9fenseurs et les d\u00e9tracteurs de l&rsquo;intelligence artificielle sont-ils sur la m\u00eame longueur d&rsquo;ondes ?<\/p>\n\n\n\n<p class=\"has-medium-font-size\">N&rsquo;est-ce pas surtout une diff\u00e9rence de points de vue par m\u00e9connaissance de l&rsquo;adaptabilit\u00e9 est surtout de l&rsquo;inadaptabilit\u00e9 des \u00eatres aux changements de situation et surtout d&rsquo;habitudes ?<\/p>\n\n\n\n<p class=\"has-medium-font-size\">Camp\u00e9 voire dress\u00e9 par des habitudes familiales et\/ou soci\u00e9tale, <a href=\"https:\/\/mecahealth.com\/?page_id=5003\" data-type=\"page\" data-id=\"5003\">sous influences<\/a> donc, l\u2019\u00eatre humain en a perdu bien souvent une part ou la totalit\u00e9 de son adaptabilit\u00e9. \u00c0 force d&rsquo;\u00eatre dans le confort et la facilit\u00e9, l&rsquo;\u00eatre humain est devenu r\u00e9fractaire au changement dans bien des cas. L&rsquo;origine de cette forme de difficult\u00e9s voire de moutonnerie, s&rsquo;explique dans une page plus d\u00e9taill\u00e9e qui fera peut-\u00eatre mal aux croyances qui s\u2019imposent au cours du temps comme nous le voyons notamment dans la page <em><a href=\"https:\/\/mecahealth.com\/?page_id=2313\" data-type=\"page\" data-id=\"2313\">L&rsquo;heure de manger<\/a><\/em> ou <a href=\"https:\/\/mecahealth.com\/?page_id=7863\" data-type=\"page\" data-id=\"7863\">celle du paradis<\/a>.<\/p>\n\n\n\n<p class=\"has-medium-font-size\">Pendant des si\u00e8cles, nous avons pens\u00e9 que les m\u00e9tiers intellectuels ne pouvaient dispara\u00eetre pendant quelques d\u00e9cennies nous avons imagin\u00e9 que seules les professions manuelles peu qualifi\u00e9es pouvaient dispara\u00eetre. Aujourd&rsquo;hui m\u00eame s&rsquo;il ne semble pas encore possible de se passer d&rsquo;un plombier ou d&rsquo;un \u00e9lectricien, on commence \u00e0 comprendre que certaines t\u00e2ches pourraient dispara\u00eetre comme celle de certaines \u00e9tapes de comptabilit\u00e9, mais \u00e9galement de certains formations mais \u00e9galement de certains diagnostics notamment radiologiques ou <em>la machine<\/em>, l&rsquo;IA, ne loupera pas une diff\u00e9renciation cellulaire anarchique nonom\u00e9trique (&#8230;) l\u00e0 o\u00f9 l\u2019\u00eatre humain ne serait capable que de voir qu&rsquo;un amas bien plus grand et avec bien plus de temps.<\/p>\n\n\n\n<p class=\"has-medium-font-size\">Est-il si important ou grave de voir une partie de notre r\u00e9flexion et de nos t\u00e2ches professionnelles \u00eatre r\u00e9alis\u00e9es par une machine&nbsp;?<\/p>\n\n\n\n<p class=\"has-medium-font-size\">Ne vaudrait-il pas mieux s&rsquo;interroger aujourd&rsquo;hui sur notre mani\u00e8re d&rsquo;envisager de ne pas s&rsquo;adapter aux nouvelles situations ? Ne serait-il pas plus efficace de comprendre ce qui nous a amen\u00e9 \u00e0 \u00eatre r\u00e9fractaire aux changements&nbsp;? L\u2019\u00e9cole&nbsp;? Les parents ? Les religions&nbsp;?<\/p>\n\n\n\n<p class=\"has-large-font-size\">N&rsquo;est-ce pas la peur inconsciente de ne pas \u00eatre indispensable,&nbsp;d&rsquo;\u00eatre rempla\u00e7able qui pose probl\u00e8me ?<\/p>\n\n\n\n<p class=\"has-medium-font-size\">Ne vaudrait-il pas la peine de comprendre qu&rsquo;il faut apprendre plus encore \u00e0 apprendre, \u00e0 analyser et \u00e0 s&rsquo;adapter ?<\/p>\n\n\n\n<p class=\"has-medium-font-size\">Pour cela il faut que les politiques et les professeurs s&rsquo;adaptent aux changements et le fassent accepter aux diff\u00e9rentes formes d&rsquo;\u00e9lecteurs (&#8230;). Ces 3 cat\u00e9gories d&rsquo;intervenants ont plus d&rsquo;une fois prouver leurs difficult\u00e9s \u00e0 s&rsquo;adapter. C&rsquo;est la raison pour laquelle, nous pouvons avoir peur de l&rsquo;arriv\u00e9e massive et rapide de l&rsquo;IA. Seuls ceux qui b\u00e9n\u00e9ficient de ce talent aujourd&rsquo;hui pourront survivre et b\u00e9n\u00e9ficier des avantages de cette technologie s&rsquo;il n&rsquo;y a pas de guidance vers une augmentation de l&rsquo;adaptabilit\u00e9. Ceux qui ne sont pas dans l&rsquo;adaptation mais dans son utilisation primaire risquent d&rsquo;en devenir paresseux (ou le sont d\u00e9j\u00e0 de plus en plus) et seront d&#8217;embl\u00e9e remplac\u00e9 par une machine.<\/p>\n\n\n\n<p>Nous avons la chance, gr\u00e2ce \u00e0 l&rsquo;IA disponible dans notre smartphone, de pratiquement tous disposer \u00e0 pr\u00e9sent d&rsquo;un v\u00e9ritable assistant et d&rsquo;un mentor \u00e0 la fois. Ceux qui n&rsquo;y voit qu&rsquo;un esclave pour nous servir risquent de ne pas pouvoir avancer avec les avanc\u00e9es <a href=\"https:\/\/start.exactonline.be\/docs\/MenuPortal.aspx\">m\u00eame avec un bon cerveau initial<\/a>. Ceux qui n&rsquo;ont pas eu cette chance devront d&rsquo;autant plus \u00eatre aid\u00e9 (&#8230;).<\/p>\n\n\n\n<p class=\"has-medium-font-size\">Apprendre \u00e0 apprendre et apprendre \u00e0 s\u2019adapter sont sans doute les deux priorit\u00e9s pour l\u2019enseignement\u2026 et r\u00e9aliser une <a href=\"https:\/\/mecahealth.com\/?page_id=6654\" data-type=\"page\" data-id=\"6654\">belle m\u00e9tacognition<\/a> par ceux qui se disent intellectuels en restant r\u00e9fractaires aux changements (\u2026).<\/p>\n\n\n\n<p class=\"has-medium-font-size\">Il n&rsquo;y a pas de mort de l&rsquo;humain mais la mort d&rsquo;une r\u00e9flexion \u00e0 ceux qui ne se r\u00e9veillent.<\/p>\n\n\n\n<p>(&#8230;)<\/p>\n\n\n\n<h2 class=\"wp-block-heading\"><span style=\"font-size: var(--wp--preset--font-size--medium) ; color: initial;\"><span style=\"font-size: var(--wp--preset--font-size--medium) ; color: initial;\">Abonnez-vous \u00e0 nos diff\u00e9rentes pages pour \u00eatre averti(s) des nouvelles mises en ligne&#8230;<\/span><\/span><\/h2>\n\n\n\n<p><a rel=\"noreferrer noopener\" href=\"https:\/\/www.facebook.com\/MecaHealthAsbl\" target=\"_blank\">Facebook MecaHealthAsbl<\/a> &#8211; <a rel=\"noreferrer noopener\" href=\"https:\/\/www.linkedin.com\/company\/mecahealth\/\" target=\"_blank\">Linkedin MecaHealth<\/a> &#8211; <a rel=\"noreferrer noopener\" href=\"https:\/\/www.youtube.com\/channel\/UCJb5g--IGlU6FgQLQKaJljg\" target=\"_blank\">Youtube cha\u00eene MecaHealth<\/a> &#8211; Instagram (pas encore)(&#8230;)<\/p>\n\n\n\n<h2 class=\"wp-block-heading has-medium-font-size\">Revenir au chapitre <a href=\"https:\/\/mecahealth.com\/?page_id=75\" data-type=\"page\" data-id=\"75\"><em>Corps psychique<\/em><\/a><em> <\/em><\/h2>\n","protected":false},"excerpt":{"rendered":"<p>Attention \u00e0 lire les consignes avant de lire toute page d&rsquo;un site sant\u00e9 ! Les d\u00e9fenseurs et les d\u00e9tracteurs de l&rsquo;intelligence artificielle sont-ils sur la m\u00eame longueur d&rsquo;ondes ? N&rsquo;est-ce pas surtout une diff\u00e9rence de points de vue par m\u00e9connaissance de l&rsquo;adaptabilit\u00e9 est surtout de l&rsquo;inadaptabilit\u00e9 des \u00eatres aux changements<a href=\"https:\/\/mecahealth.com\/?page_id=7941\" class=\"read-more\">Read More&#8230;<\/a><\/p>\n","protected":false},"author":1,"featured_media":0,"parent":0,"menu_order":0,"comment_status":"closed","ping_status":"closed","template":"","meta":{"footnotes":""},"class_list":["post-7941","page","type-page","status-publish","hentry"],"jetpack_sharing_enabled":true,"_links":{"self":[{"href":"https:\/\/mecahealth.com\/index.php?rest_route=\/wp\/v2\/pages\/7941","targetHints":{"allow":["GET"]}}],"collection":[{"href":"https:\/\/mecahealth.com\/index.php?rest_route=\/wp\/v2\/pages"}],"about":[{"href":"https:\/\/mecahealth.com\/index.php?rest_route=\/wp\/v2\/types\/page"}],"author":[{"embeddable":true,"href":"https:\/\/mecahealth.com\/index.php?rest_route=\/wp\/v2\/users\/1"}],"replies":[{"embeddable":true,"href":"https:\/\/mecahealth.com\/index.php?rest_route=%2Fwp%2Fv2%2Fcomments&post=7941"}],"version-history":[{"count":14,"href":"https:\/\/mecahealth.com\/index.php?rest_route=\/wp\/v2\/pages\/7941\/revisions"}],"predecessor-version":[{"id":7984,"href":"https:\/\/mecahealth.com\/index.php?rest_route=\/wp\/v2\/pages\/7941\/revisions\/7984"}],"wp:attachment":[{"href":"https:\/\/mecahealth.com\/index.php?rest_route=%2Fwp%2Fv2%2Fmedia&parent=7941"}],"curies":[{"name":"wp","href":"https:\/\/api.w.org\/{rel}","templated":true}]}}