{"id":7883,"date":"2025-05-24T13:13:54","date_gmt":"2025-05-24T11:13:54","guid":{"rendered":"https:\/\/mecahealth.com\/?page_id=7883"},"modified":"2026-03-23T09:46:40","modified_gmt":"2026-03-23T08:46:40","slug":"colere-euthanasie","status":"publish","type":"page","link":"https:\/\/mecahealth.com\/?page_id=7883","title":{"rendered":"Col\u00e8re : Euthanasie"},"content":{"rendered":"\n<p class=\"has-medium-font-size\">Les textes de la cat\u00e9gorie Col\u00e8re, n&rsquo;engage pas l&rsquo;asbl mais seulement l&rsquo;auteur.<\/p>\n\n\n\n<p class=\"has-medium-font-size\"><a style=\"font-size: revert;\" href=\"https:\/\/mecahealth.com\/?page_id=122\">Attention \u00e0 lire les consignes avant de lire toute page d&rsquo;un site sant\u00e9 !<\/a><\/p>\n\n\n\n<figure data-wp-context=\"{&quot;imageId&quot;:&quot;69e4319de1e0a&quot;}\" data-wp-interactive=\"core\/image\" data-wp-key=\"69e4319de1e0a\" class=\"wp-block-image size-medium is-resized is-style-rounded wp-lightbox-container\"><img loading=\"lazy\" decoding=\"async\" width=\"300\" height=\"300\" data-wp-class--hide=\"state.isContentHidden\" data-wp-class--show=\"state.isContentVisible\" data-wp-init=\"callbacks.setButtonStyles\" data-wp-on--click=\"actions.showLightbox\" data-wp-on--load=\"callbacks.setButtonStyles\" data-wp-on-window--resize=\"callbacks.setButtonStyles\" src=\"https:\/\/mecahealth.com\/wp-content\/uploads\/2025\/05\/Colere-euthanasie-2-300x300.jpeg\" alt=\"\" class=\"wp-image-7898\" style=\"width:330px\" srcset=\"https:\/\/mecahealth.com\/wp-content\/uploads\/2025\/05\/Colere-euthanasie-2-300x300.jpeg 300w, https:\/\/mecahealth.com\/wp-content\/uploads\/2025\/05\/Colere-euthanasie-2-1024x1024.jpeg 1024w, https:\/\/mecahealth.com\/wp-content\/uploads\/2025\/05\/Colere-euthanasie-2-150x150.jpeg 150w, https:\/\/mecahealth.com\/wp-content\/uploads\/2025\/05\/Colere-euthanasie-2-768x768.jpeg 768w, https:\/\/mecahealth.com\/wp-content\/uploads\/2025\/05\/Colere-euthanasie-2-1536x1536.jpeg 1536w, https:\/\/mecahealth.com\/wp-content\/uploads\/2025\/05\/Colere-euthanasie-2.jpeg 2048w\" sizes=\"auto, (max-width: 300px) 100vw, 300px\" \/><button\n\t\t\tclass=\"lightbox-trigger\"\n\t\t\ttype=\"button\"\n\t\t\taria-haspopup=\"dialog\"\n\t\t\taria-label=\"Enlarge\"\n\t\t\tdata-wp-init=\"callbacks.initTriggerButton\"\n\t\t\tdata-wp-on--click=\"actions.showLightbox\"\n\t\t\tdata-wp-style--right=\"state.imageButtonRight\"\n\t\t\tdata-wp-style--top=\"state.imageButtonTop\"\n\t\t>\n\t\t\t<svg xmlns=\"http:\/\/www.w3.org\/2000\/svg\" width=\"12\" height=\"12\" fill=\"none\" viewBox=\"0 0 12 12\">\n\t\t\t\t<path fill=\"#fff\" d=\"M2 0a2 2 0 0 0-2 2v2h1.5V2a.5.5 0 0 1 .5-.5h2V0H2Zm2 10.5H2a.5.5 0 0 1-.5-.5V8H0v2a2 2 0 0 0 2 2h2v-1.5ZM8 12v-1.5h2a.5.5 0 0 0 .5-.5V8H12v2a2 2 0 0 1-2 2H8Zm2-12a2 2 0 0 1 2 2v2h-1.5V2a.5.5 0 0 0-.5-.5H8V0h2Z\" \/>\n\t\t\t<\/svg>\n\t\t<\/button><\/figure>\n\n\n\n<p class=\"has-medium-font-size\">Alors que, depuis 2002, la Belgique a d\u00e9fini une loi pour d\u00e9fendre ceux qui souhaitent b\u00e9n\u00e9ficier d&rsquo;une euthanasie, le d\u00e9bat anime la France depuis longtemps. Les r\u00e9seaux et les m\u00e9dias se sont <em><strong>affol\u00e9s <\/strong><\/em>plus encore en 2025 suite \u00e0 l&rsquo;avanc\u00e9e politique sur cette mati\u00e8re dans ce pays voisin.<\/p>\n\n\n\n<p class=\"has-medium-font-size\">J&rsquo;ai rencontr\u00e9 pas mal de personnes ayant sign\u00e9 pour \u00eatre euthanasi\u00e9es lorsqu&rsquo;elles le souhaiteraient. Je suis ou ai \u00e9t\u00e9 <em>t\u00e9moin signataire <\/em>pour plusieurs d&rsquo;entre eux. Ne souhaitant pas <a href=\"https:\/\/mecahealth.com\/?page_id=5989\" data-type=\"page\" data-id=\"5989\">faire comme de nombreux psychanalystes<\/a>, je ne m&rsquo;avancerai pas pour affirmer que ce qui suit est valable comme \u00e9tude mais pour l&rsquo;instant, m\u00eame dans une situation pouvant envisager une mise en pratique, la plupart de ces personnes n&rsquo;ont pas fait la demande de recevoir une m\u00e9dication l\u00e9tale. Cette loi rassure surtout la peur de se voir souffrir. Les soins palliatifs peuvent dans la plupart des cas s&rsquo;av\u00e9rer suffisantes pour contrer les douleurs craintes mais pas toujours. On retrouve aux unit\u00e9s de soins palliatifs, seulement 6,3% de l&rsquo;ensemble des euthanasies (chiffres 2024 <a href=\"https:\/\/organesdeconcertation.sante.belgique.be\/sites\/default\/files\/documents\/cfcee-communiquepresse20240227-chiffreseuthanasie-2023.pdf?utm_source=chatgpt.com\" data-type=\"link\" data-id=\"https:\/\/organesdeconcertation.sante.belgique.be\/sites\/default\/files\/documents\/cfcee-communiquepresse20240227-chiffreseuthanasie-2023.pdf?utm_source=chatgpt.com\" target=\"_blank\" rel=\"noreferrer noopener\">CFCEE<\/a> ou <a href=\"https:\/\/www.admd.org\/articles\/decryptages\/les-chiffres-de-la-pratique-de-leuthanasie-en-belgique-en-2024.html?utm_source=chatgpt.com\" target=\"_blank\" rel=\"noreferrer noopener\">ADMD<\/a>). Sauf erreur, nul chiffre pour l&rsquo;instant de ceux qui avaient sign\u00e9s et qui permettraient une mise en perspective de la proportion de ceux qui \u00e9taient pr\u00eats \u00e0 \u00eatre euthanasi\u00e9s et la proportion de ceux qui ont en fin de compte demand\u00e9 de le faire. Les chiffres semblent se rapprocher de ce que j&rsquo;ai pu observer.<\/p>\n\n\n\n<p class=\"has-small-font-size\"><a href=\"https:\/\/www.ieb-eib.org\/fr\/dossier\/fin-de-vie\/euthanasie-et-suicide-assiste\/l-euthanasie-20-ans-apres-pour-une-veritable-evaluation-de-la-loi-belge-571.html\" data-type=\"link\" data-id=\"https:\/\/www.ieb-eib.org\/fr\/dossier\/fin-de-vie\/euthanasie-et-suicide-assiste\/l-euthanasie-20-ans-apres-pour-une-veritable-evaluation-de-la-loi-belge-571.html\" target=\"_blank\" rel=\"noreferrer noopener\">Plus de 20 ann\u00e9es d&rsquo;exp\u00e9riences en Belgique (plus d&rsquo;infos)<\/a><\/p>\n\n\n\n<p class=\"has-medium-font-size\">Si l&rsquo;on est pr\u00eat \u00e0 accepter de faire une <a href=\"https:\/\/mecahealth.com\/?page_id=6654\" data-type=\"page\" data-id=\"6654\">m\u00e9tacognition soci\u00e9tale<\/a>, \u00e9tant <a href=\"https:\/\/mecahealth.com\/?page_id=5003\" data-type=\"page\" data-id=\"5003\">sous influences multiples<\/a> depuis toujours et surtout depuis 313 (Constantin &#8211; \u00e9dit de Milan), la notion de <a href=\"https:\/\/mecahealth.com\/?page_id=7863\" data-type=\"page\" data-id=\"7863\">paradis <strong>devait <\/strong>s&rsquo;accompagner d&rsquo;un rejet de la notion du suicide<\/a>. Les mouvements qui s&rsquo;opposent \u00e0 la notion d&rsquo;euthanasie semble avoir des difficult\u00e9s \u00e0 contextualiser ces notions.<\/p>\n\n\n\n<p class=\"has-medium-font-size\">Les professionnels de sant\u00e9 qui rejettent cette \u00e9ventualit\u00e9 s&rsquo;abritent parfois derri\u00e8re leur(s) croyance(s) mais aussi derri\u00e8re <a href=\"https:\/\/mecahealth.com\/?page_id=7876\" data-type=\"page\" data-id=\"7876\">le serment d&rsquo;Hippocrate, ce qui en devient hypocrite s&rsquo;il est connu de ceux-ci<\/a>. Il n&rsquo;est dans la loi belge ni dans la loi fran\u00e7aise question d&rsquo;obliger un tiers \u00e0 devenir l&rsquo;ex\u00e9cutant&#8230; Chacun est libre de ne pas vouloir aider \u00e0 mourir une personne qui le souhaite mais sans pour autant tenter de faire croire que cet acte va \u00e0 l&rsquo;encontre de la morale m\u00e9dicale. Il est \u00e9vident qu&rsquo;il faut \u00e9viter que des <em>Anges de la mort<\/em> ou autres sociopathes viennent se nourrir d&rsquo;actes de ce type mais un cadre bien d\u00e9fini devrait pouvoir limiter les risques au maximum. Celui qui dirait que, s&rsquo;il y a un risque, il ne faut pas le prendre et donc pas valider une loi, devrait relire chaque loi car il n&rsquo;y a, en science humaine ou en loi politique aucune v\u00e9rit\u00e9 absolue comme nous le relevons <a href=\"https:\/\/mecahealth.com\/?page_id=149\" data-type=\"page\" data-id=\"149\">dans le cadre des recherches<\/a>.<\/p>\n\n\n\n<p class=\"has-medium-font-size\">Concernant l&rsquo;euthanasie intervenant pour des affectations psychiatriques, convaincus de certaines erreurs soci\u00e9tales et professionnelles ne voyant pas que la grande majorit\u00e9 de leurs patients, hors trauma majeur, b\u00e9n\u00e9ficient d&rsquo;une certaine <a href=\"https:\/\/mecahealth.com\/?page_id=6609\" data-type=\"page\" data-id=\"6609\">H-p\u00e9titude<\/a> et d&rsquo;un <a href=\"https:\/\/mecahealth.com\/?page_id=4337\" data-type=\"page\" data-id=\"4337\">degr\u00e9 d&#8217;empathie<\/a> sup\u00e9rieure \u00e0 la moyenne de la population, je pense en effet qu&rsquo;il ne faudrait pas favoriser l&rsquo;euthanasie dans ces cas de figure mais bien faire progresser notre Soci\u00e9t\u00e9 et faire \u00e9voluer la recherche en sant\u00e9 mentale en limitant les <a href=\"https:\/\/mecahealth.com\/?page_id=8131\" data-type=\"page\" data-id=\"8131\">biais bien trop nombreux aujourd&rsquo;hui encore<\/a> (&#8230;).<\/p>\n\n\n\n<p class=\"has-medium-font-size\">Concernant ceux que j&rsquo;ai pu lire, dans le cadre du handicap en France, qui interpr\u00e8tent cette loi comme <em>validiste<\/em>, une r\u00e9ponse id\u00e9ale comporterait plusieurs pages. Ceux qui me connaissent, savent que je consacre un plein temps b\u00e9n\u00e9volement depuis plus de 20 ans pour le droit et la mise en accessibilit\u00e9 pour les personnes en situation de handicap. La souffrance ne vient pas de cette loi mais bien du manque de consid\u00e9ration voire de la m\u00e9chancet\u00e9 ou de la violence de certaines personnes \u00e0 l&rsquo;\u00e9gard des personnes diff\u00e9rentes de la moyenne. Adul\u00e9e dans les films, <a href=\"https:\/\/mecahealth.com\/?page_id=6847\" data-type=\"page\" data-id=\"6847\">les h\u00e9ros sont souvent harcel\u00e9s dans la vie r\u00e9elle<\/a>. C&rsquo;est le cas de nos h\u00e9ros en situation de handicap, dont certains ne veulent pas dire qu&rsquo;ils sont des h\u00e9ros alors que d&rsquo;autres aiment l&rsquo;entendre. La pens\u00e9e n&rsquo;est pas binaire et ce que les uns <a href=\"https:\/\/mecahealth.com\/?page_id=8333\" data-type=\"page\" data-id=\"8333\">pensent et hurlent n&rsquo;est pas repr\u00e9sentatif<\/a> non plus.<\/p>\n\n\n\n<p class=\"has-medium-font-size\">Imaginer que ces lois sont <em>validistes<\/em> est une d\u00e9rive d&rsquo;un parcours malheureux qu&rsquo;il est temps de faire \u00e9voluer mais qui n&rsquo;a rien \u00e0 voir avec la fin de vie (&#8230;). J&rsquo;ai repos\u00e9 la question \u00e0 plusieurs amies en situation de handicap et qui plus est croyantes. Elles ne consid\u00e8rent pas que cette loi \u00e0 la sauce belge ou fran\u00e7aise soit <em>validiste<\/em>. Avoir la possibilit\u00e9 de se pr\u00e9senter comme candidat est une opportunit\u00e9 et un droit. Si votre dieu nous a laiss\u00e9 libre de nos choix, il nous a laiss\u00e9 libre d&rsquo;avancer notre mort l\u00e0 o\u00f9 la vie risque de devenir insupportable&#8230;<\/p>\n\n\n\n<p class=\"has-medium-font-size\">\u00e0 suivre<\/p>\n\n\n\n<p class=\"has-medium-font-size\">F.Li\u00e9geois<\/p>\n\n\n\n<p>(&#8230;)<\/p>\n\n\n\n<h2 class=\"wp-block-heading has-medium-font-size\">Revenir au chapitre <em><a href=\"https:\/\/mecahealth.com\/?page_id=127\" data-type=\"page\" data-id=\"127\">Corps psychique<\/a><\/em> ou \u00e0 la page <em><a href=\"https:\/\/mecahealth.com\/?page_id=6654\" data-type=\"page\" data-id=\"6654\">m\u00e9tacognition soci\u00e9tale<\/a><\/em>, <em><a href=\"https:\/\/mecahealth.com\/?page_id=7883\" data-type=\"page\" data-id=\"7883\"><\/a><a href=\"https:\/\/mecahealth.com\/?page_id=7883\" data-type=\"page\" data-id=\"7883\">paradis vs suicide<\/a><\/em><\/h2>\n","protected":false},"excerpt":{"rendered":"<p>Les textes de la cat\u00e9gorie Col\u00e8re, n&rsquo;engage pas l&rsquo;asbl mais seulement l&rsquo;auteur. Attention \u00e0 lire les consignes avant de lire toute page d&rsquo;un site sant\u00e9 ! Alors que, depuis 2002, la Belgique a d\u00e9fini une loi pour d\u00e9fendre ceux qui souhaitent b\u00e9n\u00e9ficier d&rsquo;une euthanasie, le d\u00e9bat anime la France depuis<a href=\"https:\/\/mecahealth.com\/?page_id=7883\" class=\"read-more\">Read More&#8230;<\/a><\/p>\n","protected":false},"author":1,"featured_media":0,"parent":0,"menu_order":0,"comment_status":"closed","ping_status":"closed","template":"","meta":{"footnotes":""},"class_list":["post-7883","page","type-page","status-publish","hentry"],"jetpack_sharing_enabled":true,"_links":{"self":[{"href":"https:\/\/mecahealth.com\/index.php?rest_route=\/wp\/v2\/pages\/7883","targetHints":{"allow":["GET"]}}],"collection":[{"href":"https:\/\/mecahealth.com\/index.php?rest_route=\/wp\/v2\/pages"}],"about":[{"href":"https:\/\/mecahealth.com\/index.php?rest_route=\/wp\/v2\/types\/page"}],"author":[{"embeddable":true,"href":"https:\/\/mecahealth.com\/index.php?rest_route=\/wp\/v2\/users\/1"}],"replies":[{"embeddable":true,"href":"https:\/\/mecahealth.com\/index.php?rest_route=%2Fwp%2Fv2%2Fcomments&post=7883"}],"version-history":[{"count":37,"href":"https:\/\/mecahealth.com\/index.php?rest_route=\/wp\/v2\/pages\/7883\/revisions"}],"predecessor-version":[{"id":8731,"href":"https:\/\/mecahealth.com\/index.php?rest_route=\/wp\/v2\/pages\/7883\/revisions\/8731"}],"wp:attachment":[{"href":"https:\/\/mecahealth.com\/index.php?rest_route=%2Fwp%2Fv2%2Fmedia&parent=7883"}],"curies":[{"name":"wp","href":"https:\/\/api.w.org\/{rel}","templated":true}]}}