{"id":7876,"date":"2025-05-24T12:40:04","date_gmt":"2025-05-24T10:40:04","guid":{"rendered":"https:\/\/mecahealth.com\/?page_id=7876"},"modified":"2025-05-31T07:56:41","modified_gmt":"2025-05-31T05:56:41","slug":"colere-serment-dhypocrites","status":"publish","type":"page","link":"https:\/\/mecahealth.com\/?page_id=7876","title":{"rendered":"Col\u00e8re : Serment d&rsquo;hypocrites"},"content":{"rendered":"\n<p class=\"has-medium-font-size\">Les textes de la cat\u00e9gorie Col\u00e8re, n&rsquo;engage pas l&rsquo;asbl mais seulement l&rsquo;auteur.<\/p>\n\n\n\n<p class=\"has-medium-font-size\"><a style=\"font-size: revert;\" href=\"https:\/\/mecahealth.com\/?page_id=122\">Attention \u00e0 lire les consignes avant de lire toute page d&rsquo;un site sant\u00e9 !<\/a><\/p>\n\n\n\n<figure data-wp-context=\"{&quot;imageId&quot;:&quot;69e4451f99774&quot;}\" data-wp-interactive=\"core\/image\" data-wp-key=\"69e4451f99774\" class=\"wp-block-image size-large is-resized is-style-rounded wp-lightbox-container\"><img loading=\"lazy\" decoding=\"async\" width=\"1024\" height=\"1024\" data-wp-class--hide=\"state.isContentHidden\" data-wp-class--show=\"state.isContentVisible\" data-wp-init=\"callbacks.setButtonStyles\" data-wp-on--click=\"actions.showLightbox\" data-wp-on--load=\"callbacks.setButtonStyles\" data-wp-on-window--resize=\"callbacks.setButtonStyles\" src=\"https:\/\/mecahealth.com\/wp-content\/uploads\/2025\/05\/Colere-serment-dhippocrate-et-hyprocisie-1024x1024.jpeg\" alt=\"\" class=\"wp-image-7879\" style=\"width:330px\" srcset=\"https:\/\/mecahealth.com\/wp-content\/uploads\/2025\/05\/Colere-serment-dhippocrate-et-hyprocisie-1024x1024.jpeg 1024w, https:\/\/mecahealth.com\/wp-content\/uploads\/2025\/05\/Colere-serment-dhippocrate-et-hyprocisie-300x300.jpeg 300w, https:\/\/mecahealth.com\/wp-content\/uploads\/2025\/05\/Colere-serment-dhippocrate-et-hyprocisie-150x150.jpeg 150w, https:\/\/mecahealth.com\/wp-content\/uploads\/2025\/05\/Colere-serment-dhippocrate-et-hyprocisie-768x768.jpeg 768w, https:\/\/mecahealth.com\/wp-content\/uploads\/2025\/05\/Colere-serment-dhippocrate-et-hyprocisie-1536x1536.jpeg 1536w, https:\/\/mecahealth.com\/wp-content\/uploads\/2025\/05\/Colere-serment-dhippocrate-et-hyprocisie.jpeg 2048w\" sizes=\"auto, (max-width: 1024px) 100vw, 1024px\" \/><button\n\t\t\tclass=\"lightbox-trigger\"\n\t\t\ttype=\"button\"\n\t\t\taria-haspopup=\"dialog\"\n\t\t\taria-label=\"Enlarge\"\n\t\t\tdata-wp-init=\"callbacks.initTriggerButton\"\n\t\t\tdata-wp-on--click=\"actions.showLightbox\"\n\t\t\tdata-wp-style--right=\"state.imageButtonRight\"\n\t\t\tdata-wp-style--top=\"state.imageButtonTop\"\n\t\t>\n\t\t\t<svg xmlns=\"http:\/\/www.w3.org\/2000\/svg\" width=\"12\" height=\"12\" fill=\"none\" viewBox=\"0 0 12 12\">\n\t\t\t\t<path fill=\"#fff\" d=\"M2 0a2 2 0 0 0-2 2v2h1.5V2a.5.5 0 0 1 .5-.5h2V0H2Zm2 10.5H2a.5.5 0 0 1-.5-.5V8H0v2a2 2 0 0 0 2 2h2v-1.5ZM8 12v-1.5h2a.5.5 0 0 0 .5-.5V8H12v2a2 2 0 0 1-2 2H8Zm2-12a2 2 0 0 1 2 2v2h-1.5V2a.5.5 0 0 0-.5-.5H8V0h2Z\" \/>\n\t\t\t<\/svg>\n\t\t<\/button><\/figure>\n\n\n\n<p class=\"has-medium-font-size\">Nulle g\u00e9n\u00e9ralit\u00e9 souhait\u00e9e dans le titre. Il est destin\u00e9 \u00e0 ceux qui s&rsquo;abritent un serment tout comme une religion pour se retrancher derri\u00e8re leurs convictions n\u00e9es d&rsquo;<a href=\"https:\/\/mecahealth.com\/?page_id=5003\" data-type=\"page\" data-id=\"5003\">une influence<\/a> et d&rsquo;un <a href=\"https:\/\/mecahealth.com\/?page_id=1974\" data-type=\"page\" data-id=\"1974\">instinct gr\u00e9gaire<\/a> forts notamment dans le cadre de <a href=\"https:\/\/mecahealth.com\/?page_id=7883\" data-type=\"page\" data-id=\"7883\">l&rsquo;euthanasie<\/a>.   <\/p>\n\n\n\n<p class=\"has-medium-font-size\">Le serment d&rsquo;Hippocrate, dans sa version antique, interdit plusieurs pratiques qui sont aujourd&rsquo;hui courantes en m\u00e9decine moderne. Qu&rsquo;advientrait-il d&rsquo;une m\u00e9decine qui s&rsquo;appuie trop souvent sur ce texte ?<\/p>\n\n\n\n<ul class=\"has-medium-font-size wp-block-list\">\n<li><strong>Interdiction de donner une drogue mortelle<\/strong>\u202f: <em>Je ne remettrai \u00e0 personne une drogue mortelle si on me la demande, ni ne prendrai l&rsquo;initiative d&rsquo;une telle suggestion\u202f<\/em>. Cette phrase est souvent utilis\u00e9e pour s&rsquo;opposer \u00e0 l&rsquo;euthanasie.<\/li>\n\n\n\n<li><strong>Interdiction de remettre un pessaire abortif<\/strong>\u202f: Le serment interdit \u00e9galement de fournir des moyens abortifs, alors que l&rsquo;avortement est aujourd&rsquo;hui l\u00e9gal et pratiqu\u00e9 dans de nombreux pays.<\/li>\n\n\n\n<li><strong>Interdiction de pratiquer certaines chirurgies<\/strong>\u202f: <em>Je n\u2019inciserai pas non plus les malades atteints de lithiase, mais je laisserai cela aux hommes sp\u00e9cialistes de cette intervention. <\/em>Cela concerne l&rsquo;op\u00e9ration de la taille (extraction de calculs v\u00e9sicaux), qui \u00e9tait \u00e0 l&rsquo;\u00e9poque risqu\u00e9e et r\u00e9serv\u00e9e \u00e0 des sp\u00e9cialistes. Aujourd&rsquo;hui, la chirurgie fait partie int\u00e9grante de la m\u00e9decine.<\/li>\n\n\n\n<li><strong>Transmission du savoir sans r\u00e9mun\u00e9ration<\/strong>\u202f: Le serment pr\u00e9voit que l&rsquo;enseignement de la m\u00e9decine doit se faire sans salaire ni contrat, ce qui n&rsquo;est plus le cas dans le syst\u00e8me actuel. Il n&rsquo;y a pas d&rsquo;int\u00e9r\u00eat \u00e0 s&rsquo;opposer \u00e0 un minimum d&rsquo;enseignements r\u00e9mun\u00e9r\u00e9s aujourd&rsquo;hui mais sans doute, comme nous le voyons partiellement dans la page <a href=\"https:\/\/mecahealth.com\/?page_id=7114\" data-type=\"page\" data-id=\"7114\">Prix de l&#8217;empathie<\/a>, faudrait-il rappeler ce point de temps en temps \u00e0 certains monnayeurs de soins&#8230;<\/li>\n<\/ul>\n\n\n\n<p class=\"has-medium-font-size\">D&rsquo;autres aspects du serment, comme l&rsquo;obligation de discr\u00e9tion, la conduite morale irr\u00e9prochable et le refus de nuire, restent des principes fondamentaux de l&rsquo;\u00e9thique m\u00e9dicale contemporaine.<\/p>\n\n\n\n<p class=\"has-medium-font-size\">Le serment d&rsquo;Hippocrate a \u00e9volu\u00e9 et n&rsquo;est plus appliqu\u00e9 litt\u00e9ralement la plupart du temps. Des versions modernis\u00e9es, comme la D\u00e9claration de Gen\u00e8ve, tiennent compte des avanc\u00e9es m\u00e9dicales et des enjeux \u00e9thiques contemporains\u202f: elles n&rsquo;interdisent plus explicitement l&rsquo;avortement, certaines chirurgies, ou l&rsquo;enseignement r\u00e9mun\u00e9r\u00e9, mais insistent sur le respect de la vie, la dignit\u00e9, l&rsquo;autonomie du patient et la bienfaisance.<\/p>\n\n\n\n<p class=\"has-text-align-right\">F.Li\u00e9geois<\/p>\n\n\n\n<p>(&#8230;)<\/p>\n\n\n\n<h2 class=\"wp-block-heading has-medium-font-size\">Revenir au chapitre <em><a href=\"https:\/\/mecahealth.com\/?page_id=127\" data-type=\"page\" data-id=\"127\">Corps psychique<\/a><\/em> ou \u00e0 la page <em><a href=\"https:\/\/mecahealth.com\/?page_id=6654\" data-type=\"page\" data-id=\"6654\">m\u00e9tacognition soci\u00e9tale<\/a><\/em>, <a href=\"https:\/\/mecahealth.com\/?page_id=7883\" data-type=\"page\" data-id=\"7883\">paradis vs suicide<\/a><\/h2>\n\n\n\n<p><\/p>\n","protected":false},"excerpt":{"rendered":"<p>Les textes de la cat\u00e9gorie Col\u00e8re, n&rsquo;engage pas l&rsquo;asbl mais seulement l&rsquo;auteur. Attention \u00e0 lire les consignes avant de lire toute page d&rsquo;un site sant\u00e9 ! Nulle g\u00e9n\u00e9ralit\u00e9 souhait\u00e9e dans le titre. Il est destin\u00e9 \u00e0 ceux qui s&rsquo;abritent un serment tout comme une religion pour se retrancher derri\u00e8re leurs<a href=\"https:\/\/mecahealth.com\/?page_id=7876\" class=\"read-more\">Read More&#8230;<\/a><\/p>\n","protected":false},"author":1,"featured_media":0,"parent":0,"menu_order":0,"comment_status":"closed","ping_status":"closed","template":"","meta":{"footnotes":""},"class_list":["post-7876","page","type-page","status-publish","hentry"],"jetpack_sharing_enabled":true,"_links":{"self":[{"href":"https:\/\/mecahealth.com\/index.php?rest_route=\/wp\/v2\/pages\/7876","targetHints":{"allow":["GET"]}}],"collection":[{"href":"https:\/\/mecahealth.com\/index.php?rest_route=\/wp\/v2\/pages"}],"about":[{"href":"https:\/\/mecahealth.com\/index.php?rest_route=\/wp\/v2\/types\/page"}],"author":[{"embeddable":true,"href":"https:\/\/mecahealth.com\/index.php?rest_route=\/wp\/v2\/users\/1"}],"replies":[{"embeddable":true,"href":"https:\/\/mecahealth.com\/index.php?rest_route=%2Fwp%2Fv2%2Fcomments&post=7876"}],"version-history":[{"count":8,"href":"https:\/\/mecahealth.com\/index.php?rest_route=\/wp\/v2\/pages\/7876\/revisions"}],"predecessor-version":[{"id":7940,"href":"https:\/\/mecahealth.com\/index.php?rest_route=\/wp\/v2\/pages\/7876\/revisions\/7940"}],"wp:attachment":[{"href":"https:\/\/mecahealth.com\/index.php?rest_route=%2Fwp%2Fv2%2Fmedia&parent=7876"}],"curies":[{"name":"wp","href":"https:\/\/api.w.org\/{rel}","templated":true}]}}