{"id":7863,"date":"2025-05-24T09:58:22","date_gmt":"2025-05-24T08:58:22","guid":{"rendered":"https:\/\/mecahealth.com\/?page_id=7863"},"modified":"2025-11-15T21:50:16","modified_gmt":"2025-11-15T20:50:16","slug":"colere-euthanasie-et-paradis","status":"publish","type":"page","link":"https:\/\/mecahealth.com\/?page_id=7863","title":{"rendered":"Col\u00e8re : Paradis vs suicide"},"content":{"rendered":"\n<p class=\"has-medium-font-size\">les textes de la cat\u00e9gorie Col\u00e8re, n&rsquo;engage pas l&rsquo;asbl mais seulement l&rsquo;auteur.<\/p>\n\n\n\n<p class=\"has-small-font-size\"><a style=\"font-size: revert;\" href=\"https:\/\/mecahealth.com\/?page_id=122\">Attention \u00e0 lire les consignes avant de lire toute page d&rsquo;un site sant\u00e9 !<\/a><\/p>\n\n\n\n<figure data-wp-context=\"{&quot;imageId&quot;:&quot;69e41bcb4a9e1&quot;}\" data-wp-interactive=\"core\/image\" data-wp-key=\"69e41bcb4a9e1\" class=\"wp-block-image size-large is-resized is-style-rounded wp-lightbox-container\"><img loading=\"lazy\" decoding=\"async\" width=\"1024\" height=\"1024\" data-wp-class--hide=\"state.isContentHidden\" data-wp-class--show=\"state.isContentVisible\" data-wp-init=\"callbacks.setButtonStyles\" data-wp-on--click=\"actions.showLightbox\" data-wp-on--load=\"callbacks.setButtonStyles\" data-wp-on-window--resize=\"callbacks.setButtonStyles\" src=\"https:\/\/mecahealth.com\/wp-content\/uploads\/2025\/05\/Colere-paradis-vs-suicide-1024x1024.jpeg\" alt=\"\" class=\"wp-image-7864\" style=\"width:330px\" srcset=\"https:\/\/mecahealth.com\/wp-content\/uploads\/2025\/05\/Colere-paradis-vs-suicide-1024x1024.jpeg 1024w, https:\/\/mecahealth.com\/wp-content\/uploads\/2025\/05\/Colere-paradis-vs-suicide-300x300.jpeg 300w, https:\/\/mecahealth.com\/wp-content\/uploads\/2025\/05\/Colere-paradis-vs-suicide-150x150.jpeg 150w, https:\/\/mecahealth.com\/wp-content\/uploads\/2025\/05\/Colere-paradis-vs-suicide-768x768.jpeg 768w, https:\/\/mecahealth.com\/wp-content\/uploads\/2025\/05\/Colere-paradis-vs-suicide-1536x1536.jpeg 1536w, https:\/\/mecahealth.com\/wp-content\/uploads\/2025\/05\/Colere-paradis-vs-suicide.jpeg 2048w\" sizes=\"auto, (max-width: 1024px) 100vw, 1024px\" \/><button\n\t\t\tclass=\"lightbox-trigger\"\n\t\t\ttype=\"button\"\n\t\t\taria-haspopup=\"dialog\"\n\t\t\taria-label=\"Enlarge\"\n\t\t\tdata-wp-init=\"callbacks.initTriggerButton\"\n\t\t\tdata-wp-on--click=\"actions.showLightbox\"\n\t\t\tdata-wp-style--right=\"state.imageButtonRight\"\n\t\t\tdata-wp-style--top=\"state.imageButtonTop\"\n\t\t>\n\t\t\t<svg xmlns=\"http:\/\/www.w3.org\/2000\/svg\" width=\"12\" height=\"12\" fill=\"none\" viewBox=\"0 0 12 12\">\n\t\t\t\t<path fill=\"#fff\" d=\"M2 0a2 2 0 0 0-2 2v2h1.5V2a.5.5 0 0 1 .5-.5h2V0H2Zm2 10.5H2a.5.5 0 0 1-.5-.5V8H0v2a2 2 0 0 0 2 2h2v-1.5ZM8 12v-1.5h2a.5.5 0 0 0 .5-.5V8H12v2a2 2 0 0 1-2 2H8Zm2-12a2 2 0 0 1 2 2v2h-1.5V2a.5.5 0 0 0-.5-.5H8V0h2Z\" \/>\n\t\t\t<\/svg>\n\t\t<\/button><\/figure>\n\n\n\n<blockquote class=\"wp-block-quote is-layout-flow wp-block-quote-is-layout-flow\">\n<p class=\"has-medium-font-size\">Que l&rsquo;on accepte la possibilit\u00e9 qu&rsquo;un paradis soit une invention tout comme une r\u00e9alit\u00e9, il faut consid\u00e9rer qu&rsquo;il ait \u00e9t\u00e9 indispensable d&rsquo;interdire le suicide pour \u00e9viter qu&rsquo;une personne soit trop facilement tent\u00e9e de mettre fin \u00e0 ses jours m\u00eame sans mal-\u00eatre profond&#8230;<\/p>\n<cite>F.Li\u00e9geois<\/cite><\/blockquote>\n\n\n\n<h2 class=\"wp-block-heading has-medium-font-size\">Etymologie et contexte historique<\/h2>\n\n\n\n<p class=\"has-medium-font-size\">Le mot <em>paradis <\/em>trouve son origine dans le vieux perse <em>pairida\u00eaza<\/em>&nbsp;; terme repris par un site bien connu de ceux qui veulent se rapprocher physiquement d\u2019animaux en captivit\u00e9 (<a href=\"https:\/\/www.pairidaiza.eu\/fr\/\" target=\"_blank\" rel=\"noreferrer noopener\">Pairi-Daiza<\/a> pour ceux qui ne conna\u00eetrait pas malgr\u00e9 sa position dominante dans ce secteur d&rsquo;activit\u00e9, est le zoo le mieux c\u00f4t\u00e9 depuis des ann\u00e9es). Ce terme d\u00e9signait \u00e0 l\u2019origine un jardin clos ou une r\u00e9serve royale entour\u00e9e de murs, destin\u00e9e au plaisir des rois perses du Ier mill\u00e9naire av. J.-C. Il a ensuite \u00e9t\u00e9 adopt\u00e9 dans d\u2019autres langues : <em>pard\u00e8s<\/em> en h\u00e9breu, <em>paradeisos<\/em> en grec, puis <em>paradisus<\/em> en latin.<\/p>\n\n\n\n<p class=\"has-medium-font-size\">Dans la tradition biblique, le paradis terrestre correspond au Jardin d\u2019\u00c9den, un lieu de bonheur et d\u2019harmonie o\u00f9 Dieu pla\u00e7a Adam et \u00c8ve, selon le r\u00e9cit de la Gen\u00e8se. Ce r\u00e9cit n\u2019est pas une \u00ab invention \u00bb au sens moderne, mais plut\u00f4t une \u00e9laboration mythologique et th\u00e9ologique qui s\u2019inscrit dans la culture du Proche-Orient ancien, o\u00f9 de nombreux peuples imaginaient des jardins divins ou royaux symbolisant l\u2019abondance et la paix.<\/p>\n\n\n\n<p class=\"has-medium-font-size\">Plus tard, la notion de paradis \u00e9volue dans les religions abrahamiques pour d\u00e9signer non seulement le jardin d\u2019\u00c9den, mais aussi un lieu spirituel de <a href=\"https:\/\/www.lalanguefrancaise.com\/dictionnaire\/definition\/felicite\" target=\"_blank\" rel=\"noreferrer noopener\">f\u00e9licit\u00e9<\/a> apr\u00e8s la mort, promis aux justes.<\/p>\n\n\n\n<p class=\"has-medium-font-size\">Le paradis est un concept issu de traditions perses et proche-orientales, repris et transform\u00e9 par les textes bibliques et les interpr\u00e9tations religieuses ult\u00e9rieures ; il n\u2019a pas \u00e9t\u00e9 \u00ab invent\u00e9 \u00bb par une personne pr\u00e9cise, mais s\u2019est construit collectivement au fil des si\u00e8cles. Quoi de plus normal en soi, que d\u2019emp\u00eacher toute personne (mal)trait\u00e9e par les puisssants (eug\u00e9nistes) de ces \u00e9poques, d\u2019envisager de retrouver directement un lieu plus propice que celui qui lui \u00e9tait offert au quotidien. <strong>Quoi de plus normal que de condamner le suicide pour \u00e9viter une h\u00e9catombe de son <\/strong><strong><em>personnel<\/em><\/strong><strong> (\u2026)<\/strong>.<\/p>\n\n\n\n<blockquote class=\"wp-block-quote is-layout-flow wp-block-quote-is-layout-flow\">\n<p class=\"has-medium-font-size\">Si je te dis qu\u2019il y a 3 milliards d\u2019\u00e9toiles dans le ciel cr\u00e9\u00e9es par Dieu, tu le crois sur parole mais si je te dis que la peinture n\u2019est pas s\u00e8che, tu vas y mettre le doigt.<\/p>\n<cite>M. Audiard modifi\u00e9e par F. Li\u00e9geois<\/cite><\/blockquote>\n\n\n\n<p><\/p>\n\n\n\n<h2 class=\"wp-block-heading has-medium-font-size\"><strong>Condamnation du suicide dans les religions monoth\u00e9istes<\/strong><\/h2>\n\n\n\n<h3 class=\"wp-block-heading has-medium-font-size\"><strong>Bible<\/strong><\/h3>\n\n\n\n<p class=\"has-medium-font-size\">Dans la Bible, le suicide n\u2019est jamais explicitement condamn\u00e9 par un commandement direct, mais il est pr\u00e9sent\u00e9 de mani\u00e8re tr\u00e8s n\u00e9gative. Plusieurs personnages bibliques se suicident (Sa\u00fcl, Achitophel, Zimri, Judas\u2026). Ces actes sont associ\u00e9s \u00e0 des figures de p\u00e9cheurs ou de personnes d\u00e9sesp\u00e9r\u00e9es. Les 3 religions monoth\u00e9istes reconnues s\u2019y r\u00e9f\u00e8rent comme tout pratiquant le sait en principe.<\/p>\n\n\n\n<p class=\"has-small-font-size\">Tu ne tueras point \u00bb (Exode 20:13) \u2013 principe g\u00e9n\u00e9ral appliqu\u00e9 aussi \u00e0 soi-m\u00eame.<\/p>\n\n\n\n<p class=\"has-small-font-size\">Sa\u00fcl (1 Samuel 31:4-6), Achitophel (2 Samuel 17:23), Zimri (1 Rois 16:18), Judas (Matthieu 27:5).<\/p>\n\n\n\n<p class=\"has-small-font-size\">1 Corinthiens 3:15 \u00e9voque la perte de r\u00e9compense pour ceux qui d\u00e9truisent leur propre vie<\/p>\n\n\n\n<h3 class=\"wp-block-heading has-medium-font-size\"><strong>Christianisme<\/strong><\/h3>\n\n\n\n<p class=\"has-medium-font-size\">La th\u00e9ologie chr\u00e9tienne consid\u00e8re, elle, le suicide comme un meurtre de soi-m\u00eame, donc un p\u00e9ch\u00e9 grave, car seul Dieu a le droit de d\u00e9cider de la vie et de la mort. Au Moyen \u00c2ge, l\u2019\u00c9glise condamne fermement le suicide, le consid\u00e9rant comme un p\u00e9ch\u00e9 mortel menant \u00e0 la damnation, comme l\u2019illustre le sort de Judas dans l\u2019iconographie chr\u00e9tienne.<\/p>\n\n\n\n<h3 class=\"wp-block-heading has-medium-font-size\"><strong>Islam<\/strong><\/h3>\n\n\n\n<p class=\"has-medium-font-size\">Le Coran <a href=\"https:\/\/www.islamweb.net\/fr\/fatwa\/79680\/Le-suicide\">condamne explicitement le suicide (plus d&rsquo;infos)<\/a> : <em>Et ne vous tuez pas vous-m\u00eames. Allah, en v\u00e9rit\u00e9, est Mis\u00e9ricordieux envers vous. Et quiconque commet cela, par exc\u00e8s et par iniquit\u00e9, Nous le jetterons au Feu, voil\u00e0 qui est facile pour Allah<\/em> (Sourate 4, versets 29-30).<br \/>Le Proph\u00e8te Mohammed a \u00e9galement d\u00e9clar\u00e9 que celui qui se suicide subira un ch\u00e2timent \u00e9ternel en enfer avec l\u2019instrument de sa mort (Hadith rapport\u00e9 par Boukhari et Mouslim).<br \/>Le suicide est donc consid\u00e9r\u00e9 comme un p\u00e9ch\u00e9 majeur, et son auteur est menac\u00e9 de l\u2019enfer mais est un peu <a href=\"https:\/\/islamqa.info\/fr\/answers\/111938\/le-jugement-du-suicide-consecutif-a-une-severe-depression\">plus tol\u00e9rant dans le cas d&rsquo;une sant\u00e9 mentale difficile (plus d&rsquo;infos)<\/a>.<\/p>\n\n\n\n<p class=\"has-small-font-size\">Coran, Sourate 4, versets 29-30<a><\/a><\/p>\n\n\n\n<p class=\"has-small-font-size\">Hadiths : Boukhari 5442, Mouslim 109, 110, 113<a><\/a><\/p>\n\n\n\n<h3 class=\"wp-block-heading\"><strong>Juda\u00efsme<\/strong><\/h3>\n\n\n\n<p class=\"has-medium-font-size\">Le juda\u00efsme condamne \u00e9galement le suicide, bien que la Torah ne l\u2019interdise pas explicitement. Le commandement \u00ab <em>Tu ne tueras point<\/em> \u00bb revient dans ce cadre plus ou moins implicitement. Les rabbins consid\u00e8rent que la vie appartient \u00e0 Dieu, et il n\u2019est pas permis \u00e0 l\u2019homme d\u2019y mettre fin volontairement. Le suicide prive la personne de rites fun\u00e9raires traditionnels et de s\u00e9pulture dans le cimeti\u00e8re juif, sauf circonstances att\u00e9nuantes (maladie mentale, contrainte extr\u00eame).<\/p>\n\n\n\n<h2 class=\"wp-block-heading has-medium-font-size\"><strong>Autres traditions religieuses<\/strong><\/h2>\n\n\n\n<h3 class=\"wp-block-heading has-medium-font-size\"><strong>Bouddhisme<\/strong><\/h3>\n\n\n\n<p class=\"has-medium-font-size\">Le suicide est g\u00e9n\u00e9ralement condamn\u00e9, car il est assimil\u00e9 \u00e0 l\u2019acte de tuer un \u00eatre vivant, ce qui va \u00e0 l\u2019encontre du principe de non-violence (ahimsa). Selon la doctrine du karma, le suicide ne met pas fin \u00e0 la souffrance mais entra\u00eene une renaissance malheureuse. Certains textes bouddhistes relatent des cas particuliers o\u00f9 le Bouddha ne condamne pas explicitement le suicide, mais la doctrine dominante reste n\u00e9gative : \u00ab Si tu meurs avant le temps, tu commets le crime de tuer un dieu. C\u2019est pourquoi le suicide est un si grand crime. \u00bb (<a href=\"https:\/\/philoaese.files.wordpress.com\/2015\/12\/stoc3afcisme-et-bouddhisme-la-question-du-suicide.pdf\" target=\"_blank\" rel=\"noreferrer noopener\">plus d&rsquo;infos<\/a>)<\/p>\n\n\n\n<h3 class=\"wp-block-heading\"><strong>Ja\u00efnisme<\/strong><\/h3>\n\n\n\n<p class=\"has-medium-font-size\">Le ja\u00efnisme interdit le suicide ordinaire, mais admet une forme de mort volontaire appel\u00e9e <em>santhara<\/em> ou <em>sallekhana<\/em>, qui consiste \u00e0 cesser progressivement de s\u2019alimenter \u00e0 la fin de la vie, dans un but spirituel (<a href=\"https:\/\/www.lemonde.fr\/m-actu\/article\/2015\/09\/04\/en-inde-les-jains-reclament-le-droit-de-mourir-de-faim_4744048_4497186.html\" target=\"_blank\" rel=\"noreferrer noopener\">plus d&rsquo;infos<\/a>). Cette pratique est strictement encadr\u00e9e et n\u2019est pas assimil\u00e9e au suicide impulsif ou d\u00e9sesp\u00e9r\u00e9 mais m\u00e9rite d\u2019entrer dans <a href=\"https:\/\/mecahealth.com\/?page_id=7883\" data-type=\"page\" data-id=\"7883\">le d\u00e9bat de ceux qui s\u2019agitent autour de la fin de vie<\/a> (\u2026)<\/p>\n\n\n\n<h2 class=\"wp-block-heading has-medium-font-size\"><strong>Conclusion ou CQFD&nbsp;:<\/strong><\/h2>\n\n\n\n<p class=\"has-medium-font-size\">Dans la plupart des grandes religions, le suicide est condamn\u00e9, souvent tr\u00e8s fermement, comme un acte grave qui prive l\u2019individu de la possibilit\u00e9 d\u2019acc\u00e9der au paradis ou entra\u00eene un ch\u00e2timent \u00e9ternel. Cette condamnation vise plus que vraisemblablement, entre autres, \u00e0 \u00e9viter que la promesse d\u2019un paradis n\u2019incite \u00e0 rechercher la mort volontairement pour y acc\u00e9der plus vite.<\/p>\n\n\n\n<p class=\"has-medium-font-size\">(&#8230;)<\/p>\n\n\n\n<h2 class=\"wp-block-heading has-medium-font-size\">Revenir au chapitre <em><a href=\"https:\/\/mecahealth.com\/?page_id=127\" data-type=\"page\" data-id=\"127\">Corps psychique<\/a><\/em> ou \u00e0 la page <em><a href=\"https:\/\/mecahealth.com\/?page_id=6654\" data-type=\"page\" data-id=\"6654\">m\u00e9tacognition soci\u00e9tale<\/a><\/em>, <em><a href=\"https:\/\/mecahealth.com\/?page_id=7883\" data-type=\"page\" data-id=\"7883\">euthanasie<\/a><\/em><\/h2>\n","protected":false},"excerpt":{"rendered":"<p>les textes de la cat\u00e9gorie Col\u00e8re, n&rsquo;engage pas l&rsquo;asbl mais seulement l&rsquo;auteur. Attention \u00e0 lire les consignes avant de lire toute page d&rsquo;un site sant\u00e9 ! Que l&rsquo;on accepte la possibilit\u00e9 qu&rsquo;un paradis soit une invention tout comme une r\u00e9alit\u00e9, il faut consid\u00e9rer qu&rsquo;il ait \u00e9t\u00e9 indispensable d&rsquo;interdire le suicide<a href=\"https:\/\/mecahealth.com\/?page_id=7863\" class=\"read-more\">Read More&#8230;<\/a><\/p>\n","protected":false},"author":1,"featured_media":0,"parent":0,"menu_order":0,"comment_status":"closed","ping_status":"closed","template":"","meta":{"footnotes":""},"class_list":["post-7863","page","type-page","status-publish","hentry"],"jetpack_sharing_enabled":true,"_links":{"self":[{"href":"https:\/\/mecahealth.com\/index.php?rest_route=\/wp\/v2\/pages\/7863","targetHints":{"allow":["GET"]}}],"collection":[{"href":"https:\/\/mecahealth.com\/index.php?rest_route=\/wp\/v2\/pages"}],"about":[{"href":"https:\/\/mecahealth.com\/index.php?rest_route=\/wp\/v2\/types\/page"}],"author":[{"embeddable":true,"href":"https:\/\/mecahealth.com\/index.php?rest_route=\/wp\/v2\/users\/1"}],"replies":[{"embeddable":true,"href":"https:\/\/mecahealth.com\/index.php?rest_route=%2Fwp%2Fv2%2Fcomments&post=7863"}],"version-history":[{"count":30,"href":"https:\/\/mecahealth.com\/index.php?rest_route=\/wp\/v2\/pages\/7863\/revisions"}],"predecessor-version":[{"id":8430,"href":"https:\/\/mecahealth.com\/index.php?rest_route=\/wp\/v2\/pages\/7863\/revisions\/8430"}],"wp:attachment":[{"href":"https:\/\/mecahealth.com\/index.php?rest_route=%2Fwp%2Fv2%2Fmedia&parent=7863"}],"curies":[{"name":"wp","href":"https:\/\/api.w.org\/{rel}","templated":true}]}}