{"id":785,"date":"2023-01-10T06:24:57","date_gmt":"2023-01-10T05:24:57","guid":{"rendered":"https:\/\/mecahealth.com\/?page_id=785"},"modified":"2023-03-09T14:44:52","modified_gmt":"2023-03-09T13:44:52","slug":"mouvement-sauter","status":"publish","type":"page","link":"https:\/\/mecahealth.com\/?page_id=785","title":{"rendered":"Mouvement : sauter"},"content":{"rendered":"\n<p class=\"has-medium-font-size\"><a href=\"https:\/\/mecahealth.com\/?page_id=122\">Attention \u00e0 lire les consignes avant de lire toute page d&rsquo;un site sant\u00e9 !<\/a><\/p>\n\n\n\n<figure class=\"wp-block-image size-full is-style-rounded\"><img loading=\"lazy\" decoding=\"async\" width=\"330\" height=\"330\" src=\"https:\/\/mecahealth.com\/wp-content\/uploads\/2023\/01\/20-1.jpg\" alt=\"\" class=\"wp-image-1448\" srcset=\"https:\/\/mecahealth.com\/wp-content\/uploads\/2023\/01\/20-1.jpg 330w, https:\/\/mecahealth.com\/wp-content\/uploads\/2023\/01\/20-1-300x300.jpg 300w, https:\/\/mecahealth.com\/wp-content\/uploads\/2023\/01\/20-1-150x150.jpg 150w\" sizes=\"auto, (max-width: 330px) 100vw, 330px\" \/><\/figure>\n\n\n\n<h2 class=\"has-medium-font-size wp-block-heading\">Sautiller n&rsquo;est pas <a href=\"https:\/\/mecahealth.com\/?page_id=1421\">sautiller<\/a> m\u00eame si le mouvement est comparable.<\/h2>\n\n\n\n<p class=\"has-medium-font-size\">Un saut v\u00e9ritable se fait de tout son corps. Membres Inf\u00e9rieurs (MI), Membres Sup\u00e9rieurs (MS) et Muscles Dorsaux interviennent ensemble pour nous propulser lors d&rsquo;une extension maximale partant d&rsquo;une flexion partielle. Nous fl\u00e9chissons l\u00e9g\u00e8rement les bras, les jambes ainsi que la t\u00eate et le dos. Le personnage regarde vers quoi il va aboutir et redresse donc la t\u00eate. Nous gardons le ventre l\u00e9g\u00e8rement rentr\u00e9.<\/p>\n\n\n\n<p class=\"has-medium-font-size\">L&rsquo;objectif est d&rsquo;<strong>obtenir une extension compl\u00e8te<\/strong> des bras, jambes mais aussi des pieds qui ne nous avons tendance \u00e0 oublier si nous sommes sportifs de niveau moyen ou inf\u00e9rieur.<\/p>\n\n\n\n<p class=\"has-medium-font-size\"><em>Cette position devrait \u00e9voquer chez quelques uns un certain apparentement \u00e0 celle du gibbon prenant son envol de branche en branche.<\/em><\/p>\n\n\n\n<p class=\"has-medium-font-size\"><strong>La descente<\/strong> quant \u00e0 elle, devrait se faire en <a href=\"https:\/\/mecahealth.com\/?page_id=443\" data-type=\"page\" data-id=\"443\">recherche de l&rsquo;amortissement maximal<\/a> permettant d&rsquo;\u00e9viter une souffrance de l&rsquo;une ou l&rsquo;autre de nos structures musculo-articulaires, de nos pieds \u00e0 notre t\u00eate. C&rsquo;est la raison pour laquelle, nous devons obtenir un fl\u00e9chissement g\u00e9n\u00e9ral mais dos\u00e9 au moment pr\u00e9cis o\u00f9 nous sentons le contact avec le sol et non avant.<\/p>\n\n\n\n<p class=\"has-medium-font-size\">Ce dernier doit bien \u00e9videmment respecter la normalit\u00e9 des structures intervenantes principales tels que les <a href=\"https:\/\/mecahealth.com\/?page_id=620\" data-type=\"page\" data-id=\"620\">genoux<\/a> et les <a href=\"https:\/\/mecahealth.com\/?page_id=618\" data-type=\"page\" data-id=\"618\">chevilles<\/a>. Se fl\u00e9chir avant entra\u00eenerait une diminution de l&rsquo;effet d&rsquo;amortissement mais \u00e9galement, acc\u00e9l\u00e9rerait la vitesse de la redescente et donc augmenterait la force de la chute.<\/p>\n\n\n\n<p class=\"has-medium-font-size\">En r\u00e9sum\u00e9 la norme serait de retomber <strong>sym\u00e9triquement <\/strong>:<\/p>\n\n\n\n<ul class=\"has-medium-font-size wp-block-list\">\n<li>sur la pointe de pied, pieds ouverts de 15\u00b0 par rapport \u00e0 un axe allant en avant, sans&nbsp; chercher \u00e0 rester sur la pointe de pieds mais dans l&rsquo;objectif de mettre <strong>quasiment <\/strong>les talons au sol<\/li>\n\n\n\n<li>avec les genoux se fl\u00e9chissant au premier contact et se portant l\u00e9g\u00e8rement vers l&rsquo;ext\u00e9rieur<\/li>\n\n\n\n<li>sans que l&rsquo;un d&rsquo;eux ne parte plus en avant que l&rsquo;autre<\/li>\n\n\n\n<li>sans que les fesses ne se d\u00e9placent plus \u00e0 gauche ou \u00e0 droite<\/li>\n\n\n\n<li>avec le tronc et la nuque qui se laissent l\u00e9g\u00e8rement fl\u00e9chir vers l&rsquo;avant<\/li>\n\n\n\n<li>sans que ces derniers ne partent d&rsquo;un cot\u00e9 ou ne se tournent<\/li>\n\n\n\n<li>sans avoir une \u00e9paule plus relev\u00e9es qu&rsquo;une autre<\/li>\n\n\n\n<li>&#8230;<\/li>\n\n\n\n<li>et avec le ventre l\u00e9g\u00e8rement rentr\u00e9 pour bien <a href=\"https:\/\/mecahealth.com\/?page_id=489\" data-type=\"page\" data-id=\"489\">g\u00e9rer la pression sur nos visc\u00e8res<\/a><\/li>\n<\/ul>\n\n\n\n<p class=\"has-medium-font-size\">Essayons donc de respecter ces r\u00e8gles et nous sauterons -une fois habitu\u00e9 \u00e0 <a href=\"https:\/\/mecahealth.com\/?page_id=402\" data-type=\"page\" data-id=\"402\">une quasi parfaite sym\u00e9trie<\/a>&#8211; plus haut que pr\u00e9c\u00e9demment et avec moins de contraintes pour notre corps.<\/p>\n\n\n\n<p class=\"has-medium-font-size\">Essayons ensuite de r\u00e9aliser ce mouvement parfait durant toute forme de sauts et durant <a href=\"https:\/\/mecahealth.com\/?page_id=259\" data-type=\"page\" data-id=\"259\">la plupart des sports<\/a> hors de l&rsquo;eau&#8230;<\/p>\n\n\n\n<p class=\"has-medium-font-size\">Comme pour le <a href=\"https:\/\/mecahealth.com\/?page_id=1421\" data-type=\"page\" data-id=\"1421\">sautillement<\/a>, surtout apr\u00e8s une entorse, nous arr\u00eaterons le mouvement en sauts de plus en plus petits et non pas en une seule fois pour \u00e9viter que l&rsquo;inertie du mouvement n&rsquo;entra\u00eene une instabilit\u00e9 de la cheville ou du genou.<\/p>\n\n\n\n<h2 class=\"has-medium-font-size wp-block-heading\">Revenir au chapitre <em><a href=\"https:\/\/mecahealth.com\/?page_id=1354\">R\u00e9\u00e9ducation<\/a> <\/em>ou <a href=\"https:\/\/mecahealth.com\/?page_id=184\" data-type=\"page\" data-id=\"184\"><em>Mouvements<\/em><\/a><\/h2>\n","protected":false},"excerpt":{"rendered":"<p>Attention \u00e0 lire les consignes avant de lire toute page d&rsquo;un site sant\u00e9 ! Sautiller n&rsquo;est pas sautiller m\u00eame si le mouvement est comparable. Un saut v\u00e9ritable se fait de tout son corps. Membres Inf\u00e9rieurs (MI), Membres Sup\u00e9rieurs (MS) et Muscles Dorsaux interviennent ensemble pour nous propulser lors d&rsquo;une extension<a href=\"https:\/\/mecahealth.com\/?page_id=785\" class=\"read-more\">Read More&#8230;<\/a><\/p>\n","protected":false},"author":1,"featured_media":0,"parent":0,"menu_order":0,"comment_status":"closed","ping_status":"closed","template":"","meta":{"footnotes":""},"class_list":["post-785","page","type-page","status-publish","hentry"],"jetpack_sharing_enabled":true,"_links":{"self":[{"href":"https:\/\/mecahealth.com\/index.php?rest_route=\/wp\/v2\/pages\/785","targetHints":{"allow":["GET"]}}],"collection":[{"href":"https:\/\/mecahealth.com\/index.php?rest_route=\/wp\/v2\/pages"}],"about":[{"href":"https:\/\/mecahealth.com\/index.php?rest_route=\/wp\/v2\/types\/page"}],"author":[{"embeddable":true,"href":"https:\/\/mecahealth.com\/index.php?rest_route=\/wp\/v2\/users\/1"}],"replies":[{"embeddable":true,"href":"https:\/\/mecahealth.com\/index.php?rest_route=%2Fwp%2Fv2%2Fcomments&post=785"}],"version-history":[{"count":10,"href":"https:\/\/mecahealth.com\/index.php?rest_route=\/wp\/v2\/pages\/785\/revisions"}],"predecessor-version":[{"id":4985,"href":"https:\/\/mecahealth.com\/index.php?rest_route=\/wp\/v2\/pages\/785\/revisions\/4985"}],"wp:attachment":[{"href":"https:\/\/mecahealth.com\/index.php?rest_route=%2Fwp%2Fv2%2Fmedia&parent=785"}],"curies":[{"name":"wp","href":"https:\/\/api.w.org\/{rel}","templated":true}]}}