{"id":7625,"date":"2025-01-31T15:49:17","date_gmt":"2025-01-31T13:49:17","guid":{"rendered":"https:\/\/mecahealth.com\/?page_id=7625"},"modified":"2025-10-13T01:11:03","modified_gmt":"2025-10-12T23:11:03","slug":"psycho-diagnostic-damocles","status":"publish","type":"page","link":"https:\/\/mecahealth.com\/?page_id=7625","title":{"rendered":"Psycho : diagnostic Damocl\u00e8s"},"content":{"rendered":"\n<p class=\"has-small-font-size\"><a style=\"font-size: revert;\" href=\"https:\/\/mecahealth.com\/?page_id=122\">Attention \u00e0 lire les consignes avant de lire toute page d&rsquo;un site sant\u00e9 !<\/a><\/p>\n\n\n\n<figure data-wp-context=\"{&quot;imageId&quot;:&quot;69e367b980f66&quot;}\" data-wp-interactive=\"core\/image\" data-wp-key=\"69e367b980f66\" class=\"wp-block-image size-full is-resized is-style-rounded wp-lightbox-container\"><img loading=\"lazy\" decoding=\"async\" width=\"512\" height=\"512\" data-wp-class--hide=\"state.isContentHidden\" data-wp-class--show=\"state.isContentVisible\" data-wp-init=\"callbacks.setButtonStyles\" data-wp-on--click=\"actions.showLightbox\" data-wp-on--load=\"callbacks.setButtonStyles\" data-wp-on-window--resize=\"callbacks.setButtonStyles\" src=\"https:\/\/mecahealth.com\/wp-content\/uploads\/2025\/03\/Mecahealth-damocles.png\" alt=\"\" class=\"wp-image-7768\" style=\"width:330px\" srcset=\"https:\/\/mecahealth.com\/wp-content\/uploads\/2025\/03\/Mecahealth-damocles.png 512w, https:\/\/mecahealth.com\/wp-content\/uploads\/2025\/03\/Mecahealth-damocles-300x300.png 300w, https:\/\/mecahealth.com\/wp-content\/uploads\/2025\/03\/Mecahealth-damocles-150x150.png 150w\" sizes=\"auto, (max-width: 512px) 100vw, 512px\" \/><button\n\t\t\tclass=\"lightbox-trigger\"\n\t\t\ttype=\"button\"\n\t\t\taria-haspopup=\"dialog\"\n\t\t\taria-label=\"Enlarge\"\n\t\t\tdata-wp-init=\"callbacks.initTriggerButton\"\n\t\t\tdata-wp-on--click=\"actions.showLightbox\"\n\t\t\tdata-wp-style--right=\"state.imageButtonRight\"\n\t\t\tdata-wp-style--top=\"state.imageButtonTop\"\n\t\t>\n\t\t\t<svg xmlns=\"http:\/\/www.w3.org\/2000\/svg\" width=\"12\" height=\"12\" fill=\"none\" viewBox=\"0 0 12 12\">\n\t\t\t\t<path fill=\"#fff\" d=\"M2 0a2 2 0 0 0-2 2v2h1.5V2a.5.5 0 0 1 .5-.5h2V0H2Zm2 10.5H2a.5.5 0 0 1-.5-.5V8H0v2a2 2 0 0 0 2 2h2v-1.5ZM8 12v-1.5h2a.5.5 0 0 0 .5-.5V8H12v2a2 2 0 0 1-2 2H8Zm2-12a2 2 0 0 1 2 2v2h-1.5V2a.5.5 0 0 0-.5-.5H8V0h2Z\" \/>\n\t\t\t<\/svg>\n\t\t<\/button><\/figure>\n\n\n\n<h2 class=\"wp-block-heading has-medium-font-size\">L&rsquo;Influence des \u00c9tiquettes sur l&rsquo;Autod\u00e9termination<\/h2>\n\n\n\n<p class=\"has-medium-font-size\">Le principe de l\u2019\u00e9p\u00e9e de Damocl\u00e8s illustre bien la situation de nombreux patients face aux diagnostics m\u00e9dicaux. Dans cette m\u00e9taphore, une \u00e9p\u00e9e suspendue par un fil au-dessus de la t\u00eate d\u2019un individu symbolise un danger permanent, une menace latente qui p\u00e8se sur son existence. En m\u00e9decine, en psychologie tout comme en sociologie, un diagnostic ou un clich\u00e9 peut devenir cette \u00e9p\u00e9e : il conditionne la perception qu\u2019un individu a de lui-m\u00eame, de son avenir et de ses capacit\u00e9s, avec des cons\u00e9quences tant positives que n\u00e9gatives.<\/p>\n\n\n\n<h2 class=\"wp-block-heading has-medium-font-size\">Le Pouvoir Ambivalent du Diagnostic<\/h2>\n\n\n\n<p class=\"has-medium-font-size\">Un diagnostic peut \u00eatre un outil pr\u00e9cieux permettant d\u2019expliquer des sympt\u00f4mes et d\u2019orienter un traitement adapt\u00e9. Il apporte des r\u00e9ponses \u00e0 des questions parfois longtemps laiss\u00e9es en suspens et peut offrir un soulagement face \u00e0 l\u2019incompr\u00e9hension de certains troubles. Cependant, il peut aussi enfermer un individu dans une vision fig\u00e9e de lui-m\u00eame, r\u00e9duisant sa perception de ses capacit\u00e9s et de son potentiel d\u2019\u00e9volution.<\/p>\n\n\n\n<p class=\"has-medium-font-size\">Certaines pathologies ou conditions particuli\u00e8res montrent que l&rsquo;autod\u00e9termination peut \u00eatre b\u00e9n\u00e9fique ou d\u00e9l\u00e9t\u00e8re selon la mani\u00e8re dont elle est appr\u00e9hend\u00e9e. Lorsqu\u2019un patient s\u2019identifie trop fortement \u00e0 son diagnostic, il risque de voir ses actions et r\u00e9actions exclusivement \u00e0 travers ce prisme, perdant ainsi de vue d\u2019autres facteurs influen\u00e7ant son comportement et son bien-\u00eatre voire <a href=\"https:\/\/mecahealth.com\/?page_id=5944\" data-type=\"page\" data-id=\"5944\">cr\u00e9ant <strong>peut-\u00eatre<\/strong> une pathologie<\/a>. Ce ph\u00e9nom\u00e8ne est renforc\u00e9 par le <strong><a href=\"https:\/\/mecahealth.com\/?page_id=8131\" data-type=\"page\" data-id=\"8131\">biais de confirmation<\/a><\/strong> : une tendance naturelle \u00e0 interpr\u00e9ter toute nouvelle information \u00e0 travers le filtre du diagnostic initial, ce qui peut conduire \u00e0 une vision r\u00e9ductrice et auto-renforc\u00e9e de la r\u00e9alit\u00e9.<\/p>\n\n\n\n<h2 class=\"wp-block-heading has-medium-font-size\">L\u2019Auto-perception et l\u2019Influence Sociale<\/h2>\n\n\n\n<p class=\"has-medium-font-size\">Un ph\u00e9nom\u00e8ne similaire s\u2019observe dans des croyances collectives et st\u00e9r\u00e9otypes. Par exemple, certaines personnes affirment que toute personne d&rsquo;une origine ou d&rsquo;une autre est ceci ou cela tout comme tout enfant adopt\u00e9 est un enfant <em>\u00e0 probl\u00e8mes<\/em>. Ce postulat, bien qu\u2019infond\u00e9 dans une majorit\u00e9 des cas, cr\u00e9e un cadre qui influence le d\u00e9veloppement de l\u2019enfant et la perception que l\u2019entourage a de lui. Ainsi, ce regard ext\u00e9rieur peut contribuer \u00e0 g\u00e9n\u00e9rer certains des troubles qu\u2019il pr\u00e9tend simplement observer ou conditionn\u00e9 un th\u00e9rapeute \u00e0 <a href=\"https:\/\/mecahealth.com\/?page_id=7031\" data-type=\"page\" data-id=\"7031\">une prise en charge parfois dramatique<\/a> dans le cadre de l&rsquo;adoption ou d&rsquo;appartenance \u00e0 une communaut\u00e9 par simple <a href=\"https:\/\/mecahealth.com\/?page_id=1974\" data-type=\"page\" data-id=\"1974\">besoin gr\u00e9gaire<\/a> d&rsquo;un <a href=\"https:\/\/mecahealth.com\/?page_id=1975\" data-type=\"page\" data-id=\"1975\">monde g\u00e9nophilique<\/a> accentu\u00e9 par la phrase <em>Tu viens de quel pays ?<\/em> qui peut faire partie des <a href=\"https:\/\/mecahealth.com\/?page_id=5402\" data-type=\"page\" data-id=\"5402\">phrases qui blessent voire qui tuent<\/a>.<\/p>\n\n\n\n<p class=\"has-medium-font-size\">Dans le m\u00eame ordre d&rsquo;id\u00e9es, une personne <em>diagnostiqu\u00e9e <\/em>\u00e0 haut potentiel intellectuel (HPI) permet parfois de mieux comprendre certains aspects de leur fonctionnement mais parfois attribue chaque difficult\u00e9 \u00e0 cette seule caract\u00e9ristique, oubliant que leurs exp\u00e9riences de vie et leur environnement avaient une influence bien plus significative sur leur comportement et leurs \u00e9motions. Ce m\u00e9canisme illustre un biais cognitif fr\u00e9quent : la tendance \u00e0 sur-interpr\u00e9ter un facteur explicatif au d\u00e9triment d\u2019une vision plus globale et nuanc\u00e9e.<\/p>\n\n\n\n<p class=\"has-medium-font-size\">En outre, le principe du <strong>biais de halo<\/strong> joue \u00e9galement un r\u00f4le : une seule caract\u00e9ristique d\u2019un individu, telle qu\u2019un diagnostic ou une pr\u00e9disposition g\u00e9n\u00e9tique, peut colorer l\u2019ensemble de la perception que l\u2019on a de lui (tant positives que n\u00e9gatives). Ce ph\u00e9nom\u00e8ne peut influencer les professionnels de sant\u00e9 tout comme des <a href=\"https:\/\/mecahealth.com\/?page_id=3616\" data-type=\"page\" data-id=\"3616\">enseignants<\/a>, les proches et m\u00eame le patient lui-m\u00eame, cr\u00e9ant un cercle vicieux d\u2019attentes et de comportements conformes \u00e0 cette image biais\u00e9e.<\/p>\n\n\n\n<h2 class=\"wp-block-heading has-medium-font-size\">Les Tests G\u00e9n\u00e9tiques \u00e0 double tranchant<\/h2>\n\n\n\n<p class=\"has-medium-font-size\">Un autre exemple marquant concerne les tests g\u00e9n\u00e9tiques et leur r\u00f4le dans la m\u00e9decine pr\u00e9dictive. Les \u00e9tudes sur les jumeaux monozygotes, par exemple, cherchent \u00e0 comprendre pourquoi l\u2019un des deux peut d\u00e9velopper un cancer tandis que l\u2019autre reste en bonne sant\u00e9. Ces recherches montrent que, bien que la g\u00e9n\u00e9tique joue un r\u00f4le cl\u00e9, elle n\u2019est pas une fatalit\u00e9. L\u2019environnement, le mode de vie et d\u2019autres facteurs \u00e9pig\u00e9n\u00e9tiques influencent l\u2019expression des g\u00e8nes et le d\u00e9clenchement de certaines maladies. <\/p>\n\n\n\n<p class=\"has-small-font-size\">Attention \u00e0 ne pas confondre l&rsquo;\u00e9pig\u00e9n\u00e9tique et les donn\u00e9es reprises et modifi\u00e9es par des manipulateurs parfois inconscients comme ceux de la <a href=\"https:\/\/mecahealth.com\/?page_id=7252\" data-type=\"page\" data-id=\"7252\">psychog\u00e9n\u00e9alogie<\/a>.<\/p>\n\n\n\n<p class=\"has-medium-font-size\">Un test g\u00e9n\u00e9tique r\u00e9v\u00e9lant une pr\u00e9disposition \u00e0 une pathologie grave peut \u00eatre un outil pr\u00e9cieux pour la pr\u00e9vention, mais il peut aussi g\u00e9n\u00e9rer une anxi\u00e9t\u00e9 excessive ou conduire \u00e0 des d\u00e9cisions m\u00e9dicales disproportionn\u00e9es. Il en est de m\u00eame concernant les tests g\u00e9n\u00e9tiques disponibles pour identifier les variants des g\u00e8nes associ\u00e9s \u00e0 la maladie d&rsquo;Alzheimer, en particulier l&rsquo;APOE. M\u00eame s&rsquo;ils sont pr\u00e9sents pour les personnes d\u00e9veloppant la pathologie, ils ne pr\u00e9disent pas pour l&rsquo;instant que chaque personne disposant de ces marqueurs d\u00e9veloppera la d\u00e9g\u00e9n\u00e9rescence et d&rsquo;autant plus qu&rsquo;une bact\u00e9rie, la <em>Porphyromonas gingivalis<\/em>, responsable de la parodontite (inflammation des gencives), se retrouverait dans le cerveau des patients touch\u00e9s par l&rsquo;Alzheimer&#8230;<\/p>\n\n\n\n<h2 class=\"wp-block-heading has-medium-font-size\">Vers une Approche \u00c9quilibr\u00e9e du Diagnostic<\/h2>\n\n\n\n<p class=\"has-medium-font-size\">Plut\u00f4t que de voir un diagnostic comme une condamnation ou une justification unique, il est essentiel d\u2019adopter une perspective plus dynamique. L\u2019identification d\u2019un trouble ou d\u2019une condition doit \u00eatre envisag\u00e9e comme un point de d\u00e9part vers une meilleure compr\u00e9hension de soi, non comme une finalit\u00e9 d\u00e9finissant d\u00e9finitivement un individu.<\/p>\n\n\n\n<p class=\"has-medium-font-size\">La m\u00e9decine et la psychologie doivent ainsi veiller \u00e0 \u00e9viter un effet d\u2019assignation trop rigide. Il est crucial d\u2019accompagner les patients dans un cheminement qui leur permet de garder une flexibilit\u00e9 mentale et de ne pas se laisser enfermer par une seule explication. En ce sens, une approche holistique et adaptative permet d\u2019\u00e9viter que l\u2019\u00e9p\u00e9e de Damocl\u00e8s du diagnostic ne devienne une fatalit\u00e9, mais plut\u00f4t un levier pour avancer avec conscience et discernement.<\/p>\n\n\n\n<p><\/p>\n\n\n\n<p class=\"has-medium-font-size\">(&#8230;)<\/p>\n\n\n\n<h2 class=\"wp-block-heading has-medium-font-size\"><span style=\"font-size: var(--wp--preset--font-size--medium) ; color: initial;\"><span style=\"font-size: var(--wp--preset--font-size--medium) ; color: initial;\">Abonnez-vous \u00e0 nos diff\u00e9rentes pages pour \u00eatre averti(s) des nouvelles mises en ligne&#8230;<\/span><\/span><\/h2>\n\n\n\n<p class=\"has-small-font-size\"><a rel=\"noreferrer noopener\" href=\"https:\/\/www.facebook.com\/MecaHealthAsbl\" target=\"_blank\">Facebook MecaHealthAsbl<\/a> &#8211; <a rel=\"noreferrer noopener\" href=\"https:\/\/www.linkedin.com\/company\/mecahealth\/\" target=\"_blank\">Linkedin MecaHealth<\/a> &#8211; <a rel=\"noreferrer noopener\" href=\"https:\/\/www.youtube.com\/channel\/UCJb5g--IGlU6FgQLQKaJljg\" target=\"_blank\">Youtube cha\u00eene MecaHealth<\/a> &#8211; Instagram (pas encore)<\/p>\n\n\n\n<h2 class=\"wp-block-heading has-medium-font-size\">Revenir au chapitre <a href=\"https:\/\/mecahealth.com\/?page_id=127\" data-type=\"page\" data-id=\"127\"><em>Corps psychique<\/em><\/a><em> <\/em>ou <a href=\"https:\/\/mecahealth.com\/?page_id=61\" data-type=\"page\" data-id=\"61\"><em>1001 conseils \/ lexique<\/em><\/a><\/h2>\n\n\n\n<p><\/p>\n","protected":false},"excerpt":{"rendered":"<p>Attention \u00e0 lire les consignes avant de lire toute page d&rsquo;un site sant\u00e9 ! L&rsquo;Influence des \u00c9tiquettes sur l&rsquo;Autod\u00e9termination Le principe de l\u2019\u00e9p\u00e9e de Damocl\u00e8s illustre bien la situation de nombreux patients face aux diagnostics m\u00e9dicaux. Dans cette m\u00e9taphore, une \u00e9p\u00e9e suspendue par un fil au-dessus de la t\u00eate d\u2019un<a href=\"https:\/\/mecahealth.com\/?page_id=7625\" class=\"read-more\">Read More&#8230;<\/a><\/p>\n","protected":false},"author":1,"featured_media":0,"parent":0,"menu_order":0,"comment_status":"closed","ping_status":"closed","template":"","meta":{"footnotes":""},"class_list":["post-7625","page","type-page","status-publish","hentry"],"jetpack_sharing_enabled":true,"_links":{"self":[{"href":"https:\/\/mecahealth.com\/index.php?rest_route=\/wp\/v2\/pages\/7625","targetHints":{"allow":["GET"]}}],"collection":[{"href":"https:\/\/mecahealth.com\/index.php?rest_route=\/wp\/v2\/pages"}],"about":[{"href":"https:\/\/mecahealth.com\/index.php?rest_route=\/wp\/v2\/types\/page"}],"author":[{"embeddable":true,"href":"https:\/\/mecahealth.com\/index.php?rest_route=\/wp\/v2\/users\/1"}],"replies":[{"embeddable":true,"href":"https:\/\/mecahealth.com\/index.php?rest_route=%2Fwp%2Fv2%2Fcomments&post=7625"}],"version-history":[{"count":24,"href":"https:\/\/mecahealth.com\/index.php?rest_route=\/wp\/v2\/pages\/7625\/revisions"}],"predecessor-version":[{"id":8237,"href":"https:\/\/mecahealth.com\/index.php?rest_route=\/wp\/v2\/pages\/7625\/revisions\/8237"}],"wp:attachment":[{"href":"https:\/\/mecahealth.com\/index.php?rest_route=%2Fwp%2Fv2%2Fmedia&parent=7625"}],"curies":[{"name":"wp","href":"https:\/\/api.w.org\/{rel}","templated":true}]}}