{"id":7615,"date":"2025-01-30T02:25:15","date_gmt":"2025-01-30T01:25:15","guid":{"rendered":"https:\/\/mecahealth.com\/?page_id=7615"},"modified":"2026-03-31T22:05:09","modified_gmt":"2026-03-31T20:05:09","slug":"profession-professeur-et-enseignant","status":"publish","type":"page","link":"https:\/\/mecahealth.com\/?page_id=7615","title":{"rendered":"Profession : professeur et enseignant"},"content":{"rendered":"\n<p class=\"has-medium-font-size\">(ou conf\u00e9rencier)<\/p>\n\n\n\n<p class=\"has-small-font-size\"><a style=\"font-size: revert;\" href=\"https:\/\/mecahealth.com\/?page_id=122\">Attention \u00e0 lire les consignes avant de lire toute page d&rsquo;un site sant\u00e9 !<\/a><\/p>\n\n\n\n<figure data-wp-context=\"{&quot;imageId&quot;:&quot;69d0b2c1080a3&quot;}\" data-wp-interactive=\"core\/image\" data-wp-key=\"69d0b2c1080a3\" class=\"wp-block-image size-full is-resized is-style-rounded wp-lightbox-container\"><img loading=\"lazy\" decoding=\"async\" width=\"495\" height=\"495\" data-wp-class--hide=\"state.isContentHidden\" data-wp-class--show=\"state.isContentVisible\" data-wp-init=\"callbacks.setButtonStyles\" data-wp-on--click=\"actions.showLightbox\" data-wp-on--load=\"callbacks.setButtonStyles\" data-wp-on-window--resize=\"callbacks.setButtonStyles\" src=\"https:\/\/mecahealth.com\/wp-content\/uploads\/2025\/03\/MecaHealth-profession-enseignant-professeur-2.png\" alt=\"\" class=\"wp-image-7755\" style=\"object-fit:cover;width:330px;height:330px\" srcset=\"https:\/\/mecahealth.com\/wp-content\/uploads\/2025\/03\/MecaHealth-profession-enseignant-professeur-2.png 495w, https:\/\/mecahealth.com\/wp-content\/uploads\/2025\/03\/MecaHealth-profession-enseignant-professeur-2-300x300.png 300w, https:\/\/mecahealth.com\/wp-content\/uploads\/2025\/03\/MecaHealth-profession-enseignant-professeur-2-150x150.png 150w\" sizes=\"auto, (max-width: 495px) 100vw, 495px\" \/><button\n\t\t\tclass=\"lightbox-trigger\"\n\t\t\ttype=\"button\"\n\t\t\taria-haspopup=\"dialog\"\n\t\t\taria-label=\"Enlarge\"\n\t\t\tdata-wp-init=\"callbacks.initTriggerButton\"\n\t\t\tdata-wp-on--click=\"actions.showLightbox\"\n\t\t\tdata-wp-style--right=\"state.imageButtonRight\"\n\t\t\tdata-wp-style--top=\"state.imageButtonTop\"\n\t\t>\n\t\t\t<svg xmlns=\"http:\/\/www.w3.org\/2000\/svg\" width=\"12\" height=\"12\" fill=\"none\" viewBox=\"0 0 12 12\">\n\t\t\t\t<path fill=\"#fff\" d=\"M2 0a2 2 0 0 0-2 2v2h1.5V2a.5.5 0 0 1 .5-.5h2V0H2Zm2 10.5H2a.5.5 0 0 1-.5-.5V8H0v2a2 2 0 0 0 2 2h2v-1.5ZM8 12v-1.5h2a.5.5 0 0 0 .5-.5V8H12v2a2 2 0 0 1-2 2H8Zm2-12a2 2 0 0 1 2 2v2h-1.5V2a.5.5 0 0 0-.5-.5H8V0h2Z\" \/>\n\t\t\t<\/svg>\n\t\t<\/button><\/figure>\n\n\n\n<p class=\"has-medium-font-size\">Les professeurs, en plus de la fonction p\u00e9dagogique que nous d\u00e9veloppons dans une <a href=\"https:\/\/mecahealth.com\/?page_id=3616\" data-type=\"page\" data-id=\"3616\">page d\u00e9di\u00e9e \u00e0 ce r\u00f4le fondamental de notre Soci\u00e9t\u00e9<\/a> ou dans des pages de p\u00e9dagogies sp\u00e9cifiques comme celle traitant des <em><a href=\"https:\/\/mecahealth.com\/?page_id=7007\" data-type=\"page\" data-id=\"7007\">Classes ouvertes<\/a><\/em>, sont soumis \u00e0 de \u00e9preuves physiques qui ne paraissent pas si rudes mais qui, r\u00e9p\u00e9t\u00e9es peuvent entra\u00eener diff\u00e9rents maux.<\/p>\n\n\n\n<p class=\"has-medium-font-size\">Les professeurs et instituteurs peuvent \u00e9viter d\u00e9j\u00e0 celles relev\u00e9es dans la page <a href=\"https:\/\/mecahealth.com\/?page_id=4115\" data-type=\"page\" data-id=\"4115\">profession debout<\/a> qui expliquent l&rsquo;incidence de la station prolong\u00e9e principalement au niveau du dos et de la <a href=\"https:\/\/mecahealth.com\/?page_id=604\" data-type=\"page\" data-id=\"604\">circulation<\/a> sanguine des membres inf\u00e9rieurs (jambes, chevilles) par un mauvais <a href=\"https:\/\/mecahealth.com\/?page_id=695\" data-type=\"page\" data-id=\"695\">d\u00e9roulement du pied<\/a>. Il arrive \u00e9galement que les professeurs soient touch\u00e9s au niveau des genoux par une mauvaise gestion des pieds lors d&rsquo;un <a href=\"https:\/\/mecahealth.com\/?page_id=2034\" data-type=\"page\" data-id=\"2034\">changement de direction<\/a> ou par <a href=\"https:\/\/mecahealth.com\/?page_id=2061\" data-type=\"page\" data-id=\"2061\">manque de sirtaki<\/a> lorsqu&rsquo;ils se retrouvent debout face aux \u00e9tudiants en ne restant sur place.<\/p>\n\n\n\n<p class=\"has-medium-font-size\">\u00c0 ces points commun avec d&rsquo;autres professions, se rajoutent des <a href=\"https:\/\/mecahealth.com\/?page_id=3511\" data-type=\"page\" data-id=\"3511\">flexions ant\u00e9rieures de la nuque<\/a> \u00e0 chaque travers\u00e9e de rang\u00e9e comme l&rsquo;illustre tr\u00e8s bien la photo ci-dessous. La r\u00e9p\u00e9tition de cette position, \u00e0 l&rsquo;instar des consommateurs de <a href=\"https:\/\/mecahealth.com\/?page_id=1099\" data-type=\"page\" data-id=\"1099\"><em>lectures smartphoniques<\/em><\/a>, peut ab\u00eemer les vert\u00e8bres cervicales, les muscles de la <a href=\"https:\/\/mecahealth.com\/?page_id=628\" data-type=\"page\" data-id=\"628\">nuque<\/a> (paravert\u00e9braux et trap\u00e8zes) par <a href=\"https:\/\/mecahealth.com\/?page_id=1113\" data-type=\"page\" data-id=\"1113\">trop grand bras de levier<\/a>. L&rsquo;enseignant veillera donc \u00e0 regarder les copies et les tricheurs plut\u00f4t en d\u00e9pla\u00e7ant ses yeux plut\u00f4t que sa nuque. Il veillera \u00e9galement \u00e0 <a href=\"https:\/\/mecahealth.com\/?page_id=1923\" data-type=\"page\" data-id=\"1923\">respecter la position z\u00e9ro<\/a> aux diff\u00e9rents moments o\u00f9 il n&rsquo;est pas indispensable de regarder vers le bas.<\/p>\n\n\n\n<figure class=\"wp-block-image size-full is-resized\"><img loading=\"lazy\" decoding=\"async\" width=\"330\" height=\"330\" src=\"https:\/\/mecahealth.com\/wp-content\/uploads\/2023\/03\/MecaHealth-professeur-enseignant-2.jpg\" alt=\"\" class=\"wp-image-4919\" style=\"width:250px;height:250px\" srcset=\"https:\/\/mecahealth.com\/wp-content\/uploads\/2023\/03\/MecaHealth-professeur-enseignant-2.jpg 330w, https:\/\/mecahealth.com\/wp-content\/uploads\/2023\/03\/MecaHealth-professeur-enseignant-2-300x300.jpg 300w, https:\/\/mecahealth.com\/wp-content\/uploads\/2023\/03\/MecaHealth-professeur-enseignant-2-150x150.jpg 150w\" sizes=\"auto, (max-width: 330px) 100vw, 330px\" \/><\/figure>\n\n\n\n<p class=\"has-medium-font-size\">Lorsque l&rsquo;enseignant travaille au tableau, il r\u00e9alise une <a href=\"https:\/\/mecahealth.com\/?page_id=1918\" data-type=\"page\" data-id=\"1918\">\u00e9l\u00e9vation ant\u00e9rieure de l&rsquo;\u00e9paule<\/a> qui, si elle se prolonge, entra\u00eene une fermeture de l&rsquo;espace d\u00e9di\u00e9 au passage du <a href=\"https:\/\/mecahealth.com\/?page_id=1924\" data-type=\"page\" data-id=\"1924\">tendon long biceps<\/a> et un risque de d\u00e9velopper progressivement une <a href=\"https:\/\/mecahealth.com\/?page_id=1924\" data-type=\"page\" data-id=\"1924\">tendinite de celui-ci<\/a> notamment par addition avec les levers de l&rsquo;\u00e9paule en <a href=\"https:\/\/mecahealth.com\/?page_id=295\" data-type=\"page\" data-id=\"295\">travaillant avec la souris<\/a>. Le professeur veillera donc \u00e0 rel\u00e2cher ses \u00e9paules en suffisance entre deux \u00e9critures sur tableau et \u00e0 \u00e9crire sur un morceau de tableau (colonnes) plut\u00f4t que sur toute sa longueur&#8230;<\/p>\n\n\n\n<figure data-wp-context=\"{&quot;imageId&quot;:&quot;69d0b2c108966&quot;}\" data-wp-interactive=\"core\/image\" data-wp-key=\"69d0b2c108966\" class=\"wp-block-image size-full is-resized wp-lightbox-container\"><img loading=\"lazy\" decoding=\"async\" width=\"536\" height=\"536\" data-wp-class--hide=\"state.isContentHidden\" data-wp-class--show=\"state.isContentVisible\" data-wp-init=\"callbacks.setButtonStyles\" data-wp-on--click=\"actions.showLightbox\" data-wp-on--load=\"callbacks.setButtonStyles\" data-wp-on-window--resize=\"callbacks.setButtonStyles\" src=\"https:\/\/mecahealth.com\/wp-content\/uploads\/2025\/03\/MecaHealth-profession-enseignant-professeur.png\" alt=\"\" class=\"wp-image-7753\" style=\"width:250px;height:250px\" srcset=\"https:\/\/mecahealth.com\/wp-content\/uploads\/2025\/03\/MecaHealth-profession-enseignant-professeur.png 536w, https:\/\/mecahealth.com\/wp-content\/uploads\/2025\/03\/MecaHealth-profession-enseignant-professeur-300x300.png 300w, https:\/\/mecahealth.com\/wp-content\/uploads\/2025\/03\/MecaHealth-profession-enseignant-professeur-150x150.png 150w\" sizes=\"auto, (max-width: 536px) 100vw, 536px\" \/><button\n\t\t\tclass=\"lightbox-trigger\"\n\t\t\ttype=\"button\"\n\t\t\taria-haspopup=\"dialog\"\n\t\t\taria-label=\"Enlarge\"\n\t\t\tdata-wp-init=\"callbacks.initTriggerButton\"\n\t\t\tdata-wp-on--click=\"actions.showLightbox\"\n\t\t\tdata-wp-style--right=\"state.imageButtonRight\"\n\t\t\tdata-wp-style--top=\"state.imageButtonTop\"\n\t\t>\n\t\t\t<svg xmlns=\"http:\/\/www.w3.org\/2000\/svg\" width=\"12\" height=\"12\" fill=\"none\" viewBox=\"0 0 12 12\">\n\t\t\t\t<path fill=\"#fff\" d=\"M2 0a2 2 0 0 0-2 2v2h1.5V2a.5.5 0 0 1 .5-.5h2V0H2Zm2 10.5H2a.5.5 0 0 1-.5-.5V8H0v2a2 2 0 0 0 2 2h2v-1.5ZM8 12v-1.5h2a.5.5 0 0 0 .5-.5V8H12v2a2 2 0 0 1-2 2H8Zm2-12a2 2 0 0 1 2 2v2h-1.5V2a.5.5 0 0 0-.5-.5H8V0h2Z\" \/>\n\t\t\t<\/svg>\n\t\t<\/button><\/figure>\n\n\n\n<p class=\"has-medium-font-size\">Ceux qui ont la chance de disposer d&rsquo;une tableau interactif, pourront \u00e9viter cette \u00e9l\u00e9vation ant\u00e9rieure prolong\u00e9e mais devront \u00e9viter la posture de ceux qui <a href=\"https:\/\/mecahealth.com\/?page_id=295\" data-type=\"page\" data-id=\"295\">travaillent devant un ordinateur portable<\/a> s&rsquo;ils le consid\u00e8rent comme un simple vid\u00e9oprojecteur&#8230; <\/p>\n\n\n\n<figure class=\"wp-block-image size-full is-resized\"><img loading=\"lazy\" decoding=\"async\" width=\"330\" height=\"330\" src=\"https:\/\/mecahealth.com\/wp-content\/uploads\/2023\/03\/MecaHealth-professeur-enseignant-4-tableau-interactif.jpg\" alt=\"\" class=\"wp-image-4921\" style=\"width:250px;height:250px\" srcset=\"https:\/\/mecahealth.com\/wp-content\/uploads\/2023\/03\/MecaHealth-professeur-enseignant-4-tableau-interactif.jpg 330w, https:\/\/mecahealth.com\/wp-content\/uploads\/2023\/03\/MecaHealth-professeur-enseignant-4-tableau-interactif-300x300.jpg 300w, https:\/\/mecahealth.com\/wp-content\/uploads\/2023\/03\/MecaHealth-professeur-enseignant-4-tableau-interactif-150x150.jpg 150w\" sizes=\"auto, (max-width: 330px) 100vw, 330px\" \/><\/figure>\n\n\n\n<p class=\"has-medium-font-size\">La posture pour le travail pr\u00e9paratoire ou pour les corrections se fera dans la mesure du possible sur <a href=\"https:\/\/mecahealth.com\/?page_id=4328\" data-type=\"page\" data-id=\"4328\">lutrin comme ce fut le cas durant des mill\u00e9naires<\/a> sur des versions papiers. Pour ce qui est du travail devant un ordinateur, l&rsquo;enseignant s&rsquo;\u00e9quipera au mieux techniquement (donc en \u00e9vitant de ne travailler que sur un portable) pour se positionner comme il se doit <a href=\"https:\/\/mecahealth.com\/?page_id=295\" data-type=\"page\" data-id=\"295\">devant un bureau<\/a>. Il s&rsquo;ach\u00e8tera donc tout au moins, un \u00e9cran et un clavier compl\u00e9mentaire (&#8230;). <\/p>\n\n\n\n<p class=\"has-medium-font-size\">Les professeurs travaillant avec les plus jeunes peuvent d\u00e9velopper des <a href=\"https:\/\/mecahealth.com\/?page_id=1416\" data-type=\"page\" data-id=\"1416\">h\u00e9morro\u00efdes<\/a> \u00e0 force de s&rsquo;asseoir sur des chaises trop petites qui placeront les fessiers en traction externe tirant l&rsquo;anus vers l&rsquo;ext\u00e9rieur et les c\u00f4t\u00e9s. Il n&rsquo;est pas si rare non plus de voir un endormissement de la jambe voire des parties g\u00e9nitales par compression sur ces bords de chaise non proportionnelle \u00e0 la taille d&rsquo;un adulte. Le professeur veillera donc \u00e0 utiliser une chaise base mais assez large ou tout au moins \u00e0 mettre un coussin sur la chaise utilis\u00e9e par les enfants&#8230;<\/p>\n\n\n\n<figure class=\"wp-block-image size-full is-resized\"><img loading=\"lazy\" decoding=\"async\" width=\"330\" height=\"330\" src=\"https:\/\/mecahealth.com\/wp-content\/uploads\/2023\/03\/MecaHealth-professeur-enseignant-5.jpg\" alt=\"\" class=\"wp-image-4922\" style=\"width:250px;height:250px\" srcset=\"https:\/\/mecahealth.com\/wp-content\/uploads\/2023\/03\/MecaHealth-professeur-enseignant-5.jpg 330w, https:\/\/mecahealth.com\/wp-content\/uploads\/2023\/03\/MecaHealth-professeur-enseignant-5-300x300.jpg 300w, https:\/\/mecahealth.com\/wp-content\/uploads\/2023\/03\/MecaHealth-professeur-enseignant-5-150x150.jpg 150w\" sizes=\"auto, (max-width: 330px) 100vw, 330px\" \/><\/figure>\n\n\n\n<p class=\"has-medium-font-size\">(&#8230;)<\/p>\n\n\n\n<h2 class=\"wp-block-heading has-medium-font-size\">Pour les enseignants, nous proposons des formations sur place et co-financ\u00e9e par le priv\u00e9 (5 entreprises de parents). <a href=\"https:\/\/mecahealth.com\/?page_id=95\" data-type=\"page\" data-id=\"95\">Contactez-nous<\/a> pour en savoir plus&#8230;<\/h2>\n\n\n\n<p>(&#8230;).<\/p>\n\n\n\n<h2 class=\"wp-block-heading has-medium-font-size\"><span style=\"font-size: var(--wp--preset--font-size--medium) ; color: initial;\"><span style=\"font-size: var(--wp--preset--font-size--medium) ; color: initial;\">Abonnez-vous \u00e0 nos diff\u00e9rentes pages pour \u00eatre averti(s) des nouvelles mises en ligne&#8230;<\/span><\/span><\/h2>\n\n\n\n<p class=\"has-small-font-size\"><a rel=\"noreferrer noopener\" href=\"https:\/\/www.facebook.com\/MecaHealthAsbl\" target=\"_blank\">Facebook MecaHealthAsbl<\/a> &#8211; <a rel=\"noreferrer noopener\" href=\"https:\/\/www.linkedin.com\/company\/mecahealth\/\" target=\"_blank\">Linkedin MecaHealth<\/a> &#8211; <a rel=\"noreferrer noopener\" href=\"https:\/\/www.youtube.com\/channel\/UCJb5g--IGlU6FgQLQKaJljg\" target=\"_blank\">Youtube cha\u00eene MecaHealth<\/a> &#8211; Instagram (pas encore)<\/p>\n\n\n\n<h2 class=\"wp-block-heading has-medium-font-size\">Revenir au chapitre <em><a href=\"https:\/\/mecahealth.com\/?page_id=6325\" data-type=\"page\" data-id=\"6325\">Professions<\/a> <\/em>ou <a href=\"https:\/\/mecahealth.com\/?page_id=61\" data-type=\"page\" data-id=\"61\"><em>1001 conseils \/ lexique<\/em><\/a><\/h2>\n","protected":false},"excerpt":{"rendered":"<p>(ou conf\u00e9rencier) Attention \u00e0 lire les consignes avant de lire toute page d&rsquo;un site sant\u00e9 ! Les professeurs, en plus de la fonction p\u00e9dagogique que nous d\u00e9veloppons dans une page d\u00e9di\u00e9e \u00e0 ce r\u00f4le fondamental de notre Soci\u00e9t\u00e9 ou dans des pages de p\u00e9dagogies sp\u00e9cifiques comme celle traitant des Classes<a href=\"https:\/\/mecahealth.com\/?page_id=7615\" class=\"read-more\">Read More&#8230;<\/a><\/p>\n","protected":false},"author":1,"featured_media":0,"parent":0,"menu_order":0,"comment_status":"closed","ping_status":"closed","template":"","meta":{"footnotes":""},"class_list":["post-7615","page","type-page","status-publish","hentry"],"jetpack_sharing_enabled":true,"_links":{"self":[{"href":"https:\/\/mecahealth.com\/index.php?rest_route=\/wp\/v2\/pages\/7615","targetHints":{"allow":["GET"]}}],"collection":[{"href":"https:\/\/mecahealth.com\/index.php?rest_route=\/wp\/v2\/pages"}],"about":[{"href":"https:\/\/mecahealth.com\/index.php?rest_route=\/wp\/v2\/types\/page"}],"author":[{"embeddable":true,"href":"https:\/\/mecahealth.com\/index.php?rest_route=\/wp\/v2\/users\/1"}],"replies":[{"embeddable":true,"href":"https:\/\/mecahealth.com\/index.php?rest_route=%2Fwp%2Fv2%2Fcomments&post=7615"}],"version-history":[{"count":22,"href":"https:\/\/mecahealth.com\/index.php?rest_route=\/wp\/v2\/pages\/7615\/revisions"}],"predecessor-version":[{"id":8785,"href":"https:\/\/mecahealth.com\/index.php?rest_route=\/wp\/v2\/pages\/7615\/revisions\/8785"}],"wp:attachment":[{"href":"https:\/\/mecahealth.com\/index.php?rest_route=%2Fwp%2Fv2%2Fmedia&parent=7615"}],"curies":[{"name":"wp","href":"https:\/\/api.w.org\/{rel}","templated":true}]}}