{"id":7593,"date":"2025-01-29T23:15:38","date_gmt":"2025-01-29T22:15:38","guid":{"rendered":"https:\/\/mecahealth.com\/?page_id=7593"},"modified":"2025-03-02T21:35:52","modified_gmt":"2025-03-02T20:35:52","slug":"peda-intelligence-collective-et-scolarite","status":"publish","type":"page","link":"https:\/\/mecahealth.com\/?page_id=7593","title":{"rendered":"P\u00e9da : intelligence collective et scolarit\u00e9"},"content":{"rendered":"\n<figure data-wp-context=\"{&quot;imageId&quot;:&quot;69e395a9e81c9&quot;}\" data-wp-interactive=\"core\/image\" data-wp-key=\"69e395a9e81c9\" class=\"wp-block-image size-full is-resized is-style-rounded wp-lightbox-container\"><img loading=\"lazy\" decoding=\"async\" width=\"1024\" height=\"1024\" data-wp-class--hide=\"state.isContentHidden\" data-wp-class--show=\"state.isContentVisible\" data-wp-init=\"callbacks.setButtonStyles\" data-wp-on--click=\"actions.showLightbox\" data-wp-on--load=\"callbacks.setButtonStyles\" data-wp-on-window--resize=\"callbacks.setButtonStyles\" src=\"https:\/\/mecahealth.com\/wp-content\/uploads\/2025\/01\/MecaHealth-peda-classe-multiages.webp\" alt=\"\" class=\"wp-image-7594\" style=\"width:330px\" srcset=\"https:\/\/mecahealth.com\/wp-content\/uploads\/2025\/01\/MecaHealth-peda-classe-multiages.webp 1024w, https:\/\/mecahealth.com\/wp-content\/uploads\/2025\/01\/MecaHealth-peda-classe-multiages-300x300.webp 300w, https:\/\/mecahealth.com\/wp-content\/uploads\/2025\/01\/MecaHealth-peda-classe-multiages-150x150.webp 150w, https:\/\/mecahealth.com\/wp-content\/uploads\/2025\/01\/MecaHealth-peda-classe-multiages-768x768.webp 768w\" sizes=\"auto, (max-width: 1024px) 100vw, 1024px\" \/><button\n\t\t\tclass=\"lightbox-trigger\"\n\t\t\ttype=\"button\"\n\t\t\taria-haspopup=\"dialog\"\n\t\t\taria-label=\"Enlarge\"\n\t\t\tdata-wp-init=\"callbacks.initTriggerButton\"\n\t\t\tdata-wp-on--click=\"actions.showLightbox\"\n\t\t\tdata-wp-style--right=\"state.imageButtonRight\"\n\t\t\tdata-wp-style--top=\"state.imageButtonTop\"\n\t\t>\n\t\t\t<svg xmlns=\"http:\/\/www.w3.org\/2000\/svg\" width=\"12\" height=\"12\" fill=\"none\" viewBox=\"0 0 12 12\">\n\t\t\t\t<path fill=\"#fff\" d=\"M2 0a2 2 0 0 0-2 2v2h1.5V2a.5.5 0 0 1 .5-.5h2V0H2Zm2 10.5H2a.5.5 0 0 1-.5-.5V8H0v2a2 2 0 0 0 2 2h2v-1.5ZM8 12v-1.5h2a.5.5 0 0 0 .5-.5V8H12v2a2 2 0 0 1-2 2H8Zm2-12a2 2 0 0 1 2 2v2h-1.5V2a.5.5 0 0 0-.5-.5H8V0h2Z\" \/>\n\t\t\t<\/svg>\n\t\t<\/button><\/figure>\n\n\n\n<h2 class=\"wp-block-heading has-medium-font-size\">L\u2019intelligence collective appliqu\u00e9e \u00e0 l\u2019enseignement<\/h2>\n\n\n\n<p class=\"has-medium-font-size\">Pendant des d\u00e9cennies, et encore aujourd\u2019hui dans certaines petites \u00e9coles, l\u2019enseignement en classe multi-\u00e2ges a \u00e9t\u00e9 une r\u00e9alit\u00e9 quotidienne. Ce mod\u00e8le, qui consiste \u00e0 regrouper plusieurs niveaux scolaires dans une m\u00eame classe, pr\u00e9sente de nombreux avantages tant sur le plan p\u00e9dagogique que social d\u00e9veloppant ce que nous consid\u00e9rons comme <a href=\"https:\/\/mecahealth.com\/?page_id=7537\" data-type=\"page\" data-id=\"7537\">l&rsquo;intelligence collective<\/a>. Autrefois r\u00e9pandu dans les \u00e9coles rurales, ce type d\u2019organisation permettait aux \u00e9l\u00e8ves d\u2019apprendre de mani\u00e8re plus fluide et naturelle, en s\u2019appuyant sur l\u2019entraide et l\u2019\u00e9coute active.<\/p>\n\n\n\n<p class=\"has-medium-font-size\">L\u2019un des principaux b\u00e9n\u00e9fices de ce syst\u00e8me r\u00e9side dans la possibilit\u00e9 pour les \u00e9l\u00e8ves plus avanc\u00e9s d\u2019\u00e9couter et d\u2019assimiler des notions destin\u00e9es aux niveaux sup\u00e9rieurs avant m\u00eame de les \u00e9tudier officiellement et <a href=\"https:\/\/mecahealth.com\/?page_id=5891\">peut-\u00eatre \u00e9viter une <strong>partie<\/strong> des dyslexies<\/a>. Cette exposition pr\u00e9coce favorise une meilleure compr\u00e9hension des apprentissages et une transition plus douce d\u2019une ann\u00e9e \u00e0 l\u2019autre. De plus, les \u00e9l\u00e8ves les plus rapides peuvent aider leurs camarades en difficult\u00e9, renfor\u00e7ant ainsi leur propre compr\u00e9hension tout en d\u00e9veloppant des comp\u00e9tences sociales pr\u00e9cieuses comme l\u2019empathie et la p\u00e9dagogie.<\/p>\n\n\n\n<p class=\"has-medium-font-size\">Des p\u00e9dagogies alternatives, telles que la m\u00e9thode Montessori*, ont formalis\u00e9 ces principes en regroupant les enfants par tranches d\u2019\u00e2ge \u00e9largies (3-6 ans, 6-9 ans, etc.), encourageant ainsi l\u2019autonomie et la coop\u00e9ration. De m\u00eame, les \u00e9coles Freinet* mettent en avant le travail collaboratif et le tutorat entre \u00e9l\u00e8ves, favorisant une approche active et participative de l\u2019apprentissage. Dans certaines \u00e9coles d\u00e9mocratiques, les enfants \u00e9voluent librement au sein d\u2019un m\u00eame groupe sans distinction d\u2019\u00e2ge, apprenant les uns des autres selon leurs int\u00e9r\u00eats et leurs besoins.<\/p>\n\n\n\n<p class=\"has-medium-font-size\">Ce mod\u00e8le n\u2019est pas limit\u00e9 aux \u00e9coles occidentales et se retrouve dans diff\u00e9rentes r\u00e9gions du monde. Dans les \u00e9coles des montagnes de l&rsquo;Himalaya (N\u00e9pal, Inde, Bhoutan), o\u00f9 il n\u2019y a pas assez d\u2019enseignants pour chaque niveau, les \u00e9l\u00e8ves plus avanc\u00e9s jouent le r\u00f4le d\u2019assistants p\u00e9dagogiques, apprenant tout en enseignant. Ils acqui\u00e8rent non seulement des savoirs acad\u00e9miques, mais aussi des comp\u00e9tences pratiques adapt\u00e9es \u00e0 leur environnement, comme l\u2019agriculture de montagne et l\u2019orientation en haute altitude.<\/p>\n\n\n\n<p class=\"has-medium-font-size\">Les \u00e9coles indig\u00e8nes d\u2019Amazonie (Br\u00e9sil, P\u00e9rou, Colombie) fonctionnent \u00e9galement sur un mod\u00e8le d\u2019apprentissage collectif. Dans ces communaut\u00e9s, l\u2019\u00e9ducation repose autant sur les mati\u00e8res classiques que sur la transmission des savoirs traditionnels, tels que la chasse, l\u2019utilisation des plantes m\u00e9dicinales et la cosmologie indig\u00e8ne. Les \u00e9l\u00e8ves de tous \u00e2ges apprennent ensemble, renfor\u00e7ant ainsi leur lien avec leur culture et leur environnement.<\/p>\n\n\n\n<p class=\"has-medium-font-size\">Un autre exemple est celui des \u00e9coles rurales du Chiapas (Mexique), o\u00f9 les communaut\u00e9s zapatistes pratiquent un enseignement collaboratif sans distinction stricte d\u2019\u00e2ge. Ces \u00e9coles, autog\u00e9r\u00e9es, encouragent les \u00e9l\u00e8ves plus \u00e2g\u00e9s \u00e0 devenir enseignants pour transmettre \u00e0 leur tour leurs connaissances et contribuer activement au d\u00e9veloppement de leur communaut\u00e9.<\/p>\n\n\n\n<p class=\"has-medium-font-size\">Au-del\u00e0 des p\u00e9dagogies alternatives, l\u2019intelligence collective trouve \u00e9galement sa place dans les classes traditionnelles \u00e0 travers des approches innovantes. Le travail en petits groupes, les projets inter-niveaux et les activit\u00e9s collaboratives permettent de rompre avec le cloisonnement rigide des ann\u00e9es scolaires et d\u2019exploiter le potentiel d\u2019un apprentissage plus interactif.<\/p>\n\n\n\n<p class=\"has-medium-font-size\">Ainsi, le mod\u00e8le des classes multi-\u00e2ges d\u00e9montre que l\u2019apprentissage n\u2019est pas qu\u2019une affaire individuelle mais bien un processus collectif. En favorisant l\u2019entraide, la transmission des savoirs et l\u2019\u00e9coute mutuelle, il contribue \u00e0 d\u00e9velopper non seulement des comp\u00e9tences acad\u00e9miques solides, mais aussi des valeurs essentielles telles que la coop\u00e9ration et la solidarit\u00e9. Il semble \u00e9viter que les plus rapides des \u00e9l\u00e8ves soient <a href=\"https:\/\/mecahealth.com\/?page_id=6847\" data-type=\"page\" data-id=\"6847\">harcel\u00e9s pour leur mode de fonctionnement<\/a> (&#8230;).<\/p>\n\n\n\n<p class=\"has-large-font-size\">M\u00eame si il est difficile d&rsquo;envisager un retour en arri\u00e8re aujourd&rsquo;hui, le principe pourrait \u00eatre int\u00e9gr\u00e9 \u00e0 l&rsquo;instar des \u00e9coles pr\u00e9cit\u00e9es mais avec <a href=\"https:\/\/mecahealth.com\/?page_id=7007\" data-type=\"page\" data-id=\"7007\">un compl\u00e9ment que nous avons appel\u00e9 les classes ouvertes<\/a> qui lib\u00e9rera la charge de certains <a href=\"https:\/\/mecahealth.com\/?page_id=3616\">enseignants<\/a> tout en permettant l&rsquo;\u00e9volution des \u00e9l\u00e8ves.<\/p>\n\n\n\n<p>(&#8230;)<\/p>\n\n\n\n<p class=\"has-small-font-size\">* Ecoles \u00e0 p\u00e9dagogie active \u00e0 ne pas confondre avec les \u00e9coles Steiner (anthroposophique) consid\u00e9r\u00e9es comme sectaires par plusieurs organisme et notamment par l&rsquo;un de ses plus grands anciens partisans, <a href=\"https:\/\/www.linkedin.com\/in\/gr%C3%A9goire-perra-06666a1b\/\" target=\"_blank\" rel=\"noreferrer noopener\">Gr\u00e9goire Perra<\/a> ou par <a href=\"https:\/\/www.linkedin.com\/in\/st%C3%A9phanie-de-vanssay\/?originalSubdomain=fr\">St\u00e9phanie de Vanssay<\/a> (conseill\u00e8re UNSA)<\/p>\n\n\n\n<h2 class=\"wp-block-heading has-medium-font-size\">Retour au chapitre <em>P\u00e9dagogie<\/em> ou <em><a href=\"https:\/\/mecahealth.com\/?page_id=127\" data-type=\"page\" data-id=\"127\">Corps psychique<\/a><\/em><\/h2>\n","protected":false},"excerpt":{"rendered":"<p>L\u2019intelligence collective appliqu\u00e9e \u00e0 l\u2019enseignement Pendant des d\u00e9cennies, et encore aujourd\u2019hui dans certaines petites \u00e9coles, l\u2019enseignement en classe multi-\u00e2ges a \u00e9t\u00e9 une r\u00e9alit\u00e9 quotidienne. Ce mod\u00e8le, qui consiste \u00e0 regrouper plusieurs niveaux scolaires dans une m\u00eame classe, pr\u00e9sente de nombreux avantages tant sur le plan p\u00e9dagogique que social d\u00e9veloppant ce<a href=\"https:\/\/mecahealth.com\/?page_id=7593\" class=\"read-more\">Read More&#8230;<\/a><\/p>\n","protected":false},"author":1,"featured_media":0,"parent":0,"menu_order":0,"comment_status":"closed","ping_status":"closed","template":"","meta":{"footnotes":""},"class_list":["post-7593","page","type-page","status-publish","hentry"],"jetpack_sharing_enabled":true,"_links":{"self":[{"href":"https:\/\/mecahealth.com\/index.php?rest_route=\/wp\/v2\/pages\/7593","targetHints":{"allow":["GET"]}}],"collection":[{"href":"https:\/\/mecahealth.com\/index.php?rest_route=\/wp\/v2\/pages"}],"about":[{"href":"https:\/\/mecahealth.com\/index.php?rest_route=\/wp\/v2\/types\/page"}],"author":[{"embeddable":true,"href":"https:\/\/mecahealth.com\/index.php?rest_route=\/wp\/v2\/users\/1"}],"replies":[{"embeddable":true,"href":"https:\/\/mecahealth.com\/index.php?rest_route=%2Fwp%2Fv2%2Fcomments&post=7593"}],"version-history":[{"count":11,"href":"https:\/\/mecahealth.com\/index.php?rest_route=\/wp\/v2\/pages\/7593\/revisions"}],"predecessor-version":[{"id":7797,"href":"https:\/\/mecahealth.com\/index.php?rest_route=\/wp\/v2\/pages\/7593\/revisions\/7797"}],"wp:attachment":[{"href":"https:\/\/mecahealth.com\/index.php?rest_route=%2Fwp%2Fv2%2Fmedia&parent=7593"}],"curies":[{"name":"wp","href":"https:\/\/api.w.org\/{rel}","templated":true}]}}