{"id":7559,"date":"2025-01-26T16:13:12","date_gmt":"2025-01-26T15:13:12","guid":{"rendered":"https:\/\/mecahealth.com\/?page_id=7559"},"modified":"2025-01-28T00:11:30","modified_gmt":"2025-01-27T23:11:30","slug":"rh-vieillissement-de-la-population","status":"publish","type":"page","link":"https:\/\/mecahealth.com\/?page_id=7559","title":{"rendered":"RH : vieillissement de la population"},"content":{"rendered":"\n<figure data-wp-context=\"{&quot;imageId&quot;:&quot;69e3ebe6bb7de&quot;}\" data-wp-interactive=\"core\/image\" data-wp-key=\"69e3ebe6bb7de\" class=\"wp-block-image size-full is-resized is-style-rounded wp-lightbox-container\"><img loading=\"lazy\" decoding=\"async\" width=\"1024\" height=\"1024\" data-wp-class--hide=\"state.isContentHidden\" data-wp-class--show=\"state.isContentVisible\" data-wp-init=\"callbacks.setButtonStyles\" data-wp-on--click=\"actions.showLightbox\" data-wp-on--load=\"callbacks.setButtonStyles\" data-wp-on-window--resize=\"callbacks.setButtonStyles\" src=\"https:\/\/mecahealth.com\/wp-content\/uploads\/2025\/01\/MecaHealth-vieillissement-adaptation.webp\" alt=\"\" class=\"wp-image-7570\" style=\"width:330px\" srcset=\"https:\/\/mecahealth.com\/wp-content\/uploads\/2025\/01\/MecaHealth-vieillissement-adaptation.webp 1024w, https:\/\/mecahealth.com\/wp-content\/uploads\/2025\/01\/MecaHealth-vieillissement-adaptation-300x300.webp 300w, https:\/\/mecahealth.com\/wp-content\/uploads\/2025\/01\/MecaHealth-vieillissement-adaptation-150x150.webp 150w, https:\/\/mecahealth.com\/wp-content\/uploads\/2025\/01\/MecaHealth-vieillissement-adaptation-768x768.webp 768w\" sizes=\"auto, (max-width: 1024px) 100vw, 1024px\" \/><button\n\t\t\tclass=\"lightbox-trigger\"\n\t\t\ttype=\"button\"\n\t\t\taria-haspopup=\"dialog\"\n\t\t\taria-label=\"Enlarge\"\n\t\t\tdata-wp-init=\"callbacks.initTriggerButton\"\n\t\t\tdata-wp-on--click=\"actions.showLightbox\"\n\t\t\tdata-wp-style--right=\"state.imageButtonRight\"\n\t\t\tdata-wp-style--top=\"state.imageButtonTop\"\n\t\t>\n\t\t\t<svg xmlns=\"http:\/\/www.w3.org\/2000\/svg\" width=\"12\" height=\"12\" fill=\"none\" viewBox=\"0 0 12 12\">\n\t\t\t\t<path fill=\"#fff\" d=\"M2 0a2 2 0 0 0-2 2v2h1.5V2a.5.5 0 0 1 .5-.5h2V0H2Zm2 10.5H2a.5.5 0 0 1-.5-.5V8H0v2a2 2 0 0 0 2 2h2v-1.5ZM8 12v-1.5h2a.5.5 0 0 0 .5-.5V8H12v2a2 2 0 0 1-2 2H8Zm2-12a2 2 0 0 1 2 2v2h-1.5V2a.5.5 0 0 0-.5-.5H8V0h2Z\" \/>\n\t\t\t<\/svg>\n\t\t<\/button><\/figure>\n\n\n\n<p class=\"has-large-font-size\">(texte en cours de correction)<\/p>\n\n\n\n<h3 class=\"wp-block-heading has-medium-font-size\">R\u00e9fl\u00e9chir autrement au vieillissement de la population et \u00e0 l&#8217;emploi<\/h3>\n\n\n\n<p class=\"has-medium-font-size\">Le <a href=\"https:\/\/mecahealth.com\/?page_id=361\" data-type=\"page\" data-id=\"361\">vieillissement de la population<\/a> est une r\u00e9alit\u00e9 complexe, impactant non seulement le march\u00e9 de l\u2019emploi, mais aussi le syst\u00e8me de sant\u00e9 et les structures d\u2019accompagnement des a\u00een\u00e9s. Pourtant, nos approches actuelles, souvent fragment\u00e9es et bas\u00e9es sur des calculs simplistes, ne permettent pas d\u2019exploiter pleinement le potentiel humain, technologique et collectif pour r\u00e9pondre \u00e0 ces enjeux.<\/p>\n\n\n\n<h3 class=\"wp-block-heading has-medium-font-size\">Reconna\u00eetre le plaisir et l\u2019\u00e9panouissement au travail<\/h3>\n\n\n\n<p class=\"has-medium-font-size\">Pour de nombreuses personnes, le travail apr\u00e8s un certain \u00e2ge est bien plus qu\u2019une source de revenus. C\u2019est un moyen :<\/p>\n\n\n\n<ol class=\"has-medium-font-size wp-block-list\">\n<li><strong>De maintenir des relations sociales riches<\/strong> : Le travail permet de tisser des amiti\u00e9s et de rester int\u00e9gr\u00e9 dans une communaut\u00e9.<\/li>\n\n\n\n<li><strong>De <a href=\"https:\/\/mecahealth.com\/?page_id=6430\" data-type=\"page\" data-id=\"6430\">pr\u00e9server un plaisir intellectuel<\/a><\/strong> : Rester actif mentalement \u00e9vite l\u2019ennui et favorise l\u2019estime de soi.<\/li>\n<\/ol>\n\n\n\n<p class=\"has-medium-font-size\">Cependant, continuer \u00e0 travailler doit \u00eatre compatible avec <a href=\"https:\/\/mecahealth.com\/?page_id=361\" data-type=\"page\" data-id=\"361\">l\u2019\u00e9volution des capacit\u00e9s physiques<\/a> et cognitives. C\u2019est pourquoi une flexibilit\u00e9 accrue et des ajustements progressifs sont n\u00e9cessaires.<\/p>\n\n\n\n<h4 class=\"wp-block-heading has-medium-font-size\">Propositions pour le march\u00e9 de l\u2019emploi des seniors<\/h4>\n\n\n\n<ol class=\"has-medium-font-size wp-block-list\">\n<li><strong>Diminution des charges sociales pour les plus de 50 ans<\/strong><br>R\u00e9duire les charges patronales pour les employ\u00e9s de plus de 50 ans rend leur maintien ou leur recrutement plus attractif pour les entreprises.<\/li>\n\n\n\n<li><strong>Augmentation progressive des cong\u00e9s<\/strong><br>Accorder un jour de cong\u00e9 suppl\u00e9mentaire chaque ann\u00e9e, permettant d\u2019arriver \u00e0 un mi-temps \u00e0 65 ans sans perte financi\u00e8re ni surcharge pour l\u2019entreprise.<\/li>\n\n\n\n<li><strong>Prolongation de l\u2019activit\u00e9 jusqu\u2019\u00e0 70 ans, sur une base volontaire<\/strong><br>Ce dispositif permettrait de maintenir les contributions sociales et fiscales tout en valorisant l\u2019expertise des seniors dans des r\u00f4les adapt\u00e9s.<\/li>\n<\/ol>\n\n\n\n<h3 class=\"wp-block-heading has-medium-font-size\">Le v\u00e9ritable vieillissement : un enjeu collectif et technologique<\/h3>\n\n\n\n<p class=\"has-medium-font-size\">Outre le maintien dans l\u2019emploi, le vieillissement pose des d\u00e9fis sp\u00e9cifiques, notamment en mati\u00e8re de sant\u00e9 et d\u2019autonomie. Ces d\u00e9fis n\u00e9cessitent une approche syst\u00e9mique et novatrice, combinant intelligence collective et technologies.<\/p>\n\n\n\n<h4 class=\"wp-block-heading has-medium-font-size\">1. Intelligence collective et communaut\u00e9s solidaires<\/h4>\n\n\n\n<p class=\"has-medium-font-size\">Les <a href=\"https:\/\/mecahealth.com\/?page_id=7537\" data-type=\"page\" data-id=\"7537\">populations tribales offrent des exemples d\u2019entraide interg\u00e9n\u00e9rationnelle<\/a> et de partage des responsabilit\u00e9s qui peuvent inspirer nos soci\u00e9t\u00e9s modernes. Les principes de solidarit\u00e9 collective pourraient \u00eatre appliqu\u00e9s aux structures d\u2019accompagnement des personnes \u00e2g\u00e9es, en mobilisant les communaut\u00e9s locales et en favorisant des \u00e9changes interg\u00e9n\u00e9rationnels. Par exemple :<\/p>\n\n\n\n<ul class=\"has-medium-font-size wp-block-list\">\n<li>Des programmes de mentorat o\u00f9 les seniors partagent leur exp\u00e9rience avec les jeunes.<\/li>\n\n\n\n<li>Des r\u00e9seaux d\u2019entraide locale pour r\u00e9pondre aux besoins quotidiens (courses, petits travaux, accompagnement) notamment en <a href=\"https:\/\/mecahealth.com\/?page_id=7534\" data-type=\"page\" data-id=\"7534\">travaillant b\u00e9n\u00e9volement durant une p\u00e9riode de ch\u00f4mage prolong\u00e9 ou non<\/a><\/li>\n\n\n\n<li>Des initiatives favorisant le lien social, comme des ateliers ou des espaces de cohabitation interg\u00e9n\u00e9rationnelle.<\/li>\n<\/ul>\n\n\n\n<h4 class=\"wp-block-heading has-medium-font-size\">2. Technologies pour stimuler et assister<\/h4>\n\n\n\n<p class=\"has-medium-font-size\">Les avanc\u00e9es technologiques offrent des opportunit\u00e9s inestimables pour am\u00e9liorer la qualit\u00e9 de vie des seniors, tout en r\u00e9duisant les co\u00fbts pour la soci\u00e9t\u00e9 :<\/p>\n\n\n\n<ul class=\"has-medium-font-size wp-block-list\">\n<li><strong>Stimulation cognitive<\/strong> : Des applications et notamment l&rsquo;intelligence artificielle cibl\u00e9e ou mise en <em>assistant progressif<\/em>, jeux interactifs et dispositifs de r\u00e9alit\u00e9 virtuelle peuvent \u00eatre utilis\u00e9s pour entretenir et renforcer les fonctions cognitives des a\u00een\u00e9s, retardant ainsi les effets de certaines maladies d\u00e9g\u00e9n\u00e9ratives et limit\u00e9s le nombre de personnel n\u00e9cessaire par personne tout en maintenant les personnes \u00e0 domicile comme le fait l&rsquo;<a href=\"https:\/\/almagic.org\/aide-a-domicile\/\">asbl Almagic en guise d&rsquo;exemple<\/a>.<\/li>\n\n\n\n<li><strong>Aides physiques et robotiques<\/strong> : Les robots d\u2019assistance peuvent faciliter la mobilit\u00e9, le port de charges ou les soins, tout en all\u00e9geant la charge du personnel soignant. Par exemple :\n<ul class=\"wp-block-list\">\n<li>Des exosquelettes pour aider les personnes \u00e2g\u00e9es dans leurs mouvements.<\/li>\n\n\n\n<li>Des robots compagnons pour lutter contre la solitude et rappeler des t\u00e2ches importantes (prise de m\u00e9dicaments) l\u00e0 o\u00f9 l&rsquo;IA pr\u00e9cit\u00e9e ne suffirait pas.<\/li>\n<\/ul>\n<\/li>\n\n\n\n<li><strong>T\u00e9l\u00e9m\u00e9decine et suivi \u00e0 distance<\/strong> : M\u00eame si ce syst\u00e8me ne doit pas \u00eatre majoritaire, les technologies de sant\u00e9 connect\u00e9e permettent un suivi m\u00e9dical r\u00e9gulier sans d\u00e9placements, r\u00e9duisant les co\u00fbts et facilitant la pr\u00e9vention.<\/li>\n<\/ul>\n\n\n\n<h3 class=\"wp-block-heading\">R\u00e9duire le co\u00fbt global du vieillissement<\/h3>\n\n\n\n<p class=\"has-medium-font-size\">En combinant ces approches \u2013 valorisation des comp\u00e9tences des seniors, solidarit\u00e9 collective et innovations technologiques \u2013 il est possible de r\u00e9duire le co\u00fbt global du vieillissement pour la soci\u00e9t\u00e9. En effet :<\/p>\n\n\n\n<ul class=\"has-medium-font-size wp-block-list\">\n<li>Maintenir les seniors actifs (au travail ou dans des activit\u00e9s communautaires) prolonge leur autonomie et r\u00e9duit les besoins en soins intensifs.<\/li>\n\n\n\n<li>Mobiliser des communaut\u00e9s solidaires diminue la d\u00e9pendance \u00e0 des structures co\u00fbteuses et impersonnelles.<\/li>\n\n\n\n<li>Investir dans des technologies adapt\u00e9es permet de pr\u00e9venir les complications physiques ou cognitives, \u00e9vitant des hospitalisations ou des traitements lourds.<\/li>\n<\/ul>\n\n\n\n<h3 class=\"wp-block-heading has-medium-font-size\">Conclusion<\/h3>\n\n\n\n<p class=\"has-medium-font-size\">Le vieillissement de la population n\u2019est pas une crise in\u00e9luctable, mais une opportunit\u00e9 de repenser nos mod\u00e8les sociaux, \u00e9conomiques et technologiques. En valorisant les seniors, en s\u2019inspirant de l\u2019intelligence collective et en exploitant les innovations disponibles, nous pouvons cr\u00e9er une soci\u00e9t\u00e9 plus \u00e9quitable, solidaire et durable. Ce mod\u00e8le renforcerait \u00e0 la fois le bien-\u00eatre individuel et la coh\u00e9sion collective, tout en offrant une r\u00e9ponse pragmatique aux d\u00e9fis d\u00e9mographiques actuels.<\/p>\n\n\n\n<p class=\"has-medium-font-size\">(&#8230;)<\/p>\n\n\n\n<h2 class=\"wp-block-heading has-medium-font-size\">Revenir au chapitre <em><a href=\"https:\/\/mecahealth.com\/?page_id=127\" data-type=\"page\" data-id=\"127\">Corps psychique<\/a><\/em> ou \u00e0 la page<em> <a href=\"https:\/\/mecahealth.com\/?page_id=180\">Normalit\u00e9<\/a><\/em><\/h2>\n","protected":false},"excerpt":{"rendered":"<p>(texte en cours de correction) R\u00e9fl\u00e9chir autrement au vieillissement de la population et \u00e0 l&#8217;emploi Le vieillissement de la population est une r\u00e9alit\u00e9 complexe, impactant non seulement le march\u00e9 de l\u2019emploi, mais aussi le syst\u00e8me de sant\u00e9 et les structures d\u2019accompagnement des a\u00een\u00e9s. Pourtant, nos approches actuelles, souvent fragment\u00e9es et<a href=\"https:\/\/mecahealth.com\/?page_id=7559\" class=\"read-more\">Read More&#8230;<\/a><\/p>\n","protected":false},"author":1,"featured_media":0,"parent":0,"menu_order":0,"comment_status":"closed","ping_status":"closed","template":"","meta":{"footnotes":""},"class_list":["post-7559","page","type-page","status-publish","hentry"],"jetpack_sharing_enabled":true,"_links":{"self":[{"href":"https:\/\/mecahealth.com\/index.php?rest_route=\/wp\/v2\/pages\/7559","targetHints":{"allow":["GET"]}}],"collection":[{"href":"https:\/\/mecahealth.com\/index.php?rest_route=\/wp\/v2\/pages"}],"about":[{"href":"https:\/\/mecahealth.com\/index.php?rest_route=\/wp\/v2\/types\/page"}],"author":[{"embeddable":true,"href":"https:\/\/mecahealth.com\/index.php?rest_route=\/wp\/v2\/users\/1"}],"replies":[{"embeddable":true,"href":"https:\/\/mecahealth.com\/index.php?rest_route=%2Fwp%2Fv2%2Fcomments&post=7559"}],"version-history":[{"count":13,"href":"https:\/\/mecahealth.com\/index.php?rest_route=\/wp\/v2\/pages\/7559\/revisions"}],"predecessor-version":[{"id":7582,"href":"https:\/\/mecahealth.com\/index.php?rest_route=\/wp\/v2\/pages\/7559\/revisions\/7582"}],"wp:attachment":[{"href":"https:\/\/mecahealth.com\/index.php?rest_route=%2Fwp%2Fv2%2Fmedia&parent=7559"}],"curies":[{"name":"wp","href":"https:\/\/api.w.org\/{rel}","templated":true}]}}