{"id":75,"date":"2022-04-25T16:10:17","date_gmt":"2022-04-25T15:10:17","guid":{"rendered":"https:\/\/mecahealth.com\/?page_id=75"},"modified":"2023-04-16T20:59:02","modified_gmt":"2023-04-16T18:59:02","slug":"corps-musculo-articulaire","status":"publish","type":"page","link":"https:\/\/mecahealth.com\/?page_id=75","title":{"rendered":"Corps m\u00e9canique (musculo-articulaire)"},"content":{"rendered":"\n<p class=\"has-large-font-size\"><a href=\"https:\/\/mecahealth.com\/?page_id=122\"><\/a><\/p>\n\n\n\n<p class=\"has-medium-font-size\"><a style=\"font-size: revert;\" href=\"https:\/\/mecahealth.com\/?page_id=122\">Attention \u00e0 lire les consignes avant de lire toute page d&rsquo;un site sant\u00e9 !<\/a><\/p>\n\n\n\n<p class=\"has-medium-font-size\">Les 300 premi\u00e8res pages sont \u00e0 nouveau consultables <strong>depuis mars 2023<\/strong>. Un peu de patience encore pour passer au double et pour obtenir des vid\u00e9os compl\u00e9mentaires.<\/p>\n\n\n\n<figure class=\"wp-block-image size-full is-style-rounded\"><img loading=\"lazy\" decoding=\"async\" width=\"330\" height=\"330\" src=\"https:\/\/mecahealth.com\/wp-content\/uploads\/2023\/01\/8-1.jpg\" alt=\"\" class=\"wp-image-392\" srcset=\"https:\/\/mecahealth.com\/wp-content\/uploads\/2023\/01\/8-1.jpg 330w, https:\/\/mecahealth.com\/wp-content\/uploads\/2023\/01\/8-1-300x300.jpg 300w, https:\/\/mecahealth.com\/wp-content\/uploads\/2023\/01\/8-1-150x150.jpg 150w\" sizes=\"auto, (max-width: 330px) 100vw, 330px\" \/><\/figure>\n\n\n\n<p class=\"has-medium-font-size\">Les pages qui sont et seront d\u00e9taill\u00e9es dans ce \u00ab\u00a0chapitre\u00a0\u00bb, ne concernent que la partie biom\u00e9canique du corps. Comprendre le r\u00f4le g\u00e9n\u00e9ral de chacune de nos articulations permet \u00e0 toute personne de mieux agir sur celles-ci et donc d&rsquo;\u00e9viter une bonne part des maux et \u00e9viter une usure pr\u00e9coce de celles-ci.<\/p>\n\n\n\n<div data-wp-interactive=\"core\/file\" class=\"wp-block-file\"><object data-wp-bind--hidden=\"!state.hasPdfPreview\" hidden class=\"wp-block-file__embed\" data=\"https:\/\/mecahealth.com\/wp-content\/uploads\/2023\/02\/MH-Planche-originale-PDF-liens-1.pdf\" type=\"application\/pdf\" style=\"width:100%;height:980px\" aria-label=\"Contenu embarqu\u00e9 MH-Planche-originale-PDF-liens-1.\"><\/object><a id=\"wp-block-file--media-4ffcdef3-f327-47e3-9d92-346767e41911\" href=\"https:\/\/mecahealth.com\/wp-content\/uploads\/2023\/02\/MH-Planche-originale-PDF-liens-1.pdf\" target=\"_blank\" rel=\"noreferrer noopener\">MH-Planche-originale-PDF-liens-1<\/a><\/div>\n\n\n\n<p><\/p>\n\n\n\n<h2 class=\"wp-block-heading has-medium-font-size\">Vous avez aim\u00e9 l&rsquo;information que MecaHealth apporte, vous pouvez nous contacter pour l&rsquo;une ou l&rsquo;autre <a style=\"font-size: var(--wp--preset--font-size--medium) ; font-weight: revert;\" href=\"https:\/\/mecahealth.com\/?page_id=146\" data-type=\"page\" data-id=\"146\">formation<\/a><span style=\"color: revert; font-size: var(--wp--preset--font-size--medium) ; font-weight: revert;\">, nous appuyer en transmettant l&rsquo;adresse de notre site mais \u00e9galement par <\/span><a style=\"font-size: var(--wp--preset--font-size--medium) ; font-weight: revert;\" href=\"https:\/\/mecahealth.com\/?page_id=172\" data-type=\"page\" data-id=\"172\">d&rsquo;autres appuis<\/a><span style=\"color: revert; font-size: var(--wp--preset--font-size--medium) ; font-weight: revert;\">.<\/span><\/h2>\n","protected":false},"excerpt":{"rendered":"<p>Attention \u00e0 lire les consignes avant de lire toute page d&rsquo;un site sant\u00e9 ! Les 300 premi\u00e8res pages sont \u00e0 nouveau consultables depuis mars 2023. Un peu de patience encore pour passer au double et pour obtenir des vid\u00e9os compl\u00e9mentaires. Les pages qui sont et seront d\u00e9taill\u00e9es dans ce \u00ab\u00a0chapitre\u00a0\u00bb,<a href=\"https:\/\/mecahealth.com\/?page_id=75\" class=\"read-more\">Read More&#8230;<\/a><\/p>\n","protected":false},"author":1,"featured_media":0,"parent":0,"menu_order":0,"comment_status":"closed","ping_status":"closed","template":"","meta":{"footnotes":""},"class_list":["post-75","page","type-page","status-publish","hentry"],"jetpack_sharing_enabled":true,"_links":{"self":[{"href":"https:\/\/mecahealth.com\/index.php?rest_route=\/wp\/v2\/pages\/75","targetHints":{"allow":["GET"]}}],"collection":[{"href":"https:\/\/mecahealth.com\/index.php?rest_route=\/wp\/v2\/pages"}],"about":[{"href":"https:\/\/mecahealth.com\/index.php?rest_route=\/wp\/v2\/types\/page"}],"author":[{"embeddable":true,"href":"https:\/\/mecahealth.com\/index.php?rest_route=\/wp\/v2\/users\/1"}],"replies":[{"embeddable":true,"href":"https:\/\/mecahealth.com\/index.php?rest_route=%2Fwp%2Fv2%2Fcomments&post=75"}],"version-history":[{"count":32,"href":"https:\/\/mecahealth.com\/index.php?rest_route=\/wp\/v2\/pages\/75\/revisions"}],"predecessor-version":[{"id":5387,"href":"https:\/\/mecahealth.com\/index.php?rest_route=\/wp\/v2\/pages\/75\/revisions\/5387"}],"wp:attachment":[{"href":"https:\/\/mecahealth.com\/index.php?rest_route=%2Fwp%2Fv2%2Fmedia&parent=75"}],"curies":[{"name":"wp","href":"https:\/\/api.w.org\/{rel}","templated":true}]}}