{"id":7484,"date":"2025-01-06T19:31:14","date_gmt":"2025-01-06T18:31:14","guid":{"rendered":"https:\/\/mecahealth.com\/?page_id=7484"},"modified":"2025-03-02T23:44:22","modified_gmt":"2025-03-02T22:44:22","slug":"patho-uriner-est-un-droit","status":"publish","type":"page","link":"https:\/\/mecahealth.com\/?page_id=7484","title":{"rendered":"Patho : Uriner est un droit"},"content":{"rendered":"\n<figure data-wp-context=\"{&quot;imageId&quot;:&quot;6a07e6bd71c01&quot;}\" data-wp-interactive=\"core\/image\" data-wp-key=\"6a07e6bd71c01\" class=\"wp-block-image size-full is-resized is-style-rounded wp-lightbox-container\"><img loading=\"lazy\" decoding=\"async\" width=\"1024\" height=\"1024\" data-wp-class--hide=\"state.isContentHidden\" data-wp-class--show=\"state.isContentVisible\" data-wp-init=\"callbacks.setButtonStyles\" data-wp-on--click=\"actions.showLightbox\" data-wp-on--load=\"callbacks.setButtonStyles\" data-wp-on-window--resize=\"callbacks.setButtonStyles\" src=\"https:\/\/mecahealth.com\/wp-content\/uploads\/2025\/01\/MecaHealth-droit-duriner.webp\" alt=\"\" class=\"wp-image-7491\" style=\"width:330px\" srcset=\"https:\/\/mecahealth.com\/wp-content\/uploads\/2025\/01\/MecaHealth-droit-duriner.webp 1024w, https:\/\/mecahealth.com\/wp-content\/uploads\/2025\/01\/MecaHealth-droit-duriner-300x300.webp 300w, https:\/\/mecahealth.com\/wp-content\/uploads\/2025\/01\/MecaHealth-droit-duriner-150x150.webp 150w, https:\/\/mecahealth.com\/wp-content\/uploads\/2025\/01\/MecaHealth-droit-duriner-768x768.webp 768w\" sizes=\"auto, (max-width: 1024px) 100vw, 1024px\" \/><button\n\t\t\tclass=\"lightbox-trigger\"\n\t\t\ttype=\"button\"\n\t\t\taria-haspopup=\"dialog\"\n\t\t\taria-label=\"Enlarge\"\n\t\t\tdata-wp-init=\"callbacks.initTriggerButton\"\n\t\t\tdata-wp-on--click=\"actions.showLightbox\"\n\t\t\tdata-wp-style--right=\"state.imageButtonRight\"\n\t\t\tdata-wp-style--top=\"state.imageButtonTop\"\n\t\t>\n\t\t\t<svg xmlns=\"http:\/\/www.w3.org\/2000\/svg\" width=\"12\" height=\"12\" fill=\"none\" viewBox=\"0 0 12 12\">\n\t\t\t\t<path fill=\"#fff\" d=\"M2 0a2 2 0 0 0-2 2v2h1.5V2a.5.5 0 0 1 .5-.5h2V0H2Zm2 10.5H2a.5.5 0 0 1-.5-.5V8H0v2a2 2 0 0 0 2 2h2v-1.5ZM8 12v-1.5h2a.5.5 0 0 0 .5-.5V8H12v2a2 2 0 0 1-2 2H8Zm2-12a2 2 0 0 1 2 2v2h-1.5V2a.5.5 0 0 0-.5-.5H8V0h2Z\" \/>\n\t\t\t<\/svg>\n\t\t<\/button><\/figure>\n\n\n\n<h2 class=\"wp-block-heading has-medium-font-size\"><strong>Introduction<\/strong><\/h2>\n\n\n\n<p class=\"has-medium-font-size\">L\u2019acc\u00e8s aux toilettes, qu&rsquo;il s&rsquo;agisse d&rsquo;<a href=\"https:\/\/mecahealth.com\/?page_id=282\" data-type=\"page\" data-id=\"282\">uriner<\/a> ou de <a href=\"https:\/\/mecahealth.com\/?page_id=268\" data-type=\"page\" data-id=\"268\">d\u00e9f\u00e9quer<\/a>, est un besoin fondamental et universel. Il touche \u00e0 la dignit\u00e9 humaine, \u00e0 la sant\u00e9 publique, et \u00e0 l\u2019\u00e9galit\u00e9 sociale. Pourtant, il est inconcevable que ce service reste payant, d&rsquo;autant plus qu\u2019uriner sur la voie publique est interdit par le Code p\u00e9nal en France (article R634-2). Cette infraction est passible d\u2019une amende de 135 \u20ac. L&rsquo;absence de toilettes accessibles et gratuites perp\u00e9tue une in\u00e9galit\u00e9 flagrante, impactant notamment les populations vuln\u00e9rables. Ce d\u00e9bat s&rsquo;inscrit dans une volont\u00e9 d&rsquo;am\u00e9liorer l&rsquo;acc\u00e8s aux infrastructures essentielles tout en renfor\u00e7ant les droits fondamentaux.<\/p>\n\n\n\n<p class=\"has-medium-font-size\"><strong>Arguments juridiques<\/strong><\/p>\n\n\n\n<ol start=\"1\" class=\"has-medium-font-size wp-block-list\">\n<li><strong>Droits universels<\/strong> : Selon l&rsquo;article 1 de la D\u00e9claration universelle des droits de l&rsquo;homme (DUDH), tous les \u00eatres humains naissent libres et \u00e9gaux en dignit\u00e9 et en droits. L&rsquo;article 25 pr\u00e9cise que toute personne a droit \u00e0 un niveau de vie suffisant pour assurer sa sant\u00e9 et son bien-\u00eatre. L\u2019acc\u00e8s aux toilettes, \u00e9tant un besoin vital, peut donc \u00eatre interpr\u00e9t\u00e9 comme une composante essentielle de ces droits.<\/li>\n\n\n\n<li><strong>Comparaison internationale<\/strong> : En Belgique, l\u2019article 23 de la Constitution garantit le droit \u00e0 la sant\u00e9. Dans certains pays nordiques, l\u2019acc\u00e8s aux sanitaires publics gratuits est d\u00e9j\u00e0 une r\u00e9alit\u00e9, mettant en avant des mod\u00e8les qui pourraient inspirer d&rsquo;autres nations.<\/li>\n\n\n\n<li class=\"has-medium-font-size\"><strong>L\u00e9gislation fran\u00e7aise<\/strong> : L\u2019article L1110-1 du Code de la sant\u00e9 publique stipule que \u00ab le droit fondamental \u00e0 la protection de la sant\u00e9 doit \u00eatre mis en \u0153uvre par tous moyens disponibles au b\u00e9n\u00e9fice de toute personne \u00bb. Cela pourrait inclure l\u2019obligation pour les collectivit\u00e9s locales de fournir des toilettes publiques gratuites.<\/li>\n<\/ol>\n\n\n\n<p class=\"has-medium-font-size\">En novembre 2023, des d\u00e9put\u00e9s de La France Insoumise ont d\u00e9pos\u00e9 une motion r\u00e9clamant l\u2019acc\u00e8s aux sanitaires pour tous. Il semble impensable qu\u2019une telle initiative puisse rester en attente prolong\u00e9e, alors qu&rsquo;elle r\u00e9pond \u00e0 des besoins fondamentaux et urgents.<\/p>\n\n\n\n<h2 class=\"wp-block-heading has-medium-font-size\"><strong>Contextualisation<\/strong><\/h2>\n\n\n\n<p class=\"has-medium-font-size\">La dignit\u00e9 humaine est directement mise \u00e0 mal lorsque :<\/p>\n\n\n\n<ul class=\"wp-block-list\">\n<li class=\"has-medium-font-size\">Une personne \u00e2g\u00e9e ou souffrant d\u2019un trouble neurologique perd ses urines parce qu&rsquo;il ne trouve pas de sanitaires ou par manque de moyens financiers pour payer ce service.<\/li>\n\n\n\n<li class=\"has-medium-font-size\">Une personne ne disposant pas de moyens de paiement ou d\u00e9munie, incapable de payer pour des toilettes publiques, est contrainte de se retenir parfois r\u00e9guli\u00e8rement au point de d\u00e9velopper une cystite chronique, une insuffisance r\u00e9nale ou une d\u00e9compensation v\u00e9sicale.<\/li>\n<\/ul>\n\n\n\n<p class=\"has-medium-font-size\">Uriner est un besoin naturel et vital, au <a href=\"https:\/\/mecahealth.com\/?page_id=280\" data-type=\"page\" data-id=\"280\">m\u00eame titre que respirer<\/a>. En cons\u00e9quence, l\u2019acc\u00e8s \u00e0 des toilettes gratuites devrait \u00eatre consid\u00e9r\u00e9 comme un droit fondamental, partout en Europe et \u00e0 l\u2019\u00e9chelle mondiale. Bien entendu, cela ne signifie pas que chacun puisse uriner n\u2019importe o\u00f9. Chaque lieu public, y compris le m\u00e9tro, devrait \u00eatre \u00e9quip\u00e9 de toilettes accessibles.<\/p>\n\n\n\n<p class=\"has-medium-font-size\">De ce fait, les sanctions financi\u00e8res, telles que les amendes, devraient viser uniquement les incivilit\u00e9s, comme le non-respect de la propret\u00e9 des lieux, et non la satisfaction d\u2019un besoin naturel en cas de d\u00e9faut d\u2019alternatives.<\/p>\n\n\n\n<h2 class=\"wp-block-heading has-medium-font-size\"><strong>Proposition de solutions<\/strong><\/h2>\n\n\n\n<ol class=\"wp-block-list\" start=\"1\">\n<li class=\"has-medium-font-size\"><strong>Mise en place de toilettes publiques gratuites<\/strong> : Investir dans des infrastructures accessibles dans tous les lieux publics. Les mod\u00e8les \u00e9cologiques, comme les toilettes s\u00e8ches, pourraient \u00eatre envisag\u00e9s pour r\u00e9duire les co\u00fbts d&rsquo;entretien et l\u2019impact environnemental.<\/li>\n\n\n\n<li class=\"has-medium-font-size\"><strong>Soutien l\u00e9gislatif<\/strong> : Acc\u00e9l\u00e9rer l\u2019adoption de la motion de novembre 2023 pour garantir un cadre juridique clair et contraignant sur l&rsquo;acc\u00e8s gratuit et des sanctions proportionnelles aux incivilit\u00e9s entra\u00eenant la d\u00e9gradation de la propret\u00e9 voire du mat\u00e9riel mis en place.<\/li>\n\n\n\n<li class=\"has-medium-font-size\"><strong>Sensibilisation et mobilisation citoyenne<\/strong> : Informer le public sur l\u2019importance de ce sujet et inciter \u00e0 soutenir les initiatives locales et nationales en faveur de l&rsquo;acc\u00e8s aux sanitaires.<\/li>\n<\/ol>\n\n\n\n<h2 class=\"wp-block-heading has-medium-font-size\"><strong>Conclusion<\/strong><\/h2>\n\n\n\n<p class=\"has-medium-font-size\">L\u2019acc\u00e8s aux sanitaires publics gratuits n\u2019est pas seulement une question de dignit\u00e9 individuelle, mais une responsabilit\u00e9 collective et un enjeu majeur de sant\u00e9 publique. Garantir un tel acc\u00e8s renforcerait les droits humains et mettrait les pays mettant en place la gratuit\u00e9 \u00e0 l\u2019avant-garde d\u2019une Europe plus inclusive et respectueuse des besoins fondamentaux. L&rsquo;adoption rapide de mesures concr\u00e8tes est essentielle pour faire face \u00e0 cette in\u00e9galit\u00e9 persistante et garantir un cadre de vie respectueux pour tous.<\/p>\n\n\n\n<p>(&#8230;)<\/p>\n\n\n\n<h2 class=\"wp-block-heading has-medium-font-size\">Revenir \u00e0 la page <em><a href=\"https:\/\/mecahealth.com\/?page_id=282\" data-type=\"page\" data-id=\"282\">Uriner<\/a><\/em>, au chapitre <a href=\"https:\/\/mecahealth.com\/?page_id=77\" data-type=\"page\" data-id=\"77\"><em>Corps plomberie<\/em><\/a> ou <a href=\"https:\/\/mecahealth.com\/?page_id=606\" data-type=\"page\" data-id=\"606\"><em>Syst\u00e8me urinaire<\/em><\/a><\/h2>\n","protected":false},"excerpt":{"rendered":"<p>Introduction L\u2019acc\u00e8s aux toilettes, qu&rsquo;il s&rsquo;agisse d&rsquo;uriner ou de d\u00e9f\u00e9quer, est un besoin fondamental et universel. Il touche \u00e0 la dignit\u00e9 humaine, \u00e0 la sant\u00e9 publique, et \u00e0 l\u2019\u00e9galit\u00e9 sociale. Pourtant, il est inconcevable que ce service reste payant, d&rsquo;autant plus qu\u2019uriner sur la voie publique est interdit par le<a href=\"https:\/\/mecahealth.com\/?page_id=7484\" class=\"read-more\">Read More&#8230;<\/a><\/p>\n","protected":false},"author":1,"featured_media":0,"parent":0,"menu_order":0,"comment_status":"closed","ping_status":"closed","template":"","meta":{"footnotes":""},"class_list":["post-7484","page","type-page","status-publish","hentry"],"jetpack_sharing_enabled":true,"_links":{"self":[{"href":"https:\/\/mecahealth.com\/index.php?rest_route=\/wp\/v2\/pages\/7484","targetHints":{"allow":["GET"]}}],"collection":[{"href":"https:\/\/mecahealth.com\/index.php?rest_route=\/wp\/v2\/pages"}],"about":[{"href":"https:\/\/mecahealth.com\/index.php?rest_route=\/wp\/v2\/types\/page"}],"author":[{"embeddable":true,"href":"https:\/\/mecahealth.com\/index.php?rest_route=\/wp\/v2\/users\/1"}],"replies":[{"embeddable":true,"href":"https:\/\/mecahealth.com\/index.php?rest_route=%2Fwp%2Fv2%2Fcomments&post=7484"}],"version-history":[{"count":9,"href":"https:\/\/mecahealth.com\/index.php?rest_route=\/wp\/v2\/pages\/7484\/revisions"}],"predecessor-version":[{"id":7811,"href":"https:\/\/mecahealth.com\/index.php?rest_route=\/wp\/v2\/pages\/7484\/revisions\/7811"}],"wp:attachment":[{"href":"https:\/\/mecahealth.com\/index.php?rest_route=%2Fwp%2Fv2%2Fmedia&parent=7484"}],"curies":[{"name":"wp","href":"https:\/\/api.w.org\/{rel}","templated":true}]}}