{"id":7252,"date":"2024-09-15T12:32:51","date_gmt":"2024-09-15T10:32:51","guid":{"rendered":"https:\/\/mecahealth.com\/?page_id=7252"},"modified":"2024-09-22T21:48:39","modified_gmt":"2024-09-22T19:48:39","slug":"colere-psychogenealogie","status":"publish","type":"page","link":"https:\/\/mecahealth.com\/?page_id=7252","title":{"rendered":"Col\u00e8re : psychog\u00e9n\u00e9alogie \/ transg\u00e9n\u00e9rationnalit\u00e9"},"content":{"rendered":"\n<p><a href=\"https:\/\/mecahealth.com\/?page_id=122\">Attention \u00e0 lire les consignes avant de lire toute page d&rsquo;un site sant\u00e9 !<\/a><\/p>\n\n\n\n<figure data-wp-context=\"{&quot;imageId&quot;:&quot;69f98531567b0&quot;}\" data-wp-interactive=\"core\/image\" data-wp-key=\"69f98531567b0\" class=\"wp-block-image size-full is-resized is-style-rounded wp-lightbox-container\"><img loading=\"lazy\" decoding=\"async\" width=\"660\" height=\"660\" data-wp-class--hide=\"state.isContentHidden\" data-wp-class--show=\"state.isContentVisible\" data-wp-init=\"callbacks.setButtonStyles\" data-wp-on--click=\"actions.showLightbox\" data-wp-on--load=\"callbacks.setButtonStyles\" data-wp-on-window--resize=\"callbacks.setButtonStyles\" src=\"https:\/\/mecahealth.com\/wp-content\/uploads\/2024\/09\/MecaHealth-psycho-transgenerationnalite.jpg\" alt=\"\" class=\"wp-image-7265\" style=\"width:300px\" srcset=\"https:\/\/mecahealth.com\/wp-content\/uploads\/2024\/09\/MecaHealth-psycho-transgenerationnalite.jpg 660w, https:\/\/mecahealth.com\/wp-content\/uploads\/2024\/09\/MecaHealth-psycho-transgenerationnalite-300x300.jpg 300w, https:\/\/mecahealth.com\/wp-content\/uploads\/2024\/09\/MecaHealth-psycho-transgenerationnalite-150x150.jpg 150w\" sizes=\"auto, (max-width: 660px) 100vw, 660px\" \/><button\n\t\t\tclass=\"lightbox-trigger\"\n\t\t\ttype=\"button\"\n\t\t\taria-haspopup=\"dialog\"\n\t\t\taria-label=\"Enlarge\"\n\t\t\tdata-wp-init=\"callbacks.initTriggerButton\"\n\t\t\tdata-wp-on--click=\"actions.showLightbox\"\n\t\t\tdata-wp-style--right=\"state.imageButtonRight\"\n\t\t\tdata-wp-style--top=\"state.imageButtonTop\"\n\t\t>\n\t\t\t<svg xmlns=\"http:\/\/www.w3.org\/2000\/svg\" width=\"12\" height=\"12\" fill=\"none\" viewBox=\"0 0 12 12\">\n\t\t\t\t<path fill=\"#fff\" d=\"M2 0a2 2 0 0 0-2 2v2h1.5V2a.5.5 0 0 1 .5-.5h2V0H2Zm2 10.5H2a.5.5 0 0 1-.5-.5V8H0v2a2 2 0 0 0 2 2h2v-1.5ZM8 12v-1.5h2a.5.5 0 0 0 .5-.5V8H12v2a2 2 0 0 1-2 2H8Zm2-12a2 2 0 0 1 2 2v2h-1.5V2a.5.5 0 0 0-.5-.5H8V0h2Z\" \/>\n\t\t\t<\/svg>\n\t\t<\/button><\/figure>\n\n\n\n<p class=\"has-medium-font-size\">Pourquoi s&rsquo;attaquer \u00e0 une forme de traitement m&rsquo;a-t-on demand\u00e9 dans le cadre priv\u00e9 si elle a pu aider certaines personnes (dont la personne m&rsquo;interpellant) ? <\/p>\n\n\n\n<p class=\"has-medium-font-size\">Parce que d\u00e9fendre le terme de transg\u00e9n\u00e9rationnalit\u00e9 permet \u00e0 certains d&rsquo;affirmer gu\u00e9rir le cancer par cette manipulation, \u00e0 parler de migraine (li\u00e9e au d\u00e9c\u00e8s d&rsquo;un jumeau \u00e9tant selon l&rsquo;importance des sonorit\u00e9s la mi-graine), de donner une trop grande importance \u00e0 l&rsquo;importance des pr\u00e9noms, de la num\u00e9rologie, etc. Elle revient \u00e0 g\u00e9n\u00e9rer une d\u00e9responsabilisation d&rsquo;autres facteurs non n\u00e9gligeables. Cette tendance peut avoir des cons\u00e9quences d\u00e9sastreuses et plus handicapantes qu&rsquo;avant consultation.<br><br>Les loyaut\u00e9s invisibles et les dettes d\u00e9finies tout comme le g\u00e9nogramme (1) imagin\u00e9s par sa fondatrice madame Anne Ancelin Sch\u00fctzenberger n&rsquo;ont rien de scientifiques mais un jeu de probabilit\u00e9 permettant la corr\u00e9lation rien de plus entre des faits et rassurant plus ais\u00e9ment un \u00eatre en recherche ou en souffrance. Il est plus facile de reporter la faute sur l&rsquo;Autre que de remettre en perspective de nombreux param\u00e8tres dont la faute de l&rsquo;Autre est parfois qu&rsquo;une des donn\u00e9es. C&rsquo;est un principe \u00e9quivalent \u00e0 la <a href=\"https:\/\/mecahealth.com\/?page_id=6019\" data-type=\"page\" data-id=\"6019\">victimisation<\/a>.<\/p>\n\n\n\n<p class=\"has-medium-font-size\">Madame Sch\u00fctzenberger s\u00e8me d\u00e9lib\u00e9r\u00e9ment la confusion en utilisant la science \u00e9pig\u00e9n\u00e9tique pour justifier ses th\u00e9ories. Ce sont deux notions distinctes. La transg\u00e9n\u00e9rationnalit\u00e9 se sert de l&rsquo;\u00e9pig\u00e9n\u00e9tique pour cr\u00e9er la confusion entre <a href=\"https:\/\/mecahealth.com\/?page_id=7219\" data-type=\"page\" data-id=\"7219\">corr\u00e9lations et causalit\u00e9<\/a>. Ce qui n&rsquo;est en principe pas le cas de l&rsquo;\u00e9pig\u00e9n\u00e9tique.<\/p>\n\n\n\n<p class=\"has-medium-font-size\">L&rsquo;\u00e9pig\u00e9n\u00e9tique est l&rsquo;\u00e9tude des modifications r\u00e9versibles de l&rsquo;expression des g\u00e8nes sans alt\u00e9ration de la s\u00e9quence d&rsquo;ADN, souvent influenc\u00e9es par l&rsquo;environnement. Chez les jumeaux, m\u00eame avec un ADN identique, l&rsquo;un peut d\u00e9velopper une maladie que l&rsquo;autre n&rsquo;aura pas, en raison de diff\u00e9rences dans l&rsquo;exposition environnementale ou le mode de vie. Dans les familles de rats, l&rsquo;exposition \u00e0 certaines substances peut entra\u00eener des changements comportementaux transmis sur plusieurs g\u00e9n\u00e9rations, sans modification g\u00e9n\u00e9tique.<br><br>Il est \u00e9vident que certains comportements familiaux peuvent INFLUENCER les g\u00e9n\u00e9rations suivantes. Il ne fait pas \u00eatre un g\u00e9nie pour constater que nous <a href=\"https:\/\/mecahealth.com\/?page_id=5003\" data-type=\"page\" data-id=\"5003\">sommes tous sous influences<\/a> et que dans certaines familles, les convictions par exemple d&rsquo;un grand-p\u00e8re radin pourrait avoir des cons\u00e9quences sur plusieurs g\u00e9n\u00e9rations sans que soient ancr\u00e9s g\u00e9n\u00e9tiquement ces comportements&#8230; Vous verrez que les plus influen\u00e7ables ou <a href=\"https:\/\/mecahealth.com\/?page_id=1978\" data-type=\"page\" data-id=\"1978\">animalement domin\u00e9s<\/a> suivront le cheminement impos\u00e9 par le mentor (parfois <a href=\"https:\/\/mecahealth.com\/?page_id=6134\" data-type=\"page\" data-id=\"6134\">manipulateur toxique)<\/a> durant plusieurs g\u00e9n\u00e9rations alors qu&rsquo;\u00e0 l&rsquo;inverse, celui qui a confiance en lui ou le plus r\u00e9actif (dominant) pourra d\u00e9velopper un comportement invers\u00e9ment proportionnel. Il sera en fonction de son v\u00e9cu et de son penchant <a href=\"https:\/\/mecahealth.com\/?page_id=4337\" data-type=\"page\" data-id=\"4337\">empathique<\/a> plut\u00f4t g\u00e9n\u00e9reux ou d\u00e9pensier \u00e0 outrance dans de nombreux cas. Plus la personne est influente en dehors de la famille, plus il semble que l&rsquo;effet soit prolong\u00e9 au cours du temps non pas par <em>loyaut\u00e9 invisible<\/em> d\u00e9fendue par les adeptes mais par le poids de l&rsquo;exemplarit\u00e9 reconnue par la masse (&#8230;). Nous avons tendance \u00e0 ne pas nous opposer \u00e0 la pens\u00e9e majoritaire. Si une personne a \u00e9t\u00e9 reconnue par un grand nombre de personnes, beaucoup de leur entourage s&rsquo;efface voire s&rsquo;effondre malgr\u00e9 des comportements d\u00e9testables qui deviennent <em>inavouables<\/em> \u00e0 un public appr\u00e9ciant la personne reconnue (voir les cons\u00e9quences de la starisation de personnes douteuses tels que Depardieu, Trump, etc.). <\/p>\n\n\n\n<p class=\"has-medium-font-size\">Beaucoup de ces <em>th\u00e9rapies <\/em>agissent sur des approximations (pas seulement celles <a href=\"https:\/\/mecahealth.com\/?page_id=5989\" data-type=\"page\" data-id=\"5989\">d\u00e9rivant de la psychanalyse<\/a>) et sur des \u00e9l\u00e9ments pour manipuler l&rsquo;inexactitude. Dans le cadre de la transg\u00e9n\u00e9rationnalit\u00e9, la <em>botte secr\u00e8te<\/em> est le principe de la crypte (secrets de famille) ou un fant\u00f4me quelconque qui permet de retomber sur ces pattes quand il y a une difficult\u00e9 \u00e9prouv\u00e9es par le <em>pr\u00eacheur<\/em>&#8230; <\/p>\n\n\n\n<p class=\"has-medium-font-size\">S&rsquo;il est vrai que de verbaliser une situation v\u00e9cue peut vider le trop plein psychique destructeur, ce n&rsquo;est pas cette th\u00e9rapie la responsable du mieux-\u00eatre dans ce cas et encore moins certaines proc\u00e9dures et des phrases cl\u00e9s sorties de cette th\u00e9orie qui permettent \u00e0 certains d&rsquo;affirmer gu\u00e9rir en br\u00fblant une phrase destin\u00e9e \u00e0 un a\u00efeul.<\/p>\n\n\n\n<p class=\"has-medium-font-size\">Cette pseudo science n&rsquo;est m\u00eame pas consciente qu&rsquo;elle est sous l&#8217;emprise soci\u00e9tale d&rsquo;une <a href=\"https:\/\/mecahealth.com\/?page_id=1975\" data-type=\"page\" data-id=\"1975\">animalit\u00e9 <em>g\u00e9nophilique<\/em><\/a> qui pourrait affirmer des \u00e9l\u00e9ments sur des personnes g\u00e9n\u00e9tiquement diff\u00e9rent.<br><br>L&rsquo;esprit affaibli a besoin de croire ce qui correspond le plus simple \u00e0 entendre&#8230; Le th\u00e9rapeute qui y croit suit le pr\u00e9cepte de l&rsquo;<a href=\"https:\/\/mecahealth.com\/?page_id=5994\" data-type=\"page\" data-id=\"5994\">engagement<\/a> (souvent r\u00e9p\u00e9t\u00e9) qui l&#8217;emp\u00eache de voir clair ou est d\u00e9lib\u00e9r\u00e9ment <a href=\"https:\/\/mecahealth.com\/?page_id=7114\" data-type=\"page\" data-id=\"7114\">une machine \u00e0 billets<\/a>&#8230; Nul doute qu&rsquo;il y aura un effet dans les compr\u00e9hensions des agissements familiaux mais ce n&rsquo;est pas de la transg\u00e9n\u00e9rationnalit\u00e9, c&rsquo;est de l&rsquo;analyse familiale sans plus.<\/p>\n\n\n\n<p class=\"has-medium-font-size\">Je vous invite \u00e0 lire l&rsquo;<a href=\"https:\/\/www.afis.org\/Les-illusions-de-la-psychogenealogie\">excellent ouvrage <em>Les illusions de la psychog\u00e9n\u00e9alogie<\/em> de Nicolas Gaillard<\/a> analysant en d\u00e9tails cette pseudo-science (&#8230;).<\/p>\n\n\n\n<p class=\"has-text-align-right has-medium-font-size\">Fr\u00e9d\u00e9ric Li\u00e9geois<\/p>\n\n\n\n<p class=\"has-small-font-size\">(1) : Le G\u00e9nogramme se pr\u00e9sente sous forme d\u2019arbre g\u00e9n\u00e9alogique, mais il inclut des informations suppl\u00e9mentaires sur les relations et les \u00e9v\u00e9nements marquants. Des symboles sp\u00e9cifiques sont utilis\u00e9s pour repr\u00e9senter les diff\u00e9rents membres de la famille <a href=\"https:\/\/www.psychaanalyse.com\/pdf\/LE%20GENOSOCIOGRAMME%20-%20BIBLIO%20EXTRAIT%20%2810%20pages%20-%20102%20ko%29.pdf\" target=\"_blank\" rel=\"noreferrer noopener\">(cercle pour les femmes, carr\u00e9 pour les hommes) et les types de relations (lignes pour les mariages, les divorces, etc.)<\/a>. En observant le g\u00e9nogramme, certains identifient des patterns ou des r\u00e9p\u00e9titions transg\u00e9n\u00e9rationnelles, comme des maladies h\u00e9r\u00e9ditaires ou des comportements r\u00e9currents. Si plusieurs membres d\u2019une famille ont souffert de d\u00e9pression, cela peut \u00eatre interpr\u00e9t\u00e9 comme une tendance familiale, mais cela ne prouve pas une causalit\u00e9 directe.<\/p>\n\n\n\n<p class=\"has-medium-font-size\">(&#8230;)<\/p>\n\n\n\n<h2 class=\"wp-block-heading has-medium-font-size\"><span style=\"font-size: var(--wp--preset--font-size--medium) ; color: initial;\"><span style=\"font-size: var(--wp--preset--font-size--medium) ; color: initial;\">Abonnez-vous \u00e0 nos diff\u00e9rentes pages pour \u00eatre averti(s) des nouvelles mises en ligne&#8230;<\/span><\/span><\/h2>\n\n\n\n<p class=\"has-small-font-size\"><a href=\"https:\/\/www.facebook.com\/MecaHealthAsbl\" target=\"_blank\" rel=\"noreferrer noopener\">Facebook MecaHealthAsbl<\/a> &#8211; <a href=\"https:\/\/www.linkedin.com\/company\/mecahealth\/\" target=\"_blank\" rel=\"noreferrer noopener\">Linkedin MecaHealth<\/a> &#8211; <a href=\"https:\/\/www.youtube.com\/channel\/UCJb5g--IGlU6FgQLQKaJljg\" target=\"_blank\" rel=\"noreferrer noopener\">Youtube cha\u00eene MecaHealth<\/a> &#8211; Instagram (pas encore)<\/p>\n\n\n\n<h2 class=\"wp-block-heading has-medium-font-size\">Revenir au chapitre<em> <a href=\"https:\/\/mecahealth.com\/?page_id=180\" data-type=\"URL\" data-id=\"https:\/\/mecahealth.com\/?page_id=180\">Normalit\u00e9<\/a><\/em> ou <em><a href=\"https:\/\/mecahealth.com\/?page_id=127\" data-type=\"page\" data-id=\"127\">Corps psychique<\/a><\/em><\/h2>\n","protected":false},"excerpt":{"rendered":"<p>Attention \u00e0 lire les consignes avant de lire toute page d&rsquo;un site sant\u00e9 ! Pourquoi s&rsquo;attaquer \u00e0 une forme de traitement m&rsquo;a-t-on demand\u00e9 dans le cadre priv\u00e9 si elle a pu aider certaines personnes (dont la personne m&rsquo;interpellant) ? Parce que d\u00e9fendre le terme de transg\u00e9n\u00e9rationnalit\u00e9 permet \u00e0 certains d&rsquo;affirmer<a href=\"https:\/\/mecahealth.com\/?page_id=7252\" class=\"read-more\">Read More&#8230;<\/a><\/p>\n","protected":false},"author":1,"featured_media":0,"parent":0,"menu_order":0,"comment_status":"closed","ping_status":"closed","template":"","meta":{"footnotes":""},"class_list":["post-7252","page","type-page","status-publish","hentry"],"jetpack_sharing_enabled":true,"_links":{"self":[{"href":"https:\/\/mecahealth.com\/index.php?rest_route=\/wp\/v2\/pages\/7252","targetHints":{"allow":["GET"]}}],"collection":[{"href":"https:\/\/mecahealth.com\/index.php?rest_route=\/wp\/v2\/pages"}],"about":[{"href":"https:\/\/mecahealth.com\/index.php?rest_route=\/wp\/v2\/types\/page"}],"author":[{"embeddable":true,"href":"https:\/\/mecahealth.com\/index.php?rest_route=\/wp\/v2\/users\/1"}],"replies":[{"embeddable":true,"href":"https:\/\/mecahealth.com\/index.php?rest_route=%2Fwp%2Fv2%2Fcomments&post=7252"}],"version-history":[{"count":15,"href":"https:\/\/mecahealth.com\/index.php?rest_route=\/wp\/v2\/pages\/7252\/revisions"}],"predecessor-version":[{"id":7293,"href":"https:\/\/mecahealth.com\/index.php?rest_route=\/wp\/v2\/pages\/7252\/revisions\/7293"}],"wp:attachment":[{"href":"https:\/\/mecahealth.com\/index.php?rest_route=%2Fwp%2Fv2%2Fmedia&parent=7252"}],"curies":[{"name":"wp","href":"https:\/\/api.w.org\/{rel}","templated":true}]}}