{"id":7243,"date":"2024-09-07T09:45:52","date_gmt":"2024-09-07T07:45:52","guid":{"rendered":"https:\/\/mecahealth.com\/?page_id=7243"},"modified":"2025-10-14T18:47:57","modified_gmt":"2025-10-14T16:47:57","slug":"colere-la-mise-au-lit-in-hospitaliere","status":"publish","type":"page","link":"https:\/\/mecahealth.com\/?page_id=7243","title":{"rendered":"Col\u00e8re : la mise au lit \u00ab\u00a0(in)hospitali\u00e8re\u00a0\u00bb"},"content":{"rendered":"\n<p class=\"has-medium-font-size\">Col\u00e8re : les textes de la cat\u00e9gorie <em>Col\u00e8re<\/em>, n&rsquo;engage pas l&rsquo;asbl mais seulement l&rsquo;auteur.<\/p>\n\n\n\n<p class=\"has-small-font-size\"><a href=\"https:\/\/mecahealth.com\/?page_id=122\">Attention \u00e0 lire les consignes avant de lire toute page d&rsquo;un site sant\u00e9 !<\/a><\/p>\n\n\n\n<figure data-wp-context=\"{&quot;imageId&quot;:&quot;69dbd1e941267&quot;}\" data-wp-interactive=\"core\/image\" data-wp-key=\"69dbd1e941267\" class=\"wp-block-image size-full is-resized is-style-rounded wp-lightbox-container\"><img loading=\"lazy\" decoding=\"async\" width=\"1024\" height=\"1024\" data-wp-class--hide=\"state.isContentHidden\" data-wp-class--show=\"state.isContentVisible\" data-wp-init=\"callbacks.setButtonStyles\" data-wp-on--click=\"actions.showLightbox\" data-wp-on--load=\"callbacks.setButtonStyles\" data-wp-on-window--resize=\"callbacks.setButtonStyles\" src=\"https:\/\/mecahealth.com\/wp-content\/uploads\/2024\/12\/MecaHealth-allite-trop-longtemps.webp\" alt=\"\" class=\"wp-image-7455\" style=\"width:330px\" srcset=\"https:\/\/mecahealth.com\/wp-content\/uploads\/2024\/12\/MecaHealth-allite-trop-longtemps.webp 1024w, https:\/\/mecahealth.com\/wp-content\/uploads\/2024\/12\/MecaHealth-allite-trop-longtemps-300x300.webp 300w, https:\/\/mecahealth.com\/wp-content\/uploads\/2024\/12\/MecaHealth-allite-trop-longtemps-150x150.webp 150w, https:\/\/mecahealth.com\/wp-content\/uploads\/2024\/12\/MecaHealth-allite-trop-longtemps-768x768.webp 768w\" sizes=\"auto, (max-width: 1024px) 100vw, 1024px\" \/><button\n\t\t\tclass=\"lightbox-trigger\"\n\t\t\ttype=\"button\"\n\t\t\taria-haspopup=\"dialog\"\n\t\t\taria-label=\"Enlarge\"\n\t\t\tdata-wp-init=\"callbacks.initTriggerButton\"\n\t\t\tdata-wp-on--click=\"actions.showLightbox\"\n\t\t\tdata-wp-style--right=\"state.imageButtonRight\"\n\t\t\tdata-wp-style--top=\"state.imageButtonTop\"\n\t\t>\n\t\t\t<svg xmlns=\"http:\/\/www.w3.org\/2000\/svg\" width=\"12\" height=\"12\" fill=\"none\" viewBox=\"0 0 12 12\">\n\t\t\t\t<path fill=\"#fff\" d=\"M2 0a2 2 0 0 0-2 2v2h1.5V2a.5.5 0 0 1 .5-.5h2V0H2Zm2 10.5H2a.5.5 0 0 1-.5-.5V8H0v2a2 2 0 0 0 2 2h2v-1.5ZM8 12v-1.5h2a.5.5 0 0 0 .5-.5V8H12v2a2 2 0 0 1-2 2H8Zm2-12a2 2 0 0 1 2 2v2h-1.5V2a.5.5 0 0 0-.5-.5H8V0h2Z\" \/>\n\t\t\t<\/svg>\n\t\t<\/button><\/figure>\n\n\n\n<p class=\"has-medium-font-size\">Hormis les animaux en hibernation, m\u00eame en <a data-type=\"page\" data-id=\"3249\" href=\"https:\/\/mecahealth.com\/?page_id=3249\">p\u00e9riode d&rsquo;hivernation<\/a>, <a href=\"https:\/\/www.pro-nutrition.fr\/blog\/article\/61-combien-de-temps-dort-un-chat-normalement-?utm_source=chatgpt.com\" target=\"_blank\" rel=\"noreferrer noopener\">pas un seul mammif\u00e8re ne restera sans bouger (ex du chat)<\/a> durant une p\u00e9riode prolong\u00e9e comme l&rsquo;\u00eatre humain que ce soit <a data-type=\"page\" data-id=\"297\" href=\"https:\/\/mecahealth.com\/?page_id=297\">en position assise<\/a> ou <a data-type=\"page\" data-id=\"270\" href=\"https:\/\/mecahealth.com\/?page_id=270\">en dormant<\/a>. Rester au lit pendant 8 heures d&rsquo;affil\u00e9e peut avoir plusieurs effets n\u00e9gatifs sur la sant\u00e9 mais qu&rsquo;adviendra-t-il d&rsquo;une personne qui irait dormir vers 18h et se l\u00e8verait entre 6h30 et 8h30 et qui passerait donc 11H30 \u00e0 14h30 allong\u00e9e ? Qu&rsquo;adviendra-t-il de toutes ces personnes \u00e0 qui on impose d&rsquo;aller dormir dans un h\u00f4pital ou dans une maison de repos alors que nous recevions dans nos cours \u00e0 peu pr\u00e8s ces informations :<\/p>\n\n\n\n<ol class=\"wp-block-list has-medium-font-size\">\n<li><strong>Probl\u00e8mes musculaires et articulaires<\/strong> : L&rsquo;immobilit\u00e9 prolong\u00e9e peut entra\u00eener des douleurs musculaires et articulaires, en particulier dans le dos et le cou.<\/li>\n\n\n\n<li><strong>Probl\u00e8mes cardiovasculaires<\/strong> : Le <a href=\"https:\/\/mecahealth.com\/?page_id=664\" data-type=\"page\" data-id=\"664\">manque de mouvement peut augmenter le risque de formation de caillots sanguins<\/a>, notamment dans les jambes (thrombose veineuse profonde).<\/li>\n\n\n\n<li><strong>Probl\u00e8mes digestifs<\/strong> : L&rsquo;inactivit\u00e9 peut ralentir le transit intestinal, entra\u00eenant <a href=\"https:\/\/mecahealth.com\/?page_id=2950\" data-type=\"page\" data-id=\"2950\">constipation<\/a> et autres troubles gastro-intestinaux.<\/li>\n\n\n\n<li><strong>Sant\u00e9 mentale<\/strong> : Passer trop de temps au lit peut \u00e9galement affecter la sant\u00e9 mentale, augmentant le risque de d\u00e9pression et d&rsquo;anxi\u00e9t\u00e9.<\/li>\n\n\n\n<li><strong>Affaiblissement du syst\u00e8me immunitaire<\/strong> : Un sommeil excessif peut affaiblir le syst\u00e8me immunitaire, rendant la personne plus vuln\u00e9rable aux infections.<\/li>\n\n\n\n<li><strong>Risque de maladies chroniques<\/strong> : Des \u00e9tudes montrent que les personnes qui dorment trop longtemps ont un risque accru de maladies cardiovasculaires, de diab\u00e8te et m\u00eame de mortalit\u00e9 pr\u00e9matur\u00e9e.<\/li>\n\n\n\n<li><a href=\"https:\/\/mecahealth.com\/?page_id=702\" data-type=\"page\" data-id=\"702\"><strong>Escarres<\/strong> <\/a>: Rester immobile pendant de longues p\u00e9riodes peut provoquer des escarres, qui sont des l\u00e9sions cutan\u00e9es dues \u00e0 une pression prolong\u00e9e sur la peau et les tissus sous-jacents.<\/li>\n\n\n\n<li><strong>Troubles lors du lev\u00e9<\/strong> : Apr\u00e8s une longue p\u00e9riode d&rsquo;immobilit\u00e9, se lever peut provoquer des vertiges ou une <a href=\"https:\/\/sante.toutcomment.com\/article\/pourquoi-j-ai-des-vertiges-quand-je-me-leve-13093.html\" target=\"_blank\" rel=\"noreferrer noopener\">chute de tension (hypotension orthostatique)<\/a>, o\u00f9 la pression art\u00e9rielle chute brusquement en se levant. Ce qui peut entra\u00eener des \u00e9tourdissements et un <a href=\"https:\/\/mecahealth.com\/?page_id=3745\" data-type=\"page\" data-id=\"3745\">risque accru de chutes<\/a>. Rester allong\u00e9 pendant de longues p\u00e9riodes peut affecter \u00e9galement l&rsquo;\u00e9quilibre en raison de l&rsquo;impact sur l&rsquo;oreille interne. L&rsquo;oreille interne joue un r\u00f4le crucial dans le maintien de l&rsquo;\u00e9quilibre en d\u00e9tectant les mouvements et la position de la t\u00eate. Lorsque vous \u00eates allong\u00e9 pendant une p\u00e9riode prolong\u00e9e, les structures de l&rsquo;oreille interne, comme l&rsquo;utricule et le saccule, peuvent devenir moins sensibles aux changements de position.<\/li>\n<\/ol>\n\n\n\n<p class=\"has-medium-font-size\">Pour minimiser ces effets, il est recommand\u00e9 de se lever lentement et de faire quelques mouvements doux avant de se tenir debout compl\u00e8tement. Cela permet \u00e0 l&rsquo;oreille interne et au syst\u00e8me cardiovasculaire de s&rsquo;ajuster progressivement.<\/p>\n\n\n\n<p class=\"has-medium-font-size\"><\/p>\n\n\n\n<p class=\"has-medium-font-size\">De ce fait, nous ne pouvons accepter la prise en charge actuelle du secteur m\u00eame si nous comprenons la contrainte budg\u00e9taire. <\/p>\n\n\n\n<p class=\"has-large-font-size\">Je propose donc la diminution des charges sociales pour la personnel de soins les soirs afin que les patients puissent \u00eatre encadr\u00e9s dignement sans que le gestionnaire ou l&#8217;employeur ne puissent ni \u00eatre surcharg\u00e9 financi\u00e8rement ni trouver l&rsquo;excuse d&rsquo;une difficult\u00e9 \u00e0 respecter la d\u00e9ontologie m\u00e9dicale&#8230; <\/p>\n\n\n\n<p class=\"has-medium-font-size\">\u00e0 bon entendeur<\/p>\n\n\n\n<p class=\"has-text-align-right has-medium-font-size\">F.Li\u00e9geois<\/p>\n\n\n\n<h2 class=\"wp-block-heading has-medium-font-size\">Note : <a href=\"https:\/\/mecahealth.com\/?page_id=7995\" data-type=\"page\" data-id=\"7995\">En cas de d\u00e9c\u00e8s, quelles sont les d\u00e9marches \u00e0 suivre ?<\/a><\/h2>\n\n\n\n<h2 class=\"wp-block-heading has-medium-font-size\">Revenir au chapitre initial <a href=\"https:\/\/mecahealth.com\/?page_id=61\" data-type=\"page\" data-id=\"61\"><em>1001 conseils \/ lexique<\/em><\/a>, <em><a href=\"https:\/\/mecahealth.com\/?page_id=127\" data-type=\"page\" data-id=\"127\">Corps psychique<\/a><\/em> ou \u00e0 la page<em> <a href=\"https:\/\/mecahealth.com\/?page_id=180\">Normalit\u00e9<\/a><\/em><\/h2>\n","protected":false},"excerpt":{"rendered":"<p>Col\u00e8re : les textes de la cat\u00e9gorie Col\u00e8re, n&rsquo;engage pas l&rsquo;asbl mais seulement l&rsquo;auteur. Attention \u00e0 lire les consignes avant de lire toute page d&rsquo;un site sant\u00e9 ! Hormis les animaux en hibernation, m\u00eame en p\u00e9riode d&rsquo;hivernation, pas un seul mammif\u00e8re ne restera sans bouger (ex du chat) durant une<a href=\"https:\/\/mecahealth.com\/?page_id=7243\" class=\"read-more\">Read More&#8230;<\/a><\/p>\n","protected":false},"author":1,"featured_media":0,"parent":0,"menu_order":0,"comment_status":"closed","ping_status":"closed","template":"","meta":{"footnotes":""},"class_list":["post-7243","page","type-page","status-publish","hentry"],"jetpack_sharing_enabled":true,"_links":{"self":[{"href":"https:\/\/mecahealth.com\/index.php?rest_route=\/wp\/v2\/pages\/7243","targetHints":{"allow":["GET"]}}],"collection":[{"href":"https:\/\/mecahealth.com\/index.php?rest_route=\/wp\/v2\/pages"}],"about":[{"href":"https:\/\/mecahealth.com\/index.php?rest_route=\/wp\/v2\/types\/page"}],"author":[{"embeddable":true,"href":"https:\/\/mecahealth.com\/index.php?rest_route=\/wp\/v2\/users\/1"}],"replies":[{"embeddable":true,"href":"https:\/\/mecahealth.com\/index.php?rest_route=%2Fwp%2Fv2%2Fcomments&post=7243"}],"version-history":[{"count":16,"href":"https:\/\/mecahealth.com\/index.php?rest_route=\/wp\/v2\/pages\/7243\/revisions"}],"predecessor-version":[{"id":8319,"href":"https:\/\/mecahealth.com\/index.php?rest_route=\/wp\/v2\/pages\/7243\/revisions\/8319"}],"wp:attachment":[{"href":"https:\/\/mecahealth.com\/index.php?rest_route=%2Fwp%2Fv2%2Fmedia&parent=7243"}],"curies":[{"name":"wp","href":"https:\/\/api.w.org\/{rel}","templated":true}]}}