{"id":7233,"date":"2024-12-20T13:13:38","date_gmt":"2024-12-20T12:13:38","guid":{"rendered":"https:\/\/mecahealth.com\/?page_id=7233"},"modified":"2025-10-16T23:34:20","modified_gmt":"2025-10-16T21:34:20","slug":"psycho-lentonnoir-de-lennui-bore-out","status":"publish","type":"page","link":"https:\/\/mecahealth.com\/?page_id=7233","title":{"rendered":"Psycho : l&rsquo;entonnoir de l&rsquo;ennui &#8211; bore out m\u00e9dical"},"content":{"rendered":"\n<p class=\"has-medium-font-size\"><a href=\"https:\/\/mecahealth.com\/?page_id=122\">Attention \u00e0 lire les consignes avant de lire toute page d&rsquo;un site sant\u00e9 !<\/a><\/p>\n\n\n\n<figure data-wp-context=\"{&quot;imageId&quot;:&quot;69e402dc96d7f&quot;}\" data-wp-interactive=\"core\/image\" data-wp-key=\"69e402dc96d7f\" class=\"wp-block-image size-large is-resized is-style-rounded wp-lightbox-container\"><img loading=\"lazy\" decoding=\"async\" width=\"1024\" height=\"1024\" data-wp-class--hide=\"state.isContentHidden\" data-wp-class--show=\"state.isContentVisible\" data-wp-init=\"callbacks.setButtonStyles\" data-wp-on--click=\"actions.showLightbox\" data-wp-on--load=\"callbacks.setButtonStyles\" data-wp-on-window--resize=\"callbacks.setButtonStyles\" src=\"https:\/\/mecahealth.com\/wp-content\/uploads\/2024\/08\/704011b6-8bd1-4ac3-9512-58f34d148cd92840584208025684452.jpeg\" alt=\"\" class=\"wp-image-7232\" style=\"width:330px\" srcset=\"https:\/\/mecahealth.com\/wp-content\/uploads\/2024\/08\/704011b6-8bd1-4ac3-9512-58f34d148cd92840584208025684452.jpeg 1024w, https:\/\/mecahealth.com\/wp-content\/uploads\/2024\/08\/704011b6-8bd1-4ac3-9512-58f34d148cd92840584208025684452-300x300.jpeg 300w, https:\/\/mecahealth.com\/wp-content\/uploads\/2024\/08\/704011b6-8bd1-4ac3-9512-58f34d148cd92840584208025684452-150x150.jpeg 150w, https:\/\/mecahealth.com\/wp-content\/uploads\/2024\/08\/704011b6-8bd1-4ac3-9512-58f34d148cd92840584208025684452-768x768.jpeg 768w\" sizes=\"auto, (max-width: 1024px) 100vw, 1024px\" \/><button\n\t\t\tclass=\"lightbox-trigger\"\n\t\t\ttype=\"button\"\n\t\t\taria-haspopup=\"dialog\"\n\t\t\taria-label=\"Enlarge\"\n\t\t\tdata-wp-init=\"callbacks.initTriggerButton\"\n\t\t\tdata-wp-on--click=\"actions.showLightbox\"\n\t\t\tdata-wp-style--right=\"state.imageButtonRight\"\n\t\t\tdata-wp-style--top=\"state.imageButtonTop\"\n\t\t>\n\t\t\t<svg xmlns=\"http:\/\/www.w3.org\/2000\/svg\" width=\"12\" height=\"12\" fill=\"none\" viewBox=\"0 0 12 12\">\n\t\t\t\t<path fill=\"#fff\" d=\"M2 0a2 2 0 0 0-2 2v2h1.5V2a.5.5 0 0 1 .5-.5h2V0H2Zm2 10.5H2a.5.5 0 0 1-.5-.5V8H0v2a2 2 0 0 0 2 2h2v-1.5ZM8 12v-1.5h2a.5.5 0 0 0 .5-.5V8H12v2a2 2 0 0 1-2 2H8Zm2-12a2 2 0 0 1 2 2v2h-1.5V2a.5.5 0 0 0-.5-.5H8V0h2Z\" \/>\n\t\t\t<\/svg>\n\t\t<\/button><\/figure>\n\n\n\n<p class=\"has-small-font-size\">image r\u00e9alis\u00e9e par l&rsquo;IA<\/p>\n\n\n\n<p class=\"has-medium-font-size\">Comme nous en parlons plus en d\u00e9tails et avec un peu de <em>discr\u00e9tion <\/em>dans la page traitant du parall\u00e9lisme entre <a href=\"https:\/\/mecahealth.com\/?page_id=6609\">ordinateur et cerveau<\/a>, chaque personne dispose d&rsquo;une <a href=\"https:\/\/mecahealth.com\/?page_id=2004\" data-type=\"link\" data-id=\"https:\/\/mecahealth.com\/?page_id=2004\">capacit\u00e9 personnelle originelle<\/a> ou disposerait selon certains, de capacit\u00e9s plus fortement stimul\u00e9es&#8230; Toute personne qui dispose de facilit\u00e9s d&rsquo;apprentissage ou <a href=\"https:\/\/mecahealth.com\/?page_id=6430\" data-type=\"page\" data-id=\"6430\">d&rsquo;envie marqu\u00e9e \u00e0 apprendre<\/a>, ne peut sans cons\u00e9quence travailler en <em>sous-r\u00e9gime<\/em>. C&rsquo;est ce qui sera appel\u00e9 Bore-out chez l&rsquo;adulte mais qui, selon nous, est l&rsquo;<strong>une des<\/strong> sources de TDA chez l&rsquo;enfant notamment si, avec un peu de caract\u00e8re (<a href=\"https:\/\/mecahealth.com\/?page_id=1978\" data-type=\"page\" data-id=\"1978\">dominance initiale<\/a>), il ne s&rsquo;efface pas suite \u00e0 des phrases assassines du type <em><a href=\"https:\/\/mecahealth.com\/?page_id=3576\" data-type=\"page\" data-id=\"3576\">Pas comme \u00e7a !<\/a><\/em> (d\u00e9veloppement en cours).<\/p>\n\n\n\n<p class=\"has-medium-font-size\">La sant\u00e9 mentale touche l&rsquo;ensemble des secteurs priv\u00e9s et professionnels, y compris celle des soignants et plus particuli\u00e8rement des prescripteurs. Le <a href=\"https:\/\/mecahealth.com\/?page_id=7418\" data-type=\"page\" data-id=\"7418\">Bore-out des autres secteurs<\/a> est d\u00e9velopp\u00e9 dans d&rsquo;autres pages. Ce qui suit vise \u00e0 promouvoir une m\u00e9decine \u00e0 l&rsquo;\u00e9coute de chacun, y compris des praticiens eux-m\u00eames. Certains points ne seront pas d\u00e9taill\u00e9s ici pour ne pas donner du cr\u00e9dit \u00e0 celui qui <a href=\"https:\/\/mecahealth.com\/?page_id=6522\" data-type=\"page\" data-id=\"6522\">porte plainte pour tout<\/a> et n&rsquo;importe quoi apr\u00e8s avoir suivi quelques s\u00e9ries am\u00e9ricaines ou quelques \u00e9missions m\u00e9chantes et surtout stupides conduites par des Hanouna ou d&rsquo;autres (&#8230;). Ces points pourront \u00eatre <a href=\"https:\/\/mecahealth.com\/?page_id=146\" data-type=\"page\" data-id=\"146\">d\u00e9velopp\u00e9s sur demande<\/a> aux th\u00e9rapeutes ou structures qui souhaitent faire \u00e9voluer la sant\u00e9 de leurs confr\u00e8res.<\/p>\n\n\n\n<p class=\"has-medium-font-size\">Le parcours d&rsquo;un m\u00e9decin tout comme de l&rsquo;ing\u00e9nieur est la plupart du temps, celle d&rsquo;un enfant r\u00e9ussissant \u00e0 l&rsquo;\u00e9cole assez bien voire facilement qui sera pouss\u00e9 par <a href=\"https:\/\/mecahealth.com\/?page_id=5003\" data-type=\"page\" data-id=\"5003\">influences r\u00e9p\u00e9t\u00e9es<\/a> \u00e0 suivre de ce fait, les mati\u00e8res\/options consid\u00e9r\u00e9es comme les plus difficiles (sciences-maths \/ latin\/maths\/grec\/science, etc.). Ce qui peut s&rsquo;av\u00e9rer assez sain puisque le sous-r\u00e9gime c\u00e9r\u00e9bral est selon nous, hors trauma majeur, une des sources de difficult\u00e9s psychiques de pas mal d&rsquo;enfants (\u00e0 suivre ult\u00e9rieurement).<\/p>\n\n\n\n<p class=\"has-medium-font-size\">Cet enfant, par ses facilit\u00e9s, aura <strong>parfois <\/strong>subi le <a href=\"https:\/\/mecahealth.com\/?page_id=6847\" data-type=\"page\" data-id=\"6847\">harc\u00e8lement<\/a> ou tout au moins n&rsquo;aura pas v\u00e9cu ais\u00e9ment les relations humaines. Il s&rsquo;abritera d\u00e8s lors plut\u00f4t vers les pratiques cart\u00e9siennes voire il d\u00e9veloppera un comportement un brin misanthrope. Ce profil l\u00e0 sera plut\u00f4t orient\u00e9 par son entourage et professeurs, la plupart du temps inconsciemment, \u00e0 devenir ing\u00e9nieur civil. Celui qui s&rsquo;appuie encore un peu sur son <a href=\"https:\/\/mecahealth.com\/?page_id=4337\" data-type=\"page\" data-id=\"4337\">empathie<\/a>, lui, s&rsquo;orientera plus r\u00e9guli\u00e8rement vers la m\u00e9decine. Celui qui, par <a href=\"https:\/\/mecahealth.com\/?page_id=6387\" data-type=\"page\" data-id=\"6387\">son instinct de survie<\/a>, souhaitera avoir un pouvoir sur autrui choisira <strong>parfois <\/strong>\u00e9galement cette profession avec un <a href=\"https:\/\/mecahealth.com\/?page_id=6134\" data-type=\"page\" data-id=\"6134\">penchant toxique<\/a> (c&rsquo;est une minorit\u00e9 mais pr\u00e9sente malgr\u00e9 tout). Cette tendance s&rsquo;accentuera malheureusement avec le temps bien souvent.<\/p>\n\n\n\n<p class=\"has-medium-font-size\">Pour faire court, cet enfant aimait apprendre et en demandait encore plus au point m\u00eame d&rsquo;agacer le <a href=\"https:\/\/mecahealth.com\/?page_id=3616\" data-type=\"page\" data-id=\"3616\">professeur incomp\u00e9tent<\/a>. Il voulait en savoir plus et plus encore. Arriv\u00e9 en m\u00e9decine, il a appris des mati\u00e8res lui ouvrant des horizons assez int\u00e9ressants. Apr\u00e8s sept ann\u00e9es accomplies ou un peu plus dans certains cas, son choix se porte sur la pratique g\u00e9n\u00e9rale ou la sp\u00e9cialisation. Les \u00e9tudiants plus proches de l&rsquo;\u00eatre humain sans doute choisissent souvent la m\u00e9decine g\u00e9n\u00e9rale, tandis que d&rsquo;autres, en qu\u00eate de connaissances approfondies ou de <a href=\"https:\/\/mecahealth.com\/?page_id=1974\" data-type=\"page\" data-id=\"1974\">reconnaissance gr\u00e9gaire<\/a>, optent pour la sp\u00e9cialisation. Les toxiques devenus <a href=\"https:\/\/mecahealth.com\/?page_id=5847\" data-type=\"page\" data-id=\"5847\">pleinement narcissiques<\/a>, eux, suivront souvent ce m\u00eame chemin malheureusement.<\/p>\n\n\n\n<p class=\"has-medium-font-size\">Apr\u00e8s quelques ann\u00e9es, lorsque le g\u00e9n\u00e9raliste commence \u00e0 s&rsquo;ennuyer ou trouver un manque dans sa connaissance, il peut diversifier sa pratique au gr\u00e9 de ses interrogations par des formations. Il peut suivre une formation d&rsquo;ost\u00e9opathie, de m\u00e9decine chinoise, d&rsquo;hom\u00e9opathie, etc. Le sp\u00e9cialiste lui, lorsqu&rsquo;il fait le tour intellectuellement de sa sp\u00e9cialisation, il est pouss\u00e9 par le syst\u00e8me hospitalier ou sa pens\u00e9e \u00e0 apprendre plus encore. Il se dirige alors vers l&rsquo;hypersp\u00e9cialisation. L&rsquo;entonnoir soutenu par une <a href=\"https:\/\/mecahealth.com\/?page_id=6719\" data-type=\"page\" data-id=\"6719\">rh\u00e9torique professionnelle parfois n\u00e9cessaire<\/a> commence \u00e0 se former alors &#8230;sans pour autant se fermer pour chaque praticien.<\/p>\n\n\n\n<figure class=\"wp-block-image size-medium is-resized\"><img loading=\"lazy\" decoding=\"async\" width=\"300\" height=\"300\" src=\"https:\/\/mecahealth.com\/wp-content\/uploads\/2024\/10\/cf312bca-0fb7-47fa-82e8-0c9bfeb7ca305981193337255803480-300x300.jpeg\" alt=\"\" class=\"wp-image-7347\" style=\"width:330px;height:auto\" srcset=\"https:\/\/mecahealth.com\/wp-content\/uploads\/2024\/10\/cf312bca-0fb7-47fa-82e8-0c9bfeb7ca305981193337255803480-300x300.jpeg 300w, https:\/\/mecahealth.com\/wp-content\/uploads\/2024\/10\/cf312bca-0fb7-47fa-82e8-0c9bfeb7ca305981193337255803480-150x150.jpeg 150w, https:\/\/mecahealth.com\/wp-content\/uploads\/2024\/10\/cf312bca-0fb7-47fa-82e8-0c9bfeb7ca305981193337255803480-768x768.jpeg 768w, https:\/\/mecahealth.com\/wp-content\/uploads\/2024\/10\/cf312bca-0fb7-47fa-82e8-0c9bfeb7ca305981193337255803480.jpeg 1024w\" sizes=\"auto, (max-width: 300px) 100vw, 300px\" \/><figcaption class=\"wp-element-caption\">Entonnoir encore facile \u00e0 enjamber&#8230; <\/figcaption><\/figure>\n\n\n\n<p class=\"has-medium-font-size\">&#8230;<\/p>\n\n\n\n<p class=\"has-medium-font-size\">Apr\u00e8s quelques ann\u00e9es d&rsquo;hypersp\u00e9cialisation, les patients en consultation racontent pratiquement toujours les m\u00eames sympt\u00f4mes et les traitements ne diff\u00e8rent gu\u00e8re de consultation en consultation, de quart d&rsquo;heure en quart d&rsquo;heure. De ce fait, les consultations se raccourcissent souvent de plus en plus que l&rsquo;ennui est grand, le m\u00e9decin connaissant d\u00e9j\u00e0 les mots et les maux du patient. Le th\u00e9rapeute est exasp\u00e9r\u00e9 par la r\u00e9p\u00e9tition de ces demandes. L&rsquo;entonnoir est form\u00e9. Quel plaisir intellectuel le m\u00e9decin peut-il trouver encore \u00e0 cette r\u00e9p\u00e9tition alors qu&rsquo;il apprend depuis son plus jeune \u00e2ge ? Je me rappelle quelques exemples de patients dit <em>culott\u00e9s <\/em>qui \u00e9taient mieux re\u00e7us que les autres patients par un m\u00e9decin dit <em>d\u00e9sagr\u00e9ables<\/em> parce que ce premier r\u00e9veillait la curiosit\u00e9 du dernier &#8230;mais qu&rsquo;advient-il du patient qui est suivi dans un rel\u00e2chement intellectuel pour un sympt\u00f4me courant et qui n&rsquo;aura pas \u00e9t\u00e9 interrog\u00e9 sur un potentiel voyage \u00e0 l&rsquo;\u00e9tranger ? Qu&rsquo;adviendra-t-il s&rsquo;il a ramen\u00e9 avec lui un petit <a href=\"https:\/\/www.lefigaro.fr\/flash-actu\/un-ver-qui-parasite-les-serpents-decouvert-dans-le-cerveau-d-une-australienne-20230829\" target=\"_blank\" rel=\"noreferrer noopener\">Ophidascaris robertsi<\/a> ou une autre mis\u00e8re que la nature a invent\u00e9 ? Qu&rsquo;adviendra-t-il du patient quand l&rsquo;ennui pousse \u00e0 suivre des th\u00e9ories fumantes de <a href=\"https:\/\/mecahealth.com\/?page_id=7252\" data-type=\"page\" data-id=\"7252\">transg\u00e9n\u00e9rationnalit\u00e9<\/a> parce qu&rsquo;elles sont \u00e9crites par la rh\u00e9torique attendue par un esprit brillant mais insatisfait ?<\/p>\n\n\n\n<figure class=\"wp-block-image size-medium is-resized\"><img loading=\"lazy\" decoding=\"async\" width=\"300\" height=\"300\" src=\"https:\/\/mecahealth.com\/wp-content\/uploads\/2024\/10\/2556996c-466a-467a-986c-216618f4c4d91925262143690820598-300x300.jpeg\" alt=\"\" class=\"wp-image-7348\" style=\"width:330px\" srcset=\"https:\/\/mecahealth.com\/wp-content\/uploads\/2024\/10\/2556996c-466a-467a-986c-216618f4c4d91925262143690820598-300x300.jpeg 300w, https:\/\/mecahealth.com\/wp-content\/uploads\/2024\/10\/2556996c-466a-467a-986c-216618f4c4d91925262143690820598-150x150.jpeg 150w, https:\/\/mecahealth.com\/wp-content\/uploads\/2024\/10\/2556996c-466a-467a-986c-216618f4c4d91925262143690820598-768x768.jpeg 768w, https:\/\/mecahealth.com\/wp-content\/uploads\/2024\/10\/2556996c-466a-467a-986c-216618f4c4d91925262143690820598.jpeg 1024w\" sizes=\"auto, (max-width: 300px) 100vw, 300px\" \/><\/figure>\n\n\n\n<p class=\"has-medium-font-size\">Si l&rsquo;on suit la <a href=\"https:\/\/mecahealth.com\/?page_id=5994\" data-type=\"page\" data-id=\"5994\">th\u00e9orie de l&rsquo;engagement<\/a>, il est de plus en plus difficile de remettre en question sa situation ou de <em>revenir en arri\u00e8re<\/em> avec autant d&rsquo;ann\u00e9es d&rsquo;\u00e9tudes et de pratiques ainsi que de <a href=\"https:\/\/mecahealth.com\/?page_id=1974\" data-type=\"page\" data-id=\"1974\">reconnaissance gr\u00e9gaire<\/a>. Cette remise en question est d&rsquo;autant plus difficile que le syst\u00e8me mis en place dans la plupart des h\u00f4pitaux ne permet pas \u00e0 un sp\u00e9cialiste de traiter une autre zone que celle limit\u00e9e par son statut officiel. Comme l&rsquo;instruction universitaire et la fonction poussent les m\u00e9decins \u00e0 se consid\u00e9rer en position dite haute (notamment par <a href=\"https:\/\/mecahealth.com\/?page_id=7964\" data-type=\"page\" data-id=\"7964\">le titre<\/a>, l&rsquo;autorit\u00e9 et les responsabilit\u00e9s) et comme l&rsquo;\u00e9tudiant avait \u00e9t\u00e9 souvent d\u00e9j\u00e0 mis dans cette position durant les classes secondaires voire primaires, les m\u00e9decins peinent bien souvent \u00e0 confier leur d\u00e9sarroi, leur ennui voire leur lassitude et d&rsquo;autant plus s&rsquo;ils ont subi le harc\u00e8lement dans leur parcours scolaire. Ils tiennent le coup tant que possible en silence quand cet \u00e9tat est conscient. Quand la lutte est inconsciente, ils augmenteront fortement leurs prestations pour trouver des moyens de plus en plus originaux pour se divertir d&rsquo;autant plus convaincu d&rsquo;avoir le droit de le r\u00e9aliser que la Soci\u00e9t\u00e9 associe <a href=\"https:\/\/mecahealth.com\/?page_id=7114\" data-type=\"page\" data-id=\"7114\">r\u00e9ussite ou qualit\u00e9 au revenu<\/a> oubliant ainsi les raisons premi\u00e8res qui ont pouss\u00e9 la plupart \u00e0 faire la m\u00e9decine. Gr\u00e2ce \u00e0 de forts revenus, le th\u00e9rapeute sera plus difficilement en droit moral de se plaindre. Le cercle vicieux devenu tourbillon dans l&rsquo;entonnoir tournera de plus en plus vite.<\/p>\n\n\n\n<p class=\"has-medium-font-size\">En recherche inconsciente du <a href=\"https:\/\/mecahealth.com\/?page_id=6430\" data-type=\"page\" data-id=\"6430\">plaisir intellectuel<\/a>, ils pourront d&rsquo;ailleurs parfois se comporter comme des gamins dans une cour de r\u00e9cr\u00e9ation lorsqu&rsquo;une conf\u00e9rence sur un sujet peut leur apporter de nouvelles informations. Il y a d&rsquo;ailleurs beaucoup \u00e0 dire sur certains appareils ou formations qui n&rsquo;apportent pas grand chose hormis de l&rsquo;espoir d&rsquo;un nouvel apprentissage (&#8230;). C&rsquo;est assez dr\u00f4le \u00e0 voir d&rsquo;ailleurs voire mignon. Si le plaisir intellectuel ne domine ou n&rsquo;entra\u00eene pas un ensemble de questions en cha\u00eene, certains commenceront en parall\u00e8le \u00e0 un changement de comportement \u00e0 d\u00e9primer voire \u00e0 commettre des erreurs voire des fautes m\u00e9dicales. <\/p>\n\n\n\n<p class=\"has-medium-font-size\">Heureusement cette situation ne touche pas l&rsquo;ensemble du corps m\u00e9dical. Elle concernera surtout celui qui aura bas\u00e9 sa vie sur l&rsquo;apprentissage de donn\u00e9es d&rsquo;autrui. Celui qui dispose d&rsquo;un esprit de recherche continuera \u00e0 s&rsquo;amuser sans doute jusqu&rsquo;\u00e0 l&rsquo;\u00e2ge bien pass\u00e9 de la pension. Celui qui aime transmettre gardera lui aussi le feu sacr\u00e9 sans doute. Ce n&rsquo;est pourtant pas des facult\u00e9s dont chacun dispose avec talent.<\/p>\n\n\n\n<p class=\"has-large-font-size\">C&rsquo;est la raison pour laquelle nous sugg\u00e9rons de revoir le mode de fonctionnement de l&rsquo;hypersp\u00e9cialisation en m\u00e9decine et des employ\u00e9s qui en d\u00e9pendent&#8230;<\/p>\n\n\n\n<p class=\"has-medium-font-size\">&#8230;et d&rsquo;autant plus avec l&rsquo;<a href=\"https:\/\/mecahealth.com\/?page_id=7941\" data-type=\"page\" data-id=\"7941\">IA qui bouleverse les fondements de la r\u00e9flexion (&#8230;)<\/a>.<\/p>\n\n\n\n<p class=\"has-medium-font-size\">Chaque personne devrait pouvoir s&rsquo;arr\u00eater quelques mois pour suivre une autre branche de l&rsquo;hypersp\u00e9cialisation ou passer dans un autre service. Prenons le chirurgien de la main qui pourrait apr\u00e8s quelques ann\u00e9es de chirurgie de cette extr\u00e9mit\u00e9, pouvoir suivre ses coll\u00e8gues sp\u00e9cialistes de l&rsquo;\u00e9paule via une formation de rappel et travailler \u00e0 nouveau une \u00e9paule comme il l&rsquo;aura fait quelques fois durant sa formation initiale. Un bel exemple est celui d&rsquo;un chirurgien qui s&rsquo;\u00e9tait arr\u00eat\u00e9 pour se former \u00e0 (re)devenir urgentiste&#8230;<\/p>\n\n\n\n<p class=\"has-medium-font-size\">Sans changement, le risque d&rsquo;incidents pourrait augmenter, d&rsquo;autant plus que l&rsquo;intelligence artificielle remet en question l&rsquo;indispensabilit\u00e9, malgr\u00e9 des dizaines d&rsquo;ann\u00e9es d&rsquo;\u00e9tudes et de pratiques cumul\u00e9es, de certaines expertises ultrasp\u00e9cialis\u00e9es. D&rsquo;ici peu, l&rsquo;IA une fois bien param\u00e9tr\u00e9e, n&rsquo;oubliera aucune exception dans le <a href=\"https:\/\/fr.wikipedia.org\/wiki\/Diagnostic_diff%C3%A9rentiel\" target=\"_blank\" rel=\"noreferrer noopener\">diagnostic diff\u00e9rentiel<\/a>. L&rsquo;IA ne <em>loupera <\/em>pas un point millim\u00e9trique canc\u00e9reux sur une imagerie m\u00e9dicale. <\/p>\n\n\n\n<p class=\"has-large-font-size\">La chute sera grande <a href=\"https:\/\/mecahealth.com\/?page_id=7951\" data-type=\"page\" data-id=\"7951\">pour ceux qui n&rsquo;auront pas appris \u00e0 travailler autrement<\/a>&#8230;<\/p>\n\n\n\n<p class=\"has-medium-font-size\">Il est crucial de reconna\u00eetre et d&rsquo;adresser ce <em>bore-out <\/em>m\u00e9dical pour maintenir non seulement la sant\u00e9 mentale des praticiens, mais aussi la qualit\u00e9 et la s\u00e9curit\u00e9 des soins prodigu\u00e9s aux patients.<\/p>\n\n\n\n<p class=\"has-medium-font-size\">(&#8230;)<\/p>\n\n\n\n<figure class=\"wp-block-image size-medium\"><img loading=\"lazy\" decoding=\"async\" width=\"300\" height=\"300\" src=\"https:\/\/mecahealth.com\/wp-content\/uploads\/2024\/10\/bb20a590-1af7-40d5-8d7e-407af844ad4b3142795061598769885-300x300.jpeg\" alt=\"\" class=\"wp-image-7349\" srcset=\"https:\/\/mecahealth.com\/wp-content\/uploads\/2024\/10\/bb20a590-1af7-40d5-8d7e-407af844ad4b3142795061598769885-300x300.jpeg 300w, https:\/\/mecahealth.com\/wp-content\/uploads\/2024\/10\/bb20a590-1af7-40d5-8d7e-407af844ad4b3142795061598769885-150x150.jpeg 150w, https:\/\/mecahealth.com\/wp-content\/uploads\/2024\/10\/bb20a590-1af7-40d5-8d7e-407af844ad4b3142795061598769885-768x768.jpeg 768w, https:\/\/mecahealth.com\/wp-content\/uploads\/2024\/10\/bb20a590-1af7-40d5-8d7e-407af844ad4b3142795061598769885.jpeg 1024w\" sizes=\"auto, (max-width: 300px) 100vw, 300px\" \/><\/figure>\n\n\n\n<p><\/p>\n\n\n\n<h2 class=\"wp-block-heading has-medium-font-size\">Revenir au chapitre <em><a href=\"https:\/\/mecahealth.com\/?page_id=127\" data-type=\"page\" data-id=\"127\">Corps psychique<\/a><\/em> ou \u00e0 la page<em> <a href=\"https:\/\/mecahealth.com\/?page_id=180\">Normalit\u00e9<\/a><\/em><\/h2>\n","protected":false},"excerpt":{"rendered":"<p>Attention \u00e0 lire les consignes avant de lire toute page d&rsquo;un site sant\u00e9 ! image r\u00e9alis\u00e9e par l&rsquo;IA Comme nous en parlons plus en d\u00e9tails et avec un peu de discr\u00e9tion dans la page traitant du parall\u00e9lisme entre ordinateur et cerveau, chaque personne dispose d&rsquo;une capacit\u00e9 personnelle originelle ou disposerait<a href=\"https:\/\/mecahealth.com\/?page_id=7233\" class=\"read-more\">Read More&#8230;<\/a><\/p>\n","protected":false},"author":1,"featured_media":0,"parent":0,"menu_order":0,"comment_status":"closed","ping_status":"closed","template":"","meta":{"footnotes":""},"class_list":["post-7233","page","type-page","status-publish","hentry"],"jetpack_sharing_enabled":true,"_links":{"self":[{"href":"https:\/\/mecahealth.com\/index.php?rest_route=\/wp\/v2\/pages\/7233","targetHints":{"allow":["GET"]}}],"collection":[{"href":"https:\/\/mecahealth.com\/index.php?rest_route=\/wp\/v2\/pages"}],"about":[{"href":"https:\/\/mecahealth.com\/index.php?rest_route=\/wp\/v2\/types\/page"}],"author":[{"embeddable":true,"href":"https:\/\/mecahealth.com\/index.php?rest_route=\/wp\/v2\/users\/1"}],"replies":[{"embeddable":true,"href":"https:\/\/mecahealth.com\/index.php?rest_route=%2Fwp%2Fv2%2Fcomments&post=7233"}],"version-history":[{"count":34,"href":"https:\/\/mecahealth.com\/index.php?rest_route=\/wp\/v2\/pages\/7233\/revisions"}],"predecessor-version":[{"id":8329,"href":"https:\/\/mecahealth.com\/index.php?rest_route=\/wp\/v2\/pages\/7233\/revisions\/8329"}],"wp:attachment":[{"href":"https:\/\/mecahealth.com\/index.php?rest_route=%2Fwp%2Fv2%2Fmedia&parent=7233"}],"curies":[{"name":"wp","href":"https:\/\/api.w.org\/{rel}","templated":true}]}}