{"id":7219,"date":"2024-08-18T19:55:02","date_gmt":"2024-08-18T17:55:02","guid":{"rendered":"https:\/\/mecahealth.com\/?page_id=7219"},"modified":"2025-11-11T13:43:53","modified_gmt":"2025-11-11T12:43:53","slug":"correlation-et-causalite","status":"publish","type":"page","link":"https:\/\/mecahealth.com\/?page_id=7219","title":{"rendered":"Psycho : Corr\u00e9lation et causalit\u00e9"},"content":{"rendered":"\n<p class=\"has-medium-font-size\"><a style=\"font-size: revert;\" href=\"https:\/\/mecahealth.com\/?page_id=122\">Attention \u00e0 lire les consignes avant de lire toute page d&rsquo;un site sant\u00e9 !<\/a><\/p>\n\n\n\n<figure data-wp-context=\"{&quot;imageId&quot;:&quot;69f28ab2a5a3c&quot;}\" data-wp-interactive=\"core\/image\" data-wp-key=\"69f28ab2a5a3c\" class=\"wp-block-image size-full is-resized is-style-rounded wp-lightbox-container\"><img loading=\"lazy\" decoding=\"async\" width=\"1024\" height=\"1024\" data-wp-class--hide=\"state.isContentHidden\" data-wp-class--show=\"state.isContentVisible\" data-wp-init=\"callbacks.setButtonStyles\" data-wp-on--click=\"actions.showLightbox\" data-wp-on--load=\"callbacks.setButtonStyles\" data-wp-on-window--resize=\"callbacks.setButtonStyles\" src=\"https:\/\/mecahealth.com\/wp-content\/uploads\/2024\/08\/7435cf03-b30c-483b-8352-af58c5be7213.jpeg\" alt=\"\" class=\"wp-image-7226\" style=\"object-fit:cover;width:300px;height:auto\" srcset=\"https:\/\/mecahealth.com\/wp-content\/uploads\/2024\/08\/7435cf03-b30c-483b-8352-af58c5be7213.jpeg 1024w, https:\/\/mecahealth.com\/wp-content\/uploads\/2024\/08\/7435cf03-b30c-483b-8352-af58c5be7213-300x300.jpeg 300w, https:\/\/mecahealth.com\/wp-content\/uploads\/2024\/08\/7435cf03-b30c-483b-8352-af58c5be7213-150x150.jpeg 150w, https:\/\/mecahealth.com\/wp-content\/uploads\/2024\/08\/7435cf03-b30c-483b-8352-af58c5be7213-768x768.jpeg 768w\" sizes=\"auto, (max-width: 1024px) 100vw, 1024px\" \/><button\n\t\t\tclass=\"lightbox-trigger\"\n\t\t\ttype=\"button\"\n\t\t\taria-haspopup=\"dialog\"\n\t\t\taria-label=\"Enlarge\"\n\t\t\tdata-wp-init=\"callbacks.initTriggerButton\"\n\t\t\tdata-wp-on--click=\"actions.showLightbox\"\n\t\t\tdata-wp-style--right=\"state.imageButtonRight\"\n\t\t\tdata-wp-style--top=\"state.imageButtonTop\"\n\t\t>\n\t\t\t<svg xmlns=\"http:\/\/www.w3.org\/2000\/svg\" width=\"12\" height=\"12\" fill=\"none\" viewBox=\"0 0 12 12\">\n\t\t\t\t<path fill=\"#fff\" d=\"M2 0a2 2 0 0 0-2 2v2h1.5V2a.5.5 0 0 1 .5-.5h2V0H2Zm2 10.5H2a.5.5 0 0 1-.5-.5V8H0v2a2 2 0 0 0 2 2h2v-1.5ZM8 12v-1.5h2a.5.5 0 0 0 .5-.5V8H12v2a2 2 0 0 1-2 2H8Zm2-12a2 2 0 0 1 2 2v2h-1.5V2a.5.5 0 0 0-.5-.5H8V0h2Z\" \/>\n\t\t\t<\/svg>\n\t\t<\/button><\/figure>\n\n\n\n<p class=\"has-small-font-size\">image r\u00e9alis\u00e9e par l&rsquo;IA<\/p>\n\n\n\n<p class=\"has-medium-font-size\">La <strong>corr\u00e9lation<\/strong> et la <strong>causalit\u00e9<\/strong> sont deux concepts importants en statistiques et en recherche mais utiliser \u00e9galement dans certains d\u00e9bats pas toujours scientifiques mais utilisant la science pour justifier certaines v\u00e9rit\u00e9s ou croyances. Cette confusion entre ces deux termes se font de mani\u00e8re <strong>parfois <\/strong>volontaire par un orateur (parfois connu et reconnu) ou un scientifique peu scrupuleux voire <a href=\"https:\/\/mecahealth.com\/?page_id=6134\" data-type=\"page\" data-id=\"6134\">manipulateur<\/a>.<\/p>\n\n\n\n<ol class=\"wp-block-list has-medium-font-size\">\n<li><strong>Corr\u00e9lation<\/strong> :\n<ul class=\"wp-block-list\">\n<li>La <strong>corr\u00e9lation<\/strong> mesure le degr\u00e9 d\u2019association entre deux variables. Elle indique \u00e0 quel point elles \u00e9voluent ensemble. Trois types de corr\u00e9lations sont courants :\n<ul class=\"wp-block-list\">\n<li><strong>Corr\u00e9lation positive<\/strong> : Lorsque la variable 1 augmente, la variable 2 augmente \u00e9galement, et vice versa. Par exemple, lorsque les revenus marketing augmentent, les ventes augmentent \u00e9galement.<\/li>\n\n\n\n<li><strong>Corr\u00e9lation n\u00e9gative<\/strong> : Lorsque la variable 1 augmente, la variable 2 diminue, et vice versa. Par exemple, \u00e0 mesure que le temps augmente, la distance d\u2019une voiture vers sa destination diminue.<\/li>\n\n\n\n<li><strong>Corr\u00e9lation nulle<\/strong> : Aucune relation apparente entre les variables.<\/li>\n<\/ul>\n<\/li>\n\n\n\n<li><strong>Attention<\/strong> : La corr\u00e9lation ne signifie pas n\u00e9cessairement qu\u2019une variable cause l\u2019autre. Parfois, une troisi\u00e8me variable cach\u00e9e peut influencer les deux variables simultan\u00e9ment.<\/li>\n\n\n\n<li><strong>Exemple <\/strong>: Corr\u00e9lation entre l&rsquo;exposition au soleil et le cancer de la peau. Cela ne signifie pas que l\u2019exposition cause le cancer. Une troisi\u00e8me variable (la dur\u00e9e d\u2019exposition au soleil) peut expliquer le cancer tout comme le type de peau, etc.<\/li>\n<\/ul>\n<\/li>\n\n\n\n<li><strong>Causalit\u00e9<\/strong> :\n<ul class=\"wp-block-list\">\n<li>La <strong>causalit\u00e9<\/strong> d\u00e9finit une relation de cause \u00e0 effet entre deux variables. L\u2019une provoque l\u2019autre ou vice versa. Par exemple, si une variable 1 (comme un traitement m\u00e9dical) a un effet sur une variable 2 (comme la gu\u00e9rison d\u2019une maladie), il y a causalit\u00e9.<\/li>\n\n\n\n<li>Pour \u00e9tablir la causalit\u00e9, des exp\u00e9riences contr\u00f4l\u00e9es sont n\u00e9cessaires. Deux groupes sont cr\u00e9\u00e9s au hasard, l\u2019un expos\u00e9 au traitement et l\u2019autre non. Les diff\u00e9rences entre les r\u00e9sultats des deux groupes permettent de d\u00e9terminer les causes et les effets.<\/li>\n\n\n\n<li><strong>Exemples<\/strong> : En justice, nous pourrions prendre l&rsquo;exemple d&rsquo;une personne qui br\u00fble un feu rouge et qui entra\u00eene l&rsquo;accident d&rsquo;un autre v\u00e9hicule en droit dont le conducteur \u00e9tait ivre phares \u00e9teints. La cause est bien d&rsquo;avoir br\u00fbl\u00e9 un feu et non pas que les phares \u00e9taient \u00e9teints puisque si le feu avait \u00e9t\u00e9 respect\u00e9, l&rsquo;accident n&rsquo;aurait eu lieu mais il y a bien une corr\u00e9lation avec les phares \u00e9teints puisque sans doute que le conducteur n&rsquo;aurait pas br\u00fbl\u00e9 le feu s&rsquo;il avait bien vu la voiture (&#8230;).<\/li>\n<\/ul>\n<\/li>\n<\/ol>\n\n\n\n<p class=\"has-medium-font-size\">En r\u00e9sum\u00e9, la corr\u00e9lation est une association statistique, tandis que la causalit\u00e9 implique une relation de cause \u00e0 effet v\u00e9rifi\u00e9e par des exp\u00e9riences appropri\u00e9es. Il est essentiel de faire la distinction entre les deux pour une interpr\u00e9tation correcte des donn\u00e9es. Ce qui n&rsquo;est pas la qualit\u00e9 de certaines personnes sous emprise de certaines m\u00e9thodes non acad\u00e9miques comme la <a href=\"https:\/\/mecahealth.com\/?page_id=5989\" data-type=\"page\" data-id=\"5989\">psychanalyse<\/a> ou pire les d\u00e9rives <a href=\"https:\/\/mecahealth.com\/?page_id=7252\" data-type=\"page\" data-id=\"7252\">psychog\u00e9n\u00e9\u00e0logiques<\/a> de cette th\u00e9orie mais le d\u00e9faut de <a href=\"https:\/\/mecahealth.com\/?page_id=6522\" data-type=\"page\" data-id=\"6522\">ceux qui jugent sans la connaissance d&rsquo;un maximum de param\u00e8tres<\/a> (majorit\u00e9 de la population ne faisant pas <a href=\"https:\/\/mecahealth.com\/?page_id=6654\" data-type=\"page\" data-id=\"6654\">un minimum de m\u00e9tacognition<\/a>).<\/p>\n\n\n\n<p>(&#8230;)<\/p>\n\n\n\n<h2 class=\"wp-block-heading has-medium-font-size\"><span style=\"font-size: var(--wp--preset--font-size--medium) ; color: initial;\"><span style=\"font-size: var(--wp--preset--font-size--medium) ; color: initial;\">Abonnez-vous \u00e0 nos diff\u00e9rentes pages pour \u00eatre averti(s) des nouvelles mises en ligne&#8230;<\/span><\/span><\/h2>\n\n\n\n<p class=\"has-small-font-size\"><a rel=\"noreferrer noopener\" href=\"https:\/\/www.facebook.com\/MecaHealthAsbl\" target=\"_blank\">Facebook MecaHealthAsbl<\/a> &#8211; <a rel=\"noreferrer noopener\" href=\"https:\/\/www.linkedin.com\/company\/mecahealth\/\" target=\"_blank\">Linkedin MecaHealth<\/a> &#8211; <a rel=\"noreferrer noopener\" href=\"https:\/\/www.youtube.com\/channel\/UCJb5g--IGlU6FgQLQKaJljg\" target=\"_blank\">Youtube cha\u00eene MecaHealth<\/a> &#8211; Instagram (pas encore)<\/p>\n\n\n\n<h2 class=\"wp-block-heading has-medium-font-size\">Revenir au chapitre <a href=\"https:\/\/mecahealth.com\/?page_id=127\" data-type=\"page\" data-id=\"127\"><em>Corps psychique<\/em><\/a><em> <\/em>ou <a href=\"https:\/\/mecahealth.com\/?page_id=61\" data-type=\"page\" data-id=\"61\"><em>1001 conseils \/ lexique<\/em><\/a><\/h2>\n","protected":false},"excerpt":{"rendered":"<p>Attention \u00e0 lire les consignes avant de lire toute page d&rsquo;un site sant\u00e9 ! image r\u00e9alis\u00e9e par l&rsquo;IA La corr\u00e9lation et la causalit\u00e9 sont deux concepts importants en statistiques et en recherche mais utiliser \u00e9galement dans certains d\u00e9bats pas toujours scientifiques mais utilisant la science pour justifier certaines v\u00e9rit\u00e9s ou<a href=\"https:\/\/mecahealth.com\/?page_id=7219\" class=\"read-more\">Read More&#8230;<\/a><\/p>\n","protected":false},"author":1,"featured_media":0,"parent":0,"menu_order":0,"comment_status":"closed","ping_status":"closed","template":"","meta":{"footnotes":""},"class_list":["post-7219","page","type-page","status-publish","hentry"],"jetpack_sharing_enabled":true,"_links":{"self":[{"href":"https:\/\/mecahealth.com\/index.php?rest_route=\/wp\/v2\/pages\/7219","targetHints":{"allow":["GET"]}}],"collection":[{"href":"https:\/\/mecahealth.com\/index.php?rest_route=\/wp\/v2\/pages"}],"about":[{"href":"https:\/\/mecahealth.com\/index.php?rest_route=\/wp\/v2\/types\/page"}],"author":[{"embeddable":true,"href":"https:\/\/mecahealth.com\/index.php?rest_route=\/wp\/v2\/users\/1"}],"replies":[{"embeddable":true,"href":"https:\/\/mecahealth.com\/index.php?rest_route=%2Fwp%2Fv2%2Fcomments&post=7219"}],"version-history":[{"count":12,"href":"https:\/\/mecahealth.com\/index.php?rest_route=\/wp\/v2\/pages\/7219\/revisions"}],"predecessor-version":[{"id":8423,"href":"https:\/\/mecahealth.com\/index.php?rest_route=\/wp\/v2\/pages\/7219\/revisions\/8423"}],"wp:attachment":[{"href":"https:\/\/mecahealth.com\/index.php?rest_route=%2Fwp%2Fv2%2Fmedia&parent=7219"}],"curies":[{"name":"wp","href":"https:\/\/api.w.org\/{rel}","templated":true}]}}