{"id":7188,"date":"2024-08-09T13:48:34","date_gmt":"2024-08-09T11:48:34","guid":{"rendered":"https:\/\/mecahealth.com\/?page_id=7188"},"modified":"2025-02-04T01:52:51","modified_gmt":"2025-02-04T00:52:51","slug":"rh-le-fils-de","status":"publish","type":"page","link":"https:\/\/mecahealth.com\/?page_id=7188","title":{"rendered":"RH : la fille ou le fils de &#8230;"},"content":{"rendered":"\n<figure data-wp-context=\"{&quot;imageId&quot;:&quot;69f9b37ca4c1a&quot;}\" data-wp-interactive=\"core\/image\" data-wp-key=\"69f9b37ca4c1a\" class=\"wp-block-image size-large is-resized is-style-rounded wp-lightbox-container\"><img loading=\"lazy\" decoding=\"async\" width=\"1024\" height=\"585\" data-wp-class--hide=\"state.isContentHidden\" data-wp-class--show=\"state.isContentVisible\" data-wp-init=\"callbacks.setButtonStyles\" data-wp-on--click=\"actions.showLightbox\" data-wp-on--load=\"callbacks.setButtonStyles\" data-wp-on-window--resize=\"callbacks.setButtonStyles\" src=\"https:\/\/mecahealth.com\/wp-content\/uploads\/2024\/12\/MecaHealth-fils-de-2-1024x585.webp\" alt=\"\" class=\"wp-image-7404\" style=\"aspect-ratio:1;object-fit:cover;width:330px\" srcset=\"https:\/\/mecahealth.com\/wp-content\/uploads\/2024\/12\/MecaHealth-fils-de-2-1024x585.webp 1024w, https:\/\/mecahealth.com\/wp-content\/uploads\/2024\/12\/MecaHealth-fils-de-2-300x171.webp 300w, https:\/\/mecahealth.com\/wp-content\/uploads\/2024\/12\/MecaHealth-fils-de-2-768x439.webp 768w, https:\/\/mecahealth.com\/wp-content\/uploads\/2024\/12\/MecaHealth-fils-de-2-1536x878.webp 1536w, https:\/\/mecahealth.com\/wp-content\/uploads\/2024\/12\/MecaHealth-fils-de-2.webp 1792w\" sizes=\"auto, (max-width: 1024px) 100vw, 1024px\" \/><button\n\t\t\tclass=\"lightbox-trigger\"\n\t\t\ttype=\"button\"\n\t\t\taria-haspopup=\"dialog\"\n\t\t\taria-label=\"Enlarge\"\n\t\t\tdata-wp-init=\"callbacks.initTriggerButton\"\n\t\t\tdata-wp-on--click=\"actions.showLightbox\"\n\t\t\tdata-wp-style--right=\"state.imageButtonRight\"\n\t\t\tdata-wp-style--top=\"state.imageButtonTop\"\n\t\t>\n\t\t\t<svg xmlns=\"http:\/\/www.w3.org\/2000\/svg\" width=\"12\" height=\"12\" fill=\"none\" viewBox=\"0 0 12 12\">\n\t\t\t\t<path fill=\"#fff\" d=\"M2 0a2 2 0 0 0-2 2v2h1.5V2a.5.5 0 0 1 .5-.5h2V0H2Zm2 10.5H2a.5.5 0 0 1-.5-.5V8H0v2a2 2 0 0 0 2 2h2v-1.5ZM8 12v-1.5h2a.5.5 0 0 0 .5-.5V8H12v2a2 2 0 0 1-2 2H8Zm2-12a2 2 0 0 1 2 2v2h-1.5V2a.5.5 0 0 0-.5-.5H8V0h2Z\" \/>\n\t\t\t<\/svg>\n\t\t<\/button><\/figure>\n\n\n\n<p class=\"has-medium-font-size\">M\u00eame s&rsquo;il est plut\u00f4t naturel d&rsquo;\u00e9mettre des r\u00e9serves au sujet de certaines d\u00e9cisions \u00e9mises par des professionnels ou des personnalit\u00e9s notamment en politique, il est plut\u00f4t fr\u00e9quent d&rsquo;entendre ou de lire de nombreux commentaires suppl\u00e9mentaires ou plus f\u00e9roces lorsqu&rsquo;il s&rsquo;agit de ce qui est appel\u00e9 commun\u00e9ment un <strong><em>fils de<\/em><\/strong>.<\/p>\n\n\n\n<p class=\"has-medium-font-size\">Hors derri\u00e8re cette r\u00e9alit\u00e9 d\u00e9cri\u00e9e d&#8217;embl\u00e9e par les <a href=\"https:\/\/mecahealth.com\/?page_id=6522\" data-type=\"page\" data-id=\"6522\">juges du net h\u00e9ritiers parfois du seigneur Hanouna<\/a> ainsi que par des personnes agissant presque par r\u00e9flexes, se cache un parcours ou devrions-nous dire des parcours distincts assez typiques r\u00e9sum\u00e9s ci-apr\u00e8s. Dans les <em>fils ou fille de<\/em>, nous pourrions \u00eatre un peu r\u00e9ducteur et les cat\u00e9goriser comme tel :<\/p>\n\n\n\n<ol class=\"wp-block-list\">\n<li class=\"has-medium-font-size\">Les chercheurs de reconnaissance ou les \u00e9cras\u00e9s<\/li>\n\n\n\n<li class=\"has-medium-font-size\">Les passifs<\/li>\n\n\n\n<li class=\"has-medium-font-size\">Les ind\u00e9cis ou les <em>pourquoi pas<\/em><\/li>\n\n\n\n<li class=\"has-medium-font-size\">Les opportunistes<\/li>\n\n\n\n<li class=\"has-medium-font-size\"><strong>Les passionn\u00e9s et les familiers<\/strong><\/li>\n<\/ol>\n\n\n\n<p class=\"has-medium-font-size\">Mis \u00e0 part les opportunistes, en r\u00e9alit\u00e9, nous <a href=\"https:\/\/mecahealth.com\/?page_id=5003\" data-type=\"page\" data-id=\"5003\">sommes tous sous influences<\/a> mais <em>les filles et fils de<\/em> le sont plus encore. Hormis, les passionn\u00e9s qui ont suivis la profession d&rsquo;un ou des parents par la passion transmisse, ils sont donc plut\u00f4t \u00e0 plaindre car rarement heureux de n&rsquo;avoir pas suivi leurs sentiments profonds.<\/p>\n\n\n\n<p class=\"has-medium-font-size\">Les parcours bien que distincts, sont bas\u00e9s notamment sur les notions suivantes :<br><br>1. Transmission familiale : <\/p>\n\n\n\n<p class=\"has-medium-font-size\">Dans certaines familles, les comp\u00e9tences et les connaissances sont transmises de g\u00e9n\u00e9ration en g\u00e9n\u00e9ration. Ces situations sont fr\u00e9quentes dans les m\u00e9tiers artisanaux, agricoles ou dans les entreprises familiales.<br><br>2. Influence et inspiration : <\/p>\n\n\n\n<p class=\"has-medium-font-size\">Les enfants peuvent \u00eatre inspir\u00e9s par la carri\u00e8re de leurs parents et choisir de suivre une voie similaire par admiration ou par int\u00e9r\u00eat pour le domaine.<br><br>3. Opportunit\u00e9s et r\u00e9seaux : <\/p>\n\n\n\n<p class=\"has-medium-font-size\">Les parents peuvent offrir des opportunit\u00e9s professionnelles \u00e0 leurs enfants gr\u00e2ce \u00e0 leurs r\u00e9seaux et contacts dans le secteur. Cela peut faciliter l&rsquo;acc\u00e8s \u00e0 des stages, des emplois ou des formations sp\u00e9cifiques.<br><br>4. \u00c9ducation et formation : <\/p>\n\n\n\n<p class=\"has-medium-font-size\">Les parents peuvent orienter leurs enfants vers des formations ou des \u00e9tudes sp\u00e9cifiques qui les pr\u00e9parent \u00e0 travailler dans le m\u00eame secteur. Par exemple, un parent m\u00e9decin peut encourager son enfant \u00e0 suivre des \u00e9tudes de m\u00e9decine.<br><br>5. Pression sociale ou familiale : <\/p>\n\n\n\n<p class=\"has-medium-font-size\">Parfois, les enfants peuvent ressentir une pression pour suivre les traces de leurs parents, que ce soit pour maintenir une tradition familiale ou r\u00e9pondre aux attentes familiales.<\/p>\n\n\n\n<p class=\"has-medium-font-size\">(&#8230;)<\/p>\n\n\n\n<p class=\"has-medium-font-size\">De ce fait, m\u00eame si on peut parfois parler de n\u00e9potisme professionnel, il s&rsquo;agit parfois d&rsquo;un m\u00e9canisme assez naturel qu&rsquo;il ne faut pas forc\u00e9ment critiquer puisque la plupart seront heureux que leurs enfants prolongent leurs actions si \u00e0 leurs yeux, elles ont de la valeur&#8230;<\/p>\n\n\n\n<p class=\"has-medium-font-size\">(&#8230;) <\/p>\n\n\n\n<h2 class=\"wp-block-heading has-medium-font-size\">Revenir au chapitre initial <a href=\"https:\/\/mecahealth.com\/?page_id=61\" data-type=\"page\" data-id=\"61\"><em>1001 conseils \/ lexique<\/em><\/a>, <em><a href=\"https:\/\/mecahealth.com\/?page_id=127\" data-type=\"page\" data-id=\"127\">Corps psychique<\/a><\/em> ou \u00e0 la page<em> <a href=\"https:\/\/mecahealth.com\/?page_id=180\">Normalit\u00e9<\/a><\/em><\/h2>\n","protected":false},"excerpt":{"rendered":"<p>M\u00eame s&rsquo;il est plut\u00f4t naturel d&rsquo;\u00e9mettre des r\u00e9serves au sujet de certaines d\u00e9cisions \u00e9mises par des professionnels ou des personnalit\u00e9s notamment en politique, il est plut\u00f4t fr\u00e9quent d&rsquo;entendre ou de lire de nombreux commentaires suppl\u00e9mentaires ou plus f\u00e9roces lorsqu&rsquo;il s&rsquo;agit de ce qui est appel\u00e9 commun\u00e9ment un fils de. Hors<a href=\"https:\/\/mecahealth.com\/?page_id=7188\" class=\"read-more\">Read More&#8230;<\/a><\/p>\n","protected":false},"author":1,"featured_media":0,"parent":0,"menu_order":0,"comment_status":"closed","ping_status":"closed","template":"","meta":{"footnotes":""},"class_list":["post-7188","page","type-page","status-publish","hentry"],"jetpack_sharing_enabled":true,"_links":{"self":[{"href":"https:\/\/mecahealth.com\/index.php?rest_route=\/wp\/v2\/pages\/7188","targetHints":{"allow":["GET"]}}],"collection":[{"href":"https:\/\/mecahealth.com\/index.php?rest_route=\/wp\/v2\/pages"}],"about":[{"href":"https:\/\/mecahealth.com\/index.php?rest_route=\/wp\/v2\/types\/page"}],"author":[{"embeddable":true,"href":"https:\/\/mecahealth.com\/index.php?rest_route=\/wp\/v2\/users\/1"}],"replies":[{"embeddable":true,"href":"https:\/\/mecahealth.com\/index.php?rest_route=%2Fwp%2Fv2%2Fcomments&post=7188"}],"version-history":[{"count":8,"href":"https:\/\/mecahealth.com\/index.php?rest_route=\/wp\/v2\/pages\/7188\/revisions"}],"predecessor-version":[{"id":7658,"href":"https:\/\/mecahealth.com\/index.php?rest_route=\/wp\/v2\/pages\/7188\/revisions\/7658"}],"wp:attachment":[{"href":"https:\/\/mecahealth.com\/index.php?rest_route=%2Fwp%2Fv2%2Fmedia&parent=7188"}],"curies":[{"name":"wp","href":"https:\/\/api.w.org\/{rel}","templated":true}]}}