{"id":7090,"date":"2024-01-14T11:37:22","date_gmt":"2024-01-14T10:37:22","guid":{"rendered":"https:\/\/mecahealth.com\/?page_id=7090"},"modified":"2026-04-05T15:14:07","modified_gmt":"2026-04-05T13:14:07","slug":"sports-apnee-subaquatique","status":"publish","type":"page","link":"https:\/\/mecahealth.com\/?page_id=7090","title":{"rendered":"Sport : apn\u00e9e subaquatique"},"content":{"rendered":"\n<p class=\"has-medium-font-size\">L&rsquo;apn\u00e9e r\u00e9alis\u00e9e en bassin ou en mer par exemple est appel\u00e9e apn\u00e9e subaquatique. Elle se distingue grandement de ce que nous reprochons \u00e0 l&rsquo;<a href=\"https:\/\/mecahealth.com\/?page_id=487\" data-type=\"page\" data-id=\"487\">apn\u00e9e courante (blocage respi)<\/a>.<\/p>\n\n\n\n<p class=\"has-medium-font-size\">Madame <a href=\"https:\/\/www.linkedin.com\/in\/jana-gazibara-31190669\/\">Jana Gazibara<\/a> en parle mieux que nous ne pourrions le faire :<\/p>\n\n\n\n<p class=\"has-medium-font-size\"><em>\u00c0 l&rsquo;origine, la plong\u00e9e en apn\u00e9e \u00e9tait une activit\u00e9 utilitaire: On plongeait pour r\u00e9colter de quoi se nourrir ou commercer le corail, les poissons, coquillages, \u00e9ponges&#8230; L\u2019Histoire nous apprend que la plong\u00e9e en apn\u00e9e est apparue avec les premiers hommes et qu\u2019elle est inscrite dans notre bagage.<\/em> <em>Aujourd&rsquo;hui, devenue un sport de comp\u00e9tition et une activit\u00e9 de loisir, l&rsquo;apn\u00e9e subaquatique, \u00e0 condition qu&rsquo;elle soit encadr\u00e9e, apporte \u00e0 ses adeptes un grand nombre de bienfaits, aussi bien pour le corps que pour l&rsquo;esprit. Dans un quotidien souvent oppressant, l\u2019apn\u00e9e est v\u00e9cue comme une v\u00e9ritable \u00ab bulle d\u2019air \u00bb par des adeptes, de plus en plus nombreux.<\/em><\/p>\n\n\n\n<p><\/p>\n\n\n\n<h2 class=\"wp-block-heading has-medium-font-size\"><strong>R\u00e8gle N\u00b01 :<\/strong> <\/h2>\n\n\n\n<p class=\"has-medium-font-size\">Ne jamais pratiquer l&rsquo;apn\u00e9e seule. C&rsquo;est une pratique qui demande de la patience, de la pers\u00e9v\u00e9rance et un entra\u00eenement progressif. Alors, prenez le temps, \u00e9coutez-vous &amp; respirez.<\/p>\n\n\n\n<h2 class=\"wp-block-heading has-medium-font-size\"><strong>Bienfaits de l&rsquo;apn\u00e9e<\/strong> :<\/h2>\n\n\n\n<p class=\"has-medium-font-size\">Sur le plan psychologique, l\u2019apn\u00e9e pr\u00e9sente de nombreux atouts : d\u00e9veloppement de la confiance en soi et de sa force mentale, connaissance affin\u00e9e de son corps et de ses capacit\u00e9s \/ limites physiques.<\/p>\n\n\n\n<p class=\"has-medium-font-size\">L\u2019apn\u00e9e est le sport id\u00e9al pour apprendre \u00e0 se relaxer et se recentrer sur ce que l\u2019on ressent, \u00e0 d\u00e9coder et ma\u00eetriser ses sensations. Tout cela contribue \u00e0 un l\u00e2cher-prise dont les effets perdurent au del\u00e0 de la s\u00e9ance y compris la nuit. Pour les plus confirm\u00e9s, l\u2019apn\u00e9e peut devenir un mode de vie \u00e0 part enti\u00e8re et influencer jusqu\u2019\u00e0 l&rsquo;alimentation pour une hygi\u00e8ne de vie bien soign\u00e9e.<\/p>\n\n\n\n<h2 class=\"wp-block-heading has-medium-font-size\"><strong>Tr\u00e9sors pour notre sant\u00e9 physique et <a href=\"https:\/\/mecahealth.com\/?page_id=127\" data-type=\"page\" data-id=\"127\">mentale<\/a> :<\/strong><\/h2>\n\n\n\n<ul class=\"has-medium-font-size wp-block-list\">\n<li>Am\u00e9lioration de la capacit\u00e9 pulmonaire: Une respiration plus profonde. L\u2019apn\u00e9e, c\u2019est un peu l\u2019\u00e9cole de la respiration. En apprenant \u00e0 ma\u00eetriser notre souffle, nous d\u00e9veloppons notre capacit\u00e9 \u00e0 respirer de mani\u00e8re plus profonde et efficace.\n<ul class=\"wp-block-list\">\n<li>R\u00e9sultat ? Un meilleur apport en oxyg\u00e8ne pour notre organisme et un plus grand bien-\u00eatre g\u00e9n\u00e9ral.<\/li>\n<\/ul>\n<\/li>\n\n\n\n<li>L\u2019augmentation de la capacit\u00e9 d\u2019oxyg\u00e9nation. L\u2019entra\u00eenement en apn\u00e9e stimule notre syst\u00e8me respiratoire et nous aide \u00e0 mieux utiliser l\u2019oxyg\u00e8ne disponible. En pratiquant r\u00e9guli\u00e8rement, on augmente la capacit\u00e9 d\u2019oxyg\u00e9nation de notre corps, ce qui peut \u00eatre b\u00e9n\u00e9fique dans la vie quotidienne et d\u2019autres activit\u00e9s sportives.<\/li>\n\n\n\n<li>R\u00e9duction du stress et de l\u2019anxi\u00e9t\u00e9 :\n<ul class=\"wp-block-list\">\n<li>Le calme et la concentration. L\u2019apn\u00e9e nous enseigne l\u2019art de la concentration et de la d\u00e9tente. En apprenant \u00e0 contr\u00f4ler notre respiration et \u00e0 nous focaliser sur l\u2019instant pr\u00e9sent, nous d\u00e9veloppons notre capacit\u00e9 \u00e0 g\u00e9rer le stress et l\u2019anxi\u00e9t\u00e9. Un atout pr\u00e9cieux pour notre bien-\u00eatre mental.<\/li>\n<\/ul>\n<\/li>\n\n\n\n<li>La lib\u00e9ration d\u2019endorphines. Lorsque l\u2019on pratique l\u2019apn\u00e9e, notre corps lib\u00e8re des endorphines, ces fameuses \u00ab hormones du bonheur \u00bb qui procurent une sensation de bien-\u00eatre et de relaxation.<\/li>\n\n\n\n<li>Renforcement musculaire et am\u00e9lioration de la posture : le gainage. Tenir en apn\u00e9e demande une certaine tonicit\u00e9 musculaire, notamment au niveau du tronc. La pratique de l\u2019apn\u00e9e renforce donc naturellement les muscles du dos, de l\u2019abdomen et du bassin, contribuant ainsi \u00e0 am\u00e9liorer notre posture et \u00e0 pr\u00e9venir les maux de dos.<\/li>\n\n\n\n<li>L\u2019\u00e9quilibre et la coordination. L\u2019apn\u00e9e sollicite l\u2019ensemble du corps et nous oblige \u00e0 coordonner nos mouvements pour \u00e9voluer avec aisance dans l\u2019eau. Cette discipline nous aide donc \u00e0 d\u00e9velopper notre \u00e9quilibre et notre coordination, des comp\u00e9tences utiles dans bien d\u2019autres domaines de la vie.<\/li>\n\n\n\n<li>Favoriser la r\u00e9cup\u00e9ration et la qualit\u00e9 du sommeil: La relaxation profonde. L\u2019apn\u00e9e est une activit\u00e9 qui favorise la d\u00e9tente et la relaxation profonde. En nous initiant \u00e0 la ma\u00eetrise de notre respiration, nous apprenons \u00e0 apaiser notre corps et notre esprit, ce qui peut grandement am\u00e9liorer <a href=\"https:\/\/mecahealth.com\/?page_id=2450\" data-type=\"page\" data-id=\"2450\">notre qualit\u00e9 de sommeil<\/a>.<\/li>\n\n\n\n<li>La r\u00e9gulation du rythme circadien. En pratiquant l\u2019apn\u00e9e de mani\u00e8re r\u00e9guli\u00e8re, nous favorisons la r\u00e9gulation de notre rythme circadien, ce qui permet d\u2019optimiser notre r\u00e9cup\u00e9ration et d\u2019am\u00e9liorer la qualit\u00e9 de notre sommeil. Un sommeil r\u00e9parateur est essentiel pour pr\u00e9server notre sant\u00e9 et notre bien-\u00eatre, et l\u2019apn\u00e9e peut \u00eatre une alli\u00e9e pr\u00e9cieuse pour y parvenir.<\/li>\n<\/ul>\n\n\n\n<p class=\"has-medium-font-size\">Vous l\u2019aurez compris : l\u2019apn\u00e9e ne se contente pas de nous offrir des sensations uniques, cette activit\u00e9 aux multiples facettes a \u00e9galement des effets positifs sur notre sant\u00e9, tant sur le plan physique que mental.<\/p>\n\n\n\n<h2 class=\"wp-block-heading has-medium-font-size\"><strong>L&rsquo;apn\u00e9e et la science : <\/strong><\/h2>\n\n\n\n<p class=\"has-medium-font-size\">L&rsquo;apn\u00e9e et l&rsquo;immersion dans les profondeurs ont en effet de nombreuses cons\u00e9quences sur notre physiologie b\u00e9n\u00e9fiques pour notre organisme. Les scientifiques en explorent les effets : voir <a rel=\"noreferrer noopener\" href=\"https:\/\/www.franceapnee.com\/...\/le-cerveau-de-guillaume...\/\" target=\"_blank\">La science et l&rsquo;apn\u00e9e<\/a>.<\/p>\n\n\n\n<p class=\"has-medium-font-size\">(&#8230;)<\/p>\n\n\n\n<p class=\"has-medium-font-size\">\u00c0 \u00e9couter le c\u00e9l\u00e8bre apn\u00e9iste Guillaume N\u00e9ry en parler, c&rsquo;est une v\u00e9ritable th\u00e9rapie :<\/p>\n\n\n\n<p class=\"has-medium-font-size\"><em>M&rsquo;immerger, arr\u00eater de respirer me permet de me reconnecter \u00e0 la nature, d&rsquo;\u00eatre dans l&rsquo;instant pr\u00e9sent et de retrouver une forme d&rsquo;harmonie. [.] Je d\u00e9sactive mon mental. Mon organisme se calme, je rel\u00e2che les tensions et je suis plus serein. Je me sens compl\u00e8tement relax\u00e9 et c&rsquo;est un pur moment de bonheur.<\/em><\/p>\n\n\n\n<p><\/p>\n\n\n\n<p class=\"has-medium-font-size\">Conf\u00e9rence de Guillaume Nery :<\/p>\n\n\n\n<figure class=\"wp-block-embed is-type-video is-provider-youtube wp-block-embed-youtube wp-embed-aspect-16-9 wp-has-aspect-ratio\"><div class=\"wp-block-embed__wrapper\">\n<iframe loading=\"lazy\" title=\"Voyage en apn\u00e9e | Guillaume N\u00e9ry | Conf\u00e9rence\" width=\"600\" height=\"338\" src=\"https:\/\/www.youtube.com\/embed\/kd0fh5RZeYc?feature=oembed\" frameborder=\"0\" allow=\"accelerometer; autoplay; clipboard-write; encrypted-media; gyroscope; picture-in-picture; web-share\" referrerpolicy=\"strict-origin-when-cross-origin\" allowfullscreen><\/iframe>\n<\/div><\/figure>\n\n\n\n<p>(&#8230;)<\/p>\n\n\n\n<h2 class=\"wp-block-heading has-medium-font-size\">Revenir au chapitre <em><a href=\"https:\/\/mecahealth.com\/?page_id=600\" data-type=\"page\" data-id=\"600\">Syst\u00e8me respiratoire<\/a><\/em> ou <a href=\"https:\/\/mecahealth.com\/?page_id=259\" data-type=\"page\" data-id=\"259\">Sports<\/a><\/h2>\n","protected":false},"excerpt":{"rendered":"<p>L&rsquo;apn\u00e9e r\u00e9alis\u00e9e en bassin ou en mer par exemple est appel\u00e9e apn\u00e9e subaquatique. Elle se distingue grandement de ce que nous reprochons \u00e0 l&rsquo;apn\u00e9e courante (blocage respi). Madame Jana Gazibara en parle mieux que nous ne pourrions le faire : \u00c0 l&rsquo;origine, la plong\u00e9e en apn\u00e9e \u00e9tait une activit\u00e9 utilitaire:<a href=\"https:\/\/mecahealth.com\/?page_id=7090\" class=\"read-more\">Read More&#8230;<\/a><\/p>\n","protected":false},"author":1,"featured_media":0,"parent":0,"menu_order":0,"comment_status":"closed","ping_status":"closed","template":"","meta":{"footnotes":""},"class_list":["post-7090","page","type-page","status-publish","hentry"],"jetpack_sharing_enabled":true,"_links":{"self":[{"href":"https:\/\/mecahealth.com\/index.php?rest_route=\/wp\/v2\/pages\/7090","targetHints":{"allow":["GET"]}}],"collection":[{"href":"https:\/\/mecahealth.com\/index.php?rest_route=\/wp\/v2\/pages"}],"about":[{"href":"https:\/\/mecahealth.com\/index.php?rest_route=\/wp\/v2\/types\/page"}],"author":[{"embeddable":true,"href":"https:\/\/mecahealth.com\/index.php?rest_route=\/wp\/v2\/users\/1"}],"replies":[{"embeddable":true,"href":"https:\/\/mecahealth.com\/index.php?rest_route=%2Fwp%2Fv2%2Fcomments&post=7090"}],"version-history":[{"count":8,"href":"https:\/\/mecahealth.com\/index.php?rest_route=\/wp\/v2\/pages\/7090\/revisions"}],"predecessor-version":[{"id":8814,"href":"https:\/\/mecahealth.com\/index.php?rest_route=\/wp\/v2\/pages\/7090\/revisions\/8814"}],"wp:attachment":[{"href":"https:\/\/mecahealth.com\/index.php?rest_route=%2Fwp%2Fv2%2Fmedia&parent=7090"}],"curies":[{"name":"wp","href":"https:\/\/api.w.org\/{rel}","templated":true}]}}