{"id":7048,"date":"2024-01-02T20:18:21","date_gmt":"2024-01-02T19:18:21","guid":{"rendered":"https:\/\/mecahealth.com\/?page_id=7048"},"modified":"2025-03-02T15:34:24","modified_gmt":"2025-03-02T14:34:24","slug":"psycho-la-parentalite","status":"publish","type":"page","link":"https:\/\/mecahealth.com\/?page_id=7048","title":{"rendered":"Psycho : la parentalit\u00e9"},"content":{"rendered":"\n<figure class=\"wp-block-image size-full is-style-rounded\"><img loading=\"lazy\" decoding=\"async\" width=\"330\" height=\"330\" src=\"https:\/\/mecahealth.com\/wp-content\/uploads\/2024\/01\/MecaHealth-psycho-parentalite-1.jpg\" alt=\"\" class=\"wp-image-7051\" srcset=\"https:\/\/mecahealth.com\/wp-content\/uploads\/2024\/01\/MecaHealth-psycho-parentalite-1.jpg 330w, https:\/\/mecahealth.com\/wp-content\/uploads\/2024\/01\/MecaHealth-psycho-parentalite-1-300x300.jpg 300w, https:\/\/mecahealth.com\/wp-content\/uploads\/2024\/01\/MecaHealth-psycho-parentalite-1-150x150.jpg 150w\" sizes=\"auto, (max-width: 330px) 100vw, 330px\" \/><\/figure>\n\n\n\n<p class=\"has-medium-font-size\">Selon la d\u00e9finition un peau pauvre du Larousse, <em>la parentalit\u00e9 est la fonction de parent, notamment sur les plans juridique, moral et socioculturel<\/em>.<\/p>\n\n\n\n<p class=\"has-medium-font-size\">Vous qui \u00eates arriv\u00e9s sur cette page, si vous posez la question \u00e0 tout votre entourage priv\u00e9 comme professionnel, ce qu&rsquo;est un parent pour eux, vous constaterez que hors trauma familial, la plupart \u00e9voque le r\u00f4le affectif, encourageant, stimulant, portant, etc. qui permet \u00e0 l&rsquo;enfant d&rsquo;\u00e9voluer, de se sentir aim\u00e9, de prendre confiance, et \u00e0 s&rsquo;\u00e9manciper. Dans le cadre de trauma, vous aurez bien \u00e9videmment plusieurs r\u00e9actions possibles dont celles d&rsquo;id\u00e9aliser ce que devrait \u00eatre la famille ou au contraire de la rejeter en bloc. <\/p>\n\n\n\n<p class=\"has-medium-font-size\">La dimension d&rsquo;un parent cadrant arrive r\u00e9guli\u00e8rement dans la d\u00e9finition mais en g\u00e9n\u00e9ral en apr\u00e8s ce que nous \u00e9voquons ci-dessus hors trauma. Quand la dimension de cadre arrive en premi\u00e8re position de cette d\u00e9finition, elle n&rsquo;est pas forc\u00e9ment li\u00e9e au type d&rsquo;\u00e9ducation re\u00e7ue par l&rsquo;interlocuteur. Si le terme cadrant ressort comme essentiel dans la d\u00e9finition de l&rsquo;interlocuteur, il est fort probable qu&rsquo;il ait v\u00e9cu voire subi une \u00e9ducation un peu (ou beaucoup trop) rigide tout comme \u00e0 contrario, qu&rsquo;il s&rsquo;exprime par opposition \u00e0 un manque d&rsquo;autorit\u00e9 parentale (suite \u00e0 <a href=\"https:\/\/mecahealth.com\/?page_id=2643\" data-type=\"page\" data-id=\"2643\">notre Dolto qui a utilis\u00e9 sa pseudo-science \u00e0 des fins nettement moins louables<\/a> (&#8230;) ou \u00e0 des positivistes extr\u00eames).<\/p>\n\n\n\n<p class=\"has-medium-font-size\">(&#8230;)<\/p>\n\n\n\n<p class=\"has-medium-font-size\">Ce qui arrive g\u00e9n\u00e9ralement en dernier dans la description du parent, c&rsquo;est l&rsquo;ascendance filiale. Ce qui est encore moins souvent cit\u00e9, c&rsquo;est le d\u00e9sir animal de reproduction de l&rsquo;esp\u00e8ce. Humaniser ce d\u00e9sir animal peut pourtant influer de mani\u00e8re consid\u00e9rable la sant\u00e9 mentale de ceux qui n&rsquo;entre pas dans le cadre de la famille dite traditionnelle ou id\u00e9alis\u00e9e, <a href=\"https:\/\/mecahealth.com\/?page_id=7529\" data-type=\"page\" data-id=\"7529\">qu&rsquo;elle soit nombreuse ou avec un ou deux enfants<\/a>.<\/p>\n\n\n\n<p class=\"has-medium-font-size\">La g\u00e9n\u00e9tique et donc le c\u00f4t\u00e9 <em>parent biologique<\/em> arrivant tardivement la plupart du temps dans la d\u00e9finition, comment se fait-il qu&rsquo;elle soit si pr\u00e9sente dans l&rsquo;inconscient collectif et dans les conflits juridiques ? Comment se fait-il qu&rsquo;on multiplie <a href=\"https:\/\/mecahealth.com\/?page_id=5402\" data-type=\"page\" data-id=\"5402\">les mots qui blessent<\/a> au quotidien en rappelant aux enfants d&rsquo;une famille monoparentale, <em>et pourquoi il est parti ton p\u00e8re<\/em> ? aux enfants adopt\u00e9s : <em>et tu as connu tes parents<\/em> ? Comment ose-t-on consid\u00e9rer que le g\u00e9niteur a plus de droit que celui qui serait survenu dans la vie de la m\u00e8re pendant ou apr\u00e8s la grossesse et qui aurait \u00e9lev\u00e9 l&rsquo;enfant des ann\u00e9es durant. <a href=\"https:\/\/mecahealth.com\/?page_id=1975\">C&rsquo;est bien le reliquat de notre animalit\u00e9 <\/a><em><a href=\"https:\/\/mecahealth.com\/?page_id=1975\">g\u00e9nophilique<\/a><\/em> qui nous pousse \u00e0 rejeter ce qui n&rsquo;est pas de notre sang comme le fait le lion qui reprend le pouvoir sur un nouveau harem. Il extermine la descendance. Le rejet d&rsquo;un <em>b\u00e2tard<\/em> de <em>sang bleu<\/em> n&rsquo;avait rien de noble. Ce n&rsquo;\u00e9tait et n&rsquo;est que de la bestialit\u00e9 sans fondement intellectuel &#8230;donc compl\u00e8tement stupide en r\u00e9alit\u00e9 malgr\u00e9 que nous ayons \u00e9volu\u00e9 intellectuellement pour en discuter.<\/p>\n\n\n\n<p class=\"has-medium-font-size\">Comment des psychologues ne se sont-ils pas insurg\u00e9s sur le terme aberrant de m\u00e8re porteuse ? A quel moment a-t-elle jou\u00e9 un r\u00f4le \u00e9ducationnel ? Elle a rendu un service \u00e0 un couple par <a href=\"https:\/\/mecahealth.com\/?page_id=4337\" data-type=\"page\" data-id=\"4337\">empathie<\/a> et ne peut \u00eatre d\u00e9nigr\u00e9e mais en rien elle ne jour le r\u00f4le de m\u00e8re. Qu&rsquo;adviendra-t-il de l&rsquo;enfant qui ne s&rsquo;entend pas avec sa m\u00e8re ou son <em>deuxi\u00e8me <\/em>p\u00e8re au moment de l&rsquo;adolescence, vous pensez s\u00e9rieusement, que cela ne travaille pas le conscient ou l&rsquo;inconscient de l&rsquo;enfant de pouvoir se rattacher dans certains cas, \u00e0 sa porteuse envisag\u00e9e comme <em>pr\u00e9c\u00e9dente <\/em>m\u00e8re ? Il ne faut pas l&rsquo;analyser en tant qu&rsquo;adulte mais bien en tant qu&rsquo;enfant en recherche&#8230;<\/p>\n\n\n\n<p class=\"has-medium-font-size\">On ne na\u00eet pas parent, on le devient. La plupart des hommes qui osent en parler, n&rsquo;ont pas ressenti la paternit\u00e9 \u00e0 la naissance mais bien au fur et \u00e0 mesure de la complicit\u00e9 des regards (et d\u00e9pendance affective) qui se cr\u00e9\u00e9 progressivement. A la naissance, la plupart des hommes capables de se <a href=\"https:\/\/mecahealth.com\/?page_id=5003\" data-type=\"page\" data-id=\"5003\">d\u00e9tacher des influences<\/a> vont savoir th\u00e9oriquement qu&rsquo;ils sont p\u00e8res mais affectueusement, m\u00eame si on peut adorer avoir ce petit \u00eatre fragile contre soi, ils se d\u00e9finissent comme p\u00e8re mais ne se sentent p\u00e8re qu&rsquo;apr\u00e8s quelques jours voire mois pour certains. <\/p>\n\n\n\n<p class=\"has-large-font-size\">Ne parlons d\u00e8s lors plus de parent qui frappe mais bien d&rsquo;un g\u00e9niteur pr\u00e9sent ayant frapp\u00e9 voire d&rsquo;un <strong>g\u00e9niteur <em>dysparental<\/em><\/strong>*, ne parlons plus d&rsquo;un p\u00e8re absent mais d&rsquo;un <strong>g\u00e9niteur absent<\/strong>, etc. <\/p>\n\n\n\n<p class=\"has-medium-font-size\">Si nous insistons sur cette distinction, c&rsquo;est pour permettre \u00e0 celui qui n&rsquo;entre pas dans les crit\u00e8res majoritaires (un papa et une maman) de pouvoir se r\u00e9f\u00e9rer \u00e0 d&rsquo;autres r\u00e9alit\u00e9s lors de sa construction identitaire et \u00e0 ne pas \u00eatre totalement <a href=\"https:\/\/mecahealth.com\/?page_id=1973\" data-type=\"page\" data-id=\"1973\">domin\u00e9 par la comparaison<\/a> sans devoir faire une <a href=\"https:\/\/mecahealth.com\/?page_id=6654\" data-type=\"page\" data-id=\"6654\">\u00e9norme m\u00e9tacognition<\/a> (quasiment impossible voire totalement impossible durant l&rsquo;enfance). Cela permettra d&rsquo;accepter plus facilement la d\u00e9cision d&rsquo;un beau-parent, de moins s&rsquo;appuyer sur l&rsquo;abandon alors qu&rsquo;une m\u00e8re est pr\u00e9sente ou qu&rsquo;elle est aim\u00e9e d&rsquo;un couple adoptant, etc. <\/p>\n\n\n\n<p class=\"has-medium-font-size\">\u00catre conscient de l&rsquo;importance du terme parentalit\u00e9 permettra plus facilement de regarder le verre \u00e0 moiti\u00e9 rempli plut\u00f4t que, parce qu&rsquo;il en a toujours \u00e9t\u00e9 ainsi, le verre \u00e0 moiti\u00e9 vide. Le verre vu que \u00e0 moiti\u00e9 vide n&rsquo;est que le reliquat d&rsquo;une bestialit\u00e9 alors que l&rsquo;intelligence devrait permettre d&rsquo;accepter de comprendre que l&rsquo;amour ne se coupe pas et qu&rsquo;un seul \u00eatre peut suffire, qu&rsquo;un couple non g\u00e9n\u00e9tiquement identique est parfois plus aimant encore, etc. Ce n&rsquo;est pas cr\u00e9er une <a href=\"https:\/\/mecahealth.com\/?page_id=6387\" data-type=\"page\" data-id=\"6387\">v\u00e9ritable r\u00e9silience<\/a> mais faciliter la vision positive sur laquelle l&rsquo;enfant et l&rsquo;adulte puisse s&rsquo;appuyer plut\u00f4t que celle n\u00e9gativiste de ceux qui ont souffert (en partie ou grandement) de ce ph\u00e9nom\u00e8ne de Soci\u00e9t\u00e9. La subjectivit\u00e9 de ceux qui ont \u00e9t\u00e9 bless\u00e9 impose parfois une vision \u00e9triqu\u00e9e d&rsquo;une r\u00e9alit\u00e9 par le fait qu&rsquo;elle est transmise avec plus de bruits que ceux qui vivent mieux (voire bien) une situation moins id\u00e9ale. Ce qui am\u00e8ne <a href=\"https:\/\/mecahealth.com\/?page_id=6019\" data-type=\"page\" data-id=\"6019\">parfois \u00e0 de la <\/a><em><a href=\"https:\/\/mecahealth.com\/?page_id=6019\" data-type=\"page\" data-id=\"6019\">victimisation<\/a> <\/em>(&#8230;)).<\/p>\n\n\n\n<h2 class=\"wp-block-heading has-medium-font-size\">\u00e0 suivre<\/h2>\n\n\n\n<p>(&#8230;)<\/p>\n\n\n\n<p class=\"has-medium-font-size\">* : Dysparent pour parent dysfonctionnel <\/p>\n\n\n\n<h2 class=\"wp-block-heading\"><span style=\"font-size: var(--wp--preset--font-size--medium) ; color: initial;\"><span style=\"font-size: var(--wp--preset--font-size--medium) ; color: initial;\">Abonnez-vous \u00e0 nos diff\u00e9rentes pages pour \u00eatre averti(s) des nouvelles mises en ligne&#8230;<\/span><\/span><\/h2>\n\n\n\n<p><a rel=\"noreferrer noopener\" href=\"https:\/\/www.facebook.com\/MecaHealthAsbl\" target=\"_blank\">Facebook MecaHealthAsbl<\/a> &#8211; <a rel=\"noreferrer noopener\" href=\"https:\/\/www.linkedin.com\/company\/mecahealth\/\" target=\"_blank\">Linkedin MecaHealth<\/a> &#8211; <a rel=\"noreferrer noopener\" href=\"https:\/\/www.youtube.com\/channel\/UCJb5g--IGlU6FgQLQKaJljg\" target=\"_blank\">Youtube cha\u00eene MecaHealth<\/a> &#8211; Instagram (pas encore)<\/p>\n\n\n\n<h2 class=\"wp-block-heading has-medium-font-size\">Revenir au chapitre <a href=\"https:\/\/mecahealth.com\/?page_id=127\" data-type=\"page\" data-id=\"127\"><em>Corps psychique<\/em><\/a> ou <em><a href=\"https:\/\/mecahealth.com\/?page_id=3616\" data-type=\"page\" data-id=\"3616\">Enseignement<\/a><\/em><\/h2>\n\n\n\n<p><\/p>\n\n\n\n<p><\/p>\n","protected":false},"excerpt":{"rendered":"<p>Selon la d\u00e9finition un peau pauvre du Larousse, la parentalit\u00e9 est la fonction de parent, notamment sur les plans juridique, moral et socioculturel. Vous qui \u00eates arriv\u00e9s sur cette page, si vous posez la question \u00e0 tout votre entourage priv\u00e9 comme professionnel, ce qu&rsquo;est un parent pour eux, vous constaterez<a href=\"https:\/\/mecahealth.com\/?page_id=7048\" class=\"read-more\">Read More&#8230;<\/a><\/p>\n","protected":false},"author":1,"featured_media":0,"parent":0,"menu_order":0,"comment_status":"closed","ping_status":"closed","template":"","meta":{"footnotes":""},"class_list":["post-7048","page","type-page","status-publish","hentry"],"jetpack_sharing_enabled":true,"_links":{"self":[{"href":"https:\/\/mecahealth.com\/index.php?rest_route=\/wp\/v2\/pages\/7048","targetHints":{"allow":["GET"]}}],"collection":[{"href":"https:\/\/mecahealth.com\/index.php?rest_route=\/wp\/v2\/pages"}],"about":[{"href":"https:\/\/mecahealth.com\/index.php?rest_route=\/wp\/v2\/types\/page"}],"author":[{"embeddable":true,"href":"https:\/\/mecahealth.com\/index.php?rest_route=\/wp\/v2\/users\/1"}],"replies":[{"embeddable":true,"href":"https:\/\/mecahealth.com\/index.php?rest_route=%2Fwp%2Fv2%2Fcomments&post=7048"}],"version-history":[{"count":34,"href":"https:\/\/mecahealth.com\/index.php?rest_route=\/wp\/v2\/pages\/7048\/revisions"}],"predecessor-version":[{"id":7775,"href":"https:\/\/mecahealth.com\/index.php?rest_route=\/wp\/v2\/pages\/7048\/revisions\/7775"}],"wp:attachment":[{"href":"https:\/\/mecahealth.com\/index.php?rest_route=%2Fwp%2Fv2%2Fmedia&parent=7048"}],"curies":[{"name":"wp","href":"https:\/\/api.w.org\/{rel}","templated":true}]}}