{"id":7031,"date":"2024-01-01T16:53:53","date_gmt":"2024-01-01T15:53:53","guid":{"rendered":"https:\/\/mecahealth.com\/?page_id=7031"},"modified":"2025-12-07T19:10:22","modified_gmt":"2025-12-07T18:10:22","slug":"exemple-adoption-ou-prise-en-charge-suicidaire","status":"publish","type":"page","link":"https:\/\/mecahealth.com\/?page_id=7031","title":{"rendered":"Exemple : adoption ou prise en charge suicidaire"},"content":{"rendered":"\n<p class=\"has-small-font-size\"><a href=\"https:\/\/mecahealth.com\/?page_id=122\">Attention \u00e0 lire les consignes avant de lire toute page d&rsquo;un site sant\u00e9 !<\/a><\/p>\n\n\n\n<figure class=\"wp-block-image size-full is-style-rounded\"><img loading=\"lazy\" decoding=\"async\" width=\"330\" height=\"330\" src=\"https:\/\/mecahealth.com\/wp-content\/uploads\/2024\/01\/MecaHealth-adoption-exemple-HP-1.jpg\" alt=\"\" class=\"wp-image-7033\" srcset=\"https:\/\/mecahealth.com\/wp-content\/uploads\/2024\/01\/MecaHealth-adoption-exemple-HP-1.jpg 330w, https:\/\/mecahealth.com\/wp-content\/uploads\/2024\/01\/MecaHealth-adoption-exemple-HP-1-300x300.jpg 300w, https:\/\/mecahealth.com\/wp-content\/uploads\/2024\/01\/MecaHealth-adoption-exemple-HP-1-150x150.jpg 150w\" sizes=\"auto, (max-width: 330px) 100vw, 330px\" \/><\/figure>\n\n\n\n<p class=\"has-medium-font-size\">Elle avait la vie devant elle, mais elle a pr\u00e9f\u00e9r\u00e9 la mort ou pens\u00e9 que c&rsquo;\u00e9tait la seule issue. Elle, une enfant charmante et \u00e0 ce point intelligente qu&rsquo;elle avait \u00e9t\u00e9 en mesure de commencer en parall\u00e8le des \u00e9tudes de m\u00e9decine et de droit bien avant ses dix-huit ans. Elle, elle disposait \u00e9galement d&rsquo;un talent artistique qui lui avait permis de jouer d&rsquo;un instrument de musique avec brio et qui lui aurait sans doute permis d&rsquo;aspirer \u00e9galement au conservatoire si elle n&rsquo;avait pas opt\u00e9 pour des telles \u00e9tudes.<\/p>\n\n\n\n<p class=\"has-medium-font-size\">Elle, elle n&rsquo;\u00e9tait pas n\u00e9e en Europe mais dans le pays o\u00f9 la limitation des naissances induisit que des parents bienveillants confient leur enfant \u00e0 des familles en attente de pouvoir donner un amour certain (la plupart du temps). La petite fille v\u00e9cut dans une famille aimante (respectant bien le <a href=\"https:\/\/mecahealth.com\/?page_id=7048\" data-type=\"page\" data-id=\"7048\">r\u00f4le de parentalit\u00e9<\/a>) compos\u00e9e de personnes tout aussi brillantes. Elle aurait pu s&rsquo;y \u00e9panouir. Seulement, comme la relation avec <a href=\"https:\/\/mecahealth.com\/?page_id=5892\" data-type=\"page\" data-id=\"5892\">le rang 3<\/a> \u00e9tait bien difficile au vu de ses capacit\u00e9s hors normes, comme beaucoup de personnes avant elle et de mani\u00e8re dominante vraisemblablement, elle pensa que son adoption ou ses origines \u00e9taient la source de sa diff\u00e9rence et de son mal-\u00eatre et ce, d&rsquo;autant plus que la prise en charge dans le secteur de l&rsquo;adoption pr\u00f4ne ou pr\u00f4nait le maintien aux cultures d&rsquo;origine. Elle portait donc un pr\u00e9nom europ\u00e9en, mais \u00e9galement un pr\u00e9nom chinois.<\/p>\n\n\n\n<p class=\"has-medium-font-size\">Assise entre ses deux identit\u00e9s dont l&rsquo;une \u00e9tait en fin de compte inconnue, elle prit la d\u00e9cision finale de mourir durant le Nouvel An chinois.<\/p>\n\n\n\n<p class=\"has-medium-font-size\">Le mal-\u00eatre de l&rsquo;adoption n&rsquo;est-il pas uniquement le <a href=\"https:\/\/mecahealth.com\/?page_id=1975\">fruit d&rsquo;un monde <\/a><em><a href=\"https:\/\/mecahealth.com\/?page_id=1975\">g\u00e9nophile<\/a> <\/em>et de ces partisans majoritaires qui g\u00e9n\u00e8rent r\u00e9guli\u00e8rement des <a href=\"https:\/\/mecahealth.com\/?page_id=5402\">mots qui blessent et qui parfois tuent<\/a> ? Si le suivi s&rsquo;\u00e9tait concentr\u00e9 sur sa difficult\u00e9 de <em>coordination des intelligences<\/em>, si la Soci\u00e9t\u00e9 avait r\u00e9alis\u00e9 une <a href=\"https:\/\/mecahealth.com\/?page_id=7593\" data-type=\"page\" data-id=\"7593\">scolarit\u00e9 \u00e9tablie sur l&rsquo;intelligence collective<\/a>, etc. peut-\u00eatre que cette jeune femme sauverait aujourd&rsquo;hui des dizaines de vies ici ou dans le pays qu&rsquo;elle aurait choisi par elle-m\u00eame.<\/p>\n\n\n\n<p class=\"has-medium-font-size\">M\u00eame si nous ne pouvons en vouloir aujourd&rsquo;hui aux diff\u00e9rents intervenants -aussi bien priv\u00e9s que <a href=\"https:\/\/mecahealth.com\/?page_id=6711\" data-type=\"page\" data-id=\"6711\">professionnels<\/a>&#8211; qui sont <a href=\"https:\/\/mecahealth.com\/?page_id=5003\" data-type=\"page\" data-id=\"5003\">sous influences<\/a> d&rsquo;une pens\u00e9e majoritaire, cet exemple ne rel\u00e8ve-t-il pas l&rsquo;importance de r\u00e9aliser une m\u00e9tacognition personnelle, professionnelle et <a href=\"https:\/\/mecahealth.com\/?page_id=6654\" data-type=\"page\" data-id=\"6654\">soci\u00e9tale<\/a> si on souhaite enfin voir r\u00e9gresser le nombre important de suicides ou de <a href=\"https:\/\/www.psy.be\/fr\/conseils\/lenfant-adopte-0#:~:text=L'accent%20sur%20les%20probl%C3%A8mes,souffrent%20de%20probl%C3%A8mes%20psychologiques%20sp%C3%A9cifiques.\" target=\"_blank\" rel=\"noreferrer noopener\">troubles dans le secteur de l&rsquo;adoption<\/a> ? Les \u00e9tudes semblent en effet prouver que c&rsquo;est dans cette <em>cat\u00e9gorie <\/em>de la population <a href=\"https:\/\/mecahealth.com\/?page_id=8113\" data-type=\"page\" data-id=\"8113\">qu&rsquo;il y aurait le plus de suicides<\/a> et de troubles tout comme dans la communaut\u00e9 transgenre.<\/p>\n\n\n\n<p class=\"has-medium-font-size\">Ne serait-il pas normal d&rsquo;\u00e9couter, quelle que soit la communaut\u00e9, non seulement la souffrance de <em><a href=\"https:\/\/mecahealth.com\/?page_id=8333\" data-type=\"page\" data-id=\"8333\">ceux qui font le plus de bruit<\/a><\/em> mais sans pour autant n\u00e9gliger une majorit\u00e9 silencieuse dont une partie ne correspond pas du tout \u00e0 l&rsquo;id\u00e9e transmise par les premiers ou par d&rsquo;autres id\u00e9es pr\u00e9con\u00e7ues par des ann\u00e9es d&rsquo;errance ou d&rsquo;<a href=\"https:\/\/mecahealth.com\/?page_id=7219\" data-type=\"page\" data-id=\"7219\">interpr\u00e9tations de corr\u00e9lations<\/a>.<\/p>\n\n\n\n<p class=\"has-medium-font-size\">De nombreuses personnes ont bien v\u00e9cu l&rsquo;adoption (sans sympt\u00f4me distinct de toute personne). Elles ne sont pas seulement des <a href=\"https:\/\/mecahealth.com\/?page_id=6387\" data-type=\"page\" data-id=\"6387\">r\u00e9silientes<\/a> mais ne sont pas (pour diff\u00e9rentes raisons \u00e0 d\u00e9terminer) sous le poids des croyances d&rsquo;une Soci\u00e9t\u00e9 attach\u00e9e \u00e0 des valeurs g\u00e9n\u00e9tiques. Qui sait si les troubles ne sont pas bien plus souvent li\u00e9s \u00e0 un conflit intellectuel de <a href=\"https:\/\/mecahealth.com\/?page_id=5892\" data-type=\"page\" data-id=\"5892\">rang 3<\/a> comme le vivent de nombreux HP (&#8230;) qu&rsquo;en lien avec les origines.<\/p>\n\n\n\n<p class=\"has-medium-font-size\">Il est largement temps de comprendre l&rsquo;incidence des \u00e9missions ou des groupements sur le mal-\u00eatre des enfants devenant des adultes. Il est temps de comprendre qu&rsquo;une s\u00e9rie polici\u00e8re rel\u00e8vera qu&rsquo;un enfant adopt\u00e9 est approximativement une fois sur quatre l&rsquo;un des tueurs en s\u00e9rie alors qu&rsquo;aux Etats-Unis en 2023, <a href=\"https:\/\/www.researchgate.net\/publication\/373258117_RadfordFGCU_Annual_Report_on_Serial_Killer_Statistics_2023\" target=\"_blank\" rel=\"noreferrer noopener\">un rapport donnait plut\u00f4t des proportions de 4,26%<\/a>. M\u00eame si avec un brin de r\u00e9flexion, on peut comprendre que un enfant sur quatre n&rsquo;est pas un tueur en s\u00e9rie, avec un peu de mal-\u00eatre ou un <a href=\"https:\/\/mecahealth.com\/?page_id=7625\" data-type=\"page\" data-id=\"7625\">effet de halo<\/a>, la distinction devient plus difficile.<\/p>\n\n\n\n<p><\/p>\n\n\n\n<p class=\"has-medium-font-size\">Une fois que l&rsquo;information sera transmise au plus grand nombre, alors nous pourrons en effet rendre coupable ceux qui maintiennent qu&rsquo;il n&rsquo;y a qu&rsquo;une seule v\u00e9rit\u00e9 dans le mal-\u00eatre et plus particuli\u00e8rement dans celui de l&rsquo;adoption&#8230;<\/p>\n\n\n\n<p class=\"has-text-align-center has-medium-font-size\">Plus de d\u00e9tails \u00e0 la fin de l&rsquo;\u00e9tude en cours pour fin 2026 sans doute.<\/p>\n\n\n\n<p class=\"has-text-align-center has-medium-font-size\"><a href=\"https:\/\/ekb7ginwfvd.typeform.com\/to\/MzMrA51c\" target=\"_blank\" rel=\"noreferrer noopener\">Participez-y que vous soyez directement concern\u00e9(es) ou non<\/a><\/p>\n\n\n\n<p>(&#8230;)<\/p>\n\n\n\n<h2 class=\"wp-block-heading has-medium-font-size\">\u00e0 suivre \u2026<\/h2>\n\n\n\n<p>(\u2026)<\/p>\n\n\n\n<h2 class=\"wp-block-heading has-medium-font-size\">Abonnez-vous \u00e0 nos diff\u00e9rentes pages pour \u00eatre averti(s) des nouvelles mises en ligne\u2026<\/h2>\n\n\n\n<p class=\"has-small-font-size\"><a rel=\"noreferrer noopener\" href=\"https:\/\/www.facebook.com\/MecaHealthAsbl\" target=\"_blank\">Facebook MecaHealthAsbl<\/a>&nbsp;\u2013&nbsp;<a rel=\"noreferrer noopener\" href=\"https:\/\/www.linkedin.com\/company\/mecahealth\/\" target=\"_blank\">Linkedin MecaHealth<\/a>&nbsp;\u2013&nbsp;<a rel=\"noreferrer noopener\" href=\"https:\/\/www.youtube.com\/channel\/UCJb5g--IGlU6FgQLQKaJljg\" target=\"_blank\">Youtube cha\u00eene MecaHealth<\/a>&nbsp;\u2013 Instagram (pas encore)<\/p>\n\n\n\n<h2 class=\"wp-block-heading has-medium-font-size\">Revenir au chapitre&nbsp;<a href=\"https:\/\/mecahealth.com\/?page_id=127\"><em>Corps psychique<\/em><\/a>,&nbsp;<em><a href=\"https:\/\/mecahealth.com\/?page_id=474\">Exemples<\/a><\/em>&nbsp;ou&nbsp;<em><a href=\"https:\/\/mecahealth.com\/?page_id=3616\">Enseignement<\/a><\/em><\/h2>\n\n\n\n<p><\/p>\n","protected":false},"excerpt":{"rendered":"<p>Attention \u00e0 lire les consignes avant de lire toute page d&rsquo;un site sant\u00e9 ! Elle avait la vie devant elle, mais elle a pr\u00e9f\u00e9r\u00e9 la mort ou pens\u00e9 que c&rsquo;\u00e9tait la seule issue. Elle, une enfant charmante et \u00e0 ce point intelligente qu&rsquo;elle avait \u00e9t\u00e9 en mesure de commencer en<a href=\"https:\/\/mecahealth.com\/?page_id=7031\" class=\"read-more\">Read More&#8230;<\/a><\/p>\n","protected":false},"author":1,"featured_media":0,"parent":0,"menu_order":0,"comment_status":"closed","ping_status":"closed","template":"","meta":{"footnotes":""},"class_list":["post-7031","page","type-page","status-publish","hentry"],"jetpack_sharing_enabled":true,"_links":{"self":[{"href":"https:\/\/mecahealth.com\/index.php?rest_route=\/wp\/v2\/pages\/7031","targetHints":{"allow":["GET"]}}],"collection":[{"href":"https:\/\/mecahealth.com\/index.php?rest_route=\/wp\/v2\/pages"}],"about":[{"href":"https:\/\/mecahealth.com\/index.php?rest_route=\/wp\/v2\/types\/page"}],"author":[{"embeddable":true,"href":"https:\/\/mecahealth.com\/index.php?rest_route=\/wp\/v2\/users\/1"}],"replies":[{"embeddable":true,"href":"https:\/\/mecahealth.com\/index.php?rest_route=%2Fwp%2Fv2%2Fcomments&post=7031"}],"version-history":[{"count":35,"href":"https:\/\/mecahealth.com\/index.php?rest_route=\/wp\/v2\/pages\/7031\/revisions"}],"predecessor-version":[{"id":8553,"href":"https:\/\/mecahealth.com\/index.php?rest_route=\/wp\/v2\/pages\/7031\/revisions\/8553"}],"wp:attachment":[{"href":"https:\/\/mecahealth.com\/index.php?rest_route=%2Fwp%2Fv2%2Fmedia&parent=7031"}],"curies":[{"name":"wp","href":"https:\/\/api.w.org\/{rel}","templated":true}]}}