{"id":7007,"date":"2025-01-29T23:49:15","date_gmt":"2025-01-29T22:49:15","guid":{"rendered":"https:\/\/mecahealth.com\/?page_id=7007"},"modified":"2025-01-30T02:10:01","modified_gmt":"2025-01-30T01:10:01","slug":"peda-classes-ouvertes","status":"publish","type":"page","link":"https:\/\/mecahealth.com\/?page_id=7007","title":{"rendered":"P\u00e9da : \u00ab\u00a0Classes ouvertes\u00a0\u00bb"},"content":{"rendered":"\n<figure class=\"wp-block-image size-full is-style-rounded\"><img loading=\"lazy\" decoding=\"async\" width=\"330\" height=\"330\" src=\"https:\/\/mecahealth.com\/wp-content\/uploads\/2023\/12\/MecaHealth-peda-classes-ouvertes.jpg\" alt=\"\" class=\"wp-image-7008\" srcset=\"https:\/\/mecahealth.com\/wp-content\/uploads\/2023\/12\/MecaHealth-peda-classes-ouvertes.jpg 330w, https:\/\/mecahealth.com\/wp-content\/uploads\/2023\/12\/MecaHealth-peda-classes-ouvertes-300x300.jpg 300w, https:\/\/mecahealth.com\/wp-content\/uploads\/2023\/12\/MecaHealth-peda-classes-ouvertes-150x150.jpg 150w\" sizes=\"auto, (max-width: 330px) 100vw, 330px\" \/><\/figure>\n\n\n\n<p class=\"has-medium-font-size\">Si on veut faire \u00e9voluer l&rsquo;enseignement au profit des \u00e9l\u00e8ves et du corps enseignant comme dans tout conflit ou divergence d&rsquo;opinions, il est pr\u00e9f\u00e9rable de chercher les d\u00e9nominateurs communs avant de se quereller sur ce qui nous oppose. Quel est le celui des diff\u00e9rentes parties ? Comment aider le plus grand nombre d&rsquo;\u00e9tudiants sans augmenter les contraintes pour les professeurs et sans que les budgets de l&rsquo;Etat n&rsquo;explose \u00e0 court terme ? M\u00eame si ceux qui liront cette page ne se pr\u00e9occupe g\u00e9n\u00e9ralement pas de ce dernier point, cette notion est importante pour que les repr\u00e9sentants politiques souhaitant d\u00e9fendre l&rsquo;enseignement puisse \u00eatre entendus par leurs coll\u00e8gues attach\u00e9s aux finances \u00e0 court terme puisque le monde politique est ainsi fait (&#8230;).<\/p>\n\n\n\n<h2 class=\"wp-block-heading has-medium-font-size\">P\u00e9dagogie ouverte<\/h2>\n\n\n\n<p class=\"has-medium-font-size\">Si on se r\u00e9f\u00e8re \u00e0 de nombreux \u00e9crits, de nombreux p\u00e9dagogues pr\u00e9conisent de permettre aux enfants de respecter leur rythme d&rsquo;\u00e9volution et de travailler notamment en module comme c&rsquo;est le cas dans les pays nordiques <a href=\"https:\/\/journals.openedition.org\/ries\/1548\" target=\"_blank\" rel=\"noreferrer noopener\">notamment en Finlande<\/a> mais le principe de modules a \u00e9t\u00e9 remis en question quelques fois \u00e9tant donn\u00e9 les difficult\u00e9s qu&rsquo;elles g\u00e9n\u00e8rent \u00e0 suivre un mod\u00e8le social classique par la suite ou de maintenir des relations de longues dur\u00e9es.<\/p>\n\n\n\n<p class=\"has-medium-font-size\">Etant donn\u00e9 le manque de structure de nombreux enfants et plus particuli\u00e8rement de la gente masculine, les p\u00e9dagogies dites actives qui respectent vraisemblablement bien plus le rythme de chacun et d\u00e9veloppent depuis plus longtemps le <a href=\"https:\/\/mecahealth.com\/?page_id=7593\" data-type=\"page\" data-id=\"7593\">principe d&rsquo;intelligence collective<\/a>, ne correspondront pas forc\u00e9ment \u00e0 tous ni ne permettra que chacun puisse s&rsquo;ins\u00e9rer dans l&rsquo;organisation professionnelle hi\u00e9rarchis\u00e9e de la plupart des entreprises. D\u00e8s lors, ce seul mod\u00e8le ne peut \u00eatre appliqu\u00e9 \u00e0 toute la population (d\u00e9veloppement ult\u00e9rieur).<\/p>\n\n\n\n<p class=\"has-small-font-size\"><em>On consid\u00e8re volontiers que les filles r\u00e9ussissent mieux \u00e0 l\u2019\u00e9cole (DEPP, 2014). Elles font des \u00e9tudes plus longues que les gar\u00e7ons et quittent plus souvent l\u2019\u00e9cole dot\u00e9es d\u2019un dipl\u00f4me de niveau au moins \u00e9gal \u00e0 bac+3 (respectivement 38\u00a0% et 26\u00a0%). R\u00e9ciproquement, les gar\u00e7ons sortent plus souvent de l\u2019\u00e9cole sans aucun dipl\u00f4me (16\u00a0%, contre 9,5\u00a0% des filles). Mais au-del\u00e0 du bac, les filles se distinguent par des \u00e9tudes moins souvent s\u00e9lectives\u00a0: ainsi, on compte une majorit\u00e9 de gar\u00e7ons en classes pr\u00e9paratoires scientifiques aux grandes \u00e9coles (70\u00a0%) &#8230; <\/em><a href=\"https:\/\/shs.cairn.info\/revue-regards-croises-sur-l-economie-2014-2-page-85?lang=fr\">CAIRN<\/a><\/p>\n\n\n\n<h2 class=\"wp-block-heading has-medium-font-size\">Emancipation intellectuelle, sportive et artistique<\/h2>\n\n\n\n<p class=\"has-medium-font-size\">Il est inutile sans doute de revenir sur le nombre de textes qui rel\u00e8vent et\/ou pr\u00e9conisent l&rsquo;importance de sortir d&rsquo;un enseignement dit classique et d&rsquo;augmenter la pratique des arts, des sports ou la connaissance de certaines mati\u00e8res. Seulement, il est bon de rappeler que certains \u00e9l\u00e8ves pr\u00e9sentent d\u00e9j\u00e0 des difficult\u00e9s \u00e0 suivre les mati\u00e8res actuelles avec les heures consacr\u00e9es alors pr\u00e9sentent de <a href=\"https:\/\/mecahealth.com\/?page_id=6609\" data-type=\"page\" data-id=\"6609\">grandes facilit\u00e9s (visibles<\/a> ou <a href=\"https:\/\/mecahealth.com\/?page_id=3576\" data-type=\"page\" data-id=\"3576\">invisibles de certains<\/a>). M\u00eame si en effet, les mati\u00e8res pourraient \u00eatre revues, nous pouvons consid\u00e9rer que le secteur de l&rsquo;enseignement aussi bien en France qu&rsquo;en Belgique ne comporte qu&rsquo;une minorit\u00e9 d&rsquo;enseignements pr\u00eats \u00e0 r\u00e9aliser de gros changements. Nous pr\u00e9conisons d\u00e8s lors de postposer ces changements bien apr\u00e8s ce qui suit et traiterons de ce sujet sensible ult\u00e9rieurement en m\u00eame temps que nous ferons la <a href=\"https:\/\/mecahealth.com\/?page_id=6654\" data-type=\"page\" data-id=\"6654\">m\u00e9tacognition<\/a> des <a href=\"https:\/\/mecahealth.com\/?page_id=6325\" data-type=\"page\" data-id=\"6325\">professions les plus courantes<\/a> (&#8230;). <\/p>\n\n\n\n<p class=\"has-medium-font-size\">Concernant <a href=\"https:\/\/mecahealth.com\/?page_id=259\" data-type=\"page\" data-id=\"259\">les sports<\/a>, m\u00eame si nous ne pouvons nier l&rsquo;int\u00e9r\u00eat pour la sant\u00e9, pour l&rsquo;union de groupe et le bien-\u00eatre g\u00e9n\u00e9ral, nous ne pouvons pas nier le d\u00e9sint\u00e9r\u00eat pour cette pratique par une partie des \u00e9l\u00e8ves ou pour l&rsquo;esprit de comp\u00e9tition qui en d\u00e9coule la plupart du temps.<\/p>\n\n\n\n<p class=\"has-medium-font-size\">Concernant les arts nul connaisseur ne pourra nier la <a href=\"https:\/\/mecahealth.com\/?page_id=4337\" data-type=\"page\" data-id=\"4337\">capacit\u00e9 empathique<\/a> d\u00e9velopp\u00e9e chez les artistes &#8230;avant m\u00eame d&rsquo;avoir pratiquer un art ou un autre en connaissance de cause. Nous ne parlons donc pas du dessin dans les premi\u00e8res ann\u00e9es d&rsquo;\u00e9tudes. Etant donn\u00e9 que nous d\u00e9fendons la <a href=\"https:\/\/mecahealth.com\/?page_id=2236\" data-type=\"page\" data-id=\"2236\">proportionnalit\u00e9 animale des facult\u00e9s<\/a> et l&rsquo;<a href=\"https:\/\/mecahealth.com\/?page_id=2236\" data-type=\"page\" data-id=\"2236\">in\u00e9galit\u00e9 animale<\/a> qui en d\u00e9coule et que nous pouvons observer dans les diff\u00e9rents milieux artistiques, nous d\u00e9fendons l&rsquo;id\u00e9e que les arts doivent \u00eatre connus et pratiqu\u00e9s pour r\u00e9veiller les capacit\u00e9s enfouies mais que certains sortiront toujours du lot.<\/p>\n\n\n\n<p class=\"has-medium-font-size\">De nombreux adultes ont exprim\u00e9, parfois avec des d\u00e9cennies de silence, la difficult\u00e9 qu&rsquo;ils ont rencontr\u00e9 dans l&rsquo;enseignement primaire et secondaire \u00e0 fonctionner dans la canevas traditionnel notamment \u00e0 cause de leurs diff\u00e9rences de mode de fonctionnement qui, au lieu d&rsquo;<a href=\"https:\/\/mecahealth.com\/?page_id=6847\" data-type=\"page\" data-id=\"6847\">en faire des h\u00e9ros, en a fait des victimes<\/a>. La plupart du temps ce fut entre 11 et 16 ans que les sentiments de diff\u00e9rence se sont fait ressentir ou tout au moins des sentiments d&rsquo;ennui pouvant atteindre le <a href=\"https:\/\/mecahealth.com\/?page_id=7418\" data-type=\"page\" data-id=\"7418\">bore-out<\/a> ou des <a href=\"https:\/\/mecahealth.com\/?page_id=5984\" data-type=\"page\" data-id=\"5984\">m\u00e9canismes sp\u00e9cifiques<\/a>.<\/p>\n\n\n\n<p class=\"has-medium-font-size\">De ces connaissances des comportements et capacit\u00e9s distinctes, nous pr\u00e9conisons un syst\u00e8me tenant compte de ces diff\u00e9rentes attentes et possibilit\u00e9s que nous avons appel\u00e9 les <em>Classes ouvertes<\/em>.<\/p>\n\n\n\n<p class=\"has-large-font-size\">Le principe g\u00e9n\u00e9ral de <em>Classes ouvertes<\/em> est le fait de maintenir dans chaque \u00e9cole, plusieurs classes ouvertes toute la journ\u00e9e aux \u00e9l\u00e8ves <em>autoris\u00e9s<\/em>. Dans ces classes seraient enseign\u00e9s des compl\u00e9ments de mati\u00e8res ou des mati\u00e8res compl\u00e9mentaires&#8230;<\/p>\n\n\n\n<h2 class=\"wp-block-heading has-medium-font-size\">Notions introductives<\/h2>\n\n\n\n<p class=\"has-medium-font-size\">Sans chercher \u00e0 faire d&rsquo;hi\u00e9rarchisation des personnes ou des mati\u00e8res, \u00e0 des fins de faciliter l&rsquo;adoption d&rsquo;adaptations, il est important de revoir certaines notions dont celles des <a href=\"https:\/\/mecahealth.com\/?page_id=6609\" data-type=\"page\" data-id=\"6609\">capacit\u00e9s intellectuelles<\/a>, des <a href=\"https:\/\/mecahealth.com\/?page_id=4337\" data-type=\"page\" data-id=\"4337\">sensibilit\u00e9s<\/a> tout comme des mati\u00e8res. Concernant les cours nous les diff\u00e9rencions en deux cat\u00e9gories : <em>mati\u00e8res \u00e9volutives<\/em> et <em>mati\u00e8res non \u00e9volutives<\/em>.<\/p>\n\n\n\n<h3 class=\"wp-block-heading has-medium-font-size\">&#8211; Mati\u00e8res \u00e9volutives :<\/h3>\n\n\n\n<p class=\"has-medium-font-size\">Par mati\u00e8re \u00e9volutive est entendu une mati\u00e8re qui d&rsquo;un mois \u00e0 l&rsquo;autre voire d&rsquo;une ann\u00e9e \u00e0 l&rsquo;autre n\u00e9cessite la compr\u00e9hension de la mati\u00e8re pr\u00e9c\u00e9dente ; pour exemple, les math\u00e9matiques.<\/p>\n\n\n\n<h3 class=\"wp-block-heading has-medium-font-size\"> &#8211; Mati\u00e8res non-\u00e9volutives :<\/h3>\n\n\n\n<p class=\"has-medium-font-size\">Par extension, une mati\u00e8re non \u00e9volutive est celle qui peut s&rsquo;enseigner gr\u00e2ce \u00e0 un ensemble de connaissances acquises mais pas forc\u00e9ment d&rsquo;une mati\u00e8re en particulier ; pour exemple, la g\u00e9ographie.<\/p>\n\n\n\n<h2 class=\"wp-block-heading has-medium-font-size\">Principe <\/h2>\n\n\n\n<p class=\"has-medium-font-size\">Maintenir en permanence plusieurs <em>classes ouvertes<\/em> dans lesquelles un enseignant travaillerait \u00e0 accueillir les enfants ayant re\u00e7u l&rsquo;aval de leur professeur ; l&rsquo;enfant choisissant lui-m\u00eame l&rsquo;une ou l&rsquo;autre mati\u00e8re des classes ouvertes disponibles.<\/p>\n\n\n\n<p class=\"has-medium-font-size\">L&rsquo;enfant qui aurait de l&rsquo;\u00e9nergie \u00e0 d\u00e9penser s&rsquo;orienterait sans doute vers les cours de sports. <em>L&#8217;empathe <\/em>pourrait prolonger son apprentissage ou \u0153uvre artistique dans la classe de musique ou d&rsquo;arts plastiques. Certains profils pourrait se lancer ou prolonger le codage informatique commenc\u00e9, etc.<\/p>\n\n\n\n<p class=\"has-medium-font-size\">L&rsquo;aval serait donn\u00e9 \u00e0 tout enfant ayant vraisemblablement assimil\u00e9 la mati\u00e8re (surtout \u00e9volutive) durant un cours prolong\u00e9. Les diff\u00e9rents cours, pour que les avantages d\u00e9crits ci-apr\u00e8s puissent \u00eatre constat\u00e9s, devrait passer id\u00e9alement passer \u00e0 1h40 ou 1h30 comme c&rsquo;est d\u00e9j\u00e0 le cas dans certaines \u00e9coles dont <a href=\"https:\/\/www.college-fra-angelico.be\/\" data-type=\"link\" data-id=\"https:\/\/www.college-fra-angelico.be\/\" target=\"_blank\" rel=\"noreferrer noopener\">Fra Angelico<\/a>. De ce fait, lorsqu&rsquo;un professeur constatera l&rsquo;assimilation d&rsquo;une mati\u00e8re par l&rsquo;un ou l&rsquo;autre \u00e9l\u00e8ve, il pourra les inviter \u00e0 s&rsquo;\u00e9clipser en d\u00e9but ou au milieu du cours prolong\u00e9 (carnet horaire sera propos\u00e9 ult\u00e9rieurement).<\/p>\n\n\n\n<h2 class=\"wp-block-heading has-medium-font-size\">Avantages<\/h2>\n\n\n\n<p class=\"has-medium-font-size\">En plus de ce qui <a href=\"https:\/\/mecahealth.com\/?page_id=5984\" data-type=\"page\" data-id=\"5984\">sera \u00e9vit\u00e9 pour les plus rapides<\/a>, le professeur pourra se consacrer durant certaines heures de cours \u00e0 ceux qui ont besoin d&rsquo;un peu plus d&rsquo;attention voire \u00e0 ceux qui pr\u00e9sentent de plus grandes difficult\u00e9s puisqu&rsquo;il diminuera le nombre d&rsquo;\u00e9l\u00e8ves dans sa classe.<\/p>\n\n\n\n<p class=\"has-medium-font-size\">Ce nombre sera d&rsquo;autant plus bas, que les \u00e9l\u00e8ves seront parfois plus motiv\u00e9s qu&rsquo;aujourd&rsquo;hui \u00e0 se concentrer pour pouvoir participer \u00e0 un cours qu&rsquo;ils pr\u00e9f\u00e8rent. Une partie de ceux-ci sont justement ceux qui font du bruit parce qu&rsquo;ils s&rsquo;ennuient (&#8230;).<\/p>\n\n\n\n<p class=\"has-medium-font-size\">Les professeurs pourront donc retrouver la qualit\u00e9 d&rsquo;enseignement que les plus motiv\u00e9s recherchent et qui plus est, dans des conditions plus agr\u00e9ables. Les professeurs de sports, d&rsquo;arts ou d&rsquo;informatiques pourront travailler avec des \u00e9l\u00e8ves plus motiv\u00e9s. La sant\u00e9 mentale de l&rsquo;ensemble des enseignements sera am\u00e9lior\u00e9e et de ce fait, l&rsquo;enseignement dans son ensemble. Il sera d\u00e8s lors plus facile de retrouver les professeurs manquants ou \u00e9viter l&rsquo;absent\u00e9isme actuel. Il est fort probable que le taux d&rsquo;\u00e9checs diminue sensiblement (&#8230;).<\/p>\n\n\n\n<h2 class=\"wp-block-heading has-medium-font-size\">Adaptations<\/h2>\n\n\n\n<p class=\"has-medium-font-size\">M\u00eame s&rsquo;il est fort probable qu&rsquo;il faudra un temps d&rsquo;adaptation notamment pour maintenir les \u00e9l\u00e8ves press\u00e9s, il faut consid\u00e9rer que si un \u00e9l\u00e8ve veut acc\u00e9der \u00e0 ce plaisir physique <a href=\"https:\/\/mecahealth.com\/?page_id=6430\" data-type=\"page\" data-id=\"6430\">ou intellectuel<\/a> il sera plus enclin \u00e0 rester sage pour y avoir droit.<\/p>\n\n\n\n<p class=\"has-medium-font-size\">Pour le professeur, une fois le principe adopt\u00e9, il pourra utiliser une application dont nous proposons de faire l&rsquo;architecture, pour qu&rsquo;il n&rsquo;ait qu&rsquo;\u00e0 cocher l&rsquo;\u00e9l\u00e8ve et l&rsquo;heure de d\u00e9part (correspondant ou non \u00e0 l&rsquo;heure de l&rsquo;application) qui devra correspondre \u00e0 celle de la classe ouverte dans laquelle il se rend avec une marge \u00e0 d\u00e9finir (5minutes pour se rendre d&rsquo;une classe \u00e0 une autre avec en plus, un passage possible vers les toilettes) (&#8230;).<\/p>\n\n\n\n<h2 class=\"wp-block-heading has-medium-font-size\">Conclusion <\/h2>\n\n\n\n<p class=\"has-medium-font-size\">Sans grand bouleversement dans les mati\u00e8res, sans complication organisationnelle importante, sans v\u00e9ritables surco\u00fbts pour les Etats puisqu&rsquo;ils disposent des classes de sport, d&rsquo;arts et d&rsquo;informatiques en principe et qu&rsquo;ils devraient voir une diminution de l&rsquo;absent\u00e9isme, le syst\u00e8me ne semble pas pr\u00e9senter de d\u00e9savantages \u00e0 ce jour.<\/p>\n\n\n\n<p>(&#8230;)<\/p>\n\n\n\n<h2 class=\"wp-block-heading has-medium-font-size\">Revenir au chapitre <em><a href=\"https:\/\/mecahealth.com\/?page_id=3616\" data-type=\"page\" data-id=\"3616\">Enseignement<\/a><\/em><\/h2>\n","protected":false},"excerpt":{"rendered":"<p>Si on veut faire \u00e9voluer l&rsquo;enseignement au profit des \u00e9l\u00e8ves et du corps enseignant comme dans tout conflit ou divergence d&rsquo;opinions, il est pr\u00e9f\u00e9rable de chercher les d\u00e9nominateurs communs avant de se quereller sur ce qui nous oppose. Quel est le celui des diff\u00e9rentes parties ? Comment aider le plus<a href=\"https:\/\/mecahealth.com\/?page_id=7007\" class=\"read-more\">Read More&#8230;<\/a><\/p>\n","protected":false},"author":1,"featured_media":0,"parent":0,"menu_order":0,"comment_status":"closed","ping_status":"closed","template":"","meta":{"footnotes":""},"class_list":["post-7007","page","type-page","status-publish","hentry"],"jetpack_sharing_enabled":true,"_links":{"self":[{"href":"https:\/\/mecahealth.com\/index.php?rest_route=\/wp\/v2\/pages\/7007","targetHints":{"allow":["GET"]}}],"collection":[{"href":"https:\/\/mecahealth.com\/index.php?rest_route=\/wp\/v2\/pages"}],"about":[{"href":"https:\/\/mecahealth.com\/index.php?rest_route=\/wp\/v2\/types\/page"}],"author":[{"embeddable":true,"href":"https:\/\/mecahealth.com\/index.php?rest_route=\/wp\/v2\/users\/1"}],"replies":[{"embeddable":true,"href":"https:\/\/mecahealth.com\/index.php?rest_route=%2Fwp%2Fv2%2Fcomments&post=7007"}],"version-history":[{"count":19,"href":"https:\/\/mecahealth.com\/index.php?rest_route=\/wp\/v2\/pages\/7007\/revisions"}],"predecessor-version":[{"id":7613,"href":"https:\/\/mecahealth.com\/index.php?rest_route=\/wp\/v2\/pages\/7007\/revisions\/7613"}],"wp:attachment":[{"href":"https:\/\/mecahealth.com\/index.php?rest_route=%2Fwp%2Fv2%2Fmedia&parent=7007"}],"curies":[{"name":"wp","href":"https:\/\/api.w.org\/{rel}","templated":true}]}}