{"id":6776,"date":"2023-12-10T15:35:28","date_gmt":"2023-12-10T14:35:28","guid":{"rendered":"https:\/\/mecahealth.com\/?page_id=6776"},"modified":"2024-08-18T14:45:25","modified_gmt":"2024-08-18T12:45:25","slug":"formations-corps-enseignant","status":"publish","type":"page","link":"https:\/\/mecahealth.com\/?page_id=6776","title":{"rendered":"Formations : corps enseignant"},"content":{"rendered":"\n<figure class=\"wp-block-image size-large is-resized is-style-rounded\"><img loading=\"lazy\" decoding=\"async\" width=\"797\" height=\"797\" src=\"https:\/\/mecahealth.com\/wp-content\/uploads\/2023\/02\/MecaHealth-accueil-formation-Liftinc-edited.jpg\" alt=\"\" class=\"wp-image-3190\" style=\"width:330px;height:330px\" srcset=\"https:\/\/mecahealth.com\/wp-content\/uploads\/2023\/02\/MecaHealth-accueil-formation-Liftinc-edited.jpg 797w, https:\/\/mecahealth.com\/wp-content\/uploads\/2023\/02\/MecaHealth-accueil-formation-Liftinc-edited-300x300.jpg 300w, https:\/\/mecahealth.com\/wp-content\/uploads\/2023\/02\/MecaHealth-accueil-formation-Liftinc-edited-150x150.jpg 150w, https:\/\/mecahealth.com\/wp-content\/uploads\/2023\/02\/MecaHealth-accueil-formation-Liftinc-edited-768x768.jpg 768w\" sizes=\"auto, (max-width: 797px) 100vw, 797px\" \/><\/figure>\n\n\n\n<p class=\"has-medium-font-size\">Nos formations \/ sensibilisation pour le corps enseignant traitent de plusieurs points importants mais diff\u00e9renci\u00e9s :<\/p>\n\n\n\n<ul class=\"wp-block-list\">\n<li class=\"has-medium-font-size\"><a href=\"https:\/\/mecahealth.com\/?page_id=3616\" data-type=\"page\" data-id=\"3616\">ergonomie adapt\u00e9e \u00e0 la profession<\/a> dont une bonne partie seront plac\u00e9es dans le site progressivement<\/li>\n\n\n\n<li class=\"has-medium-font-size\">\u00e9cole ou enseignant inclusif\n<ul class=\"wp-block-list\">\n<li class=\"has-medium-font-size\">approche et connaissance des diff\u00e9rents handicaps<\/li>\n\n\n\n<li class=\"has-medium-font-size\">difficult\u00e9s techniques et humaines \u00e0 r\u00e9soudre par les structures publiques, par les \u00e9coles, par les enseignants tout comme par les parents<\/li>\n\n\n\n<li class=\"has-medium-font-size\">accompagnement d&rsquo;une accessibilit\u00e9<\/li>\n<\/ul>\n<\/li>\n<\/ul>\n\n\n\n<p class=\"has-large-font-size\">(Dossier actualis\u00e9 pour la mi-janvier 2025)<\/p>\n\n\n\n<p class=\"has-medium-font-size\"><a href=\"https:\/\/mecahealth.com\/?page_id=95\" data-type=\"page\" data-id=\"95\">Contactez-nous<\/a> pour de plus amples informations&#8230;<\/p>\n\n\n\n<h2 class=\"wp-block-heading has-medium-font-size\">Formations et CSR <\/h2>\n\n\n\n<p class=\"has-medium-font-size\">Comme indiqu\u00e9 dans la page <a href=\"https:\/\/mecahealth.com\/?page_id=146\" data-type=\"page\" data-id=\"146\">Formations sur mesure<\/a>, les formations en entreprise <strong>financent celles que nous destinons aux \u00e9coles, aux institutions ou aux familles avec ou sans personne en situation de handicap<\/strong> (&#8230;). <\/p>\n\n\n\n<h2 class=\"wp-block-heading has-medium-font-size\">Compl\u00e9ment et combinaison<\/h2>\n\n\n\n<p class=\"has-medium-font-size\">Une formation peut \u00e9ventuellement se compl\u00e9ter par un teambuilding <strong>au sein m\u00eame de votre entreprise <\/strong>en \u00e9tant combin\u00e9e ou non avec :<\/p>\n\n\n\n<ul class=\"has-medium-font-size wp-block-list\">\n<li>de la gestion de conflit<\/li>\n\n\n\n<li>du kartball (<a href=\"https:\/\/mecahealth.com\/?page_id=259\" data-type=\"page\" data-id=\"259\">sport<\/a> made in Belgium) <a href=\"http:\/\/www.kartball.eu\">www.kartball.eu<\/a><\/li>\n\n\n\n<li>des ateliers d&rsquo;<a href=\"https:\/\/mecahealth.com\/?page_id=839\">improvisation th\u00e9\u00e2trale<\/a><\/li>\n\n\n\n<li>de la sp\u00e9ologie (sp\u00e9l\u00e9obox)<\/li>\n\n\n\n<li>des <a href=\"https:\/\/almagic.org\/formations-sous-traitance\/\" target=\"_blank\" rel=\"noreferrer noopener\">formations aux handicaps<\/a> (accueil\/accessibilit\u00e9\/etc.)<\/li>\n<\/ul>\n\n\n\n<p class=\"has-medium-font-size\">Pour les PME et les commerces, une formation peut se faire \u00e9galement avec une entreprise situ\u00e9e dans les environs afin de limiter les charges financi\u00e8res.<\/p>\n\n\n\n<p>(&#8230;)<\/p>\n\n\n\n<h2 class=\"wp-block-heading has-medium-font-size\"><span style=\"font-size: var(--wp--preset--font-size--medium) ; color: initial;\"><span style=\"font-size: var(--wp--preset--font-size--medium) ; color: initial;\">Abonnez-vous \u00e0 nos diff\u00e9rentes pages pour \u00eatre averti(s) des nouvelles mises en ligne&#8230;<\/span><\/span><\/h2>\n\n\n\n<p class=\"has-small-font-size\"><a rel=\"noreferrer noopener\" href=\"https:\/\/www.facebook.com\/MecaHealthAsbl\" target=\"_blank\">Facebook MecaHealthAsbl<\/a> &#8211; <a rel=\"noreferrer noopener\" href=\"https:\/\/www.linkedin.com\/company\/mecahealth\/\" target=\"_blank\">Linkedin MecaHealth<\/a> &#8211; <a rel=\"noreferrer noopener\" href=\"https:\/\/www.youtube.com\/channel\/UCJb5g--IGlU6FgQLQKaJljg\" target=\"_blank\">Youtube cha\u00eene MecaHealth<\/a> &#8211; Instagram (pas encore)<\/p>\n\n\n\n<h2 class=\"wp-block-heading has-medium-font-size\">Revenir \u00e0 la page initiale <a href=\"https:\/\/mecahealth.com\/?page_id=61\" data-type=\"page\" data-id=\"61\"><em>1001 conseils \/ lexique<\/em><\/a><\/h2>\n","protected":false},"excerpt":{"rendered":"<p>Nos formations \/ sensibilisation pour le corps enseignant traitent de plusieurs points importants mais diff\u00e9renci\u00e9s : (Dossier actualis\u00e9 pour la mi-janvier 2025) Contactez-nous pour de plus amples informations&#8230; Formations et CSR Comme indiqu\u00e9 dans la page Formations sur mesure, les formations en entreprise financent celles que nous destinons aux \u00e9coles,<a href=\"https:\/\/mecahealth.com\/?page_id=6776\" class=\"read-more\">Read More&#8230;<\/a><\/p>\n","protected":false},"author":1,"featured_media":0,"parent":0,"menu_order":0,"comment_status":"closed","ping_status":"closed","template":"","meta":{"footnotes":""},"class_list":["post-6776","page","type-page","status-publish","hentry"],"jetpack_sharing_enabled":true,"_links":{"self":[{"href":"https:\/\/mecahealth.com\/index.php?rest_route=\/wp\/v2\/pages\/6776","targetHints":{"allow":["GET"]}}],"collection":[{"href":"https:\/\/mecahealth.com\/index.php?rest_route=\/wp\/v2\/pages"}],"about":[{"href":"https:\/\/mecahealth.com\/index.php?rest_route=\/wp\/v2\/types\/page"}],"author":[{"embeddable":true,"href":"https:\/\/mecahealth.com\/index.php?rest_route=\/wp\/v2\/users\/1"}],"replies":[{"embeddable":true,"href":"https:\/\/mecahealth.com\/index.php?rest_route=%2Fwp%2Fv2%2Fcomments&post=6776"}],"version-history":[{"count":6,"href":"https:\/\/mecahealth.com\/index.php?rest_route=\/wp\/v2\/pages\/6776\/revisions"}],"predecessor-version":[{"id":7205,"href":"https:\/\/mecahealth.com\/index.php?rest_route=\/wp\/v2\/pages\/6776\/revisions\/7205"}],"wp:attachment":[{"href":"https:\/\/mecahealth.com\/index.php?rest_route=%2Fwp%2Fv2%2Fmedia&parent=6776"}],"curies":[{"name":"wp","href":"https:\/\/api.w.org\/{rel}","templated":true}]}}