{"id":6747,"date":"2023-12-10T13:02:14","date_gmt":"2023-12-10T12:02:14","guid":{"rendered":"https:\/\/mecahealth.com\/?page_id=6747"},"modified":"2024-12-21T21:14:47","modified_gmt":"2024-12-21T20:14:47","slug":"traitement-antipsychotiques","status":"publish","type":"page","link":"https:\/\/mecahealth.com\/?page_id=6747","title":{"rendered":"Traitement : antipsychotiques"},"content":{"rendered":"\n<figure class=\"wp-block-image size-full is-style-rounded\"><img loading=\"lazy\" decoding=\"async\" width=\"330\" height=\"330\" src=\"https:\/\/mecahealth.com\/wp-content\/uploads\/2023\/12\/MecaHealth-medicaments-1.jpg\" alt=\"\" class=\"wp-image-6749\" srcset=\"https:\/\/mecahealth.com\/wp-content\/uploads\/2023\/12\/MecaHealth-medicaments-1.jpg 330w, https:\/\/mecahealth.com\/wp-content\/uploads\/2023\/12\/MecaHealth-medicaments-1-300x300.jpg 300w, https:\/\/mecahealth.com\/wp-content\/uploads\/2023\/12\/MecaHealth-medicaments-1-150x150.jpg 150w\" sizes=\"auto, (max-width: 330px) 100vw, 330px\" \/><\/figure>\n\n\n\n<p class=\"has-medium-font-size\">Les m\u00e9dicaments antipsychotiques et <a href=\"https:\/\/mecahealth.com\/?page_id=7371\" data-type=\"page\" data-id=\"7371\">antid\u00e9presseurs<\/a> ne sont pas \u00e9quivalents. Leur usage ne peut \u00eatre pris \u00e0 la l\u00e9g\u00e8re. Plus encore que ceux d\u00e9crits dans la page <a href=\"https:\/\/mecahealth.com\/?page_id=6750\" data-type=\"page\" data-id=\"6750\">m\u00e9dicaments<\/a>, les antipsychotiques ne peuvent \u00eatre pris en autom\u00e9dication ni m\u00eame parfois par certains prescripteurs. Il est indispensable de bien conna\u00eetre les particularit\u00e9s de ceux-ci. <\/p>\n\n\n\n<p class=\"has-medium-font-size\">Madame Verdoux, professeur \u00e0 l&rsquo;universit\u00e9 de Toulouse r\u00e9sume particuli\u00e8rement bien des points distincts. <a href=\"https:\/\/mecahealth.com\/?page_id=6711\" data-type=\"page\" data-id=\"6711\">Chaque psychiatre conna\u00eet &#8230;en principe ce qui suit mais l&rsquo;humain fait des erreurs parfois<\/a>.<\/p>\n\n\n\n<h2 class=\"wp-block-heading has-medium-font-size\">Texte et animation : <a href=\"https:\/\/www.linkedin.com\/in\/h%C3%A9l%C3%A8ne-verdoux-0494b7260\/\" target=\"_blank\" rel=\"noreferrer noopener\">Verdoux H\u00e9l\u00e8ne<\/a> &#8211; publi\u00e9 sur LinkedIn 2023 12<\/h2>\n\n\n\n<p class=\"has-medium-font-size\"><em>On a tendance \u00e0 penser que l\u2019efficacit\u00e9 d\u2019un m\u00e9dicament augmente de mani\u00e8re lin\u00e9aire avec la dose&nbsp;, et qu\u2019elle est d\u2019autant plus \u00e9lev\u00e9e que la dose est forte. Cependant, les relations entre la dose et l\u2019effet sont souvent plus complexes.<\/em><\/p>\n\n\n\n<p class=\"has-medium-font-size\">\ud83e\uddee <em>Pour les&nbsp;antipsychotiques, la relation&nbsp;dose-effet est en \u00ab&nbsp;U-invers\u00e9&nbsp;\u00bb&nbsp;<br>\u25ba d\u2019abord, l\u2019efficacit\u00e9 augmente avec la dose<br>\u25ba ensuite, on atteint un plateau o\u00f9 l\u2019augmentation des doses n\u2019entraine pas d\u2019augmentation de l\u2019efficacit\u00e9<br>\u25ba enfin, l\u2019augmentation entraine une perte d\u2019efficacit\u00e9 notamment \u00e0 cause de la s\u00e9v\u00e9rit\u00e9 des effets ind\u00e9sirables dose-d\u00e9pendants.<\/em><\/p>\n\n\n\n<p class=\"has-medium-font-size\">\ud83e\uddee <em>Bri\u00e8vement, cette relation est li\u00e9 au niveau neurobiologique \u00e0 la proportion de r\u00e9cepteurs dopaminergiques D2 bloqu\u00e9s<br>\u25ba seuil pour l\u2019efficacit\u00e9&nbsp;: &gt; 60-65%<br>\u25ba seuil pour les effets secondaires extra-pyramidaux&nbsp;: &lt; 80%<br>(par ex avec 3 mg\/j de risp\u00e9ridone 72% des r\u00e9cepteurs sont bloqu\u00e9s, et 82% avec 6 mg\/j)<\/em><\/p>\n\n\n\n<p class=\"has-medium-font-size\">\ud83e\uddee <em>Pour les \u00e9pisodes psychotiques aigus, le plateau \u00e9tait atteint pour les doses suivantes<br>\u25ba amisulpride 500 mg<br>\u25ba aripiprazole 12 mg<br>\u25ba halop\u00e9ridol 6 mg<br>\u25ba qu\u00e9tiapine 500 mg<br>\u25ba risp\u00e9ridone 6 mg<\/em><\/p>\n\n\n\n<p class=\"has-medium-font-size\">\ud83e\uddee <em>La seule exception est l\u2019olanzapine pour laquelle l\u2019efficacit\u00e9 augmente avec la dose (relation dose-effet lin\u00e9aire). Plusieurs \u00e9tudes montrent l\u2019int\u00e9r\u00eat de dose &gt; 40 mg&nbsp;, par ex. une \u00e9tude de&nbsp;<a rel=\"noreferrer noopener\" href=\"https:\/\/www.linkedin.com\/in\/ACoAAA7RsBUBmryMOizvR4LqSqevRzPWpfEgRgA\" target=\"_blank\">Jean-Marie Batail<\/a>&nbsp;\u00e0 Renne<\/em>s<\/p>\n\n\n\n<p class=\"has-medium-font-size\">\ud83e\uddee <em>Quand la r\u00e9ponse th\u00e9rapeutique ne correspond pas \u00e0 celle attendue pour la dose et la dur\u00e9e du traitement, la strat\u00e9gie souvent observ\u00e9e en pratique clinique est d\u2019augmenter la dose. Il faut avoir en t\u00eate que ce n\u2019est pas toujours la plus pertinente.<\/em><\/p>\n\n\n\n<p class=\"has-medium-font-size\">\ud83e\uddee <em>Si l\u2019observance est ad\u00e9quate et s\u2019il n\u2019y a pas de consommation de toxiques, l\u2019augmentation de la dose peut \u00eatre envisag\u00e9e si l\u2019antipsychotique est trop rapidement m\u00e9tabolis\u00e9 (transform\u00e9) du fait<br>\u25bad\u2019une induction enzymatique par la carbamaz\u00e9pine ou le tabac<br>\u25ba d\u2019un ph\u00e9notype de m\u00e9taboliseur rapide<\/em><\/p>\n\n\n\n<p class=\"has-medium-font-size\">\ud83d\udccd <em>Les dosages plasmatiques sont utiles&nbsp;: \u26a0\ufe0f ils doivent \u00eatre syst\u00e9matiques pour la&nbsp;clozapine&nbsp;qui a un index th\u00e9rapeutique \u00e9troit (dose efficace proche de la dose toxique)<\/em><\/p>\n\n\n\n<p class=\"has-medium-font-size\">\ud83d\udccd <em>Un test pharmacog\u00e9n\u00e9tique (non rembours\u00e9) \u00ab&nbsp;toxicit\u00e9 ou adaptation posologique des antid\u00e9presseurs ou antipsychotiques&nbsp;\u00bb est disponible en France pour la risp\u00e9ridone et l\u2019aripiprazole.<\/em><\/p>\n\n\n\n<p class=\"has-medium-font-size\"><em>\ud83d\udccd Si une m\u00e9tabolisation rapide est \u00e9limin\u00e9e, il est strictement inutile d\u2019augmenter la dose \u2757\ufe0f. Devant une r\u00e9sistance av\u00e9r\u00e9e, les strat\u00e9gies adapt\u00e9es sont<br><\/em>\u25ba<em> de changer d\u2019antipsychotique<br>\u25ba d\u2019introduire la clozapine si r\u00e9sistance \u00e0 deux antipsychotiques<br>\u25ba de potentialiser la clozapine par un autre antipsychotique<\/em><\/p>\n\n\n\n<p class=\"has-medium-font-size\"><a href=\"https:\/\/dumas.ccsd.cnrs.fr\/dumas-03837327\">Etude : Variation de r\u00e9ponse th\u00e9rapeutique aux antipsychotiques<\/a><\/p>\n\n\n\n<figure class=\"wp-block-image size-large\"><img loading=\"lazy\" decoding=\"async\" width=\"1024\" height=\"583\" src=\"https:\/\/mecahealth.com\/wp-content\/uploads\/2023\/12\/MecaHealth-medicaments-antipsychotiques-1024x583.jpg\" alt=\"\" class=\"wp-image-6748\" srcset=\"https:\/\/mecahealth.com\/wp-content\/uploads\/2023\/12\/MecaHealth-medicaments-antipsychotiques-1024x583.jpg 1024w, https:\/\/mecahealth.com\/wp-content\/uploads\/2023\/12\/MecaHealth-medicaments-antipsychotiques-300x171.jpg 300w, https:\/\/mecahealth.com\/wp-content\/uploads\/2023\/12\/MecaHealth-medicaments-antipsychotiques-768x438.jpg 768w, https:\/\/mecahealth.com\/wp-content\/uploads\/2023\/12\/MecaHealth-medicaments-antipsychotiques.jpg 1383w\" sizes=\"auto, (max-width: 1024px) 100vw, 1024px\" \/><\/figure>\n\n\n\n<p>(&#8230;)<\/p>\n\n\n\n<h2 class=\"wp-block-heading has-medium-font-size\">Revenir au chapitre <a href=\"https:\/\/mecahealth.com\/?page_id=75\" data-type=\"page\" data-id=\"75\"><em>Corps psychique<\/em><\/a><em> <\/em>ou \u00e0 la page <a href=\"https:\/\/mecahealth.com\/?page_id=6750\" data-type=\"page\" data-id=\"6750\">M\u00e9dicaments<\/a><\/h2>\n","protected":false},"excerpt":{"rendered":"<p>Les m\u00e9dicaments antipsychotiques et antid\u00e9presseurs ne sont pas \u00e9quivalents. Leur usage ne peut \u00eatre pris \u00e0 la l\u00e9g\u00e8re. Plus encore que ceux d\u00e9crits dans la page m\u00e9dicaments, les antipsychotiques ne peuvent \u00eatre pris en autom\u00e9dication ni m\u00eame parfois par certains prescripteurs. Il est indispensable de bien conna\u00eetre les particularit\u00e9s de<a href=\"https:\/\/mecahealth.com\/?page_id=6747\" class=\"read-more\">Read More&#8230;<\/a><\/p>\n","protected":false},"author":1,"featured_media":0,"parent":0,"menu_order":0,"comment_status":"closed","ping_status":"closed","template":"","meta":{"footnotes":""},"class_list":["post-6747","page","type-page","status-publish","hentry"],"jetpack_sharing_enabled":true,"_links":{"self":[{"href":"https:\/\/mecahealth.com\/index.php?rest_route=\/wp\/v2\/pages\/6747","targetHints":{"allow":["GET"]}}],"collection":[{"href":"https:\/\/mecahealth.com\/index.php?rest_route=\/wp\/v2\/pages"}],"about":[{"href":"https:\/\/mecahealth.com\/index.php?rest_route=\/wp\/v2\/types\/page"}],"author":[{"embeddable":true,"href":"https:\/\/mecahealth.com\/index.php?rest_route=\/wp\/v2\/users\/1"}],"replies":[{"embeddable":true,"href":"https:\/\/mecahealth.com\/index.php?rest_route=%2Fwp%2Fv2%2Fcomments&post=6747"}],"version-history":[{"count":7,"href":"https:\/\/mecahealth.com\/index.php?rest_route=\/wp\/v2\/pages\/6747\/revisions"}],"predecessor-version":[{"id":7382,"href":"https:\/\/mecahealth.com\/index.php?rest_route=\/wp\/v2\/pages\/6747\/revisions\/7382"}],"wp:attachment":[{"href":"https:\/\/mecahealth.com\/index.php?rest_route=%2Fwp%2Fv2%2Fmedia&parent=6747"}],"curies":[{"name":"wp","href":"https:\/\/api.w.org\/{rel}","templated":true}]}}