{"id":6719,"date":"2023-12-04T02:38:04","date_gmt":"2023-12-04T00:38:04","guid":{"rendered":"https:\/\/mecahealth.com\/?page_id=6719"},"modified":"2025-05-31T13:53:54","modified_gmt":"2025-05-31T11:53:54","slug":"psycho-mots-ou-dialectes-professionnels","status":"publish","type":"page","link":"https:\/\/mecahealth.com\/?page_id=6719","title":{"rendered":"Psycho : mots ou dialectes professionnels"},"content":{"rendered":"\n<p class=\"has-medium-font-size\"><a href=\"https:\/\/mecahealth.com\/?page_id=122\">Attention \u00e0 lire les consignes avant de lire toute page d&rsquo;un site sant\u00e9 !<\/a><\/p>\n\n\n\n<figure class=\"wp-block-image size-full is-style-rounded\"><img loading=\"lazy\" decoding=\"async\" width=\"330\" height=\"330\" src=\"https:\/\/mecahealth.com\/wp-content\/uploads\/2023\/12\/MecaHealth-psycho-mots-dialectes-pro.jpg\" alt=\"\" class=\"wp-image-6724\" srcset=\"https:\/\/mecahealth.com\/wp-content\/uploads\/2023\/12\/MecaHealth-psycho-mots-dialectes-pro.jpg 330w, https:\/\/mecahealth.com\/wp-content\/uploads\/2023\/12\/MecaHealth-psycho-mots-dialectes-pro-300x300.jpg 300w, https:\/\/mecahealth.com\/wp-content\/uploads\/2023\/12\/MecaHealth-psycho-mots-dialectes-pro-150x150.jpg 150w\" sizes=\"auto, (max-width: 330px) 100vw, 330px\" \/><\/figure>\n\n\n\n<blockquote class=\"wp-block-quote has-medium-font-size is-layout-flow wp-block-quote-is-layout-flow\">\n<p class=\"has-medium-font-size\">Ce que l\u2019on con\u00e7oit bien s\u2019\u00e9nonce clairement, et les mots pour le dire arrivent ais\u00e9ment<\/p>\n<cite>Nicolas Boileau (Boileau-Despr\u00e9aux) &#8211; L&rsquo;art po\u00e9tique -1674<\/cite><\/blockquote>\n\n\n\n<p class=\"wp-block-heading has-medium-font-size\">Des termes pr\u00e9cis, qu&rsquo;ils soient professionnels ou non, devraient \u00e9viter certaines mauvaises interpr\u00e9tations notamment par des personnes lisant des textes un peu trop rapidement ou par celles mal intentionn\u00e9es comme le sont les <em><a href=\"https:\/\/mecahealth.com\/?page_id=6522\" data-type=\"page\" data-id=\"6522\">juges du net<\/a><\/em>. Ils permettent d&rsquo;\u00e9viter les confusions. Des confusions peuvent entra\u00eener des cons\u00e9quences graves dans certaines situations, notamment en sant\u00e9, il est donc important de ne pas d\u00e9nigrer totalement l&rsquo;usage des termes sp\u00e9cifiques. Seulement, il est possible de constater r\u00e9guli\u00e8remengt que cela permet \u00e0 <strong>certains<\/strong> de rassurer leur <a href=\"http:\/\/gr\u00e9gaire\">besoin gr\u00e9gaire<\/a>. Certaines personnes, consciemment mais souvent inconsciemment seront en effet fi\u00e8res d&rsquo;appartenir \u00e0 une ou plusieurs castes qui connaissent leur dialecte, signe de reconnaissance \u00e0 la profession ou \u00e0 un groupe officiellement distinct des autres voire consid\u00e9r\u00e9 comme plus efficient (ou intelligent). La fiert\u00e9 sera g\u00e9n\u00e9ralement proportionnelle au <a href=\"https:\/\/mecahealth.com\/?page_id=5525\" data-type=\"page\" data-id=\"5525\">besoin de reconnaissance<\/a> accru par la difficult\u00e9 de s&rsquo;int\u00e9grer dans le <a href=\"https:\/\/mecahealth.com\/?page_id=5892\" data-type=\"page\" data-id=\"5892\">rang 3<\/a> voire par le rejet de celui-ci durant l&rsquo;adolescence.<\/p>\n\n\n\n<p class=\"has-medium-font-size\">L&rsquo;usage de termes sp\u00e9cifiques (pas forc\u00e9ment de mani\u00e8re excessive) sont r\u00e9guliers dans le droit, en philosophie, en sant\u00e9 physique et en sant\u00e9 mentale mais \u00e9galement dans de nombreuses professions. C&rsquo;est dans les premi\u00e8res professions cit\u00e9es que nous pouvons consid\u00e9rer qu&rsquo;il y a le plus d&rsquo;exc\u00e8s car elles b\u00e9n\u00e9ficient encore aujourd&rsquo;hui d&rsquo;une forme de pouvoir sur des tiers et pour augmenter ce pouvoir, elles b\u00e9n\u00e9ficient d&rsquo;un <a href=\"https:\/\/mecahealth.com\/?page_id=7964\" data-type=\"page\" data-id=\"7964\">titre honorifique tels que <em>ma\u00eetre<\/em>, <em>docteur <\/em>ou <em>mon p\u00e8re<\/em><\/a>. Nous relevons notamment dans la page <a href=\"https:\/\/mecahealth.com\/?page_id=212\" data-type=\"page\" data-id=\"212\"><em>lombalgie<\/em><\/a> et <a href=\"https:\/\/mecahealth.com\/?page_id=472\" data-type=\"page\" data-id=\"472\"><em>suffixes<\/em><\/a> que certains termes m\u00e9dicaux permettent parfois d&rsquo;impressionner le patient plus qu&rsquo;ils ne sont utiles lors d&rsquo;un dialogue professionnel s&rsquo;ils ne sont pas bien utilis\u00e9s. Les d\u00e9rives les plus importantes sans doute sont celles rencontr\u00e9es en <a href=\"https:\/\/mecahealth.com\/?page_id=5989\" data-type=\"page\" data-id=\"5989\">psychanalyse<\/a> dont la rh\u00e9torique est savemment travaill\u00e9e pour noyer le poisson sans pour autant permettre de v\u00e9rifier de mani\u00e8re acad\u00e9mique la plupart des th\u00e9ories avanc\u00e9es.<\/p>\n\n\n\n<p class=\"has-medium-font-size\">Il n&rsquo;est pas rare par exemple de voir des juges ou avocats n&rsquo;\u00e9couter que leurs pairs m\u00eame quand celui qui sera condamn\u00e9 \u00e9tait largement en droit, de voir le corps m\u00e9dical ne consid\u00e9rer que la parole de ceux pouvant \u00e9prouver les termes utilis\u00e9s. En politique, d\u00e9rivant la plupart du temps du droit, la pratique est bien souvent similaire.<\/p>\n\n\n\n<p class=\"has-medium-font-size\">Si nous relevons ce fait, c&rsquo;est essentiellement pour comprendre les m\u00e9canismes d&rsquo;appartenance  et ne plus se laisser impressionner par quelques termes savants surtout s&rsquo;il s&rsquo;av\u00e8re qu&rsquo;apr\u00e8s avoir d\u00e9fendu un point de vue, votre interlocuteur augmente le nombre de termes rassurant sa pens\u00e9e. Dans de nombreux cas, si la personne augmente le nombre de termes pompeux, c&rsquo;est pour tenter de retrouver sa zone de confort m\u00eame si elle s&rsquo;av\u00e8re quelque peu bancale (cacher son \u00e9chec ou ses complexes) voire pour tenter une nouvelle approche de <a href=\"https:\/\/mecahealth.com\/?page_id=6134\" data-type=\"page\" data-id=\"6134\">manipulation toxique ou perverse<\/a> en vous rabaissant.<\/p>\n\n\n\n<p class=\"has-medium-font-size\">L&rsquo;<a href=\"https:\/\/mecahealth.com\/?page_id=5994\" data-type=\"page\" data-id=\"5994\">engagement<\/a> prolong\u00e9 dans une formation ou une situation emp\u00eache bien souvent une personne de se d\u00e9faire de ses croyances et donc lorsqu&rsquo;elle est mal prise, elle s&rsquo;abritera derri\u00e8re les termes qu&rsquo;elle aura mis du temps \u00e0 assimiler&#8230;<\/p>\n\n\n\n<p class=\"has-medium-font-size\">(&#8230;)<\/p>\n\n\n\n<p class=\"has-medium-font-size\">La juge Anne Gruwez, bien connue en Belgique et assez bien en France, n&rsquo;entre pas du tout dans le descriptif de certaines pratiques professionnelles d\u00e9crites ci-dessus. Elle bouleverse une partie de ces confr\u00e8res \u00e0 d\u00e9faut de seulement les amuser (&#8230;)<\/p>\n\n\n\n<figure class=\"wp-block-embed is-type-video is-provider-youtube wp-block-embed-youtube wp-embed-aspect-16-9 wp-has-aspect-ratio\"><div class=\"wp-block-embed__wrapper\">\n<iframe loading=\"lazy\" title=\"Une juge version &quot;Strip Tease&quot; ! - C \u00e0 Vous - 31\/01\/2018\" width=\"600\" height=\"338\" src=\"https:\/\/www.youtube.com\/embed\/1eJaK8oh8zo?feature=oembed\" frameborder=\"0\" allow=\"accelerometer; autoplay; clipboard-write; encrypted-media; gyroscope; picture-in-picture; web-share\" referrerpolicy=\"strict-origin-when-cross-origin\" allowfullscreen><\/iframe>\n<\/div><\/figure>\n\n\n\n<p class=\"has-medium-font-size\">&#8230;<\/p>\n\n\n\n<h2 class=\"wp-block-heading has-medium-font-size\">A<span style=\"font-size: var(--wp--preset--font-size--medium) ; color: initial;\"><span style=\"font-size: var(--wp--preset--font-size--medium) ; color: initial;\">bonnez-vous \u00e0 nos diff\u00e9rentes pages pour \u00eatre averti(s) des nouvelles mises en ligne&#8230;<\/span><\/span><\/h2>\n\n\n\n<p class=\"has-small-font-size\"><a rel=\"noreferrer noopener\" href=\"https:\/\/www.facebook.com\/MecaHealthAsbl\" target=\"_blank\">Facebook MecaHealthAsbl<\/a> &#8211; <a rel=\"noreferrer noopener\" href=\"https:\/\/www.linkedin.com\/company\/mecahealth\/\" target=\"_blank\">Linkedin MecaHealth<\/a> &#8211; <a rel=\"noreferrer noopener\" href=\"https:\/\/www.youtube.com\/channel\/UCJb5g--IGlU6FgQLQKaJljg\" target=\"_blank\">Youtube cha\u00eene MecaHealth<\/a> &#8211; Instagram (pas encore)<\/p>\n\n\n\n<p class=\"has-medium-font-size\"><strong>Vous avez aim\u00e9 l&rsquo;information que MecaHealth apporte, vous pouvez nous contacter pour l&rsquo;une ou l&rsquo;autre <a href=\"https:\/\/mecahealth.com\/?page_id=146\">formation<\/a>, nous appuyer en transmettant l&rsquo;adresse de notre site, mais \u00e9galement par <a href=\"https:\/\/mecahealth.com\/?page_id=172\">d&rsquo;autres appuis<\/a>.<\/strong><\/p>\n\n\n\n<p class=\"has-medium-font-size\">(&#8230;)<\/p>\n\n\n\n<h2 class=\"wp-block-heading has-medium-font-size\">Revenir au chapitre<em> <\/em><a href=\"https:\/\/mecahealth.com\/?page_id=127\" data-type=\"page\" data-id=\"127\"><em>Corps psychique<\/em><\/a><em> <\/em><\/h2>\n","protected":false},"excerpt":{"rendered":"<p>Attention \u00e0 lire les consignes avant de lire toute page d&rsquo;un site sant\u00e9 ! Ce que l\u2019on con\u00e7oit bien s\u2019\u00e9nonce clairement, et les mots pour le dire arrivent ais\u00e9ment Nicolas Boileau (Boileau-Despr\u00e9aux) &#8211; L&rsquo;art po\u00e9tique -1674 Des termes pr\u00e9cis, qu&rsquo;ils soient professionnels ou non, devraient \u00e9viter certaines mauvaises interpr\u00e9tations notamment<a href=\"https:\/\/mecahealth.com\/?page_id=6719\" class=\"read-more\">Read More&#8230;<\/a><\/p>\n","protected":false},"author":1,"featured_media":0,"parent":0,"menu_order":0,"comment_status":"closed","ping_status":"closed","template":"","meta":{"footnotes":""},"class_list":["post-6719","page","type-page","status-publish","hentry"],"jetpack_sharing_enabled":true,"_links":{"self":[{"href":"https:\/\/mecahealth.com\/index.php?rest_route=\/wp\/v2\/pages\/6719","targetHints":{"allow":["GET"]}}],"collection":[{"href":"https:\/\/mecahealth.com\/index.php?rest_route=\/wp\/v2\/pages"}],"about":[{"href":"https:\/\/mecahealth.com\/index.php?rest_route=\/wp\/v2\/types\/page"}],"author":[{"embeddable":true,"href":"https:\/\/mecahealth.com\/index.php?rest_route=\/wp\/v2\/users\/1"}],"replies":[{"embeddable":true,"href":"https:\/\/mecahealth.com\/index.php?rest_route=%2Fwp%2Fv2%2Fcomments&post=6719"}],"version-history":[{"count":22,"href":"https:\/\/mecahealth.com\/index.php?rest_route=\/wp\/v2\/pages\/6719\/revisions"}],"predecessor-version":[{"id":8908,"href":"https:\/\/mecahealth.com\/index.php?rest_route=\/wp\/v2\/pages\/6719\/revisions\/8908"}],"wp:attachment":[{"href":"https:\/\/mecahealth.com\/index.php?rest_route=%2Fwp%2Fv2%2Fmedia&parent=6719"}],"curies":[{"name":"wp","href":"https:\/\/api.w.org\/{rel}","templated":true}]}}