{"id":6711,"date":"2023-12-10T12:36:36","date_gmt":"2023-12-10T11:36:36","guid":{"rendered":"https:\/\/mecahealth.com\/?page_id=6711"},"modified":"2025-10-11T10:20:53","modified_gmt":"2025-10-11T08:20:53","slug":"profession-psy-et-tout-autre-therapeute-en-sante-mentale","status":"publish","type":"page","link":"https:\/\/mecahealth.com\/?page_id=6711","title":{"rendered":"Profession : psy et tout autre th\u00e9rapeute en sant\u00e9 mentale"},"content":{"rendered":"\n<p class=\"has-medium-font-size\"><a href=\"https:\/\/mecahealth.com\/?page_id=122\">Attention \u00e0 lire les consignes avant de lire toute page d&rsquo;un site sant\u00e9 !<\/a><\/p>\n\n\n\n<figure class=\"wp-block-image size-full is-style-rounded\"><img loading=\"lazy\" decoding=\"async\" width=\"330\" height=\"330\" src=\"https:\/\/mecahealth.com\/wp-content\/uploads\/2023\/12\/MecaHealth-professions-psy.jpg\" alt=\"\" class=\"wp-image-6899\" srcset=\"https:\/\/mecahealth.com\/wp-content\/uploads\/2023\/12\/MecaHealth-professions-psy.jpg 330w, https:\/\/mecahealth.com\/wp-content\/uploads\/2023\/12\/MecaHealth-professions-psy-300x300.jpg 300w, https:\/\/mecahealth.com\/wp-content\/uploads\/2023\/12\/MecaHealth-professions-psy-150x150.jpg 150w\" sizes=\"auto, (max-width: 330px) 100vw, 330px\" \/><\/figure>\n\n\n\n<p class=\"has-medium-font-size\">En plus de ce que nous relevons dans le cadre du <a href=\"https:\/\/mecahealth.com\/?page_id=127\" data-type=\"page\" data-id=\"127\">Psychomportementalisme<\/a>, une th\u00e9rapie s&rsquo;av\u00e8re parfois tout de m\u00eame utile voire n\u00e9cessaire. Celle-ci peut se faire de diff\u00e9rentes mani\u00e8res par l&rsquo;un ou l&rsquo;autre th\u00e9rapeute mais qu&rsquo;est-ce donc en fin de compte un th\u00e9rapeute voire que devrait \u00eatre un bon th\u00e9rapeute ?<\/p>\n\n\n\n<p class=\"has-medium-font-size\">Reprenons comme base la belle m\u00e9taphore du docteur <a rel=\"noreferrer noopener\" href=\"https:\/\/www.linkedin.com\/in\/xavier-pommereau-11a8101a4\/\" data-type=\"URL\" data-id=\"https:\/\/www.linkedin.com\/in\/xavier-pommereau-11a8101a4\/\" target=\"_blank\">Xavier Pommereau<\/a> destin\u00e9e \u00e0 expliquer son r\u00f4le aupr\u00e8s d&rsquo;adolescents  : <\/p>\n\n\n\n<p class=\"has-medium-font-size\"><em>Tes probl\u00e8mes repr\u00e9sentent une sorte de montagne ; moi, je suis guide de montagne ; je ne dispose que de chaussures de marche et d&rsquo;un b\u00e2ton, je n&rsquo;ai pas un h\u00e9licopt\u00e8re pour t&rsquo;amener directement au sommet. Je ne suis pas non plus alpiniste et nous ne pouvons pas l\u2019escalader ensemble aussi vite que possible ; mon travail consiste \u00e0 trouver des sentiers qui contournent les obstacles et rendent l&rsquo;ascension possible, \u00e0 ta mesure. Il va donc falloir que tu me fasses confiance, au moins un minimum, et que tu te montres patient(e) ; tu auras envie, \u00e0 certains endroits, de t\u2019arr\u00eater pour cueillir des fleurs plut\u00f4t que de me suivre, tu refuseras certains chemins parce que tu craindras le vide, surtout, tu trouveras que nous n\u2019allons pas assez vite. Mais si tu acceptes de me suivre, petit \u00e0 petit c&rsquo;est toi qui vas d\u00e9couvrir ta propre montagne<\/em>.&nbsp;<\/p>\n\n\n\n<p class=\"has-medium-font-size\">Nous pourrions y rajouter notamment que :<\/p>\n\n\n\n<ul class=\"wp-block-list has-medium-font-size\">\n<li>Le th\u00e9rapeute a parfois le droit de se tromper de chemin car il y a plusieurs alternatives qui se terminent parfois par des culs-de-sac.<\/li>\n\n\n\n<li>Le guide se fera d\u00e9passer par moment mais il faudra parfois l&rsquo;attendre en haut d&rsquo;un croisement et par la suite, avant d&rsquo;atteindre parfois le sommet seul &#8230;mais n&rsquo;oubliez pas que le bon guide pourra se sentir repos\u00e9 quand il saura que le sommet a \u00e9t\u00e9 atteint ou presque par sa cord\u00e9e (&#8230;).<\/li>\n\n\n\n<li>Le guide qui affirme qu&rsquo;il n&rsquo;y a qu&rsquo;un chemin oublie que chaque montagne \u00e9volue et que chaque chemin peut avoir \u00e9t\u00e9 <a href=\"https:\/\/mecahealth.com\/?page_id=149\" data-type=\"page\" data-id=\"149\">barr\u00e9 par des travaux (&#8230;)<\/a>. Ce guide-l\u00e0 peut \u00eatre dangereux voire <a href=\"https:\/\/mecahealth.com\/?page_id=5847\" data-type=\"page\" data-id=\"5847\">malveillant<\/a> ou pris par sa <a href=\"https:\/\/mecahealth.com\/?page_id=5994\" data-type=\"page\" data-id=\"5994\">propre emprise dans son engagement<\/a>.<\/li>\n\n\n\n<li>Apr\u00e8s avoir \u00e9t\u00e9 plusieurs fois en montagne et moyennant quelques enseignements et pas forc\u00e9ment tr\u00e8s chers (page en cours sur cet \u00e9pineux sujet), l&rsquo;escalade sera bien possible&#8230;<\/li>\n<\/ul>\n\n\n\n<p class=\"has-medium-font-size\"><em>Cette description met en \u00e9vidence le r\u00f4le du th\u00e9rapeute en termes de soutien et d&rsquo;orientation, sans prendre le contr\u00f4le total du parcours de l&rsquo;adolescent(e). L&rsquo;absence d&rsquo;h\u00e9licopt\u00e8re et de possibilit\u00e9s d\u2019escalade et, par cons\u00e9quent, la n\u00e9cessit\u00e9 de trouver des sentiers symbolisent l&rsquo;approche progressive et personnalis\u00e9e de la th\u00e9rapie. Cela met en lumi\u00e8re l&rsquo;id\u00e9e que la progression prend du temps et n\u00e9cessite de la patience. Enfin, la m\u00e9taphore pr\u00e9pare l&rsquo;adolescent(e) aux moments difficiles, comme la peur ou la r\u00e9sistance, en les normalisant comme partie int\u00e9grante du voyage<\/em> (X. Pommereau).<\/p>\n\n\n\n<p class=\"has-medium-font-size\">Etant donn\u00e9 qu&rsquo;il existe des d\u00e9rives, comme dans toute profession, mais qu&rsquo;elles concernent une partie de notre public, nous nous devons aussi de relever que, en plus de se tenir \u00e0 jour, notamment sur la <a href=\"https:\/\/mecahealth.com\/?page_id=6747\">m\u00e9dication sp\u00e9cifique<\/a>, le th\u00e9rapeute doit chercher \u00e0 conna\u00eetre les biais de chaque recherche dans ce secteur et ne peut \u00eatre orient\u00e9 que par son <a href=\"https:\/\/mecahealth.com\/?page_id=4337\" data-type=\"page\" data-id=\"4337\">empathie<\/a> <strong>et non pas par<\/strong> :<\/p>\n\n\n\n<ul class=\"wp-block-list has-medium-font-size\">\n<li>ses propres <a href=\"https:\/\/mecahealth.com\/?page_id=2304\" data-type=\"page\" data-id=\"2304\">frustrations<\/a><\/li>\n\n\n\n<li>son incapacit\u00e9 \u00e0 faire une m\u00e9tacognition personnelle et de <a href=\"https:\/\/mecahealth.com\/?page_id=5489\" data-type=\"page\" data-id=\"5489\">sa propre Histoire<\/a><\/li>\n\n\n\n<li>son incapacit\u00e9 \u00e0 d\u00e9mat\u00e9rialiser ses plaisirs et \u00e0 <a href=\"https:\/\/mecahealth.com\/?page_id=7114\" data-type=\"page\" data-id=\"7114\">tarifer au prix de son orgueil<\/a><\/li>\n\n\n\n<li>un emprise de <a href=\"https:\/\/mecahealth.com\/?page_id=5994\" data-type=\"page\" data-id=\"5994\">l&rsquo;engagement<\/a><\/li>\n\n\n\n<li>le <a href=\"https:\/\/mecahealth.com\/?page_id=5989\" data-type=\"page\" data-id=\"5989\">mensonge de ses pairs<\/a><\/li>\n\n\n\n<li>la croyance b\u00e9ate en ce qui n&rsquo;est <a href=\"https:\/\/mecahealth.com\/?page_id=149\" data-type=\"page\" data-id=\"149\">pas forc\u00e9ment reproductible dans les th\u00e9ories de ce secteur<\/a> notamment en ne travaillant pas assez sur les <a href=\"https:\/\/mecahealth.com\/?page_id=6387\" data-type=\"page\" data-id=\"6387\">r\u00e9silients<\/a> qui ne d\u00e9veloppent (presque) aucun sympt\u00f4me dans des conditions similaires (&#8230;)<\/li>\n\n\n\n<li>la lecture desdites th\u00e9ories sans comprendre et analyser <a href=\"https:\/\/mecahealth.com\/?page_id=8030\" data-type=\"page\" data-id=\"8030\">les biais possibles<\/a><\/li>\n\n\n\n<li>un \u00e9ventuel <a href=\"https:\/\/mecahealth.com\/?page_id=7233\" data-type=\"page\" data-id=\"7233\">bore-out m\u00e9dical<\/a><\/li>\n\n\n\n<li>le besoin de se confier \u00e0 ses patients<\/li>\n<\/ul>\n\n\n\n<p>(&#8230;)<\/p>\n\n\n\n<h2 class=\"wp-block-heading has-medium-font-size\"><span style=\"font-size: var(--wp--preset--font-size--medium) ; color: initial;\"><span style=\"font-size: var(--wp--preset--font-size--medium) ; color: initial;\">Abonnez-vous \u00e0 nos diff\u00e9rentes pages pour \u00eatre averti(s) des nouvelles mises en ligne&#8230;<\/span><\/span><\/h2>\n\n\n\n<p class=\"has-small-font-size\"><a rel=\"noreferrer noopener\" href=\"https:\/\/www.facebook.com\/MecaHealthAsbl\" target=\"_blank\">Facebook MecaHealthAsbl<\/a> &#8211; <a rel=\"noreferrer noopener\" href=\"https:\/\/www.linkedin.com\/company\/mecahealth\/\" target=\"_blank\">Linkedin MecaHealth<\/a> &#8211; <a rel=\"noreferrer noopener\" href=\"https:\/\/www.youtube.com\/channel\/UCJb5g--IGlU6FgQLQKaJljg\" target=\"_blank\">Youtube cha\u00eene MecaHealth<\/a> &#8211; Instagram (pas encore)<\/p>\n\n\n\n<p class=\"has-medium-font-size\"><strong>Vous avez aim\u00e9 l&rsquo;information que MecaHealth apporte, vous pouvez nous contacter pour l&rsquo;une ou l&rsquo;autre <a href=\"https:\/\/mecahealth.com\/?page_id=146\">formation<\/a>, nous appuyer en transmettant l&rsquo;adresse de notre site, mais \u00e9galement par <a href=\"https:\/\/mecahealth.com\/?page_id=172\">d&rsquo;autres appuis<\/a>.<\/strong><\/p>\n\n\n\n<h2 class=\"wp-block-heading has-medium-font-size\">Revenir au chapitre <em><a href=\"https:\/\/mecahealth.com\/?page_id=127\" data-type=\"page\" data-id=\"127\">Corps psychique<\/a><\/em> ou \u00e0 la page <em><a href=\"https:\/\/mecahealth.com\/?page_id=6325\" data-type=\"page\" data-id=\"6325\">Professions<\/a><\/em><\/h2>\n","protected":false},"excerpt":{"rendered":"<p>Attention \u00e0 lire les consignes avant de lire toute page d&rsquo;un site sant\u00e9 ! En plus de ce que nous relevons dans le cadre du Psychomportementalisme, une th\u00e9rapie s&rsquo;av\u00e8re parfois tout de m\u00eame utile voire n\u00e9cessaire. Celle-ci peut se faire de diff\u00e9rentes mani\u00e8res par l&rsquo;un ou l&rsquo;autre th\u00e9rapeute mais qu&rsquo;est-ce<a href=\"https:\/\/mecahealth.com\/?page_id=6711\" class=\"read-more\">Read More&#8230;<\/a><\/p>\n","protected":false},"author":1,"featured_media":0,"parent":0,"menu_order":0,"comment_status":"closed","ping_status":"closed","template":"","meta":{"footnotes":""},"class_list":["post-6711","page","type-page","status-publish","hentry"],"jetpack_sharing_enabled":true,"_links":{"self":[{"href":"https:\/\/mecahealth.com\/index.php?rest_route=\/wp\/v2\/pages\/6711","targetHints":{"allow":["GET"]}}],"collection":[{"href":"https:\/\/mecahealth.com\/index.php?rest_route=\/wp\/v2\/pages"}],"about":[{"href":"https:\/\/mecahealth.com\/index.php?rest_route=\/wp\/v2\/types\/page"}],"author":[{"embeddable":true,"href":"https:\/\/mecahealth.com\/index.php?rest_route=\/wp\/v2\/users\/1"}],"replies":[{"embeddable":true,"href":"https:\/\/mecahealth.com\/index.php?rest_route=%2Fwp%2Fv2%2Fcomments&post=6711"}],"version-history":[{"count":26,"href":"https:\/\/mecahealth.com\/index.php?rest_route=\/wp\/v2\/pages\/6711\/revisions"}],"predecessor-version":[{"id":8122,"href":"https:\/\/mecahealth.com\/index.php?rest_route=\/wp\/v2\/pages\/6711\/revisions\/8122"}],"wp:attachment":[{"href":"https:\/\/mecahealth.com\/index.php?rest_route=%2Fwp%2Fv2%2Fmedia&parent=6711"}],"curies":[{"name":"wp","href":"https:\/\/api.w.org\/{rel}","templated":true}]}}