{"id":6654,"date":"2023-11-30T00:05:54","date_gmt":"2023-11-29T23:05:54","guid":{"rendered":"https:\/\/mecahealth.com\/?page_id=6654"},"modified":"2026-03-01T16:56:44","modified_gmt":"2026-03-01T15:56:44","slug":"psycho-metacognition-societale","status":"publish","type":"page","link":"https:\/\/mecahealth.com\/?page_id=6654","title":{"rendered":"Psycho : m\u00e9tacognition soci\u00e9tale"},"content":{"rendered":"\n<p class=\"has-small-font-size\"><a href=\"https:\/\/mecahealth.com\/?page_id=122\">Attention \u00e0 lire les consignes avant de lire toute page d&rsquo;un site sant\u00e9 !<\/a><\/p>\n\n\n\n<figure class=\"wp-block-image size-full is-style-rounded\"><img loading=\"lazy\" decoding=\"async\" width=\"330\" height=\"330\" src=\"https:\/\/mecahealth.com\/wp-content\/uploads\/2023\/12\/MecaHealth-psycho-metacognition-societale.jpg\" alt=\"\" class=\"wp-image-6693\" srcset=\"https:\/\/mecahealth.com\/wp-content\/uploads\/2023\/12\/MecaHealth-psycho-metacognition-societale.jpg 330w, https:\/\/mecahealth.com\/wp-content\/uploads\/2023\/12\/MecaHealth-psycho-metacognition-societale-300x300.jpg 300w, https:\/\/mecahealth.com\/wp-content\/uploads\/2023\/12\/MecaHealth-psycho-metacognition-societale-150x150.jpg 150w\" sizes=\"auto, (max-width: 330px) 100vw, 330px\" \/><\/figure>\n\n\n\n<p class=\"has-medium-font-size\">La m\u00e9tacognition est la <em><strong>Connaissance personnelle d&rsquo;un individu sur ses capacit\u00e9s et ses fonctionnements cognitifs<\/strong> <\/em>(Larousse). La m\u00e9tacognition soci\u00e9tale correspond donc en quelque sorte \u00e0 la connaissance d&rsquo;une Soci\u00e9t\u00e9 \u00e0 prendre conscience de ses fonctionnements et surtout de l&rsquo;origine de ceux-ci. C&rsquo;est sans doute l&rsquo;action la plus difficile pour chacun d&rsquo;entre nous m\u00eame ceux qui disposent d&rsquo;<a href=\"https:\/\/mecahealth.com\/?page_id=6609\" data-type=\"page\" data-id=\"6609\">un bon disque dur et d&rsquo;une excellente m\u00e9moire vive<\/a> tant nous sommes <a href=\"https:\/\/mecahealth.com\/?page_id=5003\" data-type=\"page\" data-id=\"5003\">sous influences multiples<\/a> mais surtout dans le th\u00e8me de cette page, sous influences de diff\u00e9rentes Histoires dont les fondements et les parcours ont impr\u00e9gn\u00e9s notre mode de pens\u00e9e avec plus ou moins de cons\u00e9quences sur des g\u00e9n\u00e9rations.<\/p>\n\n\n\n<p class=\"has-medium-font-size\">Dans les pages qui suivront, chaque classe sociale, chaque origine, chaque groupement voire repr\u00e9sentation, chaque <a href=\"https:\/\/mecahealth.com\/?page_id=6325\" data-type=\"page\" data-id=\"6325\">profession<\/a> verra son histoire revisit\u00e9e pour relever les diff\u00e9rents biais de la pens\u00e9e et donc du peu d&rsquo;objectivit\u00e9 de chacun. L&rsquo;objectif n&rsquo;est pas de d\u00e9stabiliser la pens\u00e9e d\u00e9mocratique, sociale et m\u00eame lib\u00e9rale mais de remettre en question les v\u00e9rit\u00e9s de chacun qui ne se rencontrent plus assez &#8230;sans donner d&rsquo;excuses \u00e0 des <a href=\"https:\/\/mecahealth.com\/?page_id=5847\" data-type=\"page\" data-id=\"5847\">comportements malsains<\/a> ou manipulateurs d&rsquo;individus ou de <a href=\"https:\/\/mecahealth.com\/?page_id=6019\" data-type=\"page\" data-id=\"6019\">groupes estimant \u00eatre victime de l&rsquo;Autre<\/a>, (&#8230;).<\/p>\n\n\n\n<p class=\"has-medium-font-size\">La m\u00e9tacognition devrait permettre de se rendre compte les raisons pour lesquelles la sant\u00e9 mentale r\u00e9gresse, pourquoi les injustices augmentent ou semblent augmenter, etc. Le fruit d&rsquo;une profonde m\u00e9tacognition revient non pas \u00e0 revenir aux temps anciens mais \u00e0 s&rsquo;inspirer de la base des <a href=\"https:\/\/mecahealth.com\/?page_id=7537\" data-type=\"page\" data-id=\"7537\">organisations tribales travaillant l&rsquo;intelligence collective<\/a> plut\u00f4t que l&rsquo;aspiration individuelle. La Soci\u00e9t\u00e9 dite occidentale par exemple en <a href=\"https:\/\/mecahealth.com\/?page_id=7534\">voulant d\u00e9fendre le DROIT social est en quelque sorte devenue antisociale (&#8230;) par par la suppression des DEVOIRS soci\u00e9taux<\/a>. Ce qui influent plus que vraisemblablement aujourd&rsquo;hui sur la sant\u00e9 mentale <a href=\"https:\/\/mecahealth.com\/?page_id=8617\" data-type=\"page\" data-id=\"8617\">des personnes qui ne trouvent pas un emploi, les pensionn\u00e9s, etc. qui parfois pensent qu&rsquo;<em>ils ne servent \u00e0 rien<\/em><\/a>. Les d\u00e9fenseurs du droit \u00e0 la vie par exemple, ne comprennent pas \u00e0 quel point ils sont <a href=\"https:\/\/mecahealth.com\/?page_id=5003\" data-type=\"page\" data-id=\"5003\">sous influences<\/a> et <a href=\"https:\/\/mecahealth.com\/?page_id=7863\" data-type=\"page\" data-id=\"7863\">plus particuli\u00e8rement religieuses m\u00eame s&rsquo;ils se pensent la\u00efcs (&#8230;)<\/a>.<\/p>\n\n\n\n<p class=\"has-medium-font-size\">La m\u00e9tacognition devrait permettre de comprendre <a href=\"https:\/\/mecahealth.com\/?page_id=6847\" data-type=\"page\" data-id=\"6847\">une partie du harc\u00e8lement<\/a>, une partie de <a href=\"https:\/\/mecahealth.com\/?page_id=7941\" data-type=\"page\" data-id=\"7941\">notre peur face \u00e0 l&rsquo;IA<\/a>, etc.<\/p>\n\n\n\n<p class=\"has-medium-font-size\">(&#8230;)<\/p>\n\n\n\n<h2 class=\"wp-block-heading has-medium-font-size\">Si vous ne comprenez pas toutes les allusions, ou si vous souhaitez en savoir plus, vous pouvez toujours <a href=\"https:\/\/mecahealth.com\/?page_id=95\" data-type=\"page\" data-id=\"95\">nous contacter<\/a> pour booster votre m\u00e9moire vive en direct ou lors <a href=\"https:\/\/mecahealth.com\/?page_id=146\" data-type=\"page\" data-id=\"146\">de formations\/conf\u00e9rences<\/a> mais surtout revenir sur ces pages r\u00e9guli\u00e8rement pour profiter des \u00e9volutions de celles-ci.<\/h2>\n\n\n\n<figure class=\"wp-block-image size-full is-resized is-style-rounded\"><img loading=\"lazy\" decoding=\"async\" width=\"1024\" height=\"1024\" src=\"https:\/\/mecahealth.com\/wp-content\/uploads\/2023\/11\/DALL\u00b7E-2023-11-25-19.12.15-smiley-sarcastique-de-couleur-verte.png\" alt=\"\" class=\"wp-image-6617\" style=\"width:100px;height:100px\" srcset=\"https:\/\/mecahealth.com\/wp-content\/uploads\/2023\/11\/DALL\u00b7E-2023-11-25-19.12.15-smiley-sarcastique-de-couleur-verte.png 1024w, https:\/\/mecahealth.com\/wp-content\/uploads\/2023\/11\/DALL\u00b7E-2023-11-25-19.12.15-smiley-sarcastique-de-couleur-verte-300x300.png 300w, https:\/\/mecahealth.com\/wp-content\/uploads\/2023\/11\/DALL\u00b7E-2023-11-25-19.12.15-smiley-sarcastique-de-couleur-verte-150x150.png 150w, https:\/\/mecahealth.com\/wp-content\/uploads\/2023\/11\/DALL\u00b7E-2023-11-25-19.12.15-smiley-sarcastique-de-couleur-verte-768x768.png 768w\" sizes=\"auto, (max-width: 1024px) 100vw, 1024px\" \/><\/figure>\n\n\n\n<h2 class=\"wp-block-heading\"><span style=\"font-size: var(--wp--preset--font-size--medium) ; color: initial;\"><span style=\"font-size: var(--wp--preset--font-size--medium) ; color: initial;\">Abonnez-vous \u00e0 nos diff\u00e9rentes pages pour \u00eatre averti(s) des nouvelles mises en ligne&#8230;<\/span><\/span><\/h2>\n\n\n\n<p><a rel=\"noreferrer noopener\" href=\"https:\/\/www.facebook.com\/MecaHealthAsbl\" target=\"_blank\">Facebook MecaHealthAsbl<\/a> &#8211; <a rel=\"noreferrer noopener\" href=\"https:\/\/www.linkedin.com\/company\/mecahealth\/\" target=\"_blank\">Linkedin MecaHealth<\/a> &#8211; <a rel=\"noreferrer noopener\" href=\"https:\/\/www.youtube.com\/channel\/UCJb5g--IGlU6FgQLQKaJljg\" target=\"_blank\">Youtube cha\u00eene MecaHealth<\/a> &#8211; Instagram (pas encore)(&#8230;)<\/p>\n\n\n\n<h2 class=\"wp-block-heading has-medium-font-size\">Revenir au chapitre <a data-type=\"page\" data-id=\"75\" href=\"https:\/\/mecahealth.com\/?page_id=75\"><em>Corps psychique<\/em><\/a><em> <\/em><\/h2>\n","protected":false},"excerpt":{"rendered":"<p>Attention \u00e0 lire les consignes avant de lire toute page d&rsquo;un site sant\u00e9 ! La m\u00e9tacognition est la Connaissance personnelle d&rsquo;un individu sur ses capacit\u00e9s et ses fonctionnements cognitifs (Larousse). La m\u00e9tacognition soci\u00e9tale correspond donc en quelque sorte \u00e0 la connaissance d&rsquo;une Soci\u00e9t\u00e9 \u00e0 prendre conscience de ses fonctionnements et<a href=\"https:\/\/mecahealth.com\/?page_id=6654\" class=\"read-more\">Read More&#8230;<\/a><\/p>\n","protected":false},"author":1,"featured_media":0,"parent":0,"menu_order":0,"comment_status":"closed","ping_status":"closed","template":"","meta":{"footnotes":""},"class_list":["post-6654","page","type-page","status-publish","hentry"],"jetpack_sharing_enabled":true,"_links":{"self":[{"href":"https:\/\/mecahealth.com\/index.php?rest_route=\/wp\/v2\/pages\/6654","targetHints":{"allow":["GET"]}}],"collection":[{"href":"https:\/\/mecahealth.com\/index.php?rest_route=\/wp\/v2\/pages"}],"about":[{"href":"https:\/\/mecahealth.com\/index.php?rest_route=\/wp\/v2\/types\/page"}],"author":[{"embeddable":true,"href":"https:\/\/mecahealth.com\/index.php?rest_route=\/wp\/v2\/users\/1"}],"replies":[{"embeddable":true,"href":"https:\/\/mecahealth.com\/index.php?rest_route=%2Fwp%2Fv2%2Fcomments&post=6654"}],"version-history":[{"count":12,"href":"https:\/\/mecahealth.com\/index.php?rest_route=\/wp\/v2\/pages\/6654\/revisions"}],"predecessor-version":[{"id":8629,"href":"https:\/\/mecahealth.com\/index.php?rest_route=\/wp\/v2\/pages\/6654\/revisions\/8629"}],"wp:attachment":[{"href":"https:\/\/mecahealth.com\/index.php?rest_route=%2Fwp%2Fv2%2Fmedia&parent=6654"}],"curies":[{"name":"wp","href":"https:\/\/api.w.org\/{rel}","templated":true}]}}