{"id":6522,"date":"2023-11-26T13:37:37","date_gmt":"2023-11-26T11:37:37","guid":{"rendered":"https:\/\/mecahealth.com\/?page_id=6522"},"modified":"2024-12-22T15:13:45","modified_gmt":"2024-12-22T14:13:45","slug":"psycho-juge-du-net","status":"publish","type":"page","link":"https:\/\/mecahealth.com\/?page_id=6522","title":{"rendered":"Psycho : juge du net"},"content":{"rendered":"\n<figure class=\"wp-block-image size-full is-style-rounded\"><img loading=\"lazy\" decoding=\"async\" width=\"330\" height=\"330\" src=\"https:\/\/mecahealth.com\/wp-content\/uploads\/2023\/12\/MecaHealth-psycho-juge-du-net.jpg\" alt=\"\" class=\"wp-image-6713\" srcset=\"https:\/\/mecahealth.com\/wp-content\/uploads\/2023\/12\/MecaHealth-psycho-juge-du-net.jpg 330w, https:\/\/mecahealth.com\/wp-content\/uploads\/2023\/12\/MecaHealth-psycho-juge-du-net-300x300.jpg 300w, https:\/\/mecahealth.com\/wp-content\/uploads\/2023\/12\/MecaHealth-psycho-juge-du-net-150x150.jpg 150w\" sizes=\"auto, (max-width: 330px) 100vw, 330px\" \/><\/figure>\n\n\n\n<p class=\"has-medium-font-size\"><em>Je vous parle d&rsquo;un&nbsp;temps que les&nbsp;moins&nbsp;de vingt&nbsp;ans ne peuvent pas conna\u00eetre<\/em> (Charles Aznavour &#8211; La Boh\u00eame) ; un temps durant lequel il n&rsquo;y avait pas tant \u00e0 lire et permettait de lire l&rsquo;enti\u00e8ret\u00e9 des lignes et \u00e9vitait une lecture transversale entra\u00eenant bien souvent une interpr\u00e9tation des donn\u00e9es. Il \u00e9tait un temps o\u00f9 de nombreux magazines comportaient une page de <em>Courrier des lecteurs<\/em>, une page pour laquelle les lecteurs devaient prendre leur <em>plus belle plume<\/em> et s\u00e9duire les r\u00e9dacteurs pour esp\u00e9rer y laisser un message. La m\u00e9chancet\u00e9 gratuite \u00e9tait limit\u00e9e. Les textes \u00e9taient tri\u00e9s sans doute aussi avec parfois une certaine injustice mais limitait la transmission impulsive et sans grande r\u00e9flexion qui s&rsquo;abrite derri\u00e8re une certaine <em>Libert\u00e9 d&rsquo;expression<\/em>&#8230; <\/p>\n\n\n\n<blockquote class=\"wp-block-quote is-layout-flow wp-block-quote-is-layout-flow\">\n<p class=\"has-small-font-size\">Je n&rsquo;ai fait celle-ci plus longue que parce que je n&rsquo;ai pas eu le loisir de la faire plus courte (phrase attribu\u00e9e \u00e0 Blaise Pascal)<\/p>\n<\/blockquote>\n\n\n\n<p class=\"has-medium-font-size\">Il \u00e9tait un temps o\u00f9 seules les r\u00e9dactions travaill\u00e9es plus longuement pouvaient esp\u00e9rer persister et \u00eatre publi\u00e9es. Il n&rsquo;y avait alors que peu de raccourcis mal r\u00e9dig\u00e9s et plus facilement interpr\u00e9tables (&#8230;).<\/p>\n\n\n\n<blockquote class=\"wp-block-quote is-layout-flow wp-block-quote-is-layout-flow\">\n<p class=\"has-small-font-size\"><em>Le sage tourne sept fois sa langue dans sa bouche avant de parler<\/em> (Bible &#8211; Salomon) &#8211; Ne fais pas \u00e0 autrui ce que tu ne voudrais pas qu&rsquo;on te f\u00eet (&#8230;)<\/p>\n<\/blockquote>\n\n\n\n<p class=\"has-medium-font-size\">Le juge est d&rsquo;abord bien souvent un impulsif qui a une connaissance limit\u00e9e d&rsquo;un sujet voire une m\u00e9connaissance totale, un esprit d&rsquo;observation tronqu\u00e9 par de <a href=\"https:\/\/mecahealth.com\/?page_id=5003\" data-type=\"page\" data-id=\"5003\">nombreuses influences<\/a>, et qui s&#8217;empressent de donner un avis avec subjectivit\u00e9 (et donc avec peu ou <a href=\"https:\/\/mecahealth.com\/?page_id=6654\" data-type=\"page\" data-id=\"6654\">sans aucune m\u00e9tacognition<\/a>). Cette personne n&rsquo;a pas forc\u00e9ment de mauvaises intentions car parfois tout simplement agac\u00e9e par sa <em>vision bless\u00e9e, orient\u00e9e voire manipul\u00e9e<\/em> ce jour-l\u00e0 mais parfois cette vision limit\u00e9e est le fruit d&rsquo;un parcours d&rsquo;une vie bien malheureux qui entra\u00eene des r\u00e9actions vives mais parfois regrett\u00e9es par la suite. Ce qui n&rsquo;excuse pas tout&#8230;<\/p>\n\n\n\n<p class=\"has-medium-font-size\">Dans ce dernier cas et dans d&rsquo;autres, il s&rsquo;agit bien d&rsquo;un ensemble de <a href=\"https:\/\/mecahealth.com\/?page_id=2304\">frustrations<\/a> non r\u00e9solues qui am\u00e8nent \u00e0 un volont\u00e9 de blesser autrui pour rabaisser l&rsquo;Autre et se donner l&rsquo;impression -de courte dur\u00e9e- d&rsquo;avoir de l&rsquo;influence ou de l&rsquo;importance. Dans d&rsquo;autres cas, plus malsains encore, nous pouvons parler de <a href=\"https:\/\/mecahealth.com\/?page_id=6951\" data-type=\"page\" data-id=\"6951\">manipulations perverses<\/a> comme celles de ceux disposant de peu d&rsquo;<a href=\"https:\/\/mecahealth.com\/?page_id=4337\" data-type=\"page\" data-id=\"4337\">empathie<\/a> qui animent des \u00e9missions telles que <em>Touche pas \u00e0 mon poste<\/em> ou qui usent d&rsquo;un brin de pouvoir pour rabaisser l&rsquo;Autre r\u00e9guli\u00e8rement (&#8230;). Ceux qui aiment ce type d&rsquo;\u00e9missions sont bien souvent \u00e9galement juges mais pas forc\u00e9ment par frustrations mais pour appartenir par <a href=\"https:\/\/mecahealth.com\/?page_id=1974\" data-type=\"page\" data-id=\"1974\">pure gr\u00e9garit\u00e9<\/a> au clan de leur <em>ma\u00eetre \u00e0 penser<\/em> (&#8230;).<\/p>\n\n\n\n<blockquote class=\"wp-block-quote is-layout-flow wp-block-quote-is-layout-flow\">\n<p class=\"has-small-font-size\">Les paroles s&rsquo;envolent, les \u00e9crits restent (Horace &#8211; Verba volant, scripta manent).<\/p>\n<\/blockquote>\n\n\n\n<p class=\"has-medium-font-size\">Accorder de l&rsquo;importance \u00e0 la parole de ces juges <a href=\"https:\/\/mecahealth.com\/?page_id=6134\" data-type=\"page\" data-id=\"6134\">toxiques<\/a>, qui oublient ou ne comprennent pas qu&rsquo;ils laissent des traces \u00e0 vie dans la m\u00e9moire du net et parfois dans celles d&rsquo;<a href=\"https:\/\/mecahealth.com\/?page_id=6951\" data-type=\"page\" data-id=\"6951\">\u00e2mes sensibles<\/a> (ou sensibilis\u00e9es), permet d&rsquo;entretenir le manque de capacit\u00e9 d&rsquo;analyses objectives de ceux-ci. Nous sommes tous juges et, en \u00e9crivant ces lignes, nous nous posons \u00e9galement comme juges mais sans doute comprendrez-vous que nous ne blesserons nous que ceux qui tentent de blesser&#8230;<\/p>\n\n\n\n<blockquote class=\"wp-block-quote is-layout-flow wp-block-quote-is-layout-flow\">\n<p>La critique est ais\u00e9e mais l&rsquo;art est difficile<\/p>\n<cite>Philippe N\u00e9ricault dit Destouches<\/cite><\/blockquote>\n\n\n\n<p class=\"has-medium-font-size\">Il est inutile de plaire aux juges rapides que certains appellent des haters, il y aura toujours plus de gens bless\u00e9s et d&rsquo;imb\u00e9ciles que de personnes de bonnes intentions tant qu&rsquo;on leur accorde une audience&#8230;<\/p>\n\n\n\n<p class=\"has-large-font-size\">\u00e0 suivre<\/p>\n\n\n\n<figure class=\"wp-block-embed is-type-rich is-provider-spotify wp-block-embed-spotify wp-embed-aspect-21-9 wp-has-aspect-ratio\"><div class=\"wp-block-embed__wrapper\">\n<iframe title=\"Spotify Embed: La boh\u00e8me\" style=\"border-radius: 12px\" width=\"100%\" height=\"152\" frameborder=\"0\" allowfullscreen allow=\"autoplay; clipboard-write; encrypted-media; fullscreen; picture-in-picture\" loading=\"lazy\" src=\"https:\/\/open.spotify.com\/embed\/track\/2o0hVSbnkdvDDKKVNaUxnB?si=c44c213eeba9469c&#038;utm_source=oembed\"><\/iframe>\n<\/div><\/figure>\n\n\n\n<p>(&#8230;)<\/p>\n\n\n\n<h2 class=\"wp-block-heading has-medium-font-size\">Revenir au chapitre <a href=\"https:\/\/mecahealth.com\/?page_id=75\" data-type=\"page\" data-id=\"75\"><em>Corps psychique<\/em><\/a><em> <\/em><\/h2>\n","protected":false},"excerpt":{"rendered":"<p>Je vous parle d&rsquo;un&nbsp;temps que les&nbsp;moins&nbsp;de vingt&nbsp;ans ne peuvent pas conna\u00eetre (Charles Aznavour &#8211; La Boh\u00eame) ; un temps durant lequel il n&rsquo;y avait pas tant \u00e0 lire et permettait de lire l&rsquo;enti\u00e8ret\u00e9 des lignes et \u00e9vitait une lecture transversale entra\u00eenant bien souvent une interpr\u00e9tation des donn\u00e9es. Il \u00e9tait un<a href=\"https:\/\/mecahealth.com\/?page_id=6522\" class=\"read-more\">Read More&#8230;<\/a><\/p>\n","protected":false},"author":1,"featured_media":0,"parent":0,"menu_order":0,"comment_status":"closed","ping_status":"closed","template":"","meta":{"footnotes":""},"class_list":["post-6522","page","type-page","status-publish","hentry"],"jetpack_sharing_enabled":true,"_links":{"self":[{"href":"https:\/\/mecahealth.com\/index.php?rest_route=\/wp\/v2\/pages\/6522","targetHints":{"allow":["GET"]}}],"collection":[{"href":"https:\/\/mecahealth.com\/index.php?rest_route=\/wp\/v2\/pages"}],"about":[{"href":"https:\/\/mecahealth.com\/index.php?rest_route=\/wp\/v2\/types\/page"}],"author":[{"embeddable":true,"href":"https:\/\/mecahealth.com\/index.php?rest_route=\/wp\/v2\/users\/1"}],"replies":[{"embeddable":true,"href":"https:\/\/mecahealth.com\/index.php?rest_route=%2Fwp%2Fv2%2Fcomments&post=6522"}],"version-history":[{"count":20,"href":"https:\/\/mecahealth.com\/index.php?rest_route=\/wp\/v2\/pages\/6522\/revisions"}],"predecessor-version":[{"id":7431,"href":"https:\/\/mecahealth.com\/index.php?rest_route=\/wp\/v2\/pages\/6522\/revisions\/7431"}],"wp:attachment":[{"href":"https:\/\/mecahealth.com\/index.php?rest_route=%2Fwp%2Fv2%2Fmedia&parent=6522"}],"curies":[{"name":"wp","href":"https:\/\/api.w.org\/{rel}","templated":true}]}}