{"id":651,"date":"2023-01-13T09:15:30","date_gmt":"2023-01-13T08:15:30","guid":{"rendered":"https:\/\/mecahealth.com\/?page_id=651"},"modified":"2023-03-03T02:31:22","modified_gmt":"2023-03-03T01:31:22","slug":"pathologie-douleur-generalisee-ou-repetee","status":"publish","type":"page","link":"https:\/\/mecahealth.com\/?page_id=651","title":{"rendered":"Pathologie : douleur g\u00e9n\u00e9ralis\u00e9e ou r\u00e9p\u00e9t\u00e9e"},"content":{"rendered":"\n<p><a href=\"https:\/\/mecahealth.com\/?page_id=122\">Attention \u00e0 lire les consignes avant de lire toute page d&rsquo;un site sant\u00e9 !<\/a><\/p>\n\n\n\n<figure class=\"wp-block-image size-full is-style-rounded\"><img loading=\"lazy\" decoding=\"async\" width=\"330\" height=\"330\" src=\"https:\/\/mecahealth.com\/wp-content\/uploads\/2023\/03\/MecaHealth-douleurs-generalisees-repetees.jpg\" alt=\"\" class=\"wp-image-4447\" srcset=\"https:\/\/mecahealth.com\/wp-content\/uploads\/2023\/03\/MecaHealth-douleurs-generalisees-repetees.jpg 330w, https:\/\/mecahealth.com\/wp-content\/uploads\/2023\/03\/MecaHealth-douleurs-generalisees-repetees-300x300.jpg 300w, https:\/\/mecahealth.com\/wp-content\/uploads\/2023\/03\/MecaHealth-douleurs-generalisees-repetees-150x150.jpg 150w\" sizes=\"auto, (max-width: 330px) 100vw, 330px\" \/><\/figure>\n\n\n\n<p class=\"has-medium-font-size\">Ce type de douleur n\u00e9cessite une analyse m\u00e9dicale approfondie bien souvent mais malgr\u00e9 tout est parfois tout simplement le fruit d&rsquo;une <a href=\"https:\/\/mecahealth.com\/?page_id=998\" data-type=\"page\" data-id=\"998\">augmentation de la sensibilit\u00e9 par une trop grande fatigue<\/a>, une <a href=\"https:\/\/mecahealth.com\/?page_id=434\" data-type=\"page\" data-id=\"434\">d\u00e9shydratation musculaire<\/a>, une <a href=\"https:\/\/mecahealth.com\/?page_id=1940\" data-type=\"page\" data-id=\"1940\">inflammation tendineuse g\u00e9n\u00e9ralis\u00e9e notamment par un exc\u00e8s d&rsquo;acide urique<\/a>, mais \u00e9galement une <a href=\"https:\/\/mecahealth.com\/?page_id=564\" data-type=\"page\" data-id=\"564\">pouss\u00e9e arthritique g\u00e9n\u00e9ralis\u00e9e<\/a>.<\/p>\n\n\n\n<p class=\"has-medium-font-size\">Rien ne doit \u00eatre laiss\u00e9 au hasard. Consultez est dans ce cas pr\u00e9sent toujours plus prudent.<\/p>\n\n\n\n<h2 class=\"has-medium-font-size wp-block-heading\">Revenir \u00e0 la page <em><a href=\"https:\/\/mecahealth.com\/?page_id=1136\" data-type=\"page\" data-id=\"1136\">Douleurs<\/a><\/em> ou <a href=\"https:\/\/mecahealth.com\/?page_id=1874\" data-type=\"page\" data-id=\"1874\">Diff\u00e9rentes formes de douleurs<\/a><\/h2>\n","protected":false},"excerpt":{"rendered":"<p>Attention \u00e0 lire les consignes avant de lire toute page d&rsquo;un site sant\u00e9 ! Ce type de douleur n\u00e9cessite une analyse m\u00e9dicale approfondie bien souvent mais malgr\u00e9 tout est parfois tout simplement le fruit d&rsquo;une augmentation de la sensibilit\u00e9 par une trop grande fatigue, une d\u00e9shydratation musculaire, une inflammation tendineuse<a href=\"https:\/\/mecahealth.com\/?page_id=651\" class=\"read-more\">Read More&#8230;<\/a><\/p>\n","protected":false},"author":1,"featured_media":0,"parent":0,"menu_order":0,"comment_status":"closed","ping_status":"closed","template":"","meta":{"footnotes":""},"class_list":["post-651","page","type-page","status-publish","hentry"],"jetpack_sharing_enabled":true,"_links":{"self":[{"href":"https:\/\/mecahealth.com\/index.php?rest_route=\/wp\/v2\/pages\/651","targetHints":{"allow":["GET"]}}],"collection":[{"href":"https:\/\/mecahealth.com\/index.php?rest_route=\/wp\/v2\/pages"}],"about":[{"href":"https:\/\/mecahealth.com\/index.php?rest_route=\/wp\/v2\/types\/page"}],"author":[{"embeddable":true,"href":"https:\/\/mecahealth.com\/index.php?rest_route=\/wp\/v2\/users\/1"}],"replies":[{"embeddable":true,"href":"https:\/\/mecahealth.com\/index.php?rest_route=%2Fwp%2Fv2%2Fcomments&post=651"}],"version-history":[{"count":5,"href":"https:\/\/mecahealth.com\/index.php?rest_route=\/wp\/v2\/pages\/651\/revisions"}],"predecessor-version":[{"id":4448,"href":"https:\/\/mecahealth.com\/index.php?rest_route=\/wp\/v2\/pages\/651\/revisions\/4448"}],"wp:attachment":[{"href":"https:\/\/mecahealth.com\/index.php?rest_route=%2Fwp%2Fv2%2Fmedia&parent=651"}],"curies":[{"name":"wp","href":"https:\/\/api.w.org\/{rel}","templated":true}]}}