{"id":6432,"date":"2023-11-19T15:00:38","date_gmt":"2023-11-19T14:00:38","guid":{"rendered":"https:\/\/mecahealth.com\/?page_id=6432"},"modified":"2024-01-06T14:29:54","modified_gmt":"2024-01-06T13:29:54","slug":"psycho-fumeur-tous-des-suceurs","status":"publish","type":"page","link":"https:\/\/mecahealth.com\/?page_id=6432","title":{"rendered":"Psycho : fumeurs tous des suceurs"},"content":{"rendered":"\n<figure class=\"wp-block-image size-full is-style-rounded\"><img loading=\"lazy\" decoding=\"async\" width=\"330\" height=\"330\" src=\"https:\/\/mecahealth.com\/wp-content\/uploads\/2023\/11\/MecaHealth-psycho-cigarette-fumer.jpg\" alt=\"\" class=\"wp-image-6435\" srcset=\"https:\/\/mecahealth.com\/wp-content\/uploads\/2023\/11\/MecaHealth-psycho-cigarette-fumer.jpg 330w, https:\/\/mecahealth.com\/wp-content\/uploads\/2023\/11\/MecaHealth-psycho-cigarette-fumer-300x300.jpg 300w, https:\/\/mecahealth.com\/wp-content\/uploads\/2023\/11\/MecaHealth-psycho-cigarette-fumer-150x150.jpg 150w\" sizes=\"auto, (max-width: 330px) 100vw, 330px\" \/><\/figure>\n\n\n\n<h2 class=\"wp-block-heading has-medium-font-size\">Fumeur ? Suceur aspirateur !<\/h2>\n\n\n\n<p class=\"has-medium-font-size\">Bien entendu express\u00e9ment provocatrice, cette notion n&rsquo;en appelle pas \u00e0 nos attirances de ce qui se trouve en dessous de la ceinture mais bien \u00e0 comprendre que lorsqu&rsquo;une personne cherche \u00e0 se d\u00e9tendre, l&rsquo;inconscient collectif comme notre animalit\u00e9 nous fait respirer lentement en prenant une plus grande quantit\u00e9 d&rsquo;air. Ce qui se fait g\u00e9n\u00e9ralement naturellement par la bouche et non par le nez (m\u00eame si en pratique, nous conseillerons d&rsquo;utiliser <a href=\"https:\/\/mecahealth.com\/?page_id=280\" data-type=\"page\" data-id=\"280\">notre nez, ce talentueux filtre<\/a> d\u00e8s que possible).<\/p>\n\n\n\n<p class=\"has-medium-font-size\">Que fait une personne qui fume ou qui <em>vapote <\/em>? Elle prend une respiration lente \u00e9quivalente \u00e0 celle d&rsquo;une personne qui pince l\u00e9g\u00e8rement les l\u00e8vres lors de l&rsquo;inspiration d\u00e9tendante ou cens\u00e9e l&rsquo;\u00eatre. Faites dix \u00e0 vingt fois d&rsquo;affil\u00e9e ce type d&rsquo;inspiration sans cigarette ou &lsquo;vap&rsquo; sans vous presser (soit \u00e0 un rythme \u00e9quivalent \u00e0 celui d&rsquo;une cigarette) et vous comprendrez que la mani\u00e8re de tirer son air \u00e0 plus d&rsquo;importance encore que d&rsquo;utiliser un outil ; outil qui n&rsquo;est un outil de substitution que pour les plus tordus descendants de la <a href=\"https:\/\/mecahealth.com\/?page_id=5989\" data-type=\"page\" data-id=\"5989\">sexualisation freudienne<\/a> (&#8230;). <\/p>\n\n\n\n<p class=\"has-medium-font-size\">Respirer ainsi ne n\u00e9cessite donc ni cigarettes \u00e9lectroniques ni stylo bille d\u00e9mont\u00e9 (voir photo ci-dessous). Ce dernier permet de compenser l&rsquo;accoutumance labiale si elle encore trop pr\u00e9sente. Fumeur ou non, pour se d\u00e9tendre mais surtout pour apporter l&rsquo;oxyg\u00e8ne n\u00e9cessaire, il est important d&rsquo;apprendre \u00e0 <a href=\"https:\/\/mecahealth.com\/?page_id=1127\" data-type=\"page\" data-id=\"1127\">d\u00e9coordonner sa respiration<\/a> afin de ne plus rester un <a href=\"https:\/\/mecahealth.com\/?page_id=487\" data-type=\"page\" data-id=\"487\">bloquant respiratoire (&#8230;)<\/a>.<\/p>\n\n\n\n<figure class=\"wp-block-image size-large is-resized\"><img loading=\"lazy\" decoding=\"async\" width=\"1024\" height=\"1024\" src=\"https:\/\/mecahealth.com\/wp-content\/uploads\/2023\/11\/20231120_004636-1024x1024.jpg\" alt=\"\" class=\"wp-image-6465\" style=\"width:220px;height:220px\" srcset=\"https:\/\/mecahealth.com\/wp-content\/uploads\/2023\/11\/20231120_004636-1024x1024.jpg 1024w, https:\/\/mecahealth.com\/wp-content\/uploads\/2023\/11\/20231120_004636-300x300.jpg 300w, https:\/\/mecahealth.com\/wp-content\/uploads\/2023\/11\/20231120_004636-150x150.jpg 150w, https:\/\/mecahealth.com\/wp-content\/uploads\/2023\/11\/20231120_004636-768x769.jpg 768w, https:\/\/mecahealth.com\/wp-content\/uploads\/2023\/11\/20231120_004636.jpg 1356w\" sizes=\"auto, (max-width: 1024px) 100vw, 1024px\" \/><\/figure>\n\n\n\n<p class=\"has-medium-font-size\">Une fois la compr\u00e9hension de la m\u00e9canique respiratoire int\u00e9gr\u00e9e dans le quotidien de celui qui souhaite arr\u00eater, il n&rsquo;est pas impossible que le nombre de patch n\u00e9cessaire pour y parvenir soit moindre que pour tout autre. Il devrait en \u00eatre \u00e9galement pour certaines th\u00e9rapies (\u00e0 suivre).<\/p>\n\n\n\n<p class=\"has-small-font-size\">Les substances nocives qui se trouvent dans les cigarettes auraient d\u00fb entra\u00eener le d\u00e9mant\u00e8lement des entreprises responsables suite aux r\u00e9v\u00e9lations relev\u00e9es dans diff\u00e9rents proc\u00e8s qui prouvent l&rsquo;action d\u00e9lib\u00e9r\u00e9e de maintenir la d\u00e9pendance (&#8230;) *<\/p>\n\n\n\n<p class=\"has-medium-font-size\">Remerciements tout particulier \u00e0 G.K qui fut la seule -juste qu&rsquo;\u00e0 preuve du contraire- \u00e0 d\u00e9crire ce fait fondamental dans les ann\u00e9es 90.<\/p>\n\n\n\n<h2 class=\"wp-block-heading has-medium-font-size\">Fumer ne tue point&#8230;<\/h2>\n\n\n\n<p class=\"has-medium-font-size\">La phrase sur tout paquet \u00e9tiquet\u00e9 en fran\u00e7ais, n&rsquo;est exacte tout autant que ne le serait <em>Conduire tue<\/em>. La corr\u00e9lation entre le tabagisme et les maladies n&rsquo;est pas directe. <a href=\"https:\/\/mecahealth.com\/?page_id=149\" data-type=\"page\" data-id=\"149\">L&rsquo;approximation en science, en sant\u00e9 et en sant\u00e9 mentale<\/a> encore moins, ne sera d\u00e9fendue sur ce site. Cependant, il est ind\u00e9niable que le tabagisme est un facteur de risque majeur pour de nombreuses maladies graves dont <a rel=\"noreferrer noopener\" href=\"https:\/\/www.cancer-environnement.fr\/fiches\/expositions-environnementales\/tabac\/#:~:text=En%202015%2C%20chez%20les%20adultes,)%20(CIRC%2C%202018).\" target=\"_blank\">17 cancers diff\u00e9rents<\/a>, pour de <a rel=\"noreferrer noopener\" href=\"https:\/\/www.who.int\/fr\/news\/item\/20-01-2020-smoking-greatly-increases-risk-of-complications-after-surgery#:~:text=Le%20fait%20de%20fumer%20du,nutriments%20n%C3%A9cessaires%20%C3%A0%20la%20cicatrisation.\" target=\"_blank\">mauvaises cicatrisations<\/a>, etc. :<\/p>\n\n\n\n<ol class=\"has-medium-font-size wp-block-list\">\n<li><strong>Cancer du poumon :<\/strong>\n<ul class=\"wp-block-list\">\n<li>Environ 85% des cas de cancer du poumon sont directement li\u00e9s au tabagisme.<\/li>\n<\/ul>\n<\/li>\n\n\n\n<li><strong>Maladies cardiovasculaires :<\/strong>\n<ul class=\"wp-block-list\">\n<li>Le tabagisme augmente significativement le risque de <a href=\"https:\/\/mecahealth.com\/?page_id=691\" data-type=\"page\" data-id=\"691\">maladies cardiaques<\/a>, notamment les maladies coronariennes et les accidents vasculaires c\u00e9r\u00e9braux (AVC).<\/li>\n<\/ul>\n<\/li>\n\n\n\n<li><strong>Maladies respiratoires :<\/strong>\n<ul class=\"wp-block-list\">\n<li>Le tabagisme est la principale cause de maladies respiratoires chroniques telles que la bronchite chronique et l&#8217;emphys\u00e8me.<\/li>\n<\/ul>\n<\/li>\n\n\n\n<li><strong>Cancer de la gorge et de la bouche :<\/strong>\n<ul class=\"wp-block-list\">\n<li>Le tabac est un facteur de risque majeur pour les cancers de la gorge, de la bouche, de l&rsquo;\u0153sophage et du larynx.<\/li>\n<\/ul>\n<\/li>\n\n\n\n<li><strong>Cancer de la vessie :<\/strong>\n<ul class=\"wp-block-list\">\n<li>Les fumeurs ont un risque accru de d\u00e9velopper un cancer de la <a href=\"https:\/\/mecahealth.com\/?page_id=606\" data-type=\"page\" data-id=\"606\">vessie<\/a> par rapport aux non-fumeurs.<\/li>\n<\/ul>\n<\/li>\n\n\n\n<li><strong>Maladies gastro-intestinales :<\/strong>\n<ul class=\"wp-block-list\">\n<li>Le tabagisme est associ\u00e9 \u00e0 un risque plus \u00e9lev\u00e9 de cancer colorectal.<\/li>\n<\/ul>\n<\/li>\n\n\n\n<li><strong>Probl\u00e8mes de fertilit\u00e9 :<\/strong>\n<ul class=\"wp-block-list\">\n<li>Le tabagisme peut affecter la fertilit\u00e9 chez les hommes et les femmes.<\/li>\n<\/ul>\n<\/li>\n\n\n\n<li><strong>Complications pendant la grossesse :<\/strong>\n<ul class=\"wp-block-list\">\n<li>Les femmes enceintes qui fument augmentent le risque de complications telles que la pr\u00e9maturit\u00e9 et le faible poids \u00e0 la naissance.<\/li>\n<\/ul>\n<\/li>\n\n\n\n<li><strong>Maladies oculaires :<\/strong>\n<ul class=\"wp-block-list\">\n<li>Le tabagisme est li\u00e9 \u00e0 des maladies oculaires telles que la d\u00e9g\u00e9n\u00e9rescence maculaire li\u00e9e \u00e0 l&rsquo;\u00e2ge.<\/li>\n<\/ul>\n<\/li>\n\n\n\n<li><strong>Maladies buccodentaires :<\/strong>\n<ul class=\"wp-block-list\">\n<li>Le tabac est un facteur de risque majeur pour les maladies des gencives et la perte de dents.<\/li>\n<\/ul>\n<\/li>\n\n\n\n<li>Difficult\u00e9s de cicatrisation :\n<ul class=\"wp-block-list\">\n<li><a href=\"https:\/\/www.who.int\/fr\/news\/item\/20-01-2020-smoking-greatly-increases-risk-of-complications-after-surgery#:~:text=Le%20fait%20de%20fumer%20du,nutriments%20n%C3%A9cessaires%20%C3%A0%20la%20cicatrisation.\"><em>Le fait de fumer du tabac perturbe le syst\u00e8me immunitaire, ce qui peut retarder la cicatrisation et accro\u00eetre le risque d\u2019infection du site op\u00e9ratoire<\/em> (OMS)<\/a><\/li>\n<\/ul>\n<\/li>\n<\/ol>\n\n\n\n<p class=\"has-medium-font-size\">Etant impr\u00e9cise, la phrase <em>Fumer tue<\/em> ne permet pas forc\u00e9ment de <strong>convaincre les plus intelligents<\/strong> souvent un peu born\u00e9s (texte suivra). La cigarette, pour la plupart de ceux qui ont commenc\u00e9, est la cons\u00e9quence d&rsquo;un besoin d&rsquo;<a href=\"https:\/\/mecahealth.com\/?page_id=5892\" data-type=\"page\" data-id=\"5892\">appartenir \u00e0 un clan<\/a> (une <a href=\"https:\/\/mecahealth.com\/?page_id=1974\" data-type=\"page\" data-id=\"1974\">d\u00e9pendance \u00e0 notre instinct gr\u00e9gaire<\/a>) suivi d&rsquo;une difficult\u00e9 \u00e0 calmer notre nervosit\u00e9 compte tenu des <a href=\"https:\/\/mecahealth.com\/?page_id=5003\" data-type=\"page\" data-id=\"5003\">influences multiples<\/a> de notre environnement priv\u00e9 ou <a href=\"https:\/\/mecahealth.com\/?page_id=6325\" data-type=\"page\" data-id=\"6325\">professionnel<\/a> tout comme des <em><a href=\"https:\/\/mecahealth.com\/?page_id=6654\" data-type=\"page\" data-id=\"6654\">id\u00e9es re\u00e7ues soci\u00e9tales<\/a><\/em> (qui m\u00e9riteront des dizaines de pages ult\u00e9rieurement).<\/p>\n\n\n\n<p>(&#8230;)<\/p>\n\n\n\n<figure class=\"wp-block-embed is-type-rich is-provider-spotify wp-block-embed-spotify wp-embed-aspect-21-9 wp-has-aspect-ratio\"><div class=\"wp-block-embed__wrapper\">\n<iframe title=\"Spotify Embed: Aspiration\" style=\"border-radius: 12px\" width=\"100%\" height=\"152\" frameborder=\"0\" allowfullscreen allow=\"autoplay; clipboard-write; encrypted-media; fullscreen; picture-in-picture\" loading=\"lazy\" src=\"https:\/\/open.spotify.com\/embed\/track\/7IXvqtnsBbJM7IEDQetR9b?si=MFT08ZEkQBmp_WAffZVlfw&#038;utm_source=oembed\"><\/iframe>\n<\/div><\/figure>\n\n\n\n<p>* Les cigarettiers am\u00e9ricains <a href=\"https:\/\/www.liberation.fr\/evenement\/2000\/07\/21\/les-blondes-americaines-dans-la-mire-de-bruxelles_330736\/\" target=\"_blank\" rel=\"noreferrer noopener\">dans le viseur de la commission depuis les rapports de 1998<\/a> \/ Le <em>Master Settlement Agreement de 1998<\/em> a inspir\u00e9 ce film consid\u00e9rablement&#8230; <\/p>\n\n\n\n<figure class=\"wp-block-embed is-type-video is-provider-youtube wp-block-embed-youtube wp-embed-aspect-16-9 wp-has-aspect-ratio\"><div class=\"wp-block-embed__wrapper\">\n<iframe loading=\"lazy\" title=\"The Insider 1999 720p AAC x264\" width=\"600\" height=\"338\" src=\"https:\/\/www.youtube.com\/embed\/OdUI_0mIkec?feature=oembed\" frameborder=\"0\" allow=\"accelerometer; autoplay; clipboard-write; encrypted-media; gyroscope; picture-in-picture; web-share\" referrerpolicy=\"strict-origin-when-cross-origin\" allowfullscreen><\/iframe>\n<\/div><\/figure>\n\n\n\n<h2 class=\"wp-block-heading has-medium-font-size\">Revenir au chapitre <em><a href=\"https:\/\/mecahealth.com\/?page_id=600\">Syst\u00e8me pulmonaire<\/a><\/em> ou <a href=\"https:\/\/mecahealth.com\/?page_id=127\" data-type=\"page\" data-id=\"127\"><em>Corps psychique<\/em><\/a><em> <\/em><\/h2>\n","protected":false},"excerpt":{"rendered":"<p>Fumeur ? Suceur aspirateur ! Bien entendu express\u00e9ment provocatrice, cette notion n&rsquo;en appelle pas \u00e0 nos attirances de ce qui se trouve en dessous de la ceinture mais bien \u00e0 comprendre que lorsqu&rsquo;une personne cherche \u00e0 se d\u00e9tendre, l&rsquo;inconscient collectif comme notre animalit\u00e9 nous fait respirer lentement en prenant une<a href=\"https:\/\/mecahealth.com\/?page_id=6432\" class=\"read-more\">Read More&#8230;<\/a><\/p>\n","protected":false},"author":1,"featured_media":0,"parent":0,"menu_order":0,"comment_status":"closed","ping_status":"closed","template":"","meta":{"footnotes":""},"class_list":["post-6432","page","type-page","status-publish","hentry"],"jetpack_sharing_enabled":true,"_links":{"self":[{"href":"https:\/\/mecahealth.com\/index.php?rest_route=\/wp\/v2\/pages\/6432","targetHints":{"allow":["GET"]}}],"collection":[{"href":"https:\/\/mecahealth.com\/index.php?rest_route=\/wp\/v2\/pages"}],"about":[{"href":"https:\/\/mecahealth.com\/index.php?rest_route=\/wp\/v2\/types\/page"}],"author":[{"embeddable":true,"href":"https:\/\/mecahealth.com\/index.php?rest_route=\/wp\/v2\/users\/1"}],"replies":[{"embeddable":true,"href":"https:\/\/mecahealth.com\/index.php?rest_route=%2Fwp%2Fv2%2Fcomments&post=6432"}],"version-history":[{"count":23,"href":"https:\/\/mecahealth.com\/index.php?rest_route=\/wp\/v2\/pages\/6432\/revisions"}],"predecessor-version":[{"id":7071,"href":"https:\/\/mecahealth.com\/index.php?rest_route=\/wp\/v2\/pages\/6432\/revisions\/7071"}],"wp:attachment":[{"href":"https:\/\/mecahealth.com\/index.php?rest_route=%2Fwp%2Fv2%2Fmedia&parent=6432"}],"curies":[{"name":"wp","href":"https:\/\/api.w.org\/{rel}","templated":true}]}}