{"id":6430,"date":"2023-12-03T16:57:25","date_gmt":"2023-12-03T14:57:25","guid":{"rendered":"https:\/\/mecahealth.com\/?page_id=6430"},"modified":"2024-12-22T17:00:43","modified_gmt":"2024-12-22T16:00:43","slug":"psycho-bonheur-est-plaisirs-intellectuels-2","status":"publish","type":"page","link":"https:\/\/mecahealth.com\/?page_id=6430","title":{"rendered":"Psycho : bonheur est plaisirs intellectuels"},"content":{"rendered":"\n<p class=\"has-medium-font-size\"><a href=\"https:\/\/mecahealth.com\/?page_id=122\"><\/a><a style=\"font-size: revert;\" href=\"https:\/\/mecahealth.com\/?page_id=122\">Attention \u00e0 lire les consignes avant de lire toute page d&rsquo;un site sant\u00e9 !<\/a> <\/p>\n\n\n\n<figure data-wp-context=\"{&quot;imageId&quot;:&quot;69e403c7c8daf&quot;}\" data-wp-interactive=\"core\/image\" data-wp-key=\"69e403c7c8daf\" class=\"wp-block-image size-full is-resized is-style-rounded wp-lightbox-container\"><img loading=\"lazy\" decoding=\"async\" width=\"1024\" height=\"1024\" data-wp-class--hide=\"state.isContentHidden\" data-wp-class--show=\"state.isContentVisible\" data-wp-init=\"callbacks.setButtonStyles\" data-wp-on--click=\"actions.showLightbox\" data-wp-on--load=\"callbacks.setButtonStyles\" data-wp-on-window--resize=\"callbacks.setButtonStyles\" src=\"https:\/\/mecahealth.com\/wp-content\/uploads\/2024\/12\/MecaHealth-psycho-plaisirs-intellectuels.jpg\" alt=\"\" class=\"wp-image-7395\" style=\"width:330px;height:auto\" srcset=\"https:\/\/mecahealth.com\/wp-content\/uploads\/2024\/12\/MecaHealth-psycho-plaisirs-intellectuels.jpg 1024w, https:\/\/mecahealth.com\/wp-content\/uploads\/2024\/12\/MecaHealth-psycho-plaisirs-intellectuels-300x300.jpg 300w, https:\/\/mecahealth.com\/wp-content\/uploads\/2024\/12\/MecaHealth-psycho-plaisirs-intellectuels-150x150.jpg 150w, https:\/\/mecahealth.com\/wp-content\/uploads\/2024\/12\/MecaHealth-psycho-plaisirs-intellectuels-768x768.jpg 768w\" sizes=\"auto, (max-width: 1024px) 100vw, 1024px\" \/><button\n\t\t\tclass=\"lightbox-trigger\"\n\t\t\ttype=\"button\"\n\t\t\taria-haspopup=\"dialog\"\n\t\t\taria-label=\"Enlarge\"\n\t\t\tdata-wp-init=\"callbacks.initTriggerButton\"\n\t\t\tdata-wp-on--click=\"actions.showLightbox\"\n\t\t\tdata-wp-style--right=\"state.imageButtonRight\"\n\t\t\tdata-wp-style--top=\"state.imageButtonTop\"\n\t\t>\n\t\t\t<svg xmlns=\"http:\/\/www.w3.org\/2000\/svg\" width=\"12\" height=\"12\" fill=\"none\" viewBox=\"0 0 12 12\">\n\t\t\t\t<path fill=\"#fff\" d=\"M2 0a2 2 0 0 0-2 2v2h1.5V2a.5.5 0 0 1 .5-.5h2V0H2Zm2 10.5H2a.5.5 0 0 1-.5-.5V8H0v2a2 2 0 0 0 2 2h2v-1.5ZM8 12v-1.5h2a.5.5 0 0 0 .5-.5V8H12v2a2 2 0 0 1-2 2H8Zm2-12a2 2 0 0 1 2 2v2h-1.5V2a.5.5 0 0 0-.5-.5H8V0h2Z\" \/>\n\t\t\t<\/svg>\n\t\t<\/button><\/figure>\n\n\n\n<p class=\"has-large-font-size\">Page en construction<\/p>\n\n\n\n<p class=\"has-medium-font-size\">Le bonheur est bien entendu une d\u00e9finition tr\u00e8s subjective et sans doute plus encore dans une Soci\u00e9t\u00e9 principalement devenue commerciale m\u00eame si elle fait b\u00e9n\u00e9ficier d&rsquo;avantages sociaux non n\u00e9gligeables. <\/p>\n\n\n\n<p class=\"has-medium-font-size\">Si on observe la plupart des populations tribales dans les \u00e9missions t\u00e9l\u00e9vis\u00e9es ne peut-on pas voir surtout, hors zone de famine, des populations bienheureuses qui, s&rsquo;ils ne sont pas soumis \u00e0 des <a href=\"https:\/\/mecahealth.com\/?page_id=1973\" data-type=\"page\" data-id=\"1973\">comparaisons<\/a>, ne chercheraient pas \u00e0 vivre autrement, mais \u00e0 vivre au sein d&rsquo;un groupe travaillant l&rsquo;intelligence collective dans laquelle chacun d\u00e9veloppe ses qualit\u00e9s au profit du groupe et non de la <a href=\"https:\/\/mecahealth.com\/?page_id=1974\" data-type=\"page\" data-id=\"1974\">reconnaissance gr\u00e9gaire<\/a>.<\/p>\n\n\n\n<p class=\"has-medium-font-size\">Dans la culture industrialis\u00e9e, le bonheur est tr\u00e8s souvent li\u00e9 au sentiment de r\u00e9ussite et cette notion est essentiellement li\u00e9e \u00e0 une r\u00e9ussite financi\u00e8re. Les <a href=\"https:\/\/mecahealth.com\/?page_id=7114\" data-type=\"page\" data-id=\"7114\">vendeurs de bonheur<\/a> ne vendent bien souvent qu&rsquo;une analyse subjective de leurs propres parcours. Difficile pour ceux qui se sentent malheureux de trouver le bonheur en tentant de copier une d\u00e9finition personnelle et souvent tronqu\u00e9e du bonheur. Inutile de pr\u00f4ner une vie d&rsquo;abstinence ou de pauvret\u00e9 puisque derri\u00e8re celle-ci, \u00e0 l&rsquo;instar des prieur\u00e9s en son temps, des sectes et des vendeurs de bonheur, il y a pratiquement toujours une personne qui en abuse.<\/p>\n\n\n\n<p class=\"has-medium-font-size\">La r\u00e9ussite financi\u00e8re permet bien entendu une certaine s\u00e9curit\u00e9 mat\u00e9rielle. Le proverbe  <em>l&rsquo;argent ne fait pas le bonheur mais y contribue<\/em> reste bien \u00e9videmment valable. Inutile d&rsquo;en d\u00e9battre ici. Seulement, derri\u00e8re cette s\u00e9curit\u00e9 financi\u00e8re, peut se cacher un ennui profond appel\u00e9 <em><a href=\"https:\/\/mecahealth.com\/?page_id=7418\" data-type=\"page\" data-id=\"7418\">Bore-out<\/a><\/em> aujourd&rsquo;hui. Nous nous attardons sur ce sujet dans le cadre du secteur m\u00e9dical dans une <a href=\"https:\/\/mecahealth.com\/?page_id=7233\" data-type=\"page\" data-id=\"7233\">page sp\u00e9cialement d\u00e9di\u00e9e pour nos confr\u00e8res<\/a> mais il concerne chacun de ceux qui disposent d&rsquo;une <a href=\"https:\/\/mecahealth.com\/?page_id=6609\" data-type=\"page\" data-id=\"6609\"><em>ordinateur c\u00e9r\u00e9bral<\/em> pouss\u00e9<\/a>. Il concerne les plus jeunes tout comme les plus \u00e2g\u00e9s d&rsquo;entre nous. La d\u00e9g\u00e9n\u00e9rescence cognitive de ces derniers est bien souvent pr\u00e9c\u00e9d\u00e9e d&rsquo;un d\u00e9sint\u00e9r\u00eat d&rsquo;apprentissage. Les plus jeunes s&rsquo;ils ne sont pas accompagn\u00e9s dans leur plaisir d&rsquo;apprentissage peuvent d\u00e9velopper des comportements consid\u00e9r\u00e9s comme pathologiques par certains ou avec un trouble neurod\u00e9veloppemental par certains (&#8230;). Qu&rsquo;advient-il de l&rsquo;enfant \u00e0 qui on dit <em>Ce n&rsquo;est pas de ton \u00e2ge ? <\/em>Croyez vous sinc\u00e8rement que l&rsquo;enfant s&rsquo;arr\u00eatera d&rsquo;essayer de comprendre. Combien de dyslexique n&rsquo;ont pas re\u00e7u cette consigne ? M\u00eame si \u00e0 cette heure, il n&rsquo;est pas encore possible de le prouver scientifiquement, en dehors d&rsquo;un trouble d&rsquo;apprentissage li\u00e9 \u00e0 un handicap, combien d&rsquo;enfants touch\u00e9s par une dyslexie ou dyscalculie n&rsquo;ont pas tent\u00e9 d&rsquo;apprendre par eux-m\u00eames \u00e0 apprendre ce que leurs a\u00een\u00e9s \u00e9tudiaient (<em>Oui, on sait, il y a des dyslexiques premier de la fratrie aussi<\/em>) ? Combien n&rsquo;ont pas \u00e9t\u00e9 frein\u00e9 voire d\u00e9truit par l&rsquo;invective <em><a href=\"https:\/\/mecahealth.com\/?page_id=3576\" data-type=\"page\" data-id=\"3576\">Pas comme \u00e7a<\/a><\/em> alors qu&rsquo;il aurait eu le droit d&rsquo;\u00eatre heureux d&rsquo;utiliser leurs capacit\u00e9s au sein du groupe ?<\/p>\n\n\n\n<p class=\"has-medium-font-size\">Maintenir le plaisir d&rsquo;apprendre est essentiel dans la qu\u00eate du bonheur et c&rsquo;est bien souvent gratuit aujourd&rsquo;hui. Nous ne vendons rien. Nous ne voulons que relever que pouvoir r\u00e9fl\u00e9chir \u00e0 n&rsquo;importe quel sujet est la base du bonheur simple &#8230;mais nous reviendrons sur des compl\u00e9ments d&rsquo;informations ult\u00e9rieurement&#8230;<\/p>\n\n\n\n<p class=\"has-medium-font-size\">(&#8230;)<\/p>\n\n\n\n<h2 class=\"wp-block-heading has-medium-font-size\">Revenir au chapitre<em> <\/em><em><a data-type=\"page\" data-id=\"127\" href=\"https:\/\/mecahealth.com\/?page_id=127\">Corps psychique<\/a><\/em><\/h2>\n","protected":false},"excerpt":{"rendered":"<p>Attention \u00e0 lire les consignes avant de lire toute page d&rsquo;un site sant\u00e9 ! Page en construction Le bonheur est bien entendu une d\u00e9finition tr\u00e8s subjective et sans doute plus encore dans une Soci\u00e9t\u00e9 principalement devenue commerciale m\u00eame si elle fait b\u00e9n\u00e9ficier d&rsquo;avantages sociaux non n\u00e9gligeables. Si on observe la<a href=\"https:\/\/mecahealth.com\/?page_id=6430\" class=\"read-more\">Read More&#8230;<\/a><\/p>\n","protected":false},"author":1,"featured_media":0,"parent":0,"menu_order":0,"comment_status":"closed","ping_status":"closed","template":"","meta":{"footnotes":""},"class_list":["post-6430","page","type-page","status-publish","hentry"],"jetpack_sharing_enabled":true,"_links":{"self":[{"href":"https:\/\/mecahealth.com\/index.php?rest_route=\/wp\/v2\/pages\/6430","targetHints":{"allow":["GET"]}}],"collection":[{"href":"https:\/\/mecahealth.com\/index.php?rest_route=\/wp\/v2\/pages"}],"about":[{"href":"https:\/\/mecahealth.com\/index.php?rest_route=\/wp\/v2\/types\/page"}],"author":[{"embeddable":true,"href":"https:\/\/mecahealth.com\/index.php?rest_route=\/wp\/v2\/users\/1"}],"replies":[{"embeddable":true,"href":"https:\/\/mecahealth.com\/index.php?rest_route=%2Fwp%2Fv2%2Fcomments&post=6430"}],"version-history":[{"count":9,"href":"https:\/\/mecahealth.com\/index.php?rest_route=\/wp\/v2\/pages\/6430\/revisions"}],"predecessor-version":[{"id":7433,"href":"https:\/\/mecahealth.com\/index.php?rest_route=\/wp\/v2\/pages\/6430\/revisions\/7433"}],"wp:attachment":[{"href":"https:\/\/mecahealth.com\/index.php?rest_route=%2Fwp%2Fv2%2Fmedia&parent=6430"}],"curies":[{"name":"wp","href":"https:\/\/api.w.org\/{rel}","templated":true}]}}