{"id":6329,"date":"2023-11-14T15:02:20","date_gmt":"2023-11-14T14:02:20","guid":{"rendered":"https:\/\/mecahealth.com\/?page_id=6329"},"modified":"2023-11-16T00:22:18","modified_gmt":"2023-11-15T23:22:18","slug":"profession-pedicure-soins-esthetiques","status":"publish","type":"page","link":"https:\/\/mecahealth.com\/?page_id=6329","title":{"rendered":"Profession : p\u00e9dicure \/ soins esth\u00e9tiques"},"content":{"rendered":"\n<p class=\"has-large-font-size\">En construction<\/p>\n\n\n\n<h2 class=\"wp-block-heading has-medium-font-size\">Positions pour le th\u00e9rapeute<\/h2>\n\n\n\n<p><\/p>\n\n\n\n<h3 class=\"wp-block-heading\">Pieds<\/h3>\n\n\n\n<p><\/p>\n\n\n\n<h3 class=\"wp-block-heading\">T\u00eate<\/h3>\n\n\n\n<p><\/p>\n\n\n\n<h3 class=\"wp-block-heading\">Main <\/h3>\n\n\n\n<p>Version allong\u00e9e<\/p>\n\n\n\n<p>Version assise<\/p>\n\n\n\n<h2 class=\"wp-block-heading has-medium-font-size\">Positions pour le patient<\/h2>\n\n\n\n<p><\/p>\n\n\n\n<p>(&#8230;)<\/p>\n\n\n\n<h2 class=\"wp-block-heading has-medium-font-size\"><span style=\"font-size: var(--wp--preset--font-size--medium) ; color: initial;\"><span style=\"font-size: var(--wp--preset--font-size--medium) ; color: initial;\">Abonnez-vous \u00e0 nos diff\u00e9rentes pages pour \u00eatre averti(s) des nouvelles mises en ligne&#8230;<\/span><\/span><\/h2>\n\n\n\n<p class=\"has-small-font-size\"><a rel=\"noreferrer noopener\" href=\"https:\/\/www.facebook.com\/MecaHealthAsbl\" target=\"_blank\">Facebook MecaHealthAsbl<\/a> &#8211; <a rel=\"noreferrer noopener\" href=\"https:\/\/www.linkedin.com\/company\/mecahealth\/\" target=\"_blank\">Linkedin MecaHealth<\/a> &#8211; <a rel=\"noreferrer noopener\" href=\"https:\/\/www.youtube.com\/channel\/UCJb5g--IGlU6FgQLQKaJljg\" target=\"_blank\">Youtube cha\u00eene MecaHealth<\/a> &#8211; Instagram (pas encore)<\/p>\n\n\n\n<p class=\"has-medium-font-size\"><strong>Vous avez aim\u00e9 l&rsquo;information que MecaHealth apporte, vous pouvez nous contacter pour l&rsquo;une ou l&rsquo;autre <a href=\"https:\/\/mecahealth.com\/?page_id=146\">formation<\/a>, nous appuyer en transmettant l&rsquo;adresse de notre site, mais \u00e9galement par <a href=\"https:\/\/mecahealth.com\/?page_id=172\">d&rsquo;autres appuis<\/a>.<\/strong><\/p>\n","protected":false},"excerpt":{"rendered":"<p>En construction Positions pour le th\u00e9rapeute Pieds T\u00eate Main Version allong\u00e9e Version assise Positions pour le patient (&#8230;) Abonnez-vous \u00e0 nos diff\u00e9rentes pages pour \u00eatre averti(s) des nouvelles mises en ligne&#8230; Facebook MecaHealthAsbl &#8211; Linkedin MecaHealth &#8211; Youtube cha\u00eene MecaHealth &#8211; Instagram (pas encore) Vous avez aim\u00e9 l&rsquo;information que MecaHealth<a href=\"https:\/\/mecahealth.com\/?page_id=6329\" class=\"read-more\">Read More&#8230;<\/a><\/p>\n","protected":false},"author":1,"featured_media":0,"parent":0,"menu_order":0,"comment_status":"closed","ping_status":"closed","template":"","meta":{"footnotes":""},"class_list":["post-6329","page","type-page","status-publish","hentry"],"jetpack_sharing_enabled":true,"_links":{"self":[{"href":"https:\/\/mecahealth.com\/index.php?rest_route=\/wp\/v2\/pages\/6329","targetHints":{"allow":["GET"]}}],"collection":[{"href":"https:\/\/mecahealth.com\/index.php?rest_route=\/wp\/v2\/pages"}],"about":[{"href":"https:\/\/mecahealth.com\/index.php?rest_route=\/wp\/v2\/types\/page"}],"author":[{"embeddable":true,"href":"https:\/\/mecahealth.com\/index.php?rest_route=\/wp\/v2\/users\/1"}],"replies":[{"embeddable":true,"href":"https:\/\/mecahealth.com\/index.php?rest_route=%2Fwp%2Fv2%2Fcomments&post=6329"}],"version-history":[{"count":6,"href":"https:\/\/mecahealth.com\/index.php?rest_route=\/wp\/v2\/pages\/6329\/revisions"}],"predecessor-version":[{"id":6419,"href":"https:\/\/mecahealth.com\/index.php?rest_route=\/wp\/v2\/pages\/6329\/revisions\/6419"}],"wp:attachment":[{"href":"https:\/\/mecahealth.com\/index.php?rest_route=%2Fwp%2Fv2%2Fmedia&parent=6329"}],"curies":[{"name":"wp","href":"https:\/\/api.w.org\/{rel}","templated":true}]}}